{"id":2320,"date":"2020-04-17T20:51:56","date_gmt":"2020-04-17T17:51:56","guid":{"rendered":"http:\/\/korfezdokum.com\/ueber-uns\/korfez\/"},"modified":"2022-10-04T17:23:19","modified_gmt":"2022-10-04T14:23:19","slug":"korfez","status":"publish","type":"page","link":"https:\/\/www.korfezdokum.com\/de\/ueber-uns\/korfez\/","title":{"rendered":"KORFEZ"},"content":{"rendered":"<div  id=\"video-background-1\" class=\"ui--video-background-wrapper fullwidth-content clearfix color--dark\" style=\"margin-top: -30px;  margin-bottom: 0px;\"><div class=\"ui--video-background-holder\"><div  class=\"ui--video-background-video hidden-phone \"><\/div><div class=\"ui--video-background-poster\"><\/div><div  class=\"ui--video-background\"><div class=\"ui--gradient\"><\/div><\/div><\/div><div  class=\"ui--section-content container clearfix\" style=\"padding-top: 180px;  padding-bottom: 30px;\"><div  class=\"ui--space clearfix\" data-responsive=\"{&quot;css&quot;:{&quot;height&quot;:{&quot;phone&quot;:null,&quot;tablet&quot;:null,&quot;widescreen&quot;:null}}}\"><\/div><div  class=\"ui--space clearfix\" data-responsive=\"{&quot;css&quot;:{&quot;height&quot;:{&quot;phone&quot;:null,&quot;tablet&quot;:null,&quot;widescreen&quot;:null}}}\"><\/div><h3 id=\"custom-title-h3-1\" class=\"ui--animation \" style=\"text-align: center; \"><strong>KORFEZ <br><br>Eine f\u00fchrende Lieferant, die die Zement- und Bergbauindustrie beliefert<\/strong><\/h3><div  class=\"ui--space clearfix\" data-responsive=\"{&quot;css&quot;:{&quot;height&quot;:{&quot;phone&quot;:null,&quot;tablet&quot;:null,&quot;widescreen&quot;:null}}}\"><\/div><div  class=\"ui--space clearfix\" data-responsive=\"{&quot;css&quot;:{&quot;height&quot;:{&quot;phone&quot;:null,&quot;tablet&quot;:null,&quot;widescreen&quot;:null}}}\"><\/div><div  class=\"ui--space clearfix\" data-responsive=\"{&quot;css&quot;:{&quot;height&quot;:{&quot;phone&quot;:null,&quot;tablet&quot;:null,&quot;widescreen&quot;:null}}}\"><\/div><div  class=\"ui--space clearfix\" data-responsive=\"{&quot;css&quot;:{&quot;height&quot;:{&quot;phone&quot;:null,&quot;tablet&quot;:null,&quot;widescreen&quot;:null}}}\"><\/div><div  class=\"ui--space clearfix\" data-responsive=\"{&quot;css&quot;:{&quot;height&quot;:{&quot;phone&quot;:null,&quot;tablet&quot;:null,&quot;widescreen&quot;:null}}}\"><\/div><\/div><\/div><div  id=\"section-nlv36\" class=\"fullwidth-content ui--section clearfix inner-shadow-1 section-nlv36\"><div  class=\"ui--section-content inner-shadow-1\"><div class=\"container\"><div class=\"ui--title ui--animation ui--title-bordered-bottom text-center\" style=\"margin-bottom: 24px;\"><div class=\"ui--title-holder\"><h4 class=\"ui--title-text\" style=\"color: #203063 !important;\">Ihr L\u00f6sungspartner<span style=\"border-color: #E50914 !important;  border-width: 2px;\" class=\"ui--title-borders ui--title-border-bottom\"><\/span><\/h4><\/div><\/div><div class=\"ui-row row\">\n <div   class=\"ui-column span6\"><div class=\"auto-format ui--animation\"><h6 style=\"color:#333333;\">Korfez Giesserei schafft wirkungsvolle Gesch\u00e4ftsl\u00f6sungen f\u00fcr die Zement- and Bergbauindustrie. Das Hauptgebiet von Korfez ist legierte Gu\u00dfst\u00e4hle, Schwerpunkt  hitzebest\u00e4ndige, verschlei\u00dffeste und schlagfeste Gu\u00dfst\u00e4hle.<\/p>\n<p>Unsere Produkte sind nach Kundenzeichnungen und Kundenvorschriften mit zus\u00e4tzlichen Vorg\u00e4ngen wie mechanische Bearbeitung, Oberfl\u00e4chenbehandlung und Montage hergestellt. Wir exportieren 90% unserer Produkte nach mehr als 80 Landern in 6 Kontinenten. Wir haben \u00fcber 44.000 Modelle in unserem Archiv. Wir k\u00f6nnen Produkte mit einem St\u00fcckgewicht zwischen 0,5 und 8.000 kg herstellen.  Wir k\u00f6nnen monatlich 800 Tonnen herstellen.  <\/p>\n<p>Korfez Giesserei arbeitet zurzeit in ihrem Dilovasi Werk mit 18.000m<sup>2<\/sup> bebauter Fl\u00e4che und 40.000m<sup>2<\/sup> Gesamtfl\u00e4che.<sup>2<\/sup>.<\/h6>\n<\/div><\/div> \n\n <div   class=\"ui-column span6\"><div class=\"text-center\"><div  class=\"ui--space clearfix\" data-responsive=\"{&quot;css&quot;:{&quot;height&quot;:{&quot;phone&quot;:&quot;0px&quot;,&quot;tablet&quot;:&quot;0px&quot;,&quot;widescreen&quot;:null}}}\"><\/div><div class=\"ui--image-wrap clearfix ui--animation text-center ui--block\"><div class=\"ui--image-inline-block\"><img width=\"1920\" height=\"1080\" src=\"https:\/\/www.korfezdokum.com\/wp-content\/uploads\/2020\/02\/about_company_title_1-1.png\" class=\"ui--image radius-6px\" alt=\"\" decoding=\"async\" loading=\"lazy\" title=\"Eine f\u00fchrende Lieferant, die die Zement- und Bergbauindustrie beliefert\" id=\"ui--image-1\" srcset=\"https:\/\/www.korfezdokum.com\/wp-content\/uploads\/2020\/02\/about_company_title_1-1.png 1920w, https:\/\/www.korfezdokum.com\/wp-content\/uploads\/2020\/02\/about_company_title_1-1-300x169.png 300w, https:\/\/www.korfezdokum.com\/wp-content\/uploads\/2020\/02\/about_company_title_1-1-1024x576.png 1024w, https:\/\/www.korfezdokum.com\/wp-content\/uploads\/2020\/02\/about_company_title_1-1-768x432.png 768w, https:\/\/www.korfezdokum.com\/wp-content\/uploads\/2020\/02\/about_company_title_1-1-1536x864.png 1536w, https:\/\/www.korfezdokum.com\/wp-content\/uploads\/2020\/02\/about_company_title_1-1-500x281.png 500w\" sizes=\"(max-width: 1920px) 100vw, 1920px\" \/><div class=\"ui--shadow ui--shadow-type-1 ui--shadow-abs clearfix\"><img src=\"https:\/\/www.korfezdokum.com\/wp-content\/themes\/envision\/includes\/modules\/module.shadow\/shadows\/shadow-1.png\" alt=\"shadow\" \/><\/div><\/div><\/div><\/div><\/div> \n\n<\/div> \n<\/div><\/div><\/div><!-- \/.fullwidth-container --><div  id=\"section-og4ty\" class=\"fullwidth-content ui--section clearfix outer-shadow-2 section-og4ty\"><div  class=\"ui--section-content outer-shadow-2\"><div class=\"container\"><div class=\"ui--title ui--animation ui--title-bordered-bottom text-center\" style=\"margin-bottom: 24px;\"><div class=\"ui--title-holder\"><h4 class=\"ui--title-text\" style=\"color: #203063 !important;\">Wir sind \u00fcberall auf der Erde<span style=\"border-color: #E50914 !important;  border-width: 2px;\" class=\"ui--title-borders ui--title-border-bottom\"><\/span><\/h4><\/div><\/div><div class=\"ui-row row\">\n <div   class=\"ui-column span6\"><div class=\"ui--image-wrap clearfix text-center ui--block\"><img width=\"1920\" height=\"1080\" src=\"https:\/\/www.korfezdokum.com\/wp-content\/uploads\/2020\/02\/about_company_title2.png\" class=\"ui--image ui--animation radius-6px\" alt=\"K\u00f6rfez Foundry\" decoding=\"async\" loading=\"lazy\" title=\"Wir sind \u00fcberall auf der Erde\" id=\"ui--image-2\" srcset=\"https:\/\/www.korfezdokum.com\/wp-content\/uploads\/2020\/02\/about_company_title2.png 1920w, https:\/\/www.korfezdokum.com\/wp-content\/uploads\/2020\/02\/about_company_title2-300x169.png 300w, https:\/\/www.korfezdokum.com\/wp-content\/uploads\/2020\/02\/about_company_title2-1024x576.png 1024w, https:\/\/www.korfezdokum.com\/wp-content\/uploads\/2020\/02\/about_company_title2-768x432.png 768w, https:\/\/www.korfezdokum.com\/wp-content\/uploads\/2020\/02\/about_company_title2-1536x864.png 1536w\" sizes=\"(max-width: 1920px) 100vw, 1920px\" \/><\/div><\/div> \n\n <div   class=\"ui-column span6\"><div class=\"auto-format ui--animation\"><h6 style=\"color:#333333;\">Wir sind in mehr als 80 L\u00e4nder und 6 Kontinente. Wir arbeiten haupts\u00e4chlich mit den folgenden Legierungen:<\/h6>\n<\/div><ul class=\"ui--list list-font-icon parent-1\"><li class=\"child-1 total-7 ui--animation\"><i class=\"list-icon 14px fontawesome-check-sign\" style=\"color: #E50914 !important;\"><\/i>Karbonst\u00e4hle,<\/li><li class=\"child-2 total-7 ui--animation\"><i class=\"list-icon 14px fontawesome-check-sign\" style=\"color: #E50914 !important;\"><\/i>Niedrig-, mittel- und hochlegierte  St\u00e4hle,<\/li><li class=\"child-3 total-7 ui--animation\"><i class=\"list-icon 14px fontawesome-check-sign\" style=\"color: #E50914 !important;\"><\/i>Hitzebest\u00e4ndige Chrom-Nickel St\u00e4hle<\/li><li class=\"child-4 total-7 ui--animation\"><i class=\"list-icon 14px fontawesome-check-sign\" style=\"color: #E50914 !important;\"><\/i>Verschlei\u00dffeste Chrom- und Ni-Hard-St\u00e4hle<\/li><li class=\"child-5 total-7 ui--animation\"><i class=\"list-icon 14px fontawesome-check-sign\" style=\"color: #E50914 !important;\"><\/i>Schlagfeste Manganst\u00e4hle<\/li><li class=\"child-6 total-7 ui--animation\"><i class=\"list-icon 14px fontawesome-check-sign\" style=\"color: #E50914 !important;\"><\/i>Hochlegierte Gusseisen<\/li><li class=\"child-7 total-7 ui--animation\"><i class=\"list-icon 14px fontawesome-check-sign\" style=\"color: #E50914 !important;\"><\/i>Bimetallische Gussteile.<\/li>  <\/ul><\/div> \n\n<\/div> \n<\/div><\/div><\/div><!-- \/.fullwidth-container --><div  id=\"section-nlv36\" class=\"fullwidth-content ui--section clearfix inner-shadow-1 section-nlv36\"><div  class=\"ui--section-content inner-shadow-1\" style=\"padding-bottom: 24px;\"><div class=\"container\"><div class=\"ui--title ui--animation ui--title-bordered-bottom text-center\" style=\"margin-bottom: 24px;\"><div class=\"ui--title-holder\"><h4 class=\"ui--title-text\" style=\"color: #203063 !important;\">Die Besten Ma\u00dfgeschneiderten L\u00f6sungen<span style=\"border-color: #E50914 !important;  border-width: 2px;\" class=\"ui--title-borders ui--title-border-bottom\"><\/span><\/h4><\/div><\/div><div class=\"ui-row row\">\n <div   class=\"ui-column span6\"><div class=\"auto-format ui--animation\"><h6 style=\"color:#333333;\">Unsere ma\u00dfgeschneiderte Qualit\u00e4tsl\u00f6sungen f\u00fcr die Industrien:<\/h6>\n<\/div><div class=\"ui-row row\">\n <div   class=\"ui-column span6\"><ul class=\"ui--list list-font-icon parent-2\"><li class=\"child-1 total-7 ui--animation\"><i class=\"list-icon 14px fontawesome-check-sign\" style=\"color: #E50914 !important;\"><\/i>Hammerbrecher<\/li><li class=\"child-2 total-7 ui--animation\"><i class=\"list-icon 14px fontawesome-check-sign\" style=\"color: #E50914 !important;\"><\/i>Walzenbrecher<\/li><li class=\"child-3 total-7 ui--animation\"><i class=\"list-icon 14px fontawesome-check-sign\" style=\"color: #E50914 !important;\"><\/i>Prallbrecher<\/li><li class=\"child-4 total-7 ui--animation\"><i class=\"list-icon 14px fontawesome-check-sign\" style=\"color: #E50914 !important;\"><\/i>Backenbrecher<\/li><li class=\"child-5 total-7 ui--animation\"><i class=\"list-icon 14px fontawesome-check-sign\" style=\"color: #E50914 !important;\"><\/i>Kegelbrecher<\/li><li class=\"child-6 total-7 ui--animation\"><i class=\"list-icon 14px fontawesome-check-sign\" style=\"color: #E50914 !important;\"><\/i>Rohrm\u00fchlen<\/li><li class=\"child-7 total-7 ui--animation\"><i class=\"list-icon 14px fontawesome-check-sign\" style=\"color: #E50914 !important;\"><\/i>Vertikalm\u00fchlen<\/li>  <\/ul><\/div> \n\n <div   class=\"ui-column span6\"><ul class=\"ui--list list-font-icon parent-3\"><li class=\"child-1 total-7 ui--animation\"><i class=\"list-icon 14px fontawesome-check-sign\" style=\"color: #E50914 !important;\"><\/i>Hammerm\u00fchlen<\/li><li class=\"child-2 total-7 ui--animation\"><i class=\"list-icon 14px fontawesome-check-sign\" style=\"color: #E50914 !important;\"><\/i>Walzenbrecher<\/li><li class=\"child-3 total-7 ui--animation\"><i class=\"list-icon 14px fontawesome-check-sign\" style=\"color: #E50914 !important;\"><\/i>Drehrohrofen<\/li><li class=\"child-4 total-7 ui--animation\"><i class=\"list-icon 14px fontawesome-check-sign\" style=\"color: #E50914 !important;\"><\/i>K\u00fchler<\/li><li class=\"child-5 total-7 ui--animation\"><i class=\"list-icon 14px fontawesome-check-sign\" style=\"color: #E50914 !important;\"><\/i>Vorw\u00e4rmer<\/li><li class=\"child-6 total-7 ui--animation\"><i class=\"list-icon 14px fontawesome-check-sign\" style=\"color: #E50914 !important;\"><\/i>Verbrennungsanlagen<\/li><li class=\"child-7 total-7 ui--animation\"><i class=\"list-icon 14px fontawesome-check-sign\" style=\"color: #E50914 !important;\"><\/i>Kessel<\/li>  <\/ul><\/div> \n\n<\/div><\/div> \n\n <div   class=\"ui-column span6\"><div class=\"ui--image-wrap clearfix\"><img width=\"1920\" height=\"1080\" src=\"https:\/\/www.korfezdokum.com\/wp-content\/uploads\/2020\/03\/company_title_3.png\" class=\"ui--image ui--animation\" alt=\"Best custom-based solutions\" decoding=\"async\" loading=\"lazy\" title=\"Die Besten Ma\u00dfgeschneiderten L\u00f6sungen\" id=\"ui--image-3\" srcset=\"https:\/\/www.korfezdokum.com\/wp-content\/uploads\/2020\/03\/company_title_3.png 1920w, https:\/\/www.korfezdokum.com\/wp-content\/uploads\/2020\/03\/company_title_3-300x169.png 300w, https:\/\/www.korfezdokum.com\/wp-content\/uploads\/2020\/03\/company_title_3-1024x576.png 1024w, https:\/\/www.korfezdokum.com\/wp-content\/uploads\/2020\/03\/company_title_3-768x432.png 768w, https:\/\/www.korfezdokum.com\/wp-content\/uploads\/2020\/03\/company_title_3-1536x864.png 1536w\" sizes=\"(max-width: 1920px) 100vw, 1920px\" \/><\/div><\/div> \n\n<\/div> \n<\/div><\/div><\/div><!-- \/.fullwidth-container --><div  id=\"section-og4ty\" class=\"fullwidth-content ui--section clearfix outer-shadow-2 section-og4ty\"><div  class=\"ui--section-content outer-shadow-2\"><div class=\"container\"><div class=\"ui--title ui--animation ui--title-bordered-bottom text-center\"><div class=\"ui--title-holder\"><h3 class=\"ui--title-text\" style=\"color: #203063 !important;\">Ihr Gesch\u00e4ftspartner<span style=\"border-color: #E50914 !important;  border-width: 2px;\" class=\"ui--title-borders ui--title-border-bottom\"><\/span><\/h3><\/div><\/div><div  class=\"ui--space clearfix\" data-responsive=\"{&quot;css&quot;:{&quot;height&quot;:{&quot;phone&quot;:null,&quot;tablet&quot;:null,&quot;widescreen&quot;:null}}}\"><\/div><div class=\"ui-row row\">\n <div   class=\"ui-column span2\"><div class=\"auto-format ui--animation\"><\/div><\/div> \n\n <div   class=\"ui-column span8\"><div class=\"ui--video-wrapper clearfix\"><div class=\"ui--video ui--video-16-9\" style=\"padding-bottom: 56.25%;\"><iframe title=\"Korfez Foundry Corporate Video \/ K\u00f6rfez D\u00f6k\u00fcm Kurumsal Video\" width=\"960\" height=\"540\" src=\"https:\/\/www.youtube.com\/embed\/E0Gsx2Dm9PY?wmode=transparent&amp;vq=hd1080&amp;rel=0&amp;showinfo=0&amp;iframe=1&amp;fs=1&amp;modestbranding=0&amp;autoplay=0&amp;theme=dark&feature=oembed\" frameborder=\"0\" allow=\"accelerometer; autoplay; clipboard-write; encrypted-media; gyroscope; picture-in-picture; web-share\" referrerpolicy=\"strict-origin-when-cross-origin\" allowfullscreen><\/iframe><\/div><div class=\"ui--shadow ui--shadow-type-1  clearfix\"><img src=\"https:\/\/www.korfezdokum.com\/wp-content\/themes\/envision\/includes\/modules\/module.shadow\/shadows\/shadow-1.png\" alt=\"shadow\" \/><\/div><\/div><\/div> \n\n <div   class=\"ui-column span2\"><div class=\"auto-format ui--animation\"><\/div><\/div> \n\n<\/div> \n<div  class=\"ui--space clearfix\" data-responsive=\"{&quot;css&quot;:{&quot;height&quot;:{&quot;phone&quot;:null,&quot;tablet&quot;:null,&quot;widescreen&quot;:null}}}\"><\/div><\/div><\/div><\/div><!-- \/.fullwidth-container --><div class=\"ui--custom-menu-bar ui--gradient ui--gradient-grey hover-effect fullwidth-container ui--height-thin text-center clearfix\" style=\"margin-bottom: -12px;\"><ul class=\"unstyled clearfix\"><li class=\"first-item ui--icon-position-left\" title=\"\"><a href=\"https:\/\/www.korfezdokum.com\/korfez-centrifuge\/\"><i class=\"ui--icon fontawesome-chevron-sign-right icon-inline-block\" style=\"font-size: 18px;  width: 22px;  height: 22px;  color: #E50914 !important;\"><\/i> <strong><font color=\"#203063\">KORFEZ Zentrifuge<\/font><\/strong> <\/a><\/li><li class=\"ui--icon-position-left\" title=\"\"><a href=\"https:\/\/www.korfezdokum.com\/korfez-engineering\/\"><i class=\"ui--icon fontawesome-chevron-sign-right icon-inline-block\" style=\"font-size: 18px;  width: 22px;  height: 22px;  color: #E50914 !important;\"><\/i> <strong><font color=\"#203063\">KORFEZ-Eng<\/font><\/strong> <\/a><\/li><li class=\"ui--icon-position-left\" title=\"\"><a href=\"https:\/\/www.korfezdokum.com\/history\/\"><i class=\"ui--icon fontawesome-chevron-sign-right icon-inline-block\" style=\"font-size: 18px;  width: 22px;  height: 22px;  color: #E50914 !important;\"><\/i> <strong><font color=\"#203063\">Geschichte<\/font><\/strong> <\/a><\/li><li class=\"ui--icon-position-left\" title=\"\"><a href=\"https:\/\/www.korfezdokum.com\/facility\/\"><i class=\"ui--icon fontawesome-chevron-sign-right icon-inline-block\" style=\"font-size: 18px;  width: 22px;  height: 22px;  color: #E50914 !important;\"><\/i> <strong><font color=\"#203063\">Fertigung<\/font><\/strong> <\/a><\/li><li class=\"last-item ui--icon-position-left\" title=\"\"><a href=\"https:\/\/www.korfezdokum.com\/quality-policy\/\"><i class=\"ui--icon fontawesome-chevron-sign-right icon-inline-block\" style=\"font-size: 18px;  width: 22px;  height: 22px;  color: #E50914 !important;\"><\/i> <strong><font color=\"#203063\">Qualit\u00e4t<\/font><\/strong> <\/a><\/li><\/ul><\/div>","protected":false},"excerpt":{"rendered":"<p>KORFEZ Eine f\u00fchrende Lieferant, die die Zement- und Bergbauindustrie beliefertIhr L\u00f6sungspartner Korfez Giesserei schafft wirkungsvolle Gesch\u00e4ftsl\u00f6sungen f\u00fcr die Zement- and Bergbauindustrie. Das Hauptgebiet von Korfez ist legierte Gu\u00dfst\u00e4hle, Schwerpunkt hitzebest\u00e4ndige, verschlei\u00dffeste und schlagfeste Gu\u00dfst\u00e4hle. Unsere Produkte sind nach Kundenzeichnungen und Kundenvorschriften mit zus\u00e4tzlichen Vorg\u00e4ngen wie mechanische Bearbeitung, Oberfl\u00e4chenbehandlung und Montage hergestellt. Wir exportieren 90% unserer [&hellip;]<\/p>\n","protected":false},"author":1,"featured_media":0,"parent":2303,"menu_order":0,"comment_status":"closed","ping_status":"closed","template":"","meta":[],"yoast_head":"<!-- This site is optimized with the Yoast SEO plugin v21.4 - https:\/\/yoast.com\/wordpress\/plugins\/seo\/ -->\n<title>KORFEZ &#187; Die Korfez-Giesserei<\/title>\n<meta name=\"robots\" content=\"index, follow, max-snippet:-1, max-image-preview:large, max-video-preview:-1\" \/>\n<link rel=\"canonical\" href=\"https:\/\/www.korfezdokum.com\/de\/ueber-uns\/korfez\/\" \/>\n<meta property=\"og:locale\" content=\"de_DE\" \/>\n<meta property=\"og:type\" content=\"article\" \/>\n<meta property=\"og:title\" content=\"KORFEZ &#187; Die Korfez-Giesserei\" \/>\n<meta property=\"og:description\" content=\"KORFEZ Eine f\u00fchrende Lieferant, die die Zement- und Bergbauindustrie beliefertIhr L\u00f6sungspartner Korfez Giesserei schafft wirkungsvolle Gesch\u00e4ftsl\u00f6sungen f\u00fcr die Zement- and Bergbauindustrie. Das Hauptgebiet von Korfez ist legierte Gu\u00dfst\u00e4hle, Schwerpunkt hitzebest\u00e4ndige, verschlei\u00dffeste und schlagfeste Gu\u00dfst\u00e4hle. Unsere Produkte sind nach Kundenzeichnungen und Kundenvorschriften mit zus\u00e4tzlichen Vorg\u00e4ngen wie mechanische Bearbeitung, Oberfl\u00e4chenbehandlung und Montage hergestellt. Wir exportieren 90% unserer [&hellip;]\" \/>\n<meta property=\"og:url\" content=\"https:\/\/www.korfezdokum.com\/de\/ueber-uns\/korfez\/\" \/>\n<meta property=\"og:site_name\" content=\"Die Korfez-Giesserei\" \/>\n<meta property=\"article:modified_time\" content=\"2022-10-04T14:23:19+00:00\" \/>\n<meta name=\"twitter:card\" content=\"summary_large_image\" \/>\n<script type=\"application\/ld+json\" class=\"yoast-schema-graph\">{\"@context\":\"https:\/\/schema.org\",\"@graph\":[{\"@type\":\"WebPage\",\"@id\":\"https:\/\/www.korfezdokum.com\/de\/ueber-uns\/korfez\/\",\"url\":\"https:\/\/www.korfezdokum.com\/de\/ueber-uns\/korfez\/\",\"name\":\"KORFEZ &#187; Die Korfez-Giesserei\",\"isPartOf\":{\"@id\":\"https:\/\/www.korfezdokum.com\/de\/#website\"},\"datePublished\":\"2020-04-17T17:51:56+00:00\",\"dateModified\":\"2022-10-04T14:23:19+00:00\",\"breadcrumb\":{\"@id\":\"https:\/\/www.korfezdokum.com\/de\/ueber-uns\/korfez\/#breadcrumb\"},\"inLanguage\":\"de\",\"potentialAction\":[{\"@type\":\"ReadAction\",\"target\":[\"https:\/\/www.korfezdokum.com\/de\/ueber-uns\/korfez\/\"]}]},{\"@type\":\"BreadcrumbList\",\"@id\":\"https:\/\/www.korfezdokum.com\/de\/ueber-uns\/korfez\/#breadcrumb\",\"itemListElement\":[{\"@type\":\"ListItem\",\"position\":1,\"name\":\"Home\",\"item\":\"https:\/\/www.korfezdokum.com\/de\/\"},{\"@type\":\"ListItem\",\"position\":2,\"name\":\"\u00dcber Uns\",\"item\":\"https:\/\/www.korfezdokum.com\/de\/ueber-uns\/\"},{\"@type\":\"ListItem\",\"position\":3,\"name\":\"KORFEZ\"}]},{\"@type\":\"WebSite\",\"@id\":\"https:\/\/www.korfezdokum.com\/de\/#website\",\"url\":\"https:\/\/www.korfezdokum.com\/de\/\",\"name\":\"Die Korfez-Giesserei\",\"description\":\"Ihr L\u00f6sungspartner.\",\"publisher\":{\"@id\":\"https:\/\/www.korfezdokum.com\/de\/#organization\"},\"potentialAction\":[{\"@type\":\"SearchAction\",\"target\":{\"@type\":\"EntryPoint\",\"urlTemplate\":\"https:\/\/www.korfezdokum.com\/de\/?s={search_term_string}\"},\"query-input\":\"required name=search_term_string\"}],\"inLanguage\":\"de\"},{\"@type\":\"Organization\",\"@id\":\"https:\/\/www.korfezdokum.com\/de\/#organization\",\"name\":\"K\u00f6rfez D\u00f6k\u00fcm San. ve Tic. A.\u015e.\",\"url\":\"https:\/\/www.korfezdokum.com\/de\/\",\"logo\":{\"@type\":\"ImageObject\",\"inLanguage\":\"de\",\"@id\":\"https:\/\/www.korfezdokum.com\/de\/#\/schema\/logo\/image\/\",\"url\":\"https:\/\/www.korfezdokum.com\/wp-content\/uploads\/2019\/12\/korfez_logo_web_header.png\",\"contentUrl\":\"https:\/\/www.korfezdokum.com\/wp-content\/uploads\/2019\/12\/korfez_logo_web_header.png\",\"width\":94,\"height\":105,\"caption\":\"K\u00f6rfez D\u00f6k\u00fcm San. ve Tic. A.\u015e.\"},\"image\":{\"@id\":\"https:\/\/www.korfezdokum.com\/de\/#\/schema\/logo\/image\/\"},\"sameAs\":[\"https:\/\/www.linkedin.com\/company\/korfezdokum\"]}]}<\/script>\n<!-- \/ Yoast SEO plugin. -->","yoast_head_json":{"title":"KORFEZ &#187; Die Korfez-Giesserei","robots":{"index":"index","follow":"follow","max-snippet":"max-snippet:-1","max-image-preview":"max-image-preview:large","max-video-preview":"max-video-preview:-1"},"canonical":"https:\/\/www.korfezdokum.com\/de\/ueber-uns\/korfez\/","og_locale":"de_DE","og_type":"article","og_title":"KORFEZ &#187; Die Korfez-Giesserei","og_description":"KORFEZ Eine f\u00fchrende Lieferant, die die Zement- und Bergbauindustrie beliefertIhr L\u00f6sungspartner Korfez Giesserei schafft wirkungsvolle Gesch\u00e4ftsl\u00f6sungen f\u00fcr die Zement- and Bergbauindustrie. Das Hauptgebiet von Korfez ist legierte Gu\u00dfst\u00e4hle, Schwerpunkt hitzebest\u00e4ndige, verschlei\u00dffeste und schlagfeste Gu\u00dfst\u00e4hle. Unsere Produkte sind nach Kundenzeichnungen und Kundenvorschriften mit zus\u00e4tzlichen Vorg\u00e4ngen wie mechanische Bearbeitung, Oberfl\u00e4chenbehandlung und Montage hergestellt. Wir exportieren 90% unserer [&hellip;]","og_url":"https:\/\/www.korfezdokum.com\/de\/ueber-uns\/korfez\/","og_site_name":"Die Korfez-Giesserei","article_modified_time":"2022-10-04T14:23:19+00:00","twitter_card":"summary_large_image","schema":{"@context":"https:\/\/schema.org","@graph":[{"@type":"WebPage","@id":"https:\/\/www.korfezdokum.com\/de\/ueber-uns\/korfez\/","url":"https:\/\/www.korfezdokum.com\/de\/ueber-uns\/korfez\/","name":"KORFEZ &#187; Die Korfez-Giesserei","isPartOf":{"@id":"https:\/\/www.korfezdokum.com\/de\/#website"},"datePublished":"2020-04-17T17:51:56+00:00","dateModified":"2022-10-04T14:23:19+00:00","breadcrumb":{"@id":"https:\/\/www.korfezdokum.com\/de\/ueber-uns\/korfez\/#breadcrumb"},"inLanguage":"de","potentialAction":[{"@type":"ReadAction","target":["https:\/\/www.korfezdokum.com\/de\/ueber-uns\/korfez\/"]}]},{"@type":"BreadcrumbList","@id":"https:\/\/www.korfezdokum.com\/de\/ueber-uns\/korfez\/#breadcrumb","itemListElement":[{"@type":"ListItem","position":1,"name":"Home","item":"https:\/\/www.korfezdokum.com\/de\/"},{"@type":"ListItem","position":2,"name":"\u00dcber Uns","item":"https:\/\/www.korfezdokum.com\/de\/ueber-uns\/"},{"@type":"ListItem","position":3,"name":"KORFEZ"}]},{"@type":"WebSite","@id":"https:\/\/www.korfezdokum.com\/de\/#website","url":"https:\/\/www.korfezdokum.com\/de\/","name":"Die Korfez-Giesserei","description":"Ihr L\u00f6sungspartner.","publisher":{"@id":"https:\/\/www.korfezdokum.com\/de\/#organization"},"potentialAction":[{"@type":"SearchAction","target":{"@type":"EntryPoint","urlTemplate":"https:\/\/www.korfezdokum.com\/de\/?s={search_term_string}"},"query-input":"required name=search_term_string"}],"inLanguage":"de"},{"@type":"Organization","@id":"https:\/\/www.korfezdokum.com\/de\/#organization","name":"K\u00f6rfez D\u00f6k\u00fcm San. ve Tic. A.\u015e.","url":"https:\/\/www.korfezdokum.com\/de\/","logo":{"@type":"ImageObject","inLanguage":"de","@id":"https:\/\/www.korfezdokum.com\/de\/#\/schema\/logo\/image\/","url":"https:\/\/www.korfezdokum.com\/wp-content\/uploads\/2019\/12\/korfez_logo_web_header.png","contentUrl":"https:\/\/www.korfezdokum.com\/wp-content\/uploads\/2019\/12\/korfez_logo_web_header.png","width":94,"height":105,"caption":"K\u00f6rfez D\u00f6k\u00fcm San. ve Tic. A.\u015e."},"image":{"@id":"https:\/\/www.korfezdokum.com\/de\/#\/schema\/logo\/image\/"},"sameAs":["https:\/\/www.linkedin.com\/company\/korfezdokum"]}]}},"_links":{"self":[{"href":"https:\/\/www.korfezdokum.com\/de\/wp-json\/wp\/v2\/pages\/2320"}],"collection":[{"href":"https:\/\/www.korfezdokum.com\/de\/wp-json\/wp\/v2\/pages"}],"about":[{"href":"https:\/\/www.korfezdokum.com\/de\/wp-json\/wp\/v2\/types\/page"}],"author":[{"embeddable":true,"href":"https:\/\/www.korfezdokum.com\/de\/wp-json\/wp\/v2\/users\/1"}],"replies":[{"embeddable":true,"href":"https:\/\/www.korfezdokum.com\/de\/wp-json\/wp\/v2\/comments?post=2320"}],"version-history":[{"count":1,"href":"https:\/\/www.korfezdokum.com\/de\/wp-json\/wp\/v2\/pages\/2320\/revisions"}],"predecessor-version":[{"id":4274,"href":"https:\/\/www.korfezdokum.com\/de\/wp-json\/wp\/v2\/pages\/2320\/revisions\/4274"}],"up":[{"embeddable":true,"href":"https:\/\/www.korfezdokum.com\/de\/wp-json\/wp\/v2\/pages\/2303"}],"wp:attachment":[{"href":"https:\/\/www.korfezdokum.com\/de\/wp-json\/wp\/v2\/media?parent=2320"}],"curies":[{"name":"wp","href":"https:\/\/api.w.org\/{rel}","templated":true}]}}