{"id":2353,"date":"2020-04-18T14:34:42","date_gmt":"2020-04-18T11:34:42","guid":{"rendered":"http:\/\/korfezdokum.com\/fortgeschrittene-technologien\/schleuderguss\/"},"modified":"2020-04-18T14:34:42","modified_gmt":"2020-04-18T11:34:42","slug":"schleuderguss","status":"publish","type":"page","link":"https:\/\/www.korfezdokum.com\/de\/fortgeschrittene-technologien\/schleuderguss\/","title":{"rendered":"Schleuderguss"},"content":{"rendered":"<div  id=\"section-f0fn1\" class=\"fullwidth-content ui--section clearfix inner-shadow-1 section-f0fn1\" style=\"margin-top: -30px;\"><div  class=\"ui--section-content inner-shadow-1\"><div class=\"container\"><div class=\"ui--title ui--animation ui--title-bordered-bottom text-center\"><div class=\"ui--title-holder\"><h4 class=\"ui--title-text\" style=\"color: #203063 !important;\">Schleuderguss<span style=\"border-color: #E50914 !important;  border-width: 2px;\" class=\"ui--title-borders ui--title-border-bottom\"><\/span><\/h4><\/div><\/div><div class=\"ui-row row\">\n <div   class=\"ui-column span6\"><div class=\"auto-format ui--animation\"><h6 style=\"color:#333333;\">Die Schleudergussrohre werden in diversen Branchen als Kessel, Industrie\u00f6fen, chemische oder petrochemische Anlagen und viele andere benutzt.<\/p>\n<p>Unsere Schwestergesellschaft Korfez Zentrifuge ist auf Schleuderguss spezialisiert und stellt Schleudergu\u00dfrohre von ausgezeichneter Qualit\u00e4t her. Diese einzigartige Technologie erm\u00f6glicht die nahtlose Herstellung von Rohren mit der gew\u00fcnschten Abmessungen und chemischen Zusammensetzung.<\/h6>\n<\/div><\/div> \n\n <div   class=\"ui-column span6\"><div class=\"ui--image-wrap clearfix ui--animation text-center ui--block\"><div class=\"ui--image-inline-block\"><img width=\"1920\" height=\"1080\" src=\"https:\/\/www.korfezdokum.com\/wp-content\/uploads\/2020\/03\/centrifugal_casting.png\" class=\"ui--image radius-6px\" alt=\"Korfez Foundry\" decoding=\"async\" loading=\"lazy\" title=\"Schleuderguss\" id=\"ui--image-1\" srcset=\"https:\/\/www.korfezdokum.com\/wp-content\/uploads\/2020\/03\/centrifugal_casting.png 1920w, https:\/\/www.korfezdokum.com\/wp-content\/uploads\/2020\/03\/centrifugal_casting-300x169.png 300w, https:\/\/www.korfezdokum.com\/wp-content\/uploads\/2020\/03\/centrifugal_casting-1024x576.png 1024w, https:\/\/www.korfezdokum.com\/wp-content\/uploads\/2020\/03\/centrifugal_casting-768x432.png 768w, https:\/\/www.korfezdokum.com\/wp-content\/uploads\/2020\/03\/centrifugal_casting-1536x864.png 1536w\" sizes=\"(max-width: 1920px) 100vw, 1920px\" \/><div class=\"ui--shadow ui--shadow-type-1 ui--shadow-abs clearfix\"><img src=\"https:\/\/www.korfezdokum.com\/wp-content\/themes\/envision\/includes\/modules\/module.shadow\/shadows\/shadow-1.png\" alt=\"shadow\" \/><\/div><\/div><\/div><\/div> \n\n<\/div> \n<div  class=\"ui--space clearfix\" data-responsive=\"{&quot;css&quot;:{&quot;height&quot;:{&quot;phone&quot;:null,&quot;tablet&quot;:null,&quot;widescreen&quot;:null}}}\"><\/div><\/div><\/div><\/div><!-- \/.fullwidth-container --><div class=\"ui--custom-menu-bar ui--gradient ui--gradient-grey hover-effect fullwidth-container ui--height-thin text-center clearfix\" style=\"margin-bottom: -12px;\"><ul class=\"unstyled clearfix\"><li class=\"first-item ui--icon-position-left\" title=\"\"><a href=\"https:\/\/www.korfezdokum.com\/de\/fortgeschrittene-technologien\/bimetall-gussverfahren\/\"><i class=\"ui--icon fontawesome-chevron-sign-right icon-inline-block\" style=\"font-size: 18px;  width: 22px;  height: 22px;  color: #E50914 !important;\"><\/i> <strong><font color=\"#203063\">Bimetall-Gussverfahren<\/font><\/strong> <\/a><\/li><li class=\"last-item ui--icon-position-left\" title=\"\"><a href=\"https:\/\/www.korfezdokum.com\/de\/fortgeschrittene-technologien\/verbundwerkstoff-gussverfahren\/\"><i class=\"ui--icon fontawesome-chevron-sign-right icon-inline-block\" style=\"font-size: 18px;  width: 22px;  height: 22px;  color: #E50914 !important;\"><\/i> <strong><font color=\"#203063\">Verbundwerkstoff-Gussverfahren<\/font><\/strong> <\/a><\/li><\/ul><\/div>","protected":false},"excerpt":{"rendered":"<p>Schleuderguss Die Schleudergussrohre werden in diversen Branchen als Kessel, Industrie\u00f6fen, chemische oder petrochemische Anlagen und viele andere benutzt. Unsere Schwestergesellschaft Korfez Zentrifuge ist auf Schleuderguss spezialisiert und stellt Schleudergu\u00dfrohre von ausgezeichneter Qualit\u00e4t her. Diese einzigartige Technologie erm\u00f6glicht die nahtlose Herstellung von Rohren mit der gew\u00fcnschten Abmessungen und chemischen Zusammensetzung. Bimetall-Gussverfahren Verbundwerkstoff-Gussverfahren<\/p>\n","protected":false},"author":1,"featured_media":0,"parent":2351,"menu_order":0,"comment_status":"closed","ping_status":"closed","template":"","meta":[],"yoast_head":"<!-- This site is optimized with the Yoast SEO plugin v21.4 - https:\/\/yoast.com\/wordpress\/plugins\/seo\/ -->\n<title>Schleuderguss &#187; Die Korfez-Giesserei<\/title>\n<meta name=\"robots\" content=\"index, follow, max-snippet:-1, max-image-preview:large, max-video-preview:-1\" \/>\n<link rel=\"canonical\" href=\"https:\/\/www.korfezdokum.com\/de\/fortgeschrittene-technologien\/schleuderguss\/\" \/>\n<meta property=\"og:locale\" content=\"de_DE\" \/>\n<meta property=\"og:type\" content=\"article\" \/>\n<meta property=\"og:title\" content=\"Schleuderguss &#187; Die Korfez-Giesserei\" \/>\n<meta property=\"og:description\" content=\"Schleuderguss Die Schleudergussrohre werden in diversen Branchen als Kessel, Industrie\u00f6fen, chemische oder petrochemische Anlagen und viele andere benutzt. Unsere Schwestergesellschaft Korfez Zentrifuge ist auf Schleuderguss spezialisiert und stellt Schleudergu\u00dfrohre von ausgezeichneter Qualit\u00e4t her. Diese einzigartige Technologie erm\u00f6glicht die nahtlose Herstellung von Rohren mit der gew\u00fcnschten Abmessungen und chemischen Zusammensetzung. Bimetall-Gussverfahren Verbundwerkstoff-Gussverfahren\" \/>\n<meta property=\"og:url\" content=\"https:\/\/www.korfezdokum.com\/de\/fortgeschrittene-technologien\/schleuderguss\/\" \/>\n<meta property=\"og:site_name\" content=\"Die Korfez-Giesserei\" \/>\n<meta name=\"twitter:card\" content=\"summary_large_image\" \/>\n<script type=\"application\/ld+json\" class=\"yoast-schema-graph\">{\"@context\":\"https:\/\/schema.org\",\"@graph\":[{\"@type\":\"WebPage\",\"@id\":\"https:\/\/www.korfezdokum.com\/de\/fortgeschrittene-technologien\/schleuderguss\/\",\"url\":\"https:\/\/www.korfezdokum.com\/de\/fortgeschrittene-technologien\/schleuderguss\/\",\"name\":\"Schleuderguss &#187; Die Korfez-Giesserei\",\"isPartOf\":{\"@id\":\"https:\/\/www.korfezdokum.com\/de\/#website\"},\"datePublished\":\"2020-04-18T11:34:42+00:00\",\"dateModified\":\"2020-04-18T11:34:42+00:00\",\"breadcrumb\":{\"@id\":\"https:\/\/www.korfezdokum.com\/de\/fortgeschrittene-technologien\/schleuderguss\/#breadcrumb\"},\"inLanguage\":\"de\",\"potentialAction\":[{\"@type\":\"ReadAction\",\"target\":[\"https:\/\/www.korfezdokum.com\/de\/fortgeschrittene-technologien\/schleuderguss\/\"]}]},{\"@type\":\"BreadcrumbList\",\"@id\":\"https:\/\/www.korfezdokum.com\/de\/fortgeschrittene-technologien\/schleuderguss\/#breadcrumb\",\"itemListElement\":[{\"@type\":\"ListItem\",\"position\":1,\"name\":\"Home\",\"item\":\"https:\/\/www.korfezdokum.com\/de\/\"},{\"@type\":\"ListItem\",\"position\":2,\"name\":\"Fortgeschrittene Technologien\",\"item\":\"https:\/\/www.korfezdokum.com\/de\/fortgeschrittene-technologien\/\"},{\"@type\":\"ListItem\",\"position\":3,\"name\":\"Schleuderguss\"}]},{\"@type\":\"WebSite\",\"@id\":\"https:\/\/www.korfezdokum.com\/de\/#website\",\"url\":\"https:\/\/www.korfezdokum.com\/de\/\",\"name\":\"Die Korfez-Giesserei\",\"description\":\"Ihr L\u00f6sungspartner.\",\"publisher\":{\"@id\":\"https:\/\/www.korfezdokum.com\/de\/#organization\"},\"potentialAction\":[{\"@type\":\"SearchAction\",\"target\":{\"@type\":\"EntryPoint\",\"urlTemplate\":\"https:\/\/www.korfezdokum.com\/de\/?s={search_term_string}\"},\"query-input\":\"required name=search_term_string\"}],\"inLanguage\":\"de\"},{\"@type\":\"Organization\",\"@id\":\"https:\/\/www.korfezdokum.com\/de\/#organization\",\"name\":\"K\u00f6rfez D\u00f6k\u00fcm San. ve Tic. A.\u015e.\",\"url\":\"https:\/\/www.korfezdokum.com\/de\/\",\"logo\":{\"@type\":\"ImageObject\",\"inLanguage\":\"de\",\"@id\":\"https:\/\/www.korfezdokum.com\/de\/#\/schema\/logo\/image\/\",\"url\":\"https:\/\/www.korfezdokum.com\/wp-content\/uploads\/2019\/12\/korfez_logo_web_header.png\",\"contentUrl\":\"https:\/\/www.korfezdokum.com\/wp-content\/uploads\/2019\/12\/korfez_logo_web_header.png\",\"width\":94,\"height\":105,\"caption\":\"K\u00f6rfez D\u00f6k\u00fcm San. ve Tic. A.\u015e.\"},\"image\":{\"@id\":\"https:\/\/www.korfezdokum.com\/de\/#\/schema\/logo\/image\/\"},\"sameAs\":[\"https:\/\/www.linkedin.com\/company\/korfezdokum\"]}]}<\/script>\n<!-- \/ Yoast SEO plugin. -->","yoast_head_json":{"title":"Schleuderguss &#187; Die Korfez-Giesserei","robots":{"index":"index","follow":"follow","max-snippet":"max-snippet:-1","max-image-preview":"max-image-preview:large","max-video-preview":"max-video-preview:-1"},"canonical":"https:\/\/www.korfezdokum.com\/de\/fortgeschrittene-technologien\/schleuderguss\/","og_locale":"de_DE","og_type":"article","og_title":"Schleuderguss &#187; Die Korfez-Giesserei","og_description":"Schleuderguss Die Schleudergussrohre werden in diversen Branchen als Kessel, Industrie\u00f6fen, chemische oder petrochemische Anlagen und viele andere benutzt. Unsere Schwestergesellschaft Korfez Zentrifuge ist auf Schleuderguss spezialisiert und stellt Schleudergu\u00dfrohre von ausgezeichneter Qualit\u00e4t her. Diese einzigartige Technologie erm\u00f6glicht die nahtlose Herstellung von Rohren mit der gew\u00fcnschten Abmessungen und chemischen Zusammensetzung. Bimetall-Gussverfahren Verbundwerkstoff-Gussverfahren","og_url":"https:\/\/www.korfezdokum.com\/de\/fortgeschrittene-technologien\/schleuderguss\/","og_site_name":"Die Korfez-Giesserei","twitter_card":"summary_large_image","schema":{"@context":"https:\/\/schema.org","@graph":[{"@type":"WebPage","@id":"https:\/\/www.korfezdokum.com\/de\/fortgeschrittene-technologien\/schleuderguss\/","url":"https:\/\/www.korfezdokum.com\/de\/fortgeschrittene-technologien\/schleuderguss\/","name":"Schleuderguss &#187; Die Korfez-Giesserei","isPartOf":{"@id":"https:\/\/www.korfezdokum.com\/de\/#website"},"datePublished":"2020-04-18T11:34:42+00:00","dateModified":"2020-04-18T11:34:42+00:00","breadcrumb":{"@id":"https:\/\/www.korfezdokum.com\/de\/fortgeschrittene-technologien\/schleuderguss\/#breadcrumb"},"inLanguage":"de","potentialAction":[{"@type":"ReadAction","target":["https:\/\/www.korfezdokum.com\/de\/fortgeschrittene-technologien\/schleuderguss\/"]}]},{"@type":"BreadcrumbList","@id":"https:\/\/www.korfezdokum.com\/de\/fortgeschrittene-technologien\/schleuderguss\/#breadcrumb","itemListElement":[{"@type":"ListItem","position":1,"name":"Home","item":"https:\/\/www.korfezdokum.com\/de\/"},{"@type":"ListItem","position":2,"name":"Fortgeschrittene Technologien","item":"https:\/\/www.korfezdokum.com\/de\/fortgeschrittene-technologien\/"},{"@type":"ListItem","position":3,"name":"Schleuderguss"}]},{"@type":"WebSite","@id":"https:\/\/www.korfezdokum.com\/de\/#website","url":"https:\/\/www.korfezdokum.com\/de\/","name":"Die Korfez-Giesserei","description":"Ihr L\u00f6sungspartner.","publisher":{"@id":"https:\/\/www.korfezdokum.com\/de\/#organization"},"potentialAction":[{"@type":"SearchAction","target":{"@type":"EntryPoint","urlTemplate":"https:\/\/www.korfezdokum.com\/de\/?s={search_term_string}"},"query-input":"required name=search_term_string"}],"inLanguage":"de"},{"@type":"Organization","@id":"https:\/\/www.korfezdokum.com\/de\/#organization","name":"K\u00f6rfez D\u00f6k\u00fcm San. ve Tic. A.\u015e.","url":"https:\/\/www.korfezdokum.com\/de\/","logo":{"@type":"ImageObject","inLanguage":"de","@id":"https:\/\/www.korfezdokum.com\/de\/#\/schema\/logo\/image\/","url":"https:\/\/www.korfezdokum.com\/wp-content\/uploads\/2019\/12\/korfez_logo_web_header.png","contentUrl":"https:\/\/www.korfezdokum.com\/wp-content\/uploads\/2019\/12\/korfez_logo_web_header.png","width":94,"height":105,"caption":"K\u00f6rfez D\u00f6k\u00fcm San. ve Tic. A.\u015e."},"image":{"@id":"https:\/\/www.korfezdokum.com\/de\/#\/schema\/logo\/image\/"},"sameAs":["https:\/\/www.linkedin.com\/company\/korfezdokum"]}]}},"_links":{"self":[{"href":"https:\/\/www.korfezdokum.com\/de\/wp-json\/wp\/v2\/pages\/2353"}],"collection":[{"href":"https:\/\/www.korfezdokum.com\/de\/wp-json\/wp\/v2\/pages"}],"about":[{"href":"https:\/\/www.korfezdokum.com\/de\/wp-json\/wp\/v2\/types\/page"}],"author":[{"embeddable":true,"href":"https:\/\/www.korfezdokum.com\/de\/wp-json\/wp\/v2\/users\/1"}],"replies":[{"embeddable":true,"href":"https:\/\/www.korfezdokum.com\/de\/wp-json\/wp\/v2\/comments?post=2353"}],"version-history":[{"count":0,"href":"https:\/\/www.korfezdokum.com\/de\/wp-json\/wp\/v2\/pages\/2353\/revisions"}],"up":[{"embeddable":true,"href":"https:\/\/www.korfezdokum.com\/de\/wp-json\/wp\/v2\/pages\/2351"}],"wp:attachment":[{"href":"https:\/\/www.korfezdokum.com\/de\/wp-json\/wp\/v2\/media?parent=2353"}],"curies":[{"name":"wp","href":"https:\/\/api.w.org\/{rel}","templated":true}]}}