{"id":2429,"date":"2020-04-18T21:35:26","date_gmt":"2020-04-18T18:35:26","guid":{"rendered":"http:\/\/korfezdokum.com\/kontakt-formular\/"},"modified":"2020-04-20T17:45:40","modified_gmt":"2020-04-20T14:45:40","slug":"kontakt-formular","status":"publish","type":"page","link":"https:\/\/www.korfezdokum.com\/de\/kontakt-formular\/","title":{"rendered":"Kontakt Formular"},"content":{"rendered":"<div class=\"ui--title ui--animation ui--title-bordered-bottom text-center\" style=\"margin-top: 24px;\"><div class=\"ui--title-holder\"><h4 class=\"ui--title-text\">Kontaktiere uns<span style=\"border-color: #E50914 !important;  border-width: 2px;\" class=\"ui--title-borders ui--title-border-bottom\"><\/span><\/h4><\/div><\/div><div class=\"auto-format ui--animation\"><p><div id=\"quform-613d12\" class=\"quform quform-14 quform-support-page-caching quform-is-first-page\"><form id=\"quform-form-613d12\" class=\"quform-form quform-form-14\" action=\"\/de\/wp-json\/wp\/v2\/pages\/2429#quform-613d12\" method=\"post\" enctype=\"multipart\/form-data\" novalidate=\"novalidate\" data-options=\"{&quot;id&quot;:14,&quot;uniqueId&quot;:&quot;613d12&quot;,&quot;theme&quot;:&quot;&quot;,&quot;ajax&quot;:true,&quot;logic&quot;:{&quot;logic&quot;:[],&quot;dependents&quot;:[],&quot;elementIds&quot;:[],&quot;dependentElementIds&quot;:[],&quot;animate&quot;:true},&quot;currentPageId&quot;:1,&quot;errorsIcon&quot;:&quot;&quot;,&quot;updateFancybox&quot;:true,&quot;hasPages&quot;:true,&quot;pages&quot;:[1,33],&quot;pageProgressType&quot;:&quot;&quot;,&quot;tooltipsEnabled&quot;:true,&quot;tooltipClasses&quot;:&quot;qtip-quform-dark qtip-shadow&quot;,&quot;tooltipMy&quot;:&quot;left center&quot;,&quot;tooltipAt&quot;:&quot;right center&quot;,&quot;isRtl&quot;:false,&quot;scrollOffset&quot;:-50,&quot;scrollSpeed&quot;:800}\"><button class=\"quform-default-submit\" name=\"quform_submit\" type=\"submit\" value=\"submit\" aria-hidden=\"true\" tabindex=\"-1\"><\/button><div class=\"quform-form-inner quform-form-inner-14\"><input type=\"hidden\" name=\"quform_form_id\" value=\"14\" \/><input type=\"hidden\" name=\"quform_form_uid\" value=\"613d12\" \/><input type=\"hidden\" name=\"quform_count\" value=\"1\" \/><input type=\"hidden\" name=\"form_url\" value=\"https:\/\/www.korfezdokum.com\/de\/wp-json\/wp\/v2\/pages\/2429\" \/><input type=\"hidden\" name=\"referring_url\" value=\"\" \/><input type=\"hidden\" name=\"post_id\" value=\"\" \/><input type=\"hidden\" name=\"post_title\" value=\"\" \/><input type=\"hidden\" name=\"quform_current_page_id\" value=\"1\" \/><input type=\"hidden\" name=\"quform_csrf_token\" value=\"xSyfGfIbZFVgyab2jhli3BzFQaPnQR9CKnczdmL0\" \/><div class=\"quform-elements quform-elements-14 quform-cf quform-responsive-elements-phone-landscape\"><div class=\"quform-element quform-element-page quform-page-1 quform-page-14_1 quform-cf quform-group-style-plain quform-first-page quform-current-page\"><div class=\"quform-child-elements\"><div class=\"quform-element quform-element-name quform-element-14_46 quform-cf quform-element-required\"><div class=\"quform-spacer\"><div class=\"quform-label quform-label-14_46\"><span class=\"quform-label-icon\"><i class=\"fa fa-user\"><\/i><\/span><label class=\"quform-label-text\" id=\"quform_14_46_613d12_label\">Name<span class=\"quform-required\">*<\/span><\/label><\/div><div class=\"quform-inner quform-inner-name quform-inner-14_46 quform-field-size-medium\"><div class=\"quform-input quform-input-name quform-input-14_46 quform-cf\"><div class=\"quform-element-row quform-2-columns quform-element-row-size-fixed quform-responsive-columns-phone-landscape\"><div class=\"quform-element-column\"><div class=\"quform-element quform-element-text quform-element-14_46_2 quform-cf quform-element-required\"><div class=\"quform-spacer\"><div class=\"quform-inner quform-inner-text quform-inner-14_46_2 quform-field-size-medium\"><div class=\"quform-input quform-input-text quform-input-14_46_2 quform-cf\"><input type=\"text\" id=\"quform_14_46_2_613d12\" name=\"quform_14_46[2]\" class=\"quform-field quform-field-text quform-field-14_46_2\" aria-labelledby=\"quform_14_46_613d12_label quform_14_46_2_613d12_sub_label_below\" \/><\/div><label id=\"quform_14_46_2_613d12_sub_label_below\" class=\"quform-sub-label quform-sub-label-below\">Vorname<\/label><\/div><\/div><\/div><\/div><div class=\"quform-element-column\"><div class=\"quform-element quform-element-text quform-element-14_46_4 quform-cf quform-element-required\"><div class=\"quform-spacer\"><div class=\"quform-inner quform-inner-text quform-inner-14_46_4 quform-field-size-medium\"><div class=\"quform-input quform-input-text quform-input-14_46_4 quform-cf\"><input type=\"text\" id=\"quform_14_46_4_613d12\" name=\"quform_14_46[4]\" class=\"quform-field quform-field-text quform-field-14_46_4\" aria-labelledby=\"quform_14_46_613d12_label quform_14_46_4_613d12_sub_label_below\" \/><\/div><label id=\"quform_14_46_4_613d12_sub_label_below\" class=\"quform-sub-label quform-sub-label-below\">Familienname<\/label><\/div><\/div><\/div><\/div><\/div><\/div><\/div><\/div><\/div><div class=\"quform-element quform-element-email quform-element-14_7 quform-cf quform-element-required\"><div class=\"quform-spacer\"><div class=\"quform-label quform-label-14_7\"><span class=\"quform-label-icon\"><i class=\"fa fa-envelope-o\"><\/i><\/span><label class=\"quform-label-text\" for=\"quform_14_7_613d12\">E-Mail-Adresse<span class=\"quform-required\">*<\/span><\/label><\/div><div class=\"quform-inner quform-inner-email quform-inner-14_7 quform-field-size-medium\"><div class=\"quform-input quform-input-email quform-input-14_7 quform-cf\"><input type=\"email\" id=\"quform_14_7_613d12\" name=\"quform_14_7\" class=\"quform-field quform-field-email quform-field-14_7\" \/><\/div><\/div><\/div><\/div><div class=\"quform-element quform-element-text quform-element-14_60 quform-cf quform-element-optional\"><div class=\"quform-spacer\"><div class=\"quform-label quform-label-14_60\"><label class=\"quform-label-text\" for=\"quform_14_60_613d12\">Firma<\/label><\/div><div class=\"quform-inner quform-inner-text quform-inner-14_60 quform-field-size-medium\"><div class=\"quform-input quform-input-text quform-input-14_60 quform-cf\"><input type=\"text\" id=\"quform_14_60_613d12\" name=\"quform_14_60\" class=\"quform-field quform-field-text quform-field-14_60\" \/><\/div><\/div><\/div><\/div><div class=\"quform-element quform-element-text quform-element-14_51 quform-cf quform-element-optional\"><div class=\"quform-spacer\"><div class=\"quform-label quform-label-14_51\"><span class=\"quform-label-icon\"><i class=\"fa fa-phone\"><\/i><\/span><label class=\"quform-label-text\" for=\"quform_14_51_613d12\">Telefon<\/label><\/div><div class=\"quform-inner quform-inner-text quform-inner-14_51 quform-field-size-medium\"><div class=\"quform-input quform-input-text quform-input-14_51 quform-cf\"><input type=\"text\" id=\"quform_14_51_613d12\" name=\"quform_14_51\" class=\"quform-field quform-field-text quform-field-14_51\" \/><\/div><\/div><\/div><\/div><div class=\"quform-element quform-element-radio quform-element-14_59 quform-cf quform-element-required\"><div class=\"quform-spacer\"><div class=\"quform-label quform-label-14_59\"><label class=\"quform-label-text\" id=\"quform_14_59_613d12_label\">Der Grund f\u00fcr die Anfrage<span class=\"quform-required\">*<\/span><\/label><\/div><div class=\"quform-inner quform-inner-radio quform-inner-14_59 quform-field-size-medium\"><div class=\"quform-input quform-input-radio quform-input-14_59 quform-cf\"><div class=\"quform-options quform-cf quform-options-block quform-options-style-input-hidden\" role=\"radiogroup\" aria-labelledby=\"quform_14_59_613d12_label\"><div class=\"quform-option\"><input type=\"radio\" name=\"quform_14_59\" id=\"quform_14_59_613d12_1\" class=\"quform-field quform-field-radio quform-field-14_59 quform-field-14_59_1\" value=\"Allgemeines\" \/><label for=\"quform_14_59_613d12_1\" class=\"quform-option-label quform-option-label-14_59_1\"><span class=\"quform-option-icon\"><i class=\"fa fa-square-o\"><\/i><\/span><span class=\"quform-option-icon-selected\"><i class=\"fa fa-check\"><\/i><\/span><span class=\"quform-option-text\">Allgemeines<\/span><\/label><\/div><div class=\"quform-option\"><input type=\"radio\" name=\"quform_14_59\" id=\"quform_14_59_613d12_5\" class=\"quform-field quform-field-radio quform-field-14_59 quform-field-14_59_5\" value=\"Vertrieb\" \/><label for=\"quform_14_59_613d12_5\" class=\"quform-option-label quform-option-label-14_59_5\"><span class=\"quform-option-icon\"><i class=\"fa fa-square-o\"><\/i><\/span><span class=\"quform-option-icon-selected\"><i class=\"fa fa-check\"><\/i><\/span><span class=\"quform-option-text\">Vertrieb<\/span><\/label><\/div><div class=\"quform-option\"><input type=\"radio\" name=\"quform_14_59\" id=\"quform_14_59_613d12_4\" class=\"quform-field quform-field-radio quform-field-14_59 quform-field-14_59_4\" value=\"Support und Service\" \/><label for=\"quform_14_59_613d12_4\" class=\"quform-option-label quform-option-label-14_59_4\"><span class=\"quform-option-icon\"><i class=\"fa fa-square-o\"><\/i><\/span><span class=\"quform-option-icon-selected\"><i class=\"fa fa-check\"><\/i><\/span><span class=\"quform-option-text\">Support und Service<\/span><\/label><\/div><\/div><\/div><\/div><\/div><\/div><div class=\"quform-element quform-element-textarea quform-element-14_62 quform-cf quform-element-required\"><div class=\"quform-spacer\"><div class=\"quform-inner quform-inner-textarea quform-inner-14_62 quform-field-size-medium\"><div class=\"quform-input quform-input-textarea quform-input-14_62 quform-cf\"><textarea id=\"quform_14_62_613d12\" name=\"quform_14_62\" class=\"quform-field quform-field-textarea quform-field-14_62\" placeholder=\"Bitte kurz kommentieren\"><\/textarea><\/div><\/div><\/div><\/div><div class=\"quform-element quform-element-submit quform-element-14_45 quform-cf quform-button-style-classic quform-button-size-medium quform-button-width-small\"><div class=\"quform-button-next quform-button-next-default quform-button-next-14_45 quform-button-icon-right\"><button name=\"quform_submit\" type=\"submit\" class=\"quform-next\" value=\"submit\"><span class=\"quform-button-text quform-button-next-text\">Senden<\/span><span class=\"quform-button-icon quform-button-next-icon\"><i class=\"fa fa-chevron-right\"><\/i><\/span><\/button><\/div><\/div><\/div><\/div><div class=\"quform-element quform-element-page quform-page-33 quform-page-14_33 quform-cf quform-group-style-plain quform-last-page\"><div class=\"quform-child-elements\"><div class=\"quform-element quform-element-radio quform-element-14_32 quform-cf quform-element-required\"><div class=\"quform-spacer\"><div class=\"quform-label quform-label-14_32\"><label class=\"quform-label-text\" id=\"quform_14_32_613d12_label\">Bitte Best\u00e4tigen Sie<span class=\"quform-required\">*<\/span><\/label><\/div><div class=\"quform-inner quform-inner-radio quform-inner-14_32 quform-field-size-medium\"><p class=\"quform-description quform-description-above\">Ich bin damit einverstanden, dass meine Informationen gem\u00e4\u00df den <a href=\"http:\/\/korfezdokum.com\/de\/datenschutzbestimmungen\/\" target=\"_blank\">Datenschutzbestimmungen<\/a> gespeichert und verwendet werden.<\/p><div class=\"quform-input quform-input-radio quform-input-14_32 quform-cf\"><div class=\"quform-options quform-cf quform-options-block quform-options-style-input-hidden\" role=\"radiogroup\" aria-labelledby=\"quform_14_32_613d12_label\"><div class=\"quform-option\"><input type=\"radio\" name=\"quform_14_32\" id=\"quform_14_32_613d12_1\" class=\"quform-field quform-field-radio quform-field-14_32 quform-field-14_32_1\" value=\"Ja, ich stimme zu\" \/><label for=\"quform_14_32_613d12_1\" class=\"quform-option-label quform-option-label-14_32_1\"><span class=\"quform-option-icon\"><i class=\"fa fa-square-o\"><\/i><\/span><span class=\"quform-option-icon-selected\"><i class=\"fa fa-check-square-o\"><\/i><\/span><span class=\"quform-option-text\">Ja, ich stimme zu<\/span><\/label><\/div><\/div><\/div><\/div><\/div><\/div><div class=\"quform-element quform-element-recaptcha quform-element-14_61 quform-cf quform-element-required\"><div class=\"quform-spacer\"><div class=\"quform-label quform-label-14_61\"><label class=\"quform-label-text\">Ich bin kein Roboter<span class=\"quform-required\">*<\/span><\/label><\/div><div class=\"quform-inner quform-inner-recaptcha quform-inner-14_61 quform-field-size-medium\"><div class=\"quform-input quform-input-recaptcha quform-input-14_61 quform-cf\"><div class=\"quform-recaptcha\" data-config=\"{&quot;sitekey&quot;:&quot;6LeZtukUAAAAADURwU31M6PULRaLw04vQ24a_QG1&quot;,&quot;_version&quot;:&quot;v2&quot;,&quot;size&quot;:&quot;normal&quot;,&quot;type&quot;:&quot;image&quot;,&quot;theme&quot;:&quot;light&quot;,&quot;badge&quot;:&quot;bottomright&quot;}\"><\/div><noscript><div><div style=\"width: 302px; height: 422px; position: relative;\"><div style=\"width: 302px; height: 422px; position: absolute;\"><iframe src=\"https:\/\/www.google.com\/recaptcha\/api\/fallback?k=6LeZtukUAAAAADURwU31M6PULRaLw04vQ24a_QG1\" frameborder=\"0\" scrolling=\"no\" style=\"width: 302px; height:422px; border-style: none;\"><\/iframe><\/div><\/div><div style=\"width: 300px; height: 60px; border-style: none; bottom: 12px; left: 25px; margin: 0px; padding: 0px; right: 25px; background: #f9f9f9; border: 1px solid #c1c1c1; border-radius: 3px;\"><textarea name=\"g-recaptcha-response\" class=\"g-recaptcha-response\" style=\"width: 250px; height: 40px; border: 1px solid #c1c1c1; margin: 10px 25px; padding: 0px; resize: none;\"><\/textarea><\/div><\/div><\/noscript><\/div><\/div><\/div><\/div><div class=\"quform-element quform-element-submit quform-element-14_12 quform-cf quform-button-style-classic quform-button-size-medium\"><div class=\"quform-button-back quform-button-back-default quform-button-back-14_12\"><button name=\"quform_submit\" type=\"submit\" class=\"quform-back\" value=\"back\"><span class=\"quform-button-text quform-button-back-text\">Zur\u00fcck<\/span><\/button><\/div><div class=\"quform-button-submit quform-button-submit-default quform-button-submit-14_12 quform-button-icon-right\"><button name=\"quform_submit\" type=\"submit\" class=\"quform-submit\" value=\"submit\"><span class=\"quform-button-text quform-button-submit-text\">Senden<\/span><span class=\"quform-button-icon quform-button-submit-icon\"><i class=\"fa fa-send\"><\/i><\/span><\/button><\/div><\/div><div class=\"quform-element-tree\"><label for=\"quform_14_0_613d12\">Dieses Feld sollte nicht ausgef\u00fcllt werden<\/label><input type=\"text\" id=\"quform_14_0_613d12\" name=\"quform_14_0\" class=\"quform-field quform-field-tree quform-field-14_0\" tabindex=\"-1\" autocomplete=\"off\" \/><\/div><\/div><\/div><\/div><\/div><\/form><\/div><\/p>\n<\/div>","protected":false},"excerpt":{"rendered":"<p>Kontaktiere unsName*VornameFamiliennameE-Mail-Adresse*FirmaTelefonDer Grund f\u00fcr die Anfrage*AllgemeinesVertriebSupport und ServiceSendenBitte Best\u00e4tigen Sie*Ich bin damit einverstanden, dass meine Informationen gem\u00e4\u00df den Datenschutzbestimmungen gespeichert und verwendet werden.Ja, ich stimme zuIch bin kein Roboter*Zur\u00fcckSendenDieses Feld sollte nicht ausgef\u00fcllt werden<\/p>\n","protected":false},"author":1,"featured_media":0,"parent":0,"menu_order":0,"comment_status":"closed","ping_status":"closed","template":"","meta":[],"yoast_head":"<!-- This site is optimized with the Yoast SEO plugin v21.4 - https:\/\/yoast.com\/wordpress\/plugins\/seo\/ -->\n<title>Kontakt Formular &#187; Die Korfez-Giesserei<\/title>\n<meta name=\"robots\" content=\"index, follow, max-snippet:-1, max-image-preview:large, max-video-preview:-1\" \/>\n<link rel=\"canonical\" href=\"https:\/\/www.korfezdokum.com\/de\/kontakt-formular\/\" \/>\n<meta property=\"og:locale\" content=\"de_DE\" \/>\n<meta property=\"og:type\" content=\"article\" \/>\n<meta property=\"og:title\" content=\"Kontakt Formular &#187; Die Korfez-Giesserei\" \/>\n<meta property=\"og:description\" content=\"Kontaktiere unsName*VornameFamiliennameE-Mail-Adresse*FirmaTelefonDer Grund f\u00fcr die Anfrage*AllgemeinesVertriebSupport und ServiceSendenBitte Best\u00e4tigen Sie*Ich bin damit einverstanden, dass meine Informationen gem\u00e4\u00df den Datenschutzbestimmungen gespeichert und verwendet werden.Ja, ich stimme zuIch bin kein Roboter*Zur\u00fcckSendenDieses Feld sollte nicht ausgef\u00fcllt werden\" \/>\n<meta property=\"og:url\" content=\"https:\/\/www.korfezdokum.com\/de\/kontakt-formular\/\" \/>\n<meta property=\"og:site_name\" content=\"Die Korfez-Giesserei\" \/>\n<meta property=\"article:modified_time\" content=\"2020-04-20T14:45:40+00:00\" \/>\n<meta name=\"twitter:card\" content=\"summary_large_image\" \/>\n<script type=\"application\/ld+json\" class=\"yoast-schema-graph\">{\"@context\":\"https:\/\/schema.org\",\"@graph\":[{\"@type\":\"WebPage\",\"@id\":\"https:\/\/www.korfezdokum.com\/de\/kontakt-formular\/\",\"url\":\"https:\/\/www.korfezdokum.com\/de\/kontakt-formular\/\",\"name\":\"Kontakt Formular &#187; Die Korfez-Giesserei\",\"isPartOf\":{\"@id\":\"https:\/\/www.korfezdokum.com\/de\/#website\"},\"datePublished\":\"2020-04-18T18:35:26+00:00\",\"dateModified\":\"2020-04-20T14:45:40+00:00\",\"breadcrumb\":{\"@id\":\"https:\/\/www.korfezdokum.com\/de\/kontakt-formular\/#breadcrumb\"},\"inLanguage\":\"de\",\"potentialAction\":[{\"@type\":\"ReadAction\",\"target\":[\"https:\/\/www.korfezdokum.com\/de\/kontakt-formular\/\"]}]},{\"@type\":\"BreadcrumbList\",\"@id\":\"https:\/\/www.korfezdokum.com\/de\/kontakt-formular\/#breadcrumb\",\"itemListElement\":[{\"@type\":\"ListItem\",\"position\":1,\"name\":\"Home\",\"item\":\"https:\/\/www.korfezdokum.com\/de\/\"},{\"@type\":\"ListItem\",\"position\":2,\"name\":\"Kontakt Formular\"}]},{\"@type\":\"WebSite\",\"@id\":\"https:\/\/www.korfezdokum.com\/de\/#website\",\"url\":\"https:\/\/www.korfezdokum.com\/de\/\",\"name\":\"Die Korfez-Giesserei\",\"description\":\"Ihr L\u00f6sungspartner.\",\"publisher\":{\"@id\":\"https:\/\/www.korfezdokum.com\/de\/#organization\"},\"potentialAction\":[{\"@type\":\"SearchAction\",\"target\":{\"@type\":\"EntryPoint\",\"urlTemplate\":\"https:\/\/www.korfezdokum.com\/de\/?s={search_term_string}\"},\"query-input\":\"required name=search_term_string\"}],\"inLanguage\":\"de\"},{\"@type\":\"Organization\",\"@id\":\"https:\/\/www.korfezdokum.com\/de\/#organization\",\"name\":\"K\u00f6rfez D\u00f6k\u00fcm San. ve Tic. A.\u015e.\",\"url\":\"https:\/\/www.korfezdokum.com\/de\/\",\"logo\":{\"@type\":\"ImageObject\",\"inLanguage\":\"de\",\"@id\":\"https:\/\/www.korfezdokum.com\/de\/#\/schema\/logo\/image\/\",\"url\":\"https:\/\/www.korfezdokum.com\/wp-content\/uploads\/2019\/12\/korfez_logo_web_header.png\",\"contentUrl\":\"https:\/\/www.korfezdokum.com\/wp-content\/uploads\/2019\/12\/korfez_logo_web_header.png\",\"width\":94,\"height\":105,\"caption\":\"K\u00f6rfez D\u00f6k\u00fcm San. ve Tic. A.\u015e.\"},\"image\":{\"@id\":\"https:\/\/www.korfezdokum.com\/de\/#\/schema\/logo\/image\/\"},\"sameAs\":[\"https:\/\/www.linkedin.com\/company\/korfezdokum\"]}]}<\/script>\n<!-- \/ Yoast SEO plugin. -->","yoast_head_json":{"title":"Kontakt Formular &#187; Die Korfez-Giesserei","robots":{"index":"index","follow":"follow","max-snippet":"max-snippet:-1","max-image-preview":"max-image-preview:large","max-video-preview":"max-video-preview:-1"},"canonical":"https:\/\/www.korfezdokum.com\/de\/kontakt-formular\/","og_locale":"de_DE","og_type":"article","og_title":"Kontakt Formular &#187; Die Korfez-Giesserei","og_description":"Kontaktiere unsName*VornameFamiliennameE-Mail-Adresse*FirmaTelefonDer Grund f\u00fcr die Anfrage*AllgemeinesVertriebSupport und ServiceSendenBitte Best\u00e4tigen Sie*Ich bin damit einverstanden, dass meine Informationen gem\u00e4\u00df den Datenschutzbestimmungen gespeichert und verwendet werden.Ja, ich stimme zuIch bin kein Roboter*Zur\u00fcckSendenDieses Feld sollte nicht ausgef\u00fcllt werden","og_url":"https:\/\/www.korfezdokum.com\/de\/kontakt-formular\/","og_site_name":"Die Korfez-Giesserei","article_modified_time":"2020-04-20T14:45:40+00:00","twitter_card":"summary_large_image","schema":{"@context":"https:\/\/schema.org","@graph":[{"@type":"WebPage","@id":"https:\/\/www.korfezdokum.com\/de\/kontakt-formular\/","url":"https:\/\/www.korfezdokum.com\/de\/kontakt-formular\/","name":"Kontakt Formular &#187; Die Korfez-Giesserei","isPartOf":{"@id":"https:\/\/www.korfezdokum.com\/de\/#website"},"datePublished":"2020-04-18T18:35:26+00:00","dateModified":"2020-04-20T14:45:40+00:00","breadcrumb":{"@id":"https:\/\/www.korfezdokum.com\/de\/kontakt-formular\/#breadcrumb"},"inLanguage":"de","potentialAction":[{"@type":"ReadAction","target":["https:\/\/www.korfezdokum.com\/de\/kontakt-formular\/"]}]},{"@type":"BreadcrumbList","@id":"https:\/\/www.korfezdokum.com\/de\/kontakt-formular\/#breadcrumb","itemListElement":[{"@type":"ListItem","position":1,"name":"Home","item":"https:\/\/www.korfezdokum.com\/de\/"},{"@type":"ListItem","position":2,"name":"Kontakt Formular"}]},{"@type":"WebSite","@id":"https:\/\/www.korfezdokum.com\/de\/#website","url":"https:\/\/www.korfezdokum.com\/de\/","name":"Die Korfez-Giesserei","description":"Ihr L\u00f6sungspartner.","publisher":{"@id":"https:\/\/www.korfezdokum.com\/de\/#organization"},"potentialAction":[{"@type":"SearchAction","target":{"@type":"EntryPoint","urlTemplate":"https:\/\/www.korfezdokum.com\/de\/?s={search_term_string}"},"query-input":"required name=search_term_string"}],"inLanguage":"de"},{"@type":"Organization","@id":"https:\/\/www.korfezdokum.com\/de\/#organization","name":"K\u00f6rfez D\u00f6k\u00fcm San. ve Tic. A.\u015e.","url":"https:\/\/www.korfezdokum.com\/de\/","logo":{"@type":"ImageObject","inLanguage":"de","@id":"https:\/\/www.korfezdokum.com\/de\/#\/schema\/logo\/image\/","url":"https:\/\/www.korfezdokum.com\/wp-content\/uploads\/2019\/12\/korfez_logo_web_header.png","contentUrl":"https:\/\/www.korfezdokum.com\/wp-content\/uploads\/2019\/12\/korfez_logo_web_header.png","width":94,"height":105,"caption":"K\u00f6rfez D\u00f6k\u00fcm San. ve Tic. A.\u015e."},"image":{"@id":"https:\/\/www.korfezdokum.com\/de\/#\/schema\/logo\/image\/"},"sameAs":["https:\/\/www.linkedin.com\/company\/korfezdokum"]}]}},"_links":{"self":[{"href":"https:\/\/www.korfezdokum.com\/de\/wp-json\/wp\/v2\/pages\/2429"}],"collection":[{"href":"https:\/\/www.korfezdokum.com\/de\/wp-json\/wp\/v2\/pages"}],"about":[{"href":"https:\/\/www.korfezdokum.com\/de\/wp-json\/wp\/v2\/types\/page"}],"author":[{"embeddable":true,"href":"https:\/\/www.korfezdokum.com\/de\/wp-json\/wp\/v2\/users\/1"}],"replies":[{"embeddable":true,"href":"https:\/\/www.korfezdokum.com\/de\/wp-json\/wp\/v2\/comments?post=2429"}],"version-history":[{"count":1,"href":"https:\/\/www.korfezdokum.com\/de\/wp-json\/wp\/v2\/pages\/2429\/revisions"}],"predecessor-version":[{"id":2443,"href":"https:\/\/www.korfezdokum.com\/de\/wp-json\/wp\/v2\/pages\/2429\/revisions\/2443"}],"wp:attachment":[{"href":"https:\/\/www.korfezdokum.com\/de\/wp-json\/wp\/v2\/media?parent=2429"}],"curies":[{"name":"wp","href":"https:\/\/api.w.org\/{rel}","templated":true}]}}