{"id":4307,"date":"2022-09-12T15:42:15","date_gmt":"2022-09-12T12:42:15","guid":{"rendered":"https:\/\/korfezdokum.com\/?page_id=4307"},"modified":"2023-03-29T14:24:55","modified_gmt":"2023-03-29T11:24:55","slug":"nachhaltigkeit-und-soziale-verantwortung","status":"publish","type":"page","link":"https:\/\/www.korfezdokum.com\/de\/ueber-uns\/nachhaltigkeit-und-soziale-verantwortung\/","title":{"rendered":"Nachhaltigkeit und Soziale Verantwortung"},"content":{"rendered":"<div  id=\"video-background-1\" class=\"ui--video-background-wrapper fullwidth-content clearfix color--dark\" style=\"margin-top: -30px;  margin-bottom: 0px;\"><div class=\"ui--video-background-holder\"><div  class=\"ui--video-background-video hidden-phone \"><\/div><div class=\"ui--video-background-poster\"><\/div><div  class=\"ui--video-background\"><div class=\"ui--gradient\"><\/div><\/div><\/div><div  class=\"ui--section-content container clearfix\" style=\"padding-top: 180px;  padding-bottom: 30px;\"><div  class=\"ui--space clearfix\" data-responsive=\"{&quot;css&quot;:{&quot;height&quot;:{&quot;phone&quot;:null,&quot;tablet&quot;:null,&quot;widescreen&quot;:null}}}\"><\/div><div  class=\"ui--space clearfix\" data-responsive=\"{&quot;css&quot;:{&quot;height&quot;:{&quot;phone&quot;:null,&quot;tablet&quot;:null,&quot;widescreen&quot;:null}}}\"><\/div><h3 id=\"custom-title-h3-1\" class=\"ui--animation \" style=\"text-align: center; margin-bottom: 0px; \"><strong>Es liegt in unserer Verantwortung, den k\u00fcnftigen Generationen eine lebenswerte Welt zu hinterlassen.<\/strong><\/h3><div  class=\"ui--space clearfix\" data-responsive=\"{&quot;css&quot;:{&quot;height&quot;:{&quot;phone&quot;:null,&quot;tablet&quot;:null,&quot;widescreen&quot;:null}}}\"><\/div><div  class=\"ui--space clearfix\" data-responsive=\"{&quot;css&quot;:{&quot;height&quot;:{&quot;phone&quot;:null,&quot;tablet&quot;:null,&quot;widescreen&quot;:null}}}\"><\/div><div  class=\"ui--space clearfix\" data-responsive=\"{&quot;css&quot;:{&quot;height&quot;:{&quot;phone&quot;:null,&quot;tablet&quot;:null,&quot;widescreen&quot;:null}}}\"><\/div><div  class=\"ui--space clearfix\" data-responsive=\"{&quot;css&quot;:{&quot;height&quot;:{&quot;phone&quot;:null,&quot;tablet&quot;:null,&quot;widescreen&quot;:null}}}\"><\/div><div  class=\"ui--space clearfix\" data-responsive=\"{&quot;css&quot;:{&quot;height&quot;:{&quot;phone&quot;:null,&quot;tablet&quot;:null,&quot;widescreen&quot;:null}}}\"><\/div><\/div><\/div><div  id=\"section-nlv36\" class=\"fullwidth-content ui--section clearfix inner-shadow-1 section-nlv36\"><div  class=\"ui--section-content inner-shadow-1\"><div class=\"container\"><div class=\"auto-format ui--animation\"><h6 style=\"color:#333333;\">Die Gie\u00dferei Korfez ist bestrebt, neben Kundenzufriedenheit, eine qualitativ hochwertige und effiziente Produktion zu gew\u00e4hrleisten, die Auswirkungen auf die Umwelt zu verringern, die Natur zu sch\u00fctzen und all dies in allen Bereichen und auf allen Ebenen des Unternehmens zu verankern. Wir sind der Ansicht, dass durch st\u00e4ndiges Verfolgen der technischen Entwicklungen in einem umweltfreundlichen Umfeld ein langfristiges Wachstum erzielt werden kann.<\/br><br \/>\nWir f\u00fchren Studien zur Nachhaltigkeit in Bezug auf Kosten, Lieferung und Qualit\u00e4t durch und erf\u00fcllen dabei die geltenden Bedingungen des Qualit\u00e4tsmanagementsystems, um die Kundenerwartungen und Bed\u00fcrfnisse richtig zu analysieren und geeignete L\u00f6sungen zu erarbeiten. Mit einem starken Team, das unsere Mitarbeiter und auch Lieferanten einschlie\u00dft, erh\u00f6hen wir somit die Zufriedenheit unserer Kunden. Wir sorgen f\u00fcr das Engagement unserer Mitarbeiter und schaffen in einem umweltfreundlichen Umfeld hochwirksame Kundenl\u00f6sungen, indem wir uns auf eine schlanke Produktion konzentrieren. Dabei werden alle Untersuchungen nach den Grunds\u00e4tzen der Ressourceneffizienz und des Umweltmanagements durchgef\u00fchrt.<\/p>\n<\/h6>\n<\/div><\/div><\/div><\/div><!-- \/.fullwidth-container --><div  id=\"section-og4ty\" class=\"fullwidth-content ui--section clearfix outer-shadow-2 section-og4ty\"><div  class=\"ui--section-content outer-shadow-2\"><div class=\"container\"><div  class=\"ui--space clearfix\" data-responsive=\"{&quot;css&quot;:{&quot;height&quot;:{&quot;phone&quot;:null,&quot;tablet&quot;:null,&quot;widescreen&quot;:null}}}\"><\/div><div  class=\"ui--space clearfix\" data-responsive=\"{&quot;css&quot;:{&quot;height&quot;:{&quot;phone&quot;:null,&quot;tablet&quot;:null,&quot;widescreen&quot;:null}}}\"><\/div><div class=\"ui-row row\">\n <div   class=\"ui-column span6\"><div class=\"ui--image-wrap clearfix\"><img width=\"800\" height=\"526\" src=\"https:\/\/www.korfezdokum.com\/wp-content\/uploads\/2022\/08\/surdurulebilirlik2.webp\" class=\"ui--image ui--animation\" alt=\"\" decoding=\"async\" loading=\"lazy\" title=\"surdurulebilirlik2\" id=\"ui--image-1\" srcset=\"https:\/\/www.korfezdokum.com\/wp-content\/uploads\/2022\/08\/surdurulebilirlik2.webp 800w, https:\/\/www.korfezdokum.com\/wp-content\/uploads\/2022\/08\/surdurulebilirlik2-300x197.webp 300w, https:\/\/www.korfezdokum.com\/wp-content\/uploads\/2022\/08\/surdurulebilirlik2-768x505.webp 768w\" sizes=\"(max-width: 800px) 100vw, 800px\" \/><\/div><\/div> \n\n <div   class=\"ui-column span6\"><div  class=\"ui--space clearfix\" data-responsive=\"{&quot;css&quot;:{&quot;height&quot;:{&quot;phone&quot;:null,&quot;tablet&quot;:null,&quot;widescreen&quot;:null}}}\"><\/div><div class=\"ui--title ui--animation ui--title-bordered-bottom text-center\" style=\"margin-bottom: 24px;\"><div class=\"ui--title-holder\"><h4 class=\"ui--title-text\" style=\"color: #203063 !important;\">Wir sorgen uns um Gesundheit und Sicherheit am Arbeitsplatz<span style=\"border-color: #E50914 !important;  border-width: 2px;\" class=\"ui--title-borders ui--title-border-bottom\"><\/span><\/h4><\/div><\/div><div class=\"auto-format ui--animation\"><h6 style=\"color:#333333;\">Die Gie\u00dferei Korfez legt gro\u00dfen Wert auf die pers\u00f6nliche Gesundheit und Sicherheit ihrer Mitarbeiter und G\u00e4ste. Es wird davon ausgegangen, dass durch die Einf\u00fchrung eines wirksamen Arbeitsschutzsystems zum Schutz vor potenziellen Unf\u00e4llen und Risiken, Unf\u00e4lle vermieden und das Unfallrisiko verringert werden kann.<\/br><br \/>\nKontrollen, Pr\u00fcfungen der Einhaltung von Vorschriften, Schulungen, Inspektionen der Arbeitsverfahren und pers\u00f6nliche Schutzausr\u00fcstungen f\u00fcr die Gesundheit und Sicherheit der Mitarbeiter sorgen f\u00fcr ein gesundes und sicheres Arbeitsumfeld in der Gie\u00dferei Korfez.<\/p>\n<\/h6>\n<\/div><\/div> \n\n<\/div> \n<div  class=\"ui--space clearfix\" data-responsive=\"{&quot;css&quot;:{&quot;height&quot;:{&quot;phone&quot;:null,&quot;tablet&quot;:null,&quot;widescreen&quot;:null}}}\"><\/div><div  class=\"ui--space clearfix\" data-responsive=\"{&quot;css&quot;:{&quot;height&quot;:{&quot;phone&quot;:null,&quot;tablet&quot;:null,&quot;widescreen&quot;:null}}}\"><\/div><\/div><\/div><\/div><!-- \/.fullwidth-container --><div  id=\"section-og4ty\" class=\"fullwidth-content ui--section clearfix outer-shadow-2 section-og4ty\"><div  class=\"ui--section-content outer-shadow-2\"><div class=\"container\"><div class=\"ui--title ui--animation ui--title-bordered-bottom text-center\" style=\"margin-bottom: 24px;\"><div class=\"ui--title-holder\"><h4 class=\"ui--title-text\" style=\"color: #203063 !important;\">Wir Sind Umweltbewusst<span style=\"border-color: #E50914 !important;  border-width: 2px;\" class=\"ui--title-borders ui--title-border-bottom\"><\/span><\/h4><\/div><\/div><div class=\"auto-format ui--animation\"><h6 style=\"color:#333333;\">Die Gie\u00dferei Korfez ergreift bei all ihren T\u00e4tigkeiten notwendige Mahnamen zum Schutz des \u00d6kosystem Luft-Wasser-Boden-Flora-Fauna, des Menschen und der nat\u00fcrlichen Ressourcen durch den Einsatz geeigneter Technologien. Wir beseitigen Faktoren, die eine Umweltverschmutzung verursachen k\u00f6nnten, direkt an der Quelle, nutzen Ressourcen rationell und sparsam, reduzieren Abf\u00e4lle und arbeiten an deren Wiederverwendung und das Recyling.<br \/>\n<\/h6>\n<\/div><\/div><\/div><\/div><!-- \/.fullwidth-container --><div  id=\"section-og4ty\" class=\"fullwidth-content ui--section clearfix outer-shadow-2 section-og4ty\"><div  class=\"ui--section-content outer-shadow-2\"><div class=\"container\"><div class=\"ui--title ui--animation ui--title-bordered-bottom text-center\" style=\"margin-bottom: 24px;\"><div class=\"ui--title-holder\"><h4 class=\"ui--title-text\" style=\"color: #203063 !important;\">Wir handeln nach dem Grundsatz \"Mensch zuerst\"<span style=\"border-color: #E50914 !important;  border-width: 2px;\" class=\"ui--title-borders ui--title-border-bottom\"><\/span><\/h4><\/div><\/div><div class=\"auto-format ui--animation\"><h6 style=\"color:#333333;\">Die Gie\u00dferei Korfez lehnt jegliche Diskriminierung infolge von Alter, Rasse, Weltanschauung, Hautfarbe, Geschlecht, Sprache, Nationalit\u00e4t, Familienstand, sexueller Orientierung, Dienstalter, politischer Meinung, milit\u00e4rischem Status, tats\u00e4chlicher oder vermeintlicher Behinderung oder Beeintr\u00e4chtigung, Religion oder sonstiger pers\u00f6nlicher Merkmale, die gesetzlich gesch\u00fctzt sind, ab.<\/br><br \/>\nIn der gesamten Managementstruktur und jeder Etappe des Produktionsprozesses agiert die Gie\u00dferei Korfez nach dem Prinzip \u201eMensch zuerst\u201c. Die Mitarbeiter des Unternehmens sch\u00e4tzen die individuellen Rechte und die kulturelle Vielfalt der anderen. Es ist strikt untersagt sich an Handlungen zu beteiligen, die Arbeitskollegen oder andere Personen bel\u00e4stigen oder diskriminieren.<\/br><br \/>\nZu den vorgenannten Handlungen geh\u00f6ren:<\/br><\/p>\n<ul>\n<li>\u00c4u\u00dferungen oder Drohungen, die einen Zusammenhang zwischen dem Besch\u00e4ftigungsstatus, den Bef\u00f6rderungsaussichten, dem Gehaltsstatus und der Zustimmung zu sexueller Bel\u00e4stigung andeuten, assoziieren oder plausibel machen;<\/li>\n<li>Bemerkungen \u00fcber das Aussehen, den K\u00f6rper oder den Lebensstil einer Person, die sich auf deren Rasse, Geschlecht, Nationalit\u00e4t, sexuelle Orientierung, Religion, Behinderung oder ein anderes Merkmal beziehen;<\/li>\n<li>Geschichten, Witze oder Bemerkungen, die vulg\u00e4r oder provokativ sind und sich auf die Rasse, das Geschlecht, die Nationalit\u00e4t, die sexuelle Ausrichtung, die Religion oder ein anderes Merkmal einer Person beziehen;<\/li>\n<li>Verbale Angriffe;<\/li>\n<li>Mobbing bezeichnet ungerechtfertigte Anschuldigungen, Dem\u00fctigungen, allgemeine Bel\u00e4stigungen oder emotionale Misshandlungen, die sich ausgehend von einer bestimmten Person oder Gruppe gegen eine Einzelperson richtet. <\/li>\n<\/ul>\n<p><\/br><br \/>\n<\/h6>\n<\/div><\/div><\/div><\/div><!-- \/.fullwidth-container --><div class=\"ui--custom-menu-bar ui--gradient ui--gradient-grey hover-effect fullwidth-container ui--height-thin text-center clearfix\" style=\"margin-bottom: -12px;\"><ul class=\"unstyled clearfix\"><li class=\"first-item ui--icon-position-left\" title=\"\"><a href=\"https:\/\/www.korfezdokum.com\/tr\/hakkimizda\/korfez\/\"><i class=\"ui--icon fontawesome-chevron-sign-right icon-inline-block\" style=\"font-size: 18px;  width: 22px;  height: 22px;  color: #E50914 !important;\"><\/i> <strong><font color=\"#203063\">K\u00d6RFEZ<\/font><\/strong> <\/a><\/li><li class=\"ui--icon-position-left\" title=\"\"><a href=\"https:\/\/www.korfezdokum.com\/tr\/hakkimizda\/korfez\/korfez-boru\/\"><i class=\"ui--icon fontawesome-chevron-sign-right icon-inline-block\" style=\"font-size: 18px;  width: 22px;  height: 22px;  color: #E50914 !important;\"><\/i> <strong><font color=\"#203063\">K\u00d6RFEZ Boru<\/font><\/strong> <\/a><\/li><li class=\"ui--icon-position-left\" title=\"\"><a href=\"https:\/\/www.korfezdokum.com\/tr\/hakkimizda\/korfez\/korfez-engineering\/\"><i class=\"ui--icon fontawesome-chevron-sign-right icon-inline-block\" style=\"font-size: 18px;  width: 22px;  height: 22px;  color: #E50914 !important;\"><\/i> <strong><font color=\"#203063\">K\u00d6RFEZ Engineering<\/font><\/strong> <\/a><\/li><li class=\"ui--icon-position-left\" title=\"\"><a href=\"https:\/\/www.korfezdokum.com\/tr\/hakkimizda\/tarihce\/\"><i class=\"ui--icon fontawesome-chevron-sign-right icon-inline-block\" style=\"font-size: 18px;  width: 22px;  height: 22px;  color: #E50914 !important;\"><\/i> <strong><font color=\"#203063\">Tarih\u00e7e<\/font><\/strong> <\/a><\/li><li class=\"last-item ui--icon-position-left\" title=\"\"><a href=\"https:\/\/www.korfezdokum.com\/tr\/hakkimizda\/tesisimiz\/\"><i class=\"ui--icon fontawesome-chevron-sign-right icon-inline-block\" style=\"font-size: 18px;  width: 22px;  height: 22px;  color: #E50914 !important;\"><\/i> <strong><font color=\"#203063\">Tesisimiz<\/font><\/strong> <\/a><\/li><\/ul><\/div>","protected":false},"excerpt":{"rendered":"<p>Es liegt in unserer Verantwortung, den k\u00fcnftigen Generationen eine lebenswerte Welt zu hinterlassen.Die Gie\u00dferei Korfez ist bestrebt, neben Kundenzufriedenheit, eine qualitativ hochwertige und effiziente Produktion zu gew\u00e4hrleisten, die Auswirkungen auf die Umwelt zu verringern, die Natur zu sch\u00fctzen und all dies in allen Bereichen und auf allen Ebenen des Unternehmens zu verankern. Wir sind der [&hellip;]<\/p>\n","protected":false},"author":1,"featured_media":0,"parent":2303,"menu_order":0,"comment_status":"closed","ping_status":"closed","template":"","meta":[],"yoast_head":"<!-- This site is optimized with the Yoast SEO plugin v21.4 - https:\/\/yoast.com\/wordpress\/plugins\/seo\/ -->\n<title>Nachhaltigkeit und Soziale Verantwortung &#187; Die Korfez-Giesserei<\/title>\n<meta name=\"robots\" content=\"index, follow, max-snippet:-1, max-image-preview:large, max-video-preview:-1\" \/>\n<link rel=\"canonical\" href=\"https:\/\/www.korfezdokum.com\/de\/ueber-uns\/nachhaltigkeit-und-soziale-verantwortung\/\" \/>\n<meta property=\"og:locale\" content=\"de_DE\" \/>\n<meta property=\"og:type\" content=\"article\" \/>\n<meta property=\"og:title\" content=\"Nachhaltigkeit und Soziale Verantwortung &#187; Die Korfez-Giesserei\" \/>\n<meta property=\"og:description\" content=\"Es liegt in unserer Verantwortung, den k\u00fcnftigen Generationen eine lebenswerte Welt zu hinterlassen.Die Gie\u00dferei Korfez ist bestrebt, neben Kundenzufriedenheit, eine qualitativ hochwertige und effiziente Produktion zu gew\u00e4hrleisten, die Auswirkungen auf die Umwelt zu verringern, die Natur zu sch\u00fctzen und all dies in allen Bereichen und auf allen Ebenen des Unternehmens zu verankern. Wir sind der [&hellip;]\" \/>\n<meta property=\"og:url\" content=\"https:\/\/www.korfezdokum.com\/de\/ueber-uns\/nachhaltigkeit-und-soziale-verantwortung\/\" \/>\n<meta property=\"og:site_name\" content=\"Die Korfez-Giesserei\" \/>\n<meta property=\"article:modified_time\" content=\"2023-03-29T11:24:55+00:00\" \/>\n<meta name=\"twitter:card\" content=\"summary_large_image\" \/>\n<script type=\"application\/ld+json\" class=\"yoast-schema-graph\">{\"@context\":\"https:\/\/schema.org\",\"@graph\":[{\"@type\":\"WebPage\",\"@id\":\"https:\/\/www.korfezdokum.com\/de\/ueber-uns\/nachhaltigkeit-und-soziale-verantwortung\/\",\"url\":\"https:\/\/www.korfezdokum.com\/de\/ueber-uns\/nachhaltigkeit-und-soziale-verantwortung\/\",\"name\":\"Nachhaltigkeit und Soziale Verantwortung &#187; Die Korfez-Giesserei\",\"isPartOf\":{\"@id\":\"https:\/\/www.korfezdokum.com\/de\/#website\"},\"datePublished\":\"2022-09-12T12:42:15+00:00\",\"dateModified\":\"2023-03-29T11:24:55+00:00\",\"breadcrumb\":{\"@id\":\"https:\/\/www.korfezdokum.com\/de\/ueber-uns\/nachhaltigkeit-und-soziale-verantwortung\/#breadcrumb\"},\"inLanguage\":\"de\",\"potentialAction\":[{\"@type\":\"ReadAction\",\"target\":[\"https:\/\/www.korfezdokum.com\/de\/ueber-uns\/nachhaltigkeit-und-soziale-verantwortung\/\"]}]},{\"@type\":\"BreadcrumbList\",\"@id\":\"https:\/\/www.korfezdokum.com\/de\/ueber-uns\/nachhaltigkeit-und-soziale-verantwortung\/#breadcrumb\",\"itemListElement\":[{\"@type\":\"ListItem\",\"position\":1,\"name\":\"Home\",\"item\":\"https:\/\/www.korfezdokum.com\/de\/\"},{\"@type\":\"ListItem\",\"position\":2,\"name\":\"\u00dcber Uns\",\"item\":\"https:\/\/www.korfezdokum.com\/de\/ueber-uns\/\"},{\"@type\":\"ListItem\",\"position\":3,\"name\":\"Nachhaltigkeit und Soziale Verantwortung\"}]},{\"@type\":\"WebSite\",\"@id\":\"https:\/\/www.korfezdokum.com\/de\/#website\",\"url\":\"https:\/\/www.korfezdokum.com\/de\/\",\"name\":\"Die Korfez-Giesserei\",\"description\":\"Ihr L\u00f6sungspartner.\",\"publisher\":{\"@id\":\"https:\/\/www.korfezdokum.com\/de\/#organization\"},\"potentialAction\":[{\"@type\":\"SearchAction\",\"target\":{\"@type\":\"EntryPoint\",\"urlTemplate\":\"https:\/\/www.korfezdokum.com\/de\/?s={search_term_string}\"},\"query-input\":\"required name=search_term_string\"}],\"inLanguage\":\"de\"},{\"@type\":\"Organization\",\"@id\":\"https:\/\/www.korfezdokum.com\/de\/#organization\",\"name\":\"K\u00f6rfez D\u00f6k\u00fcm San. ve Tic. A.\u015e.\",\"url\":\"https:\/\/www.korfezdokum.com\/de\/\",\"logo\":{\"@type\":\"ImageObject\",\"inLanguage\":\"de\",\"@id\":\"https:\/\/www.korfezdokum.com\/de\/#\/schema\/logo\/image\/\",\"url\":\"https:\/\/www.korfezdokum.com\/wp-content\/uploads\/2019\/12\/korfez_logo_web_header.png\",\"contentUrl\":\"https:\/\/www.korfezdokum.com\/wp-content\/uploads\/2019\/12\/korfez_logo_web_header.png\",\"width\":94,\"height\":105,\"caption\":\"K\u00f6rfez D\u00f6k\u00fcm San. ve Tic. A.\u015e.\"},\"image\":{\"@id\":\"https:\/\/www.korfezdokum.com\/de\/#\/schema\/logo\/image\/\"},\"sameAs\":[\"https:\/\/www.linkedin.com\/company\/korfezdokum\"]}]}<\/script>\n<!-- \/ Yoast SEO plugin. -->","yoast_head_json":{"title":"Nachhaltigkeit und Soziale Verantwortung &#187; Die Korfez-Giesserei","robots":{"index":"index","follow":"follow","max-snippet":"max-snippet:-1","max-image-preview":"max-image-preview:large","max-video-preview":"max-video-preview:-1"},"canonical":"https:\/\/www.korfezdokum.com\/de\/ueber-uns\/nachhaltigkeit-und-soziale-verantwortung\/","og_locale":"de_DE","og_type":"article","og_title":"Nachhaltigkeit und Soziale Verantwortung &#187; Die Korfez-Giesserei","og_description":"Es liegt in unserer Verantwortung, den k\u00fcnftigen Generationen eine lebenswerte Welt zu hinterlassen.Die Gie\u00dferei Korfez ist bestrebt, neben Kundenzufriedenheit, eine qualitativ hochwertige und effiziente Produktion zu gew\u00e4hrleisten, die Auswirkungen auf die Umwelt zu verringern, die Natur zu sch\u00fctzen und all dies in allen Bereichen und auf allen Ebenen des Unternehmens zu verankern. Wir sind der [&hellip;]","og_url":"https:\/\/www.korfezdokum.com\/de\/ueber-uns\/nachhaltigkeit-und-soziale-verantwortung\/","og_site_name":"Die Korfez-Giesserei","article_modified_time":"2023-03-29T11:24:55+00:00","twitter_card":"summary_large_image","schema":{"@context":"https:\/\/schema.org","@graph":[{"@type":"WebPage","@id":"https:\/\/www.korfezdokum.com\/de\/ueber-uns\/nachhaltigkeit-und-soziale-verantwortung\/","url":"https:\/\/www.korfezdokum.com\/de\/ueber-uns\/nachhaltigkeit-und-soziale-verantwortung\/","name":"Nachhaltigkeit und Soziale Verantwortung &#187; Die Korfez-Giesserei","isPartOf":{"@id":"https:\/\/www.korfezdokum.com\/de\/#website"},"datePublished":"2022-09-12T12:42:15+00:00","dateModified":"2023-03-29T11:24:55+00:00","breadcrumb":{"@id":"https:\/\/www.korfezdokum.com\/de\/ueber-uns\/nachhaltigkeit-und-soziale-verantwortung\/#breadcrumb"},"inLanguage":"de","potentialAction":[{"@type":"ReadAction","target":["https:\/\/www.korfezdokum.com\/de\/ueber-uns\/nachhaltigkeit-und-soziale-verantwortung\/"]}]},{"@type":"BreadcrumbList","@id":"https:\/\/www.korfezdokum.com\/de\/ueber-uns\/nachhaltigkeit-und-soziale-verantwortung\/#breadcrumb","itemListElement":[{"@type":"ListItem","position":1,"name":"Home","item":"https:\/\/www.korfezdokum.com\/de\/"},{"@type":"ListItem","position":2,"name":"\u00dcber Uns","item":"https:\/\/www.korfezdokum.com\/de\/ueber-uns\/"},{"@type":"ListItem","position":3,"name":"Nachhaltigkeit und Soziale Verantwortung"}]},{"@type":"WebSite","@id":"https:\/\/www.korfezdokum.com\/de\/#website","url":"https:\/\/www.korfezdokum.com\/de\/","name":"Die Korfez-Giesserei","description":"Ihr L\u00f6sungspartner.","publisher":{"@id":"https:\/\/www.korfezdokum.com\/de\/#organization"},"potentialAction":[{"@type":"SearchAction","target":{"@type":"EntryPoint","urlTemplate":"https:\/\/www.korfezdokum.com\/de\/?s={search_term_string}"},"query-input":"required name=search_term_string"}],"inLanguage":"de"},{"@type":"Organization","@id":"https:\/\/www.korfezdokum.com\/de\/#organization","name":"K\u00f6rfez D\u00f6k\u00fcm San. ve Tic. A.\u015e.","url":"https:\/\/www.korfezdokum.com\/de\/","logo":{"@type":"ImageObject","inLanguage":"de","@id":"https:\/\/www.korfezdokum.com\/de\/#\/schema\/logo\/image\/","url":"https:\/\/www.korfezdokum.com\/wp-content\/uploads\/2019\/12\/korfez_logo_web_header.png","contentUrl":"https:\/\/www.korfezdokum.com\/wp-content\/uploads\/2019\/12\/korfez_logo_web_header.png","width":94,"height":105,"caption":"K\u00f6rfez D\u00f6k\u00fcm San. ve Tic. A.\u015e."},"image":{"@id":"https:\/\/www.korfezdokum.com\/de\/#\/schema\/logo\/image\/"},"sameAs":["https:\/\/www.linkedin.com\/company\/korfezdokum"]}]}},"_links":{"self":[{"href":"https:\/\/www.korfezdokum.com\/de\/wp-json\/wp\/v2\/pages\/4307"}],"collection":[{"href":"https:\/\/www.korfezdokum.com\/de\/wp-json\/wp\/v2\/pages"}],"about":[{"href":"https:\/\/www.korfezdokum.com\/de\/wp-json\/wp\/v2\/types\/page"}],"author":[{"embeddable":true,"href":"https:\/\/www.korfezdokum.com\/de\/wp-json\/wp\/v2\/users\/1"}],"replies":[{"embeddable":true,"href":"https:\/\/www.korfezdokum.com\/de\/wp-json\/wp\/v2\/comments?post=4307"}],"version-history":[{"count":9,"href":"https:\/\/www.korfezdokum.com\/de\/wp-json\/wp\/v2\/pages\/4307\/revisions"}],"predecessor-version":[{"id":4514,"href":"https:\/\/www.korfezdokum.com\/de\/wp-json\/wp\/v2\/pages\/4307\/revisions\/4514"}],"up":[{"embeddable":true,"href":"https:\/\/www.korfezdokum.com\/de\/wp-json\/wp\/v2\/pages\/2303"}],"wp:attachment":[{"href":"https:\/\/www.korfezdokum.com\/de\/wp-json\/wp\/v2\/media?parent=4307"}],"curies":[{"name":"wp","href":"https:\/\/api.w.org\/{rel}","templated":true}]}}