{"id":3013,"date":"2020-08-13T12:35:49","date_gmt":"2020-08-13T09:35:49","guid":{"rendered":"https:\/\/korfezdokum.com\/korfez\/"},"modified":"2022-10-04T17:25:09","modified_gmt":"2022-10-04T14:25:09","slug":"korfez","status":"publish","type":"page","link":"https:\/\/www.korfezdokum.com\/fr\/korfez\/","title":{"rendered":"KORFEZ"},"content":{"rendered":"<div  id=\"video-background-1\" class=\"ui--video-background-wrapper fullwidth-content clearfix color--dark\" style=\"margin-top: -30px;  margin-bottom: 0px;\"><div class=\"ui--video-background-holder\"><div  class=\"ui--video-background-video hidden-phone \"><\/div><div class=\"ui--video-background-poster\"><\/div><div  class=\"ui--video-background\"><div class=\"ui--gradient\"><\/div><\/div><\/div><div  class=\"ui--section-content container clearfix\" style=\"padding-top: 180px;  padding-bottom: 30px;\"><div  class=\"ui--space clearfix\" data-responsive=\"{&quot;css&quot;:{&quot;height&quot;:{&quot;phone&quot;:null,&quot;tablet&quot;:null,&quot;widescreen&quot;:null}}}\"><\/div><div  class=\"ui--space clearfix\" data-responsive=\"{&quot;css&quot;:{&quot;height&quot;:{&quot;phone&quot;:null,&quot;tablet&quot;:null,&quot;widescreen&quot;:null}}}\"><\/div><h3 id=\"custom-title-h3-1\" class=\"ui--animation \" style=\"text-align: center; \"><strong>KORFEZ <br><br>A Une fonderie de pointe dans la cimenterie et les mines<\/strong><\/h3><div  class=\"ui--space clearfix\" data-responsive=\"{&quot;css&quot;:{&quot;height&quot;:{&quot;phone&quot;:null,&quot;tablet&quot;:null,&quot;widescreen&quot;:null}}}\"><\/div><div  class=\"ui--space clearfix\" data-responsive=\"{&quot;css&quot;:{&quot;height&quot;:{&quot;phone&quot;:null,&quot;tablet&quot;:null,&quot;widescreen&quot;:null}}}\"><\/div><div  class=\"ui--space clearfix\" data-responsive=\"{&quot;css&quot;:{&quot;height&quot;:{&quot;phone&quot;:null,&quot;tablet&quot;:null,&quot;widescreen&quot;:null}}}\"><\/div><div  class=\"ui--space clearfix\" data-responsive=\"{&quot;css&quot;:{&quot;height&quot;:{&quot;phone&quot;:null,&quot;tablet&quot;:null,&quot;widescreen&quot;:null}}}\"><\/div><div  class=\"ui--space clearfix\" data-responsive=\"{&quot;css&quot;:{&quot;height&quot;:{&quot;phone&quot;:null,&quot;tablet&quot;:null,&quot;widescreen&quot;:null}}}\"><\/div><\/div><\/div><div  id=\"section-nlv36\" class=\"fullwidth-content ui--section clearfix inner-shadow-1 section-nlv36\"><div  class=\"ui--section-content inner-shadow-1\"><div class=\"container\"><div class=\"ui--title ui--animation ui--title-bordered-bottom text-center\" style=\"margin-bottom: 24px;\"><div class=\"ui--title-holder\"><h4 class=\"ui--title-text\" style=\"color: #203063 !important;\">Le partenaire de vos Solutions<span style=\"border-color: #E50914 !important;  border-width: 2px;\" class=\"ui--title-borders ui--title-border-bottom\"><\/span><\/h4><\/div><\/div><div class=\"ui-row row\">\n <div   class=\"ui-column span6\"><div class=\"auto-format ui--animation\"><h6 style=\"color:#333333;\">La fonderie Korfez cr\u00e9e pour ses clients des cimenteries et des mines des solutions professionnelles efficientes. L&rsquo;acitivit\u00e9 clef de la fonderie Korfez est la pi\u00e8ce moul\u00e9e, avec une expertise sp\u00e9cifique dans les aciers moul\u00e9s r\u00e9fractaires et les aciers moul\u00e9s r\u00e9sistant \u00e0 l&rsquo;abrasion et aux impacts.<\/p>\n<p>Nos pi\u00e8ces sont r\u00e9alis\u00e9es et livr\u00e9es sur la base des plans et des sp\u00e9cifications de nos clients avec des op\u00e9rations additionnelles, telles que l&rsquo;usinage, le traitement de surface et l&rsquo;assemblage. Nous exportons 90% de notre production dans plus de 80 pays sur 6 continents.<br \/>\nNous avons en stock plus de 44.000 mod\u00e8les. Nous pouvons produire des pi\u00e8ces allant de 0,5 \u00e0 8 000 kg. Par mois, nous coulons 800 tonnes d&rsquo;acier.<\/p>\n<p>Les ateliers de la fonderie Korfez sont situ\u00e9s \u00e0 Dilovasi (pr\u00e8s d&rsquo;Istanbul) sur une surface totale de 40 000 m<sup>2<\/sup>, dont 18.000 m<sup>2<\/sup> couverts.<\/h6>\n<\/div><\/div> \n\n <div   class=\"ui-column span6\"><div class=\"text-center\"><div  class=\"ui--space clearfix\" data-responsive=\"{&quot;css&quot;:{&quot;height&quot;:{&quot;phone&quot;:&quot;0px&quot;,&quot;tablet&quot;:&quot;0px&quot;,&quot;widescreen&quot;:null}}}\"><\/div><div class=\"ui--image-wrap clearfix ui--animation text-center ui--block\"><div class=\"ui--image-inline-block\"><img width=\"1920\" height=\"1080\" src=\"https:\/\/www.korfezdokum.com\/wp-content\/uploads\/2020\/02\/about_company_title_1-1.png\" class=\"ui--image radius-6px\" alt=\"\" decoding=\"async\" loading=\"lazy\" title=\"Le partenaire de vos Solutions\" id=\"ui--image-1\" srcset=\"https:\/\/www.korfezdokum.com\/wp-content\/uploads\/2020\/02\/about_company_title_1-1.png 1920w, https:\/\/www.korfezdokum.com\/wp-content\/uploads\/2020\/02\/about_company_title_1-1-300x169.png 300w, https:\/\/www.korfezdokum.com\/wp-content\/uploads\/2020\/02\/about_company_title_1-1-1024x576.png 1024w, https:\/\/www.korfezdokum.com\/wp-content\/uploads\/2020\/02\/about_company_title_1-1-768x432.png 768w, https:\/\/www.korfezdokum.com\/wp-content\/uploads\/2020\/02\/about_company_title_1-1-1536x864.png 1536w, https:\/\/www.korfezdokum.com\/wp-content\/uploads\/2020\/02\/about_company_title_1-1-500x281.png 500w\" sizes=\"(max-width: 1920px) 100vw, 1920px\" \/><div class=\"ui--shadow ui--shadow-type-1 ui--shadow-abs clearfix\"><img src=\"https:\/\/www.korfezdokum.com\/wp-content\/themes\/envision\/includes\/modules\/module.shadow\/shadows\/shadow-1.png\" alt=\"shadow\" \/><\/div><\/div><\/div><\/div><\/div> \n\n<\/div> \n<\/div><\/div><\/div><!-- \/.fullwidth-container --><div  id=\"section-og4ty\" class=\"fullwidth-content ui--section clearfix outer-shadow-2 section-og4ty\"><div  class=\"ui--section-content outer-shadow-2\"><div class=\"container\"><div class=\"ui--title ui--animation ui--title-bordered-bottom text-center\" style=\"margin-bottom: 24px;\"><div class=\"ui--title-holder\"><h4 class=\"ui--title-text\" style=\"color: #203063 !important;\">Nous sommes partout avec vous<span style=\"border-color: #E50914 !important;  border-width: 2px;\" class=\"ui--title-borders ui--title-border-bottom\"><\/span><\/h4><\/div><\/div><div class=\"ui-row row\">\n <div   class=\"ui-column span6\"><div class=\"ui--image-wrap clearfix text-center ui--block\"><img width=\"1920\" height=\"1080\" src=\"https:\/\/www.korfezdokum.com\/wp-content\/uploads\/2020\/02\/about_company_title2.png\" class=\"ui--image ui--animation radius-6px\" alt=\"K\u00f6rfez Foundry\" decoding=\"async\" loading=\"lazy\" title=\"Nous sommes partout avec vous\" id=\"ui--image-2\" srcset=\"https:\/\/www.korfezdokum.com\/wp-content\/uploads\/2020\/02\/about_company_title2.png 1920w, https:\/\/www.korfezdokum.com\/wp-content\/uploads\/2020\/02\/about_company_title2-300x169.png 300w, https:\/\/www.korfezdokum.com\/wp-content\/uploads\/2020\/02\/about_company_title2-1024x576.png 1024w, https:\/\/www.korfezdokum.com\/wp-content\/uploads\/2020\/02\/about_company_title2-768x432.png 768w, https:\/\/www.korfezdokum.com\/wp-content\/uploads\/2020\/02\/about_company_title2-1536x864.png 1536w\" sizes=\"(max-width: 1920px) 100vw, 1920px\" \/><\/div><\/div> \n\n <div   class=\"ui-column span6\"><div class=\"auto-format ui--animation\"><h6 style=\"color:#333333;\">Nous sommes pr\u00e9sents sur 6 continents, livrons dans 80 pays et exportons 90% de notre production. Notre expertie se focalise sur les alliages suivants:<\/h6>\n<\/div><ul class=\"ui--list list-font-icon parent-1\"><li class=\"child-1 total-7 ui--animation\"><i class=\"list-icon 14px fontawesome-check-sign\" style=\"color: #E50914 !important;\"><\/i>Aciers au carbone,<\/li><li class=\"child-2 total-7 ui--animation\"><i class=\"list-icon 14px fontawesome-check-sign\" style=\"color: #E50914 !important;\"><\/i>Aciers faiblement \u00e0 fortement alli\u00e9s,<\/li><li class=\"child-3 total-7 ui--animation\"><i class=\"list-icon 14px fontawesome-check-sign\" style=\"color: #E50914 !important;\"><\/i>Aciers r\u00e9fractaires (alliages chrome\/nickel),<\/li><li class=\"child-4 total-7 ui--animation\"><i class=\"list-icon 14px fontawesome-check-sign\" style=\"color: #E50914 !important;\"><\/i>Aciers d'usure (Fonte au chrome, fonte Ni-Hard, aciers martensitiques),<\/li><li class=\"child-5 total-7 ui--animation\"><i class=\"list-icon 14px fontawesome-check-sign\" style=\"color: #E50914 !important;\"><\/i>Aciers au mangan\u00e8se r\u00e9sistant aux chocs,<\/li><li class=\"child-6 total-7 ui--animation\"><i class=\"list-icon 14px fontawesome-check-sign\" style=\"color: #E50914 !important;\"><\/i>Fontes hautement alli\u00e9es,<\/li><li class=\"child-7 total-7 ui--animation\"><i class=\"list-icon 14px fontawesome-check-sign\" style=\"color: #E50914 !important;\"><\/i>Pi\u00e8ces Moul\u00e9es Bim\u00e9talliques.<\/li>  <\/ul><\/div> \n\n<\/div> \n<\/div><\/div><\/div><!-- \/.fullwidth-container --><div  id=\"section-nlv36\" class=\"fullwidth-content ui--section clearfix inner-shadow-1 section-nlv36\"><div  class=\"ui--section-content inner-shadow-1\" style=\"padding-bottom: 24px;\"><div class=\"container\"><div class=\"ui--title ui--animation ui--title-bordered-bottom text-center\" style=\"margin-bottom: 24px;\"><div class=\"ui--title-holder\"><h4 class=\"ui--title-text\" style=\"color: #203063 !important;\">Les Meilleures Solutions Sur Mesure<span style=\"border-color: #E50914 !important;  border-width: 2px;\" class=\"ui--title-borders ui--title-border-bottom\"><\/span><\/h4><\/div><\/div><div class=\"ui-row row\">\n <div   class=\"ui-column span6\"><div class=\"auto-format ui--animation\"><h6 style=\"color:#333333;\">Nos solutions pour l&rsquo;industrie :<\/h6>\n<\/div><div class=\"ui-row row\">\n <div   class=\"ui-column span6\"><ul class=\"ui--list list-font-icon parent-2\"><li class=\"child-1 total-7 ui--animation\"><i class=\"list-icon 14px fontawesome-check-sign\" style=\"color: #E50914 !important;\"><\/i>Concasseur \u00e0 Marteaux<\/li><li class=\"child-2 total-7 ui--animation\"><i class=\"list-icon 14px fontawesome-check-sign\" style=\"color: #E50914 !important;\"><\/i>Concasseur \u00e0 Rouleaux<\/li><li class=\"child-3 total-7 ui--animation\"><i class=\"list-icon 14px fontawesome-check-sign\" style=\"color: #E50914 !important;\"><\/i>Concasseur \u00e0 Percussion<\/li><li class=\"child-4 total-7 ui--animation\"><i class=\"list-icon 14px fontawesome-check-sign\" style=\"color: #E50914 !important;\"><\/i>Concasseur \u00e0 M\u00e2choires<\/li><li class=\"child-5 total-7 ui--animation\"><i class=\"list-icon 14px fontawesome-check-sign\" style=\"color: #E50914 !important;\"><\/i>Concasseur Giratoire<\/li><li class=\"child-6 total-7 ui--animation\"><i class=\"list-icon 14px fontawesome-check-sign\" style=\"color: #E50914 !important;\"><\/i>Broyeur \u00e0 Boulets<\/li><li class=\"child-7 total-7 ui--animation\"><i class=\"list-icon 14px fontawesome-check-sign\" style=\"color: #E50914 !important;\"><\/i>Broyeur Vertical<\/li>  <\/ul><\/div> \n\n <div   class=\"ui-column span6\"><ul class=\"ui--list list-font-icon parent-3\"><li class=\"child-1 total-7 ui--animation\"><i class=\"list-icon 14px fontawesome-check-sign\" style=\"color: #E50914 !important;\"><\/i>Broyeur \u00e0 Marteaux<\/li><li class=\"child-2 total-7 ui--animation\"><i class=\"list-icon 14px fontawesome-check-sign\" style=\"color: #E50914 !important;\"><\/i>Broyeur Pendulaire<\/li><li class=\"child-3 total-7 ui--animation\"><i class=\"list-icon 14px fontawesome-check-sign\" style=\"color: #E50914 !important;\"><\/i>Four Rotatif<\/li><li class=\"child-4 total-7 ui--animation\"><i class=\"list-icon 14px fontawesome-check-sign\" style=\"color: #E50914 !important;\"><\/i>Refroidisseur<\/li><li class=\"child-5 total-7 ui--animation\"><i class=\"list-icon 14px fontawesome-check-sign\" style=\"color: #E50914 !important;\"><\/i>Pr\u00e9chauffeur<\/li><li class=\"child-6 total-7 ui--animation\"><i class=\"list-icon 14px fontawesome-check-sign\" style=\"color: #E50914 !important;\"><\/i>Incin\u00e9rateur<\/li><li class=\"child-7 total-7 ui--animation\"><i class=\"list-icon 14px fontawesome-check-sign\" style=\"color: #E50914 !important;\"><\/i>Chaudi\u00e8re<\/li>  <\/ul><\/div> \n\n<\/div><\/div> \n\n <div   class=\"ui-column span6\"><div class=\"ui--image-wrap clearfix\"><img width=\"1920\" height=\"1080\" src=\"https:\/\/www.korfezdokum.com\/wp-content\/uploads\/2020\/03\/company_title_3.png\" class=\"ui--image ui--animation\" alt=\"Best custom-based solutions\" decoding=\"async\" loading=\"lazy\" title=\"Les Meilleures Solutions Sur Mesure\" id=\"ui--image-3\" srcset=\"https:\/\/www.korfezdokum.com\/wp-content\/uploads\/2020\/03\/company_title_3.png 1920w, https:\/\/www.korfezdokum.com\/wp-content\/uploads\/2020\/03\/company_title_3-300x169.png 300w, https:\/\/www.korfezdokum.com\/wp-content\/uploads\/2020\/03\/company_title_3-1024x576.png 1024w, https:\/\/www.korfezdokum.com\/wp-content\/uploads\/2020\/03\/company_title_3-768x432.png 768w, https:\/\/www.korfezdokum.com\/wp-content\/uploads\/2020\/03\/company_title_3-1536x864.png 1536w\" sizes=\"(max-width: 1920px) 100vw, 1920px\" \/><\/div><\/div> \n\n<\/div> \n<\/div><\/div><\/div><!-- \/.fullwidth-container --><div  id=\"section-og4ty\" class=\"fullwidth-content ui--section clearfix outer-shadow-2 section-og4ty\"><div  class=\"ui--section-content outer-shadow-2\"><div class=\"container\"><div class=\"ui--title ui--animation ui--title-bordered-bottom text-center\"><div class=\"ui--title-holder\"><h3 class=\"ui--title-text\" style=\"color: #203063 !important;\">Le partenaire de vos Projets<span style=\"border-color: #E50914 !important;  border-width: 2px;\" class=\"ui--title-borders ui--title-border-bottom\"><\/span><\/h3><\/div><\/div><div  class=\"ui--space clearfix\" data-responsive=\"{&quot;css&quot;:{&quot;height&quot;:{&quot;phone&quot;:null,&quot;tablet&quot;:null,&quot;widescreen&quot;:null}}}\"><\/div><div class=\"ui-row row\">\n <div   class=\"ui-column span2\"><div class=\"auto-format ui--animation\"><\/div><\/div> \n\n <div   class=\"ui-column span8\"><div class=\"ui--video-wrapper clearfix\"><div class=\"ui--video ui--video-16-9\" style=\"padding-bottom: 56.25%;\"><iframe title=\"Korfez Foundry Corporate Video \/ K\u00f6rfez D\u00f6k\u00fcm Kurumsal Video\" width=\"960\" height=\"540\" src=\"https:\/\/www.youtube.com\/embed\/E0Gsx2Dm9PY?wmode=transparent&amp;vq=hd1080&amp;rel=0&amp;showinfo=0&amp;iframe=1&amp;fs=1&amp;modestbranding=0&amp;autoplay=0&amp;theme=dark&feature=oembed\" frameborder=\"0\" allow=\"accelerometer; autoplay; clipboard-write; encrypted-media; gyroscope; picture-in-picture; web-share\" referrerpolicy=\"strict-origin-when-cross-origin\" allowfullscreen><\/iframe><\/div><div class=\"ui--shadow ui--shadow-type-1  clearfix\"><img src=\"https:\/\/www.korfezdokum.com\/wp-content\/themes\/envision\/includes\/modules\/module.shadow\/shadows\/shadow-1.png\" alt=\"shadow\" \/><\/div><\/div><\/div> \n\n <div   class=\"ui-column span2\"><div class=\"auto-format ui--animation\"><\/div><\/div> \n\n<\/div> \n<div  class=\"ui--space clearfix\" data-responsive=\"{&quot;css&quot;:{&quot;height&quot;:{&quot;phone&quot;:null,&quot;tablet&quot;:null,&quot;widescreen&quot;:null}}}\"><\/div><\/div><\/div><\/div><!-- \/.fullwidth-container --><div class=\"ui--custom-menu-bar ui--gradient ui--gradient-grey hover-effect fullwidth-container ui--height-thin text-center clearfix\" style=\"margin-bottom: -12px;\"><ul class=\"unstyled clearfix\"><li class=\"first-item ui--icon-position-left\" title=\"\"><a href=\"https:\/\/www.korfezdokum.com\/korfez-centrifuge\/\"><i class=\"ui--icon fontawesome-chevron-sign-right icon-inline-block\" style=\"font-size: 18px;  width: 22px;  height: 22px;  color: #E50914 !important;\"><\/i> <strong><font color=\"#203063\">KORFEZ Centrifuge<\/font><\/strong> <\/a><\/li><li class=\"ui--icon-position-left\" title=\"\"><a href=\"https:\/\/www.korfezdokum.com\/korfez-engineering\/\"><i class=\"ui--icon fontawesome-chevron-sign-right icon-inline-block\" style=\"font-size: 18px;  width: 22px;  height: 22px;  color: #E50914 !important;\"><\/i> <strong><font color=\"#203063\">KORFEZ Engineering<\/font><\/strong> <\/a><\/li><li class=\"ui--icon-position-left\" title=\"\"><a href=\"https:\/\/www.korfezdokum.com\/history\/\"><i class=\"ui--icon fontawesome-chevron-sign-right icon-inline-block\" style=\"font-size: 18px;  width: 22px;  height: 22px;  color: #E50914 !important;\"><\/i> <strong><font color=\"#203063\">History<\/font><\/strong> <\/a><\/li><li class=\"ui--icon-position-left\" title=\"\"><a href=\"https:\/\/www.korfezdokum.com\/facility\/\"><i class=\"ui--icon fontawesome-chevron-sign-right icon-inline-block\" style=\"font-size: 18px;  width: 22px;  height: 22px;  color: #E50914 !important;\"><\/i> <strong><font color=\"#203063\">Facility<\/font><\/strong> <\/a><\/li><li class=\"last-item ui--icon-position-left\" title=\"\"><a href=\"https:\/\/www.korfezdokum.com\/quality-policy\/\"><i class=\"ui--icon fontawesome-chevron-sign-right icon-inline-block\" style=\"font-size: 18px;  width: 22px;  height: 22px;  color: #E50914 !important;\"><\/i> <strong><font color=\"#203063\">Quality Policy<\/font><\/strong> <\/a><\/li><\/ul><\/div>","protected":false},"excerpt":{"rendered":"<p>KORFEZ A Une fonderie de pointe dans la cimenterie et les minesLe partenaire de vos Solutions La fonderie Korfez cr\u00e9e pour ses clients des cimenteries et des mines des solutions professionnelles efficientes. L&rsquo;acitivit\u00e9 clef de la fonderie Korfez est la pi\u00e8ce moul\u00e9e, avec une expertise sp\u00e9cifique dans les aciers moul\u00e9s r\u00e9fractaires et les aciers moul\u00e9s [&hellip;]<\/p>\n","protected":false},"author":1,"featured_media":0,"parent":0,"menu_order":0,"comment_status":"closed","ping_status":"closed","template":"","meta":[],"yoast_head":"<!-- This site is optimized with the Yoast SEO plugin v21.4 - https:\/\/yoast.com\/wordpress\/plugins\/seo\/ -->\n<title>KORFEZ &#187; Korfez Foundry<\/title>\n<meta name=\"robots\" content=\"index, follow, max-snippet:-1, max-image-preview:large, max-video-preview:-1\" \/>\n<link rel=\"canonical\" href=\"https:\/\/www.korfezdokum.com\/fr\/korfez\/\" \/>\n<meta property=\"og:locale\" content=\"fr_FR\" \/>\n<meta property=\"og:type\" content=\"article\" \/>\n<meta property=\"og:title\" content=\"KORFEZ &#187; Korfez Foundry\" \/>\n<meta property=\"og:description\" content=\"KORFEZ A Une fonderie de pointe dans la cimenterie et les minesLe partenaire de vos Solutions La fonderie Korfez cr\u00e9e pour ses clients des cimenteries et des mines des solutions professionnelles efficientes. L&rsquo;acitivit\u00e9 clef de la fonderie Korfez est la pi\u00e8ce moul\u00e9e, avec une expertise sp\u00e9cifique dans les aciers moul\u00e9s r\u00e9fractaires et les aciers moul\u00e9s [&hellip;]\" \/>\n<meta property=\"og:url\" content=\"https:\/\/www.korfezdokum.com\/fr\/korfez\/\" \/>\n<meta property=\"og:site_name\" content=\"Korfez Foundry\" \/>\n<meta property=\"article:modified_time\" content=\"2022-10-04T14:25:09+00:00\" \/>\n<meta name=\"twitter:card\" content=\"summary_large_image\" \/>\n<script type=\"application\/ld+json\" class=\"yoast-schema-graph\">{\"@context\":\"https:\/\/schema.org\",\"@graph\":[{\"@type\":\"WebPage\",\"@id\":\"https:\/\/www.korfezdokum.com\/fr\/korfez\/\",\"url\":\"https:\/\/www.korfezdokum.com\/fr\/korfez\/\",\"name\":\"KORFEZ &#187; Korfez Foundry\",\"isPartOf\":{\"@id\":\"https:\/\/www.korfezdokum.com\/fr\/#website\"},\"datePublished\":\"2020-08-13T09:35:49+00:00\",\"dateModified\":\"2022-10-04T14:25:09+00:00\",\"breadcrumb\":{\"@id\":\"https:\/\/www.korfezdokum.com\/fr\/korfez\/#breadcrumb\"},\"inLanguage\":\"fr-FR\",\"potentialAction\":[{\"@type\":\"ReadAction\",\"target\":[\"https:\/\/www.korfezdokum.com\/fr\/korfez\/\"]}]},{\"@type\":\"BreadcrumbList\",\"@id\":\"https:\/\/www.korfezdokum.com\/fr\/korfez\/#breadcrumb\",\"itemListElement\":[{\"@type\":\"ListItem\",\"position\":1,\"name\":\"Home\",\"item\":\"https:\/\/www.korfezdokum.com\/fr\/\"},{\"@type\":\"ListItem\",\"position\":2,\"name\":\"KORFEZ\"}]},{\"@type\":\"WebSite\",\"@id\":\"https:\/\/www.korfezdokum.com\/fr\/#website\",\"url\":\"https:\/\/www.korfezdokum.com\/fr\/\",\"name\":\"Korfez Foundry\",\"description\":\"Your solution partner.\",\"publisher\":{\"@id\":\"https:\/\/www.korfezdokum.com\/fr\/#organization\"},\"potentialAction\":[{\"@type\":\"SearchAction\",\"target\":{\"@type\":\"EntryPoint\",\"urlTemplate\":\"https:\/\/www.korfezdokum.com\/fr\/?s={search_term_string}\"},\"query-input\":\"required name=search_term_string\"}],\"inLanguage\":\"fr-FR\"},{\"@type\":\"Organization\",\"@id\":\"https:\/\/www.korfezdokum.com\/fr\/#organization\",\"name\":\"K\u00f6rfez D\u00f6k\u00fcm San. ve Tic. A.\u015e.\",\"url\":\"https:\/\/www.korfezdokum.com\/fr\/\",\"logo\":{\"@type\":\"ImageObject\",\"inLanguage\":\"fr-FR\",\"@id\":\"https:\/\/www.korfezdokum.com\/fr\/#\/schema\/logo\/image\/\",\"url\":\"https:\/\/www.korfezdokum.com\/wp-content\/uploads\/2019\/12\/korfez_logo_web_header.png\",\"contentUrl\":\"https:\/\/www.korfezdokum.com\/wp-content\/uploads\/2019\/12\/korfez_logo_web_header.png\",\"width\":94,\"height\":105,\"caption\":\"K\u00f6rfez D\u00f6k\u00fcm San. ve Tic. A.\u015e.\"},\"image\":{\"@id\":\"https:\/\/www.korfezdokum.com\/fr\/#\/schema\/logo\/image\/\"},\"sameAs\":[\"https:\/\/www.linkedin.com\/company\/korfezdokum\"]}]}<\/script>\n<!-- \/ Yoast SEO plugin. -->","yoast_head_json":{"title":"KORFEZ &#187; Korfez Foundry","robots":{"index":"index","follow":"follow","max-snippet":"max-snippet:-1","max-image-preview":"max-image-preview:large","max-video-preview":"max-video-preview:-1"},"canonical":"https:\/\/www.korfezdokum.com\/fr\/korfez\/","og_locale":"fr_FR","og_type":"article","og_title":"KORFEZ &#187; Korfez Foundry","og_description":"KORFEZ A Une fonderie de pointe dans la cimenterie et les minesLe partenaire de vos Solutions La fonderie Korfez cr\u00e9e pour ses clients des cimenteries et des mines des solutions professionnelles efficientes. L&rsquo;acitivit\u00e9 clef de la fonderie Korfez est la pi\u00e8ce moul\u00e9e, avec une expertise sp\u00e9cifique dans les aciers moul\u00e9s r\u00e9fractaires et les aciers moul\u00e9s [&hellip;]","og_url":"https:\/\/www.korfezdokum.com\/fr\/korfez\/","og_site_name":"Korfez Foundry","article_modified_time":"2022-10-04T14:25:09+00:00","twitter_card":"summary_large_image","schema":{"@context":"https:\/\/schema.org","@graph":[{"@type":"WebPage","@id":"https:\/\/www.korfezdokum.com\/fr\/korfez\/","url":"https:\/\/www.korfezdokum.com\/fr\/korfez\/","name":"KORFEZ &#187; Korfez Foundry","isPartOf":{"@id":"https:\/\/www.korfezdokum.com\/fr\/#website"},"datePublished":"2020-08-13T09:35:49+00:00","dateModified":"2022-10-04T14:25:09+00:00","breadcrumb":{"@id":"https:\/\/www.korfezdokum.com\/fr\/korfez\/#breadcrumb"},"inLanguage":"fr-FR","potentialAction":[{"@type":"ReadAction","target":["https:\/\/www.korfezdokum.com\/fr\/korfez\/"]}]},{"@type":"BreadcrumbList","@id":"https:\/\/www.korfezdokum.com\/fr\/korfez\/#breadcrumb","itemListElement":[{"@type":"ListItem","position":1,"name":"Home","item":"https:\/\/www.korfezdokum.com\/fr\/"},{"@type":"ListItem","position":2,"name":"KORFEZ"}]},{"@type":"WebSite","@id":"https:\/\/www.korfezdokum.com\/fr\/#website","url":"https:\/\/www.korfezdokum.com\/fr\/","name":"Korfez Foundry","description":"Your solution partner.","publisher":{"@id":"https:\/\/www.korfezdokum.com\/fr\/#organization"},"potentialAction":[{"@type":"SearchAction","target":{"@type":"EntryPoint","urlTemplate":"https:\/\/www.korfezdokum.com\/fr\/?s={search_term_string}"},"query-input":"required name=search_term_string"}],"inLanguage":"fr-FR"},{"@type":"Organization","@id":"https:\/\/www.korfezdokum.com\/fr\/#organization","name":"K\u00f6rfez D\u00f6k\u00fcm San. ve Tic. A.\u015e.","url":"https:\/\/www.korfezdokum.com\/fr\/","logo":{"@type":"ImageObject","inLanguage":"fr-FR","@id":"https:\/\/www.korfezdokum.com\/fr\/#\/schema\/logo\/image\/","url":"https:\/\/www.korfezdokum.com\/wp-content\/uploads\/2019\/12\/korfez_logo_web_header.png","contentUrl":"https:\/\/www.korfezdokum.com\/wp-content\/uploads\/2019\/12\/korfez_logo_web_header.png","width":94,"height":105,"caption":"K\u00f6rfez D\u00f6k\u00fcm San. ve Tic. A.\u015e."},"image":{"@id":"https:\/\/www.korfezdokum.com\/fr\/#\/schema\/logo\/image\/"},"sameAs":["https:\/\/www.linkedin.com\/company\/korfezdokum"]}]}},"_links":{"self":[{"href":"https:\/\/www.korfezdokum.com\/fr\/wp-json\/wp\/v2\/pages\/3013"}],"collection":[{"href":"https:\/\/www.korfezdokum.com\/fr\/wp-json\/wp\/v2\/pages"}],"about":[{"href":"https:\/\/www.korfezdokum.com\/fr\/wp-json\/wp\/v2\/types\/page"}],"author":[{"embeddable":true,"href":"https:\/\/www.korfezdokum.com\/fr\/wp-json\/wp\/v2\/users\/1"}],"replies":[{"embeddable":true,"href":"https:\/\/www.korfezdokum.com\/fr\/wp-json\/wp\/v2\/comments?post=3013"}],"version-history":[{"count":2,"href":"https:\/\/www.korfezdokum.com\/fr\/wp-json\/wp\/v2\/pages\/3013\/revisions"}],"predecessor-version":[{"id":4272,"href":"https:\/\/www.korfezdokum.com\/fr\/wp-json\/wp\/v2\/pages\/3013\/revisions\/4272"}],"wp:attachment":[{"href":"https:\/\/www.korfezdokum.com\/fr\/wp-json\/wp\/v2\/media?parent=3013"}],"curies":[{"name":"wp","href":"https:\/\/api.w.org\/{rel}","templated":true}]}}