{"id":3124,"date":"2020-08-19T18:55:38","date_gmt":"2020-08-19T15:55:38","guid":{"rendered":"https:\/\/korfezdokum.com\/histoire\/"},"modified":"2020-08-19T19:40:57","modified_gmt":"2020-08-19T16:40:57","slug":"histoire","status":"publish","type":"page","link":"https:\/\/www.korfezdokum.com\/fr\/histoire\/","title":{"rendered":"Histoire"},"content":{"rendered":"<div  id=\"video-background-1\" class=\"ui--video-background-wrapper fullwidth-content clearfix color--dark\" style=\"margin-top: -30px;  margin-bottom: 0px;\"><div class=\"ui--video-background-holder\"><div  class=\"ui--video-background-video hidden-phone \"><\/div><div class=\"ui--video-background-poster\"><\/div><div  class=\"ui--video-background\"><div class=\"ui--gradient\"><\/div><\/div><\/div><div  class=\"ui--section-content container clearfix\" style=\"padding-top: 180px;  padding-bottom: 30px;\"><div  class=\"ui--space clearfix\" data-responsive=\"{&quot;css&quot;:{&quot;height&quot;:{&quot;phone&quot;:null,&quot;tablet&quot;:null,&quot;widescreen&quot;:null}}}\"><\/div><div  class=\"ui--space clearfix\" data-responsive=\"{&quot;css&quot;:{&quot;height&quot;:{&quot;phone&quot;:null,&quot;tablet&quot;:null,&quot;widescreen&quot;:null}}}\"><\/div><h3 id=\"custom-title-h3-1\" class=\"ui--animation \" style=\"text-align: center; margin-bottom: 0px; \"><strong>Plus de 30 ans d'exp\u00e9rience en fonderie<\/strong><\/h3><div  class=\"ui--space clearfix\" data-responsive=\"{&quot;css&quot;:{&quot;height&quot;:{&quot;phone&quot;:null,&quot;tablet&quot;:null,&quot;widescreen&quot;:null}}}\"><\/div><div  class=\"ui--space clearfix\" data-responsive=\"{&quot;css&quot;:{&quot;height&quot;:{&quot;phone&quot;:null,&quot;tablet&quot;:null,&quot;widescreen&quot;:null}}}\"><\/div><div  class=\"ui--space clearfix\" data-responsive=\"{&quot;css&quot;:{&quot;height&quot;:{&quot;phone&quot;:null,&quot;tablet&quot;:null,&quot;widescreen&quot;:null}}}\"><\/div><div  class=\"ui--space clearfix\" data-responsive=\"{&quot;css&quot;:{&quot;height&quot;:{&quot;phone&quot;:null,&quot;tablet&quot;:null,&quot;widescreen&quot;:null}}}\"><\/div><div  class=\"ui--space clearfix\" data-responsive=\"{&quot;css&quot;:{&quot;height&quot;:{&quot;phone&quot;:null,&quot;tablet&quot;:null,&quot;widescreen&quot;:null}}}\"><\/div><\/div><\/div><div  id=\"section-og4ty\" class=\"fullwidth-content ui--section clearfix outer-shadow-2 section-og4ty\"><div  class=\"ui--section-content outer-shadow-2\"><div class=\"container\"><div class=\"ui--title ui--animation ui--title-bordered-bottom text-center\" style=\"margin-bottom: 24px;\"><div class=\"ui--title-holder\"><h4 class=\"ui--title-text\" style=\"color: #203063 !important;\">Une entreprise familiale, qui s'est d\u00e9velopp\u00e9e avec l'exp\u00e9rience sur plusieurs ann\u00e9es<span style=\"border-color: #E50914 !important;  border-width: 2px;\" class=\"ui--title-borders ui--title-border-bottom\"><\/span><\/h4><\/div><\/div><div class=\"ui-row row\">\n <div   class=\"ui-column span6\"><div class=\"auto-format ui--animation\"><h6 style=\"color:#333333;\">La fonderie Korfez a \u00e9t\u00e9 cr\u00e9\u00e9e en 1988 en Turquie. Notre objectif consiste \u00e0 suivre les innovations dans notre domaine et \u00e0 les int\u00e9grer dans nos proc\u00e9d\u00e9s, favoriser l&rsquo;am\u00e9lioration continue de nos savoirs et comp\u00e9tences, pour assurer notre pr\u00e9sence dans le secteur.<br \/>\nComme premi\u00e8re mesure d\u00e9coulant de cette vision, o\u00f9 l&rsquo;am\u00e9lioration continue joue un r\u00f4le pr\u00e9pond\u00e9rant, nous avons d\u00e9m\u00e9nag\u00e9 la fonderie dans de nouveaux locaux en 1996 \u00e0 Dilovasi.<\/p>\n<p>Dans notre usine de Dilovasi, nous appliquons nos proc\u00e9d\u00e9s de fabrication, tout en continuant \u00e0 am\u00e9liorer nos savoirs et comp\u00e9tences.  Actuellement, depuis notre usine de Dilovasi, nous fournissons des solutions fonctionnelles pour diff\u00e9rents secteurs d&rsquo;activit\u00e9, dans nos locaux de 36 000 m<sup>2<\/sup> dont 16 000 m<sup>2<\/sup> couverts. <\/h6>\n<\/div><\/div> \n\n <div   class=\"ui-column span6\"><div  class=\"ui--space clearfix\" data-responsive=\"{&quot;css&quot;:{&quot;height&quot;:{&quot;phone&quot;:null,&quot;tablet&quot;:null,&quot;widescreen&quot;:null}}}\"><\/div><div class=\"ui--image-wrap clearfix ui--animation text-center ui--block\"><div class=\"ui--image-inline-block\"><img width=\"5673\" height=\"3191\" src=\"https:\/\/www.korfezdokum.com\/wp-content\/uploads\/2020\/03\/history_texttitle1.png\" class=\"ui--image radius-6px\" alt=\"Korfez Foundry\" decoding=\"async\" loading=\"lazy\" title=\"Une entreprise familiale, qui s&#039;est d\u00e9velopp\u00e9e avec l&#039;exp\u00e9rience sur plusieurs ann\u00e9es\" id=\"ui--image-1\" srcset=\"https:\/\/www.korfezdokum.com\/wp-content\/uploads\/2020\/03\/history_texttitle1.png 5673w, https:\/\/www.korfezdokum.com\/wp-content\/uploads\/2020\/03\/history_texttitle1-300x169.png 300w, https:\/\/www.korfezdokum.com\/wp-content\/uploads\/2020\/03\/history_texttitle1-1024x576.png 1024w, https:\/\/www.korfezdokum.com\/wp-content\/uploads\/2020\/03\/history_texttitle1-768x432.png 768w, https:\/\/www.korfezdokum.com\/wp-content\/uploads\/2020\/03\/history_texttitle1-1536x864.png 1536w, https:\/\/www.korfezdokum.com\/wp-content\/uploads\/2020\/03\/history_texttitle1-2048x1152.png 2048w\" sizes=\"(max-width: 5673px) 100vw, 5673px\" \/><div class=\"ui--shadow ui--shadow-type-1 ui--shadow-abs clearfix\"><img src=\"https:\/\/www.korfezdokum.com\/wp-content\/themes\/envision\/includes\/modules\/module.shadow\/shadows\/shadow-1.png\" alt=\"shadow\" \/><\/div><\/div><\/div><\/div> \n\n<\/div> \n<div  class=\"ui--space clearfix\" data-responsive=\"{&quot;css&quot;:{&quot;height&quot;:{&quot;phone&quot;:null,&quot;tablet&quot;:null,&quot;widescreen&quot;:null}}}\"><\/div><div id=\"ui--gallery-1\" class=\"ui--gallery ui--pass\" data-columns=\"3\"><div class=\"unstyled-all clearfix ui--gallery-wrapper columns-3 \"><div class=\"ui--carousel clearfix\" data-options=\"{&quot;effect&quot;:&quot;fade&quot;,&quot;auto_rotate&quot;:&quot;1&quot;,&quot;animation_loop&quot;:true,&quot;arrows&quot;:true,&quot;rotate_time&quot;:0,&quot;animate&quot;:true}\"><div class=\"slides\"><div class=\"ui-row row\">\n <div   class=\"ui-column span4\"><div class=\"ui--gallery-item ui--animation\"><div class=\"inner\"><a href=\"https:\/\/www.korfezdokum.com\/wp-content\/uploads\/2020\/04\/B-0002-scaled.jpg\" target=\"_blank\" data-rel=\"prettyPhoto[ui--gallery-1]\"><img width=\"500\" height=\"500\" src=\"https:\/\/www.korfezdokum.com\/wp-content\/uploads\/2020\/04\/B-0002-scaled-500x500.jpg\" class=\"attachment-custom_500x500x1 size-custom_500x500x1\" alt=\"\" decoding=\"async\" loading=\"lazy\" srcset=\"https:\/\/www.korfezdokum.com\/wp-content\/uploads\/2020\/04\/B-0002-scaled-500x500.jpg 500w, https:\/\/www.korfezdokum.com\/wp-content\/uploads\/2020\/04\/B-0002-150x150.jpg 150w\" sizes=\"(max-width: 500px) 100vw, 500px\" \/><div class=\"ui--gallery-overlay\"><div class=\"center\"><span class=\"btn btn-normal btn-icon-left btn-ligro22d4h btn-custom-color ui--animation\" href=\"#\" style=\"\"><i class=\"ui--icon fontawesome-resize-full icon-inline-block\" style=\"font-size: 16px;  width: 20px;  height: 20px;\"><\/i><\/span> <\/div><\/div><\/a><\/div><\/div><\/div> \n\n <div   class=\"ui-column span4\"><div class=\"ui--gallery-item ui--animation\"><div class=\"inner\"><a href=\"https:\/\/www.korfezdokum.com\/wp-content\/uploads\/2020\/04\/100_1946-scaled.jpg\" target=\"_blank\" data-rel=\"prettyPhoto[ui--gallery-1]\"><img width=\"500\" height=\"500\" src=\"https:\/\/www.korfezdokum.com\/wp-content\/uploads\/2020\/04\/100_1946-scaled-500x500.jpg\" class=\"attachment-custom_500x500x1 size-custom_500x500x1\" alt=\"\" decoding=\"async\" loading=\"lazy\" srcset=\"https:\/\/www.korfezdokum.com\/wp-content\/uploads\/2020\/04\/100_1946-scaled-500x500.jpg 500w, https:\/\/www.korfezdokum.com\/wp-content\/uploads\/2020\/04\/100_1946-150x150.jpg 150w\" sizes=\"(max-width: 500px) 100vw, 500px\" \/><div class=\"ui--gallery-overlay\"><div class=\"center\"><span class=\"btn btn-normal btn-icon-left btn-ligro22d4h btn-custom-color ui--animation\" href=\"#\" style=\"\"><i class=\"ui--icon fontawesome-resize-full icon-inline-block\" style=\"font-size: 16px;  width: 20px;  height: 20px;\"><\/i><\/span> <\/div><\/div><\/a><\/div><\/div><\/div> \n\n <div   class=\"ui-column span4\"><div class=\"ui--gallery-item ui--animation\"><div class=\"inner\"><a href=\"https:\/\/www.korfezdokum.com\/wp-content\/uploads\/2020\/04\/100_1949-scaled.jpg\" target=\"_blank\" data-rel=\"prettyPhoto[ui--gallery-1]\"><img width=\"500\" height=\"500\" src=\"https:\/\/www.korfezdokum.com\/wp-content\/uploads\/2020\/04\/100_1949-scaled-500x500.jpg\" class=\"attachment-custom_500x500x1 size-custom_500x500x1\" alt=\"\" decoding=\"async\" loading=\"lazy\" srcset=\"https:\/\/www.korfezdokum.com\/wp-content\/uploads\/2020\/04\/100_1949-scaled-500x500.jpg 500w, https:\/\/www.korfezdokum.com\/wp-content\/uploads\/2020\/04\/100_1949-150x150.jpg 150w\" sizes=\"(max-width: 500px) 100vw, 500px\" \/><div class=\"ui--gallery-overlay\"><div class=\"center\"><span class=\"btn btn-normal btn-icon-left btn-ligro22d4h btn-custom-color ui--animation\" href=\"#\" style=\"\"><i class=\"ui--icon fontawesome-resize-full icon-inline-block\" style=\"font-size: 16px;  width: 20px;  height: 20px;\"><\/i><\/span> <\/div><\/div><\/a><\/div><\/div><\/div> \n\n<\/div> \n<div class=\"ui-row row\">\n <div   class=\"ui-column span4\"><div class=\"ui--gallery-item ui--animation\"><div class=\"inner\"><a href=\"https:\/\/www.korfezdokum.com\/wp-content\/uploads\/2020\/04\/100_1951-scaled.jpg\" target=\"_blank\" data-rel=\"prettyPhoto[ui--gallery-1]\"><img width=\"500\" height=\"500\" src=\"https:\/\/www.korfezdokum.com\/wp-content\/uploads\/2020\/04\/100_1951-scaled-500x500.jpg\" class=\"attachment-custom_500x500x1 size-custom_500x500x1\" alt=\"\" decoding=\"async\" loading=\"lazy\" srcset=\"https:\/\/www.korfezdokum.com\/wp-content\/uploads\/2020\/04\/100_1951-scaled-500x500.jpg 500w, https:\/\/www.korfezdokum.com\/wp-content\/uploads\/2020\/04\/100_1951-150x150.jpg 150w\" sizes=\"(max-width: 500px) 100vw, 500px\" \/><div class=\"ui--gallery-overlay\"><div class=\"center\"><span class=\"btn btn-normal btn-icon-left btn-ligro22d4h btn-custom-color ui--animation\" href=\"#\" style=\"\"><i class=\"ui--icon fontawesome-resize-full icon-inline-block\" style=\"font-size: 16px;  width: 20px;  height: 20px;\"><\/i><\/span> <\/div><\/div><\/a><\/div><\/div><\/div> \n\n <div   class=\"ui-column span4\"><div class=\"ui--gallery-item ui--animation\"><div class=\"inner\"><a href=\"https:\/\/www.korfezdokum.com\/wp-content\/uploads\/2020\/04\/100_1962-scaled.jpg\" target=\"_blank\" data-rel=\"prettyPhoto[ui--gallery-1]\"><img width=\"500\" height=\"500\" src=\"https:\/\/www.korfezdokum.com\/wp-content\/uploads\/2020\/04\/100_1962-scaled-500x500.jpg\" class=\"attachment-custom_500x500x1 size-custom_500x500x1\" alt=\"\" decoding=\"async\" loading=\"lazy\" srcset=\"https:\/\/www.korfezdokum.com\/wp-content\/uploads\/2020\/04\/100_1962-scaled-500x500.jpg 500w, https:\/\/www.korfezdokum.com\/wp-content\/uploads\/2020\/04\/100_1962-150x150.jpg 150w\" sizes=\"(max-width: 500px) 100vw, 500px\" \/><div class=\"ui--gallery-overlay\"><div class=\"center\"><span class=\"btn btn-normal btn-icon-left btn-ligro22d4h btn-custom-color ui--animation\" href=\"#\" style=\"\"><i class=\"ui--icon fontawesome-resize-full icon-inline-block\" style=\"font-size: 16px;  width: 20px;  height: 20px;\"><\/i><\/span> <\/div><\/div><\/a><\/div><\/div><\/div> \n\n <div   class=\"ui-column span4\"><div class=\"ui--gallery-item ui--animation\"><div class=\"inner\"><a href=\"https:\/\/www.korfezdokum.com\/wp-content\/uploads\/2020\/04\/IMG_0273-scaled.jpg\" target=\"_blank\" data-rel=\"prettyPhoto[ui--gallery-1]\"><img width=\"500\" height=\"500\" src=\"https:\/\/www.korfezdokum.com\/wp-content\/uploads\/2020\/04\/IMG_0273-scaled-500x500.jpg\" class=\"attachment-custom_500x500x1 size-custom_500x500x1\" alt=\"\" decoding=\"async\" loading=\"lazy\" srcset=\"https:\/\/www.korfezdokum.com\/wp-content\/uploads\/2020\/04\/IMG_0273-scaled-500x500.jpg 500w, https:\/\/www.korfezdokum.com\/wp-content\/uploads\/2020\/04\/IMG_0273-150x150.jpg 150w\" sizes=\"(max-width: 500px) 100vw, 500px\" \/><div class=\"ui--gallery-overlay\"><div class=\"center\"><span class=\"btn btn-normal btn-icon-left btn-ligro22d4h btn-custom-color ui--animation\" href=\"#\" style=\"\"><i class=\"ui--icon fontawesome-resize-full icon-inline-block\" style=\"font-size: 16px;  width: 20px;  height: 20px;\"><\/i><\/span> <\/div><\/div><\/a><\/div><\/div><\/div> \n\n<\/div> \n<\/div><\/div><\/div><div class=\"clearfix\"><\/div><\/div><div  class=\"ui--space clearfix\" data-responsive=\"{&quot;css&quot;:{&quot;height&quot;:{&quot;phone&quot;:null,&quot;tablet&quot;:null,&quot;widescreen&quot;:null}}}\"><\/div><\/div><\/div><\/div><!-- \/.fullwidth-container --><div class=\"ui--custom-menu-bar ui--gradient ui--gradient-grey hover-effect fullwidth-container ui--height-thin text-center clearfix\" style=\"margin-bottom: -12px;\"><ul class=\"unstyled clearfix\"><li class=\"first-item ui--icon-position-left\" title=\"\"><a href=\"https:\/\/www.korfezdokum.com\/fr\/korfez\/\"><i class=\"ui--icon fontawesome-chevron-sign-right icon-inline-block\" style=\"font-size: 18px;  width: 22px;  height: 22px;  color: #E50914 !important;\"><\/i> <strong><font color=\"#203063\">KORFEZ <\/font><\/strong> <\/a><\/li><li class=\"ui--icon-position-left\" title=\"\"><a href=\"https:\/\/www.korfezdokum.com\/fr\/korfez\/korfez-tubes-centifuges\/\"><i class=\"ui--icon fontawesome-chevron-sign-right icon-inline-block\" style=\"font-size: 18px;  width: 22px;  height: 22px;  color: #E50914 !important;\"><\/i> <strong><font color=\"#203063\">KORFEZ Tubes Centifuges<\/font><\/strong> <\/a><\/li><li class=\"ui--icon-position-left\" title=\"\"><a href=\"https:\/\/www.korfezdokum.com\/fr\/korfez\/korfez-engineering\/\"><i class=\"ui--icon fontawesome-chevron-sign-right icon-inline-block\" style=\"font-size: 18px;  width: 22px;  height: 22px;  color: #E50914 !important;\"><\/i> <strong><font color=\"#203063\">KORFEZ Engineering<\/font><\/strong> <\/a><\/li><li class=\"ui--icon-position-left\" title=\"\"><a href=\"https:\/\/www.korfezdokum.com\/fr\/installations\/\"><i class=\"ui--icon fontawesome-chevron-sign-right icon-inline-block\" style=\"font-size: 18px;  width: 22px;  height: 22px;  color: #E50914 !important;\"><\/i> <strong><font color=\"#203063\">Installations<\/font><\/strong> <\/a><\/li><li class=\"last-item ui--icon-position-left\" title=\"\"><a href=\"https:\/\/www.korfezdokum.com\/fr\/qualite\/\"><i class=\"ui--icon fontawesome-chevron-sign-right icon-inline-block\" style=\"font-size: 18px;  width: 22px;  height: 22px;  color: #E50914 !important;\"><\/i> <strong><font color=\"#203063\">Qualit\u00e9<\/font><\/strong> <\/a><\/li><\/ul><\/div>","protected":false},"excerpt":{"rendered":"<p>Plus de 30 ans d&rsquo;exp\u00e9rience en fonderieUne entreprise familiale, qui s&rsquo;est d\u00e9velopp\u00e9e avec l&rsquo;exp\u00e9rience sur plusieurs ann\u00e9es La fonderie Korfez a \u00e9t\u00e9 cr\u00e9\u00e9e en 1988 en Turquie. Notre objectif consiste \u00e0 suivre les innovations dans notre domaine et \u00e0 les int\u00e9grer dans nos proc\u00e9d\u00e9s, favoriser l&rsquo;am\u00e9lioration continue de nos savoirs et comp\u00e9tences, pour assurer notre [&hellip;]<\/p>\n","protected":false},"author":1,"featured_media":0,"parent":0,"menu_order":0,"comment_status":"closed","ping_status":"closed","template":"","meta":[],"yoast_head":"<!-- This site is optimized with the Yoast SEO plugin v21.4 - https:\/\/yoast.com\/wordpress\/plugins\/seo\/ -->\n<title>Histoire &#187; Korfez Foundry<\/title>\n<meta name=\"robots\" content=\"index, follow, max-snippet:-1, max-image-preview:large, max-video-preview:-1\" \/>\n<link rel=\"canonical\" href=\"https:\/\/www.korfezdokum.com\/fr\/histoire\/\" \/>\n<meta property=\"og:locale\" content=\"fr_FR\" \/>\n<meta property=\"og:type\" content=\"article\" \/>\n<meta property=\"og:title\" content=\"Histoire &#187; Korfez Foundry\" \/>\n<meta property=\"og:description\" content=\"Plus de 30 ans d&#039;exp\u00e9rience en fonderieUne entreprise familiale, qui s&#039;est d\u00e9velopp\u00e9e avec l&#039;exp\u00e9rience sur plusieurs ann\u00e9es La fonderie Korfez a \u00e9t\u00e9 cr\u00e9\u00e9e en 1988 en Turquie. Notre objectif consiste \u00e0 suivre les innovations dans notre domaine et \u00e0 les int\u00e9grer dans nos proc\u00e9d\u00e9s, favoriser l&rsquo;am\u00e9lioration continue de nos savoirs et comp\u00e9tences, pour assurer notre [&hellip;]\" \/>\n<meta property=\"og:url\" content=\"https:\/\/www.korfezdokum.com\/fr\/histoire\/\" \/>\n<meta property=\"og:site_name\" content=\"Korfez Foundry\" \/>\n<meta property=\"article:modified_time\" content=\"2020-08-19T16:40:57+00:00\" \/>\n<meta name=\"twitter:card\" content=\"summary_large_image\" \/>\n<script type=\"application\/ld+json\" class=\"yoast-schema-graph\">{\"@context\":\"https:\/\/schema.org\",\"@graph\":[{\"@type\":\"WebPage\",\"@id\":\"https:\/\/www.korfezdokum.com\/fr\/histoire\/\",\"url\":\"https:\/\/www.korfezdokum.com\/fr\/histoire\/\",\"name\":\"Histoire &#187; Korfez Foundry\",\"isPartOf\":{\"@id\":\"https:\/\/www.korfezdokum.com\/fr\/#website\"},\"datePublished\":\"2020-08-19T15:55:38+00:00\",\"dateModified\":\"2020-08-19T16:40:57+00:00\",\"breadcrumb\":{\"@id\":\"https:\/\/www.korfezdokum.com\/fr\/histoire\/#breadcrumb\"},\"inLanguage\":\"fr-FR\",\"potentialAction\":[{\"@type\":\"ReadAction\",\"target\":[\"https:\/\/www.korfezdokum.com\/fr\/histoire\/\"]}]},{\"@type\":\"BreadcrumbList\",\"@id\":\"https:\/\/www.korfezdokum.com\/fr\/histoire\/#breadcrumb\",\"itemListElement\":[{\"@type\":\"ListItem\",\"position\":1,\"name\":\"Home\",\"item\":\"https:\/\/www.korfezdokum.com\/fr\/\"},{\"@type\":\"ListItem\",\"position\":2,\"name\":\"Histoire\"}]},{\"@type\":\"WebSite\",\"@id\":\"https:\/\/www.korfezdokum.com\/fr\/#website\",\"url\":\"https:\/\/www.korfezdokum.com\/fr\/\",\"name\":\"Korfez Foundry\",\"description\":\"Your solution partner.\",\"publisher\":{\"@id\":\"https:\/\/www.korfezdokum.com\/fr\/#organization\"},\"potentialAction\":[{\"@type\":\"SearchAction\",\"target\":{\"@type\":\"EntryPoint\",\"urlTemplate\":\"https:\/\/www.korfezdokum.com\/fr\/?s={search_term_string}\"},\"query-input\":\"required name=search_term_string\"}],\"inLanguage\":\"fr-FR\"},{\"@type\":\"Organization\",\"@id\":\"https:\/\/www.korfezdokum.com\/fr\/#organization\",\"name\":\"K\u00f6rfez D\u00f6k\u00fcm San. ve Tic. A.\u015e.\",\"url\":\"https:\/\/www.korfezdokum.com\/fr\/\",\"logo\":{\"@type\":\"ImageObject\",\"inLanguage\":\"fr-FR\",\"@id\":\"https:\/\/www.korfezdokum.com\/fr\/#\/schema\/logo\/image\/\",\"url\":\"https:\/\/www.korfezdokum.com\/wp-content\/uploads\/2019\/12\/korfez_logo_web_header.png\",\"contentUrl\":\"https:\/\/www.korfezdokum.com\/wp-content\/uploads\/2019\/12\/korfez_logo_web_header.png\",\"width\":94,\"height\":105,\"caption\":\"K\u00f6rfez D\u00f6k\u00fcm San. ve Tic. A.\u015e.\"},\"image\":{\"@id\":\"https:\/\/www.korfezdokum.com\/fr\/#\/schema\/logo\/image\/\"},\"sameAs\":[\"https:\/\/www.linkedin.com\/company\/korfezdokum\"]}]}<\/script>\n<!-- \/ Yoast SEO plugin. -->","yoast_head_json":{"title":"Histoire &#187; Korfez Foundry","robots":{"index":"index","follow":"follow","max-snippet":"max-snippet:-1","max-image-preview":"max-image-preview:large","max-video-preview":"max-video-preview:-1"},"canonical":"https:\/\/www.korfezdokum.com\/fr\/histoire\/","og_locale":"fr_FR","og_type":"article","og_title":"Histoire &#187; Korfez Foundry","og_description":"Plus de 30 ans d'exp\u00e9rience en fonderieUne entreprise familiale, qui s'est d\u00e9velopp\u00e9e avec l'exp\u00e9rience sur plusieurs ann\u00e9es La fonderie Korfez a \u00e9t\u00e9 cr\u00e9\u00e9e en 1988 en Turquie. Notre objectif consiste \u00e0 suivre les innovations dans notre domaine et \u00e0 les int\u00e9grer dans nos proc\u00e9d\u00e9s, favoriser l&rsquo;am\u00e9lioration continue de nos savoirs et comp\u00e9tences, pour assurer notre [&hellip;]","og_url":"https:\/\/www.korfezdokum.com\/fr\/histoire\/","og_site_name":"Korfez Foundry","article_modified_time":"2020-08-19T16:40:57+00:00","twitter_card":"summary_large_image","schema":{"@context":"https:\/\/schema.org","@graph":[{"@type":"WebPage","@id":"https:\/\/www.korfezdokum.com\/fr\/histoire\/","url":"https:\/\/www.korfezdokum.com\/fr\/histoire\/","name":"Histoire &#187; Korfez Foundry","isPartOf":{"@id":"https:\/\/www.korfezdokum.com\/fr\/#website"},"datePublished":"2020-08-19T15:55:38+00:00","dateModified":"2020-08-19T16:40:57+00:00","breadcrumb":{"@id":"https:\/\/www.korfezdokum.com\/fr\/histoire\/#breadcrumb"},"inLanguage":"fr-FR","potentialAction":[{"@type":"ReadAction","target":["https:\/\/www.korfezdokum.com\/fr\/histoire\/"]}]},{"@type":"BreadcrumbList","@id":"https:\/\/www.korfezdokum.com\/fr\/histoire\/#breadcrumb","itemListElement":[{"@type":"ListItem","position":1,"name":"Home","item":"https:\/\/www.korfezdokum.com\/fr\/"},{"@type":"ListItem","position":2,"name":"Histoire"}]},{"@type":"WebSite","@id":"https:\/\/www.korfezdokum.com\/fr\/#website","url":"https:\/\/www.korfezdokum.com\/fr\/","name":"Korfez Foundry","description":"Your solution partner.","publisher":{"@id":"https:\/\/www.korfezdokum.com\/fr\/#organization"},"potentialAction":[{"@type":"SearchAction","target":{"@type":"EntryPoint","urlTemplate":"https:\/\/www.korfezdokum.com\/fr\/?s={search_term_string}"},"query-input":"required name=search_term_string"}],"inLanguage":"fr-FR"},{"@type":"Organization","@id":"https:\/\/www.korfezdokum.com\/fr\/#organization","name":"K\u00f6rfez D\u00f6k\u00fcm San. ve Tic. A.\u015e.","url":"https:\/\/www.korfezdokum.com\/fr\/","logo":{"@type":"ImageObject","inLanguage":"fr-FR","@id":"https:\/\/www.korfezdokum.com\/fr\/#\/schema\/logo\/image\/","url":"https:\/\/www.korfezdokum.com\/wp-content\/uploads\/2019\/12\/korfez_logo_web_header.png","contentUrl":"https:\/\/www.korfezdokum.com\/wp-content\/uploads\/2019\/12\/korfez_logo_web_header.png","width":94,"height":105,"caption":"K\u00f6rfez D\u00f6k\u00fcm San. ve Tic. A.\u015e."},"image":{"@id":"https:\/\/www.korfezdokum.com\/fr\/#\/schema\/logo\/image\/"},"sameAs":["https:\/\/www.linkedin.com\/company\/korfezdokum"]}]}},"_links":{"self":[{"href":"https:\/\/www.korfezdokum.com\/fr\/wp-json\/wp\/v2\/pages\/3124"}],"collection":[{"href":"https:\/\/www.korfezdokum.com\/fr\/wp-json\/wp\/v2\/pages"}],"about":[{"href":"https:\/\/www.korfezdokum.com\/fr\/wp-json\/wp\/v2\/types\/page"}],"author":[{"embeddable":true,"href":"https:\/\/www.korfezdokum.com\/fr\/wp-json\/wp\/v2\/users\/1"}],"replies":[{"embeddable":true,"href":"https:\/\/www.korfezdokum.com\/fr\/wp-json\/wp\/v2\/comments?post=3124"}],"version-history":[{"count":1,"href":"https:\/\/www.korfezdokum.com\/fr\/wp-json\/wp\/v2\/pages\/3124\/revisions"}],"predecessor-version":[{"id":3158,"href":"https:\/\/www.korfezdokum.com\/fr\/wp-json\/wp\/v2\/pages\/3124\/revisions\/3158"}],"wp:attachment":[{"href":"https:\/\/www.korfezdokum.com\/fr\/wp-json\/wp\/v2\/media?parent=3124"}],"curies":[{"name":"wp","href":"https:\/\/api.w.org\/{rel}","templated":true}]}}