{"id":3141,"date":"2020-08-19T19:39:41","date_gmt":"2020-08-19T16:39:41","guid":{"rendered":"https:\/\/korfezdokum.com\/qualite\/"},"modified":"2020-08-19T19:39:41","modified_gmt":"2020-08-19T16:39:41","slug":"qualite","status":"publish","type":"page","link":"https:\/\/www.korfezdokum.com\/fr\/qualite\/","title":{"rendered":"Qualit\u00e9"},"content":{"rendered":"<div  id=\"video-background-1\" class=\"ui--video-background-wrapper fullwidth-content clearfix color--dark\" style=\"margin-top: -30px;  margin-bottom: 0px;\"><div class=\"ui--video-background-holder\"><div  class=\"ui--video-background-video hidden-phone \"><\/div><div class=\"ui--video-background-poster\"><\/div><div  class=\"ui--video-background\"><div class=\"ui--gradient\"><\/div><\/div><\/div><div  class=\"ui--section-content container clearfix\" style=\"padding-top: 180px;  padding-bottom: 30px;\"><div  class=\"ui--space clearfix\" data-responsive=\"{&quot;css&quot;:{&quot;height&quot;:{&quot;phone&quot;:null,&quot;tablet&quot;:null,&quot;widescreen&quot;:null}}}\"><\/div><div  class=\"ui--space clearfix\" data-responsive=\"{&quot;css&quot;:{&quot;height&quot;:{&quot;phone&quot;:null,&quot;tablet&quot;:null,&quot;widescreen&quot;:null}}}\"><\/div><h3 id=\"custom-title-h3-1\" class=\"ui--animation \" style=\"text-align: center; margin-bottom: 0px; \"><strong>Pour nous la \"Qualit\u00e9\" n'est pas qu'un slogan mais un sujet concret et permanent<\/strong><\/h3><div  class=\"ui--space clearfix\" data-responsive=\"{&quot;css&quot;:{&quot;height&quot;:{&quot;phone&quot;:null,&quot;tablet&quot;:null,&quot;widescreen&quot;:null}}}\"><\/div><div  class=\"ui--space clearfix\" data-responsive=\"{&quot;css&quot;:{&quot;height&quot;:{&quot;phone&quot;:null,&quot;tablet&quot;:null,&quot;widescreen&quot;:null}}}\"><\/div><div  class=\"ui--space clearfix\" data-responsive=\"{&quot;css&quot;:{&quot;height&quot;:{&quot;phone&quot;:null,&quot;tablet&quot;:null,&quot;widescreen&quot;:null}}}\"><\/div><div  class=\"ui--space clearfix\" data-responsive=\"{&quot;css&quot;:{&quot;height&quot;:{&quot;phone&quot;:null,&quot;tablet&quot;:null,&quot;widescreen&quot;:null}}}\"><\/div><div  class=\"ui--space clearfix\" data-responsive=\"{&quot;css&quot;:{&quot;height&quot;:{&quot;phone&quot;:null,&quot;tablet&quot;:null,&quot;widescreen&quot;:null}}}\"><\/div><\/div><\/div><div  id=\"section-nlv36\" class=\"fullwidth-content ui--section clearfix inner-shadow-1 section-nlv36\"><div  class=\"ui--section-content inner-shadow-1\"><div class=\"container\"><div class=\"ui--title ui--animation ui--title-bordered-bottom text-center\" style=\"margin-bottom: 24px;\"><div class=\"ui--title-holder\"><h4 class=\"ui--title-text\" style=\"color: #203063 !important;\">Nous proposons les meilleurs produits avec les meilleurs proc\u00e9d\u00e9s de contr\u00f4le<span style=\"border-color: #E50914 !important;  border-width: 2px;\" class=\"ui--title-borders ui--title-border-bottom\"><\/span><\/h4><\/div><\/div><div class=\"ui-row row\">\n <div   class=\"ui-column span6\"><div class=\"auto-format ui--animation\"><h6 style=\"color:#333333;\">Pour la fonderie Korfez, la notion de qualit\u00e9 signifie une implication collective pendant tout le processus de fabrication, qui va au-del\u00e0 du contr\u00f4le final. Notre syst\u00e8me qualit\u00e9 commence avec le contr\u00f4le mati\u00e8re d\u00e8s le lancement d&rsquo;une commande, se poursuit tout au long de la fabrication et au-del\u00e0 de la livraison. Chaque employ\u00e9 a adopt\u00e9 la vision qualit\u00e9 de la fonderie Korfez. <\/p>\n<p>Nous proposons les meilleures solutions qualit\u00e9 tout en veillant \u00e0 minimiser notre impact sur l&rsquo;environnement. Notre syst\u00e8me qualit\u00e9, qui est certifi\u00e9 ISO EN 9001-2015 par l&rsquo;organisation T\u00dcV-Nord, est suivi en permanence pour garantir la meilleure performance de nos produits et assurer la satisfaction de nos clients.<\/h6>\n<\/div><\/div> \n\n <div   class=\"ui-column span6\"><div class=\"ui--image-wrap clearfix ui--animation text-center ui--block\"><div class=\"ui--image-inline-block\"><img width=\"1920\" height=\"1080\" src=\"https:\/\/www.korfezdokum.com\/wp-content\/uploads\/2020\/03\/quality_title1-1.png\" class=\"ui--image radius-6px\" alt=\"Korfez Foundry\" decoding=\"async\" loading=\"lazy\" title=\"Nous proposons les meilleurs produits avec les meilleurs proc\u00e9d\u00e9s de contr\u00f4le\" id=\"ui--image-1\" srcset=\"https:\/\/www.korfezdokum.com\/wp-content\/uploads\/2020\/03\/quality_title1-1.png 1920w, https:\/\/www.korfezdokum.com\/wp-content\/uploads\/2020\/03\/quality_title1-1-300x169.png 300w, https:\/\/www.korfezdokum.com\/wp-content\/uploads\/2020\/03\/quality_title1-1-1024x576.png 1024w, https:\/\/www.korfezdokum.com\/wp-content\/uploads\/2020\/03\/quality_title1-1-768x432.png 768w, https:\/\/www.korfezdokum.com\/wp-content\/uploads\/2020\/03\/quality_title1-1-1536x864.png 1536w\" sizes=\"(max-width: 1920px) 100vw, 1920px\" \/><div class=\"ui--shadow ui--shadow-type-1 ui--shadow-abs clearfix\"><img src=\"https:\/\/www.korfezdokum.com\/wp-content\/themes\/envision\/includes\/modules\/module.shadow\/shadows\/shadow-1.png\" alt=\"shadow\" \/><\/div><\/div><\/div><\/div> \n\n<\/div> \n<\/div><\/div><\/div><!-- \/.fullwidth-container --><div  id=\"section-og4ty\" class=\"fullwidth-content ui--section clearfix outer-shadow-2 section-og4ty\"><div  class=\"ui--section-content outer-shadow-2\"><div class=\"container\"><div class=\"ui--title ui--animation ui--title-bordered-bottom text-center\" style=\"margin-bottom: 24px;\"><div class=\"ui--title-holder\"><h4 class=\"ui--title-text\" style=\"color: #203063 !important;\">Focalis\u00e9s sur l'Excellence<span style=\"border-color: #E50914 !important;  border-width: 2px;\" class=\"ui--title-borders ui--title-border-bottom\"><\/span><\/h4><\/div><\/div><div class=\"ui-row row\">\n <div   class=\"ui-column span6\"><div class=\"ui--image-wrap clearfix ui--animation text-center ui--block\"><div class=\"ui--image-inline-block\"><img width=\"5017\" height=\"2822\" src=\"https:\/\/www.korfezdokum.com\/wp-content\/uploads\/2020\/03\/quality_title2.png\" class=\"ui--image radius-6px\" alt=\"Korfez Foundry\" decoding=\"async\" loading=\"lazy\" id=\"ui--image-2\" srcset=\"https:\/\/www.korfezdokum.com\/wp-content\/uploads\/2020\/03\/quality_title2.png 5017w, https:\/\/www.korfezdokum.com\/wp-content\/uploads\/2020\/03\/quality_title2-300x169.png 300w, https:\/\/www.korfezdokum.com\/wp-content\/uploads\/2020\/03\/quality_title2-1024x576.png 1024w, https:\/\/www.korfezdokum.com\/wp-content\/uploads\/2020\/03\/quality_title2-768x432.png 768w, https:\/\/www.korfezdokum.com\/wp-content\/uploads\/2020\/03\/quality_title2-1536x864.png 1536w, https:\/\/www.korfezdokum.com\/wp-content\/uploads\/2020\/03\/quality_title2-2048x1152.png 2048w\" sizes=\"(max-width: 5017px) 100vw, 5017px\" \/><div class=\"ui--shadow ui--shadow-type-1 ui--shadow-abs clearfix\"><img src=\"https:\/\/www.korfezdokum.com\/wp-content\/themes\/envision\/includes\/modules\/module.shadow\/shadows\/shadow-1.png\" alt=\"shadow\" \/><\/div><\/div><\/div><\/div> \n\n <div   class=\"ui-column span6\"><div class=\"auto-format ui--animation\"><h6 style=\"color:#333333;\">Les contr\u00f4les qualit\u00e9 sont r\u00e9alis\u00e9s  par notre personnel certifi\u00e9 dans le respect des normes EN, ils incluent:<\/h6>\n<\/div><ul class=\"ui--list list-font-icon parent-1\"><li class=\"child-1 total-5 ui--animation\"><i class=\"list-icon 14px fontawesome-ok\" style=\"color: #E50914 !important;\"><\/i>Analyse chimique (chaque coul\u00e9e fait l'objet d'un double contr\u00f4le spectrom\u00e9trique, pour assurer la pr\u00e9cision de la composition chimique)<\/li><li class=\"child-2 total-5 ui--animation\"><i class=\"list-icon 14px fontawesome-ok\" style=\"color: #E50914 !important;\"><\/i>Contr\u00f4le dimensionnel<\/li><\/li><li class=\"child-3 total-5 ui--animation\"><i class=\"list-icon 14px fontawesome-ok\" style=\"color: #E50914 !important;\"><\/i>Essais m\u00e9caniques (Duret\u00e9, \u00e9prouvette de traction, essai de flexion, Charpy)<\/li><\/li><li class=\"child-4 total-5 ui--animation\"><i class=\"list-icon 14px fontawesome-ok\" style=\"color: #E50914 !important;\"><\/i>Microstructure<\/li><\/li><li class=\"child-5 total-5 ui--animation\"><i class=\"list-icon 14px fontawesome-ok\" style=\"color: #E50914 !important;\"><\/i>Contr\u00f4les non destructifs (Ultrasons, Magn\u00e9toscopie, Radiographie, Ressuage)<\/li>  <\/ul><\/div> \n\n<\/div> \n<\/div><\/div><\/div><!-- \/.fullwidth-container --><div class=\"ui--custom-menu-bar ui--gradient ui--gradient-grey hover-effect fullwidth-container ui--height-thin text-center clearfix\" style=\"margin-bottom: -12px;\"><ul class=\"unstyled clearfix\"><li class=\"first-item ui--icon-position-left\" title=\"\"><a href=\"https:\/\/www.korfezdokum.com\/fr\/korfez\/\"><i class=\"ui--icon fontawesome-chevron-sign-right icon-inline-block\" style=\"font-size: 18px;  width: 22px;  height: 22px;  color: #E50914 !important;\"><\/i> <strong><font color=\"#203063\">KORFEZ <\/font><\/strong> <\/a><\/li><li class=\"ui--icon-position-left\" title=\"\"><a href=\"https:\/\/www.korfezdokum.com\/fr\/korfez\/korfez-tubes-centifuges\/\"><i class=\"ui--icon fontawesome-chevron-sign-right icon-inline-block\" style=\"font-size: 18px;  width: 22px;  height: 22px;  color: #E50914 !important;\"><\/i> <strong><font color=\"#203063\">KORFEZ Tubes Centifuges<\/font><\/strong> <\/a><\/li><li class=\"ui--icon-position-left\" title=\"\"><a href=\"https:\/\/www.korfezdokum.com\/fr\/korfez\/korfez-engineering\/\"><i class=\"ui--icon fontawesome-chevron-sign-right icon-inline-block\" style=\"font-size: 18px;  width: 22px;  height: 22px;  color: #E50914 !important;\"><\/i> <strong><font color=\"#203063\">KORFEZ Engineering<\/font><\/strong> <\/a><\/li><li class=\"ui--icon-position-left\" title=\"\"><a href=\"https:\/\/www.korfezdokum.com\/fr\/histoire\/\"><i class=\"ui--icon fontawesome-chevron-sign-right icon-inline-block\" style=\"font-size: 18px;  width: 22px;  height: 22px;  color: #E50914 !important;\"><\/i> <strong><font color=\"#203063\">Histoire<\/font><\/strong> <\/a><\/li><li class=\"last-item ui--icon-position-left\" title=\"\"><a href=\"https:\/\/www.korfezdokum.com\/fr\/installations\/\"><i class=\"ui--icon fontawesome-chevron-sign-right icon-inline-block\" style=\"font-size: 18px;  width: 22px;  height: 22px;  color: #E50914 !important;\"><\/i> <strong><font color=\"#203063\">Installations<\/font><\/strong> <\/a><\/li><\/ul><\/div>","protected":false},"excerpt":{"rendered":"<p>Pour nous la \u00ab\u00a0Qualit\u00e9\u00a0\u00bb n&rsquo;est pas qu&rsquo;un slogan mais un sujet concret et permanentNous proposons les meilleurs produits avec les meilleurs proc\u00e9d\u00e9s de contr\u00f4le Pour la fonderie Korfez, la notion de qualit\u00e9 signifie une implication collective pendant tout le processus de fabrication, qui va au-del\u00e0 du contr\u00f4le final. Notre syst\u00e8me qualit\u00e9 commence avec le contr\u00f4le [&hellip;]<\/p>\n","protected":false},"author":1,"featured_media":0,"parent":0,"menu_order":0,"comment_status":"closed","ping_status":"closed","template":"","meta":[],"yoast_head":"<!-- This site is optimized with the Yoast SEO plugin v21.4 - https:\/\/yoast.com\/wordpress\/plugins\/seo\/ -->\n<title>Qualit\u00e9 &#187; Korfez Foundry<\/title>\n<meta name=\"robots\" content=\"index, follow, max-snippet:-1, max-image-preview:large, max-video-preview:-1\" \/>\n<link rel=\"canonical\" href=\"https:\/\/www.korfezdokum.com\/fr\/qualite\/\" \/>\n<meta property=\"og:locale\" content=\"fr_FR\" \/>\n<meta property=\"og:type\" content=\"article\" \/>\n<meta property=\"og:title\" content=\"Qualit\u00e9 &#187; Korfez Foundry\" \/>\n<meta property=\"og:description\" content=\"Pour nous la &quot;Qualit\u00e9&quot; n&#039;est pas qu&#039;un slogan mais un sujet concret et permanentNous proposons les meilleurs produits avec les meilleurs proc\u00e9d\u00e9s de contr\u00f4le Pour la fonderie Korfez, la notion de qualit\u00e9 signifie une implication collective pendant tout le processus de fabrication, qui va au-del\u00e0 du contr\u00f4le final. Notre syst\u00e8me qualit\u00e9 commence avec le contr\u00f4le [&hellip;]\" \/>\n<meta property=\"og:url\" content=\"https:\/\/www.korfezdokum.com\/fr\/qualite\/\" \/>\n<meta property=\"og:site_name\" content=\"Korfez Foundry\" \/>\n<meta name=\"twitter:card\" content=\"summary_large_image\" \/>\n<script type=\"application\/ld+json\" class=\"yoast-schema-graph\">{\"@context\":\"https:\/\/schema.org\",\"@graph\":[{\"@type\":\"WebPage\",\"@id\":\"https:\/\/www.korfezdokum.com\/fr\/qualite\/\",\"url\":\"https:\/\/www.korfezdokum.com\/fr\/qualite\/\",\"name\":\"Qualit\u00e9 &#187; Korfez Foundry\",\"isPartOf\":{\"@id\":\"https:\/\/www.korfezdokum.com\/fr\/#website\"},\"datePublished\":\"2020-08-19T16:39:41+00:00\",\"dateModified\":\"2020-08-19T16:39:41+00:00\",\"breadcrumb\":{\"@id\":\"https:\/\/www.korfezdokum.com\/fr\/qualite\/#breadcrumb\"},\"inLanguage\":\"fr-FR\",\"potentialAction\":[{\"@type\":\"ReadAction\",\"target\":[\"https:\/\/www.korfezdokum.com\/fr\/qualite\/\"]}]},{\"@type\":\"BreadcrumbList\",\"@id\":\"https:\/\/www.korfezdokum.com\/fr\/qualite\/#breadcrumb\",\"itemListElement\":[{\"@type\":\"ListItem\",\"position\":1,\"name\":\"Home\",\"item\":\"https:\/\/www.korfezdokum.com\/fr\/\"},{\"@type\":\"ListItem\",\"position\":2,\"name\":\"Qualit\u00e9\"}]},{\"@type\":\"WebSite\",\"@id\":\"https:\/\/www.korfezdokum.com\/fr\/#website\",\"url\":\"https:\/\/www.korfezdokum.com\/fr\/\",\"name\":\"Korfez Foundry\",\"description\":\"Your solution partner.\",\"publisher\":{\"@id\":\"https:\/\/www.korfezdokum.com\/fr\/#organization\"},\"potentialAction\":[{\"@type\":\"SearchAction\",\"target\":{\"@type\":\"EntryPoint\",\"urlTemplate\":\"https:\/\/www.korfezdokum.com\/fr\/?s={search_term_string}\"},\"query-input\":\"required name=search_term_string\"}],\"inLanguage\":\"fr-FR\"},{\"@type\":\"Organization\",\"@id\":\"https:\/\/www.korfezdokum.com\/fr\/#organization\",\"name\":\"K\u00f6rfez D\u00f6k\u00fcm San. ve Tic. A.\u015e.\",\"url\":\"https:\/\/www.korfezdokum.com\/fr\/\",\"logo\":{\"@type\":\"ImageObject\",\"inLanguage\":\"fr-FR\",\"@id\":\"https:\/\/www.korfezdokum.com\/fr\/#\/schema\/logo\/image\/\",\"url\":\"https:\/\/www.korfezdokum.com\/wp-content\/uploads\/2019\/12\/korfez_logo_web_header.png\",\"contentUrl\":\"https:\/\/www.korfezdokum.com\/wp-content\/uploads\/2019\/12\/korfez_logo_web_header.png\",\"width\":94,\"height\":105,\"caption\":\"K\u00f6rfez D\u00f6k\u00fcm San. ve Tic. A.\u015e.\"},\"image\":{\"@id\":\"https:\/\/www.korfezdokum.com\/fr\/#\/schema\/logo\/image\/\"},\"sameAs\":[\"https:\/\/www.linkedin.com\/company\/korfezdokum\"]}]}<\/script>\n<!-- \/ Yoast SEO plugin. -->","yoast_head_json":{"title":"Qualit\u00e9 &#187; Korfez Foundry","robots":{"index":"index","follow":"follow","max-snippet":"max-snippet:-1","max-image-preview":"max-image-preview:large","max-video-preview":"max-video-preview:-1"},"canonical":"https:\/\/www.korfezdokum.com\/fr\/qualite\/","og_locale":"fr_FR","og_type":"article","og_title":"Qualit\u00e9 &#187; Korfez Foundry","og_description":"Pour nous la \"Qualit\u00e9\" n'est pas qu'un slogan mais un sujet concret et permanentNous proposons les meilleurs produits avec les meilleurs proc\u00e9d\u00e9s de contr\u00f4le Pour la fonderie Korfez, la notion de qualit\u00e9 signifie une implication collective pendant tout le processus de fabrication, qui va au-del\u00e0 du contr\u00f4le final. Notre syst\u00e8me qualit\u00e9 commence avec le contr\u00f4le [&hellip;]","og_url":"https:\/\/www.korfezdokum.com\/fr\/qualite\/","og_site_name":"Korfez Foundry","twitter_card":"summary_large_image","schema":{"@context":"https:\/\/schema.org","@graph":[{"@type":"WebPage","@id":"https:\/\/www.korfezdokum.com\/fr\/qualite\/","url":"https:\/\/www.korfezdokum.com\/fr\/qualite\/","name":"Qualit\u00e9 &#187; Korfez Foundry","isPartOf":{"@id":"https:\/\/www.korfezdokum.com\/fr\/#website"},"datePublished":"2020-08-19T16:39:41+00:00","dateModified":"2020-08-19T16:39:41+00:00","breadcrumb":{"@id":"https:\/\/www.korfezdokum.com\/fr\/qualite\/#breadcrumb"},"inLanguage":"fr-FR","potentialAction":[{"@type":"ReadAction","target":["https:\/\/www.korfezdokum.com\/fr\/qualite\/"]}]},{"@type":"BreadcrumbList","@id":"https:\/\/www.korfezdokum.com\/fr\/qualite\/#breadcrumb","itemListElement":[{"@type":"ListItem","position":1,"name":"Home","item":"https:\/\/www.korfezdokum.com\/fr\/"},{"@type":"ListItem","position":2,"name":"Qualit\u00e9"}]},{"@type":"WebSite","@id":"https:\/\/www.korfezdokum.com\/fr\/#website","url":"https:\/\/www.korfezdokum.com\/fr\/","name":"Korfez Foundry","description":"Your solution partner.","publisher":{"@id":"https:\/\/www.korfezdokum.com\/fr\/#organization"},"potentialAction":[{"@type":"SearchAction","target":{"@type":"EntryPoint","urlTemplate":"https:\/\/www.korfezdokum.com\/fr\/?s={search_term_string}"},"query-input":"required name=search_term_string"}],"inLanguage":"fr-FR"},{"@type":"Organization","@id":"https:\/\/www.korfezdokum.com\/fr\/#organization","name":"K\u00f6rfez D\u00f6k\u00fcm San. ve Tic. A.\u015e.","url":"https:\/\/www.korfezdokum.com\/fr\/","logo":{"@type":"ImageObject","inLanguage":"fr-FR","@id":"https:\/\/www.korfezdokum.com\/fr\/#\/schema\/logo\/image\/","url":"https:\/\/www.korfezdokum.com\/wp-content\/uploads\/2019\/12\/korfez_logo_web_header.png","contentUrl":"https:\/\/www.korfezdokum.com\/wp-content\/uploads\/2019\/12\/korfez_logo_web_header.png","width":94,"height":105,"caption":"K\u00f6rfez D\u00f6k\u00fcm San. ve Tic. A.\u015e."},"image":{"@id":"https:\/\/www.korfezdokum.com\/fr\/#\/schema\/logo\/image\/"},"sameAs":["https:\/\/www.linkedin.com\/company\/korfezdokum"]}]}},"_links":{"self":[{"href":"https:\/\/www.korfezdokum.com\/fr\/wp-json\/wp\/v2\/pages\/3141"}],"collection":[{"href":"https:\/\/www.korfezdokum.com\/fr\/wp-json\/wp\/v2\/pages"}],"about":[{"href":"https:\/\/www.korfezdokum.com\/fr\/wp-json\/wp\/v2\/types\/page"}],"author":[{"embeddable":true,"href":"https:\/\/www.korfezdokum.com\/fr\/wp-json\/wp\/v2\/users\/1"}],"replies":[{"embeddable":true,"href":"https:\/\/www.korfezdokum.com\/fr\/wp-json\/wp\/v2\/comments?post=3141"}],"version-history":[{"count":0,"href":"https:\/\/www.korfezdokum.com\/fr\/wp-json\/wp\/v2\/pages\/3141\/revisions"}],"wp:attachment":[{"href":"https:\/\/www.korfezdokum.com\/fr\/wp-json\/wp\/v2\/media?parent=3141"}],"curies":[{"name":"wp","href":"https:\/\/api.w.org\/{rel}","templated":true}]}}