{"id":3241,"date":"2020-08-25T21:28:07","date_gmt":"2020-08-25T18:28:07","guid":{"rendered":"https:\/\/korfezdokum.com\/tubes-centrifuges\/"},"modified":"2020-09-01T11:49:46","modified_gmt":"2020-09-01T08:49:46","slug":"tubes-centrifuges","status":"publish","type":"page","link":"https:\/\/www.korfezdokum.com\/fr\/tubes-centrifuges\/","title":{"rendered":"Tubes Centrifug\u00e9s"},"content":{"rendered":"<div  id=\"section-f0fn1\" class=\"fullwidth-content ui--section clearfix inner-shadow-1 section-f0fn1\" style=\"margin-top: -30px;\"><div  class=\"ui--section-content inner-shadow-1\"><div class=\"container\"><div class=\"ui--title ui--animation ui--title-bordered-bottom text-center\"><div class=\"ui--title-holder\"><h4 class=\"ui--title-text\" style=\"color: #203063 !important;\">M\u00e9thode de Moulage par Centrifugation<span style=\"border-color: #E50914 !important;  border-width: 2px;\" class=\"ui--title-borders ui--title-border-bottom\"><\/span><\/h4><\/div><\/div><div class=\"ui-row row\">\n <div   class=\"ui-column span6\"><div class=\"auto-format ui--animation\"><h6 style=\"color:#333333;\">Les tubes centrifug\u00e9s sont utilis\u00e9s dans de nombreux domaines industriels comme les chaudi\u00e8res, les fours de traitement thermique, les complexes p\u00e9tro-chimiques et encore bien d&rsquo;autres applications.<\/p>\n<p>Notre soci\u00e9t\u00e9 s\u0153ur, Korfez Tubes Centrifug\u00e9s s&rsquo;est sp\u00e9cialis\u00e9e dans le moulage centrifuge et propose des tubes centrifug\u00e9s d&rsquo;excellente qualit\u00e9. Cette technologie unique permet la fabrication de tubes en acier sans soudure sur mesure et dans la nuance souhait\u00e9e.<\/h6>\n<\/div><\/div> \n\n <div   class=\"ui-column span6\"><div class=\"ui--image-wrap clearfix ui--animation text-center ui--block\"><div class=\"ui--image-inline-block\"><img width=\"1920\" height=\"1080\" src=\"https:\/\/www.korfezdokum.com\/wp-content\/uploads\/2020\/03\/centrifugal_casting.png\" class=\"ui--image radius-6px\" alt=\"Korfez Foundry\" decoding=\"async\" loading=\"lazy\" title=\"M\u00e9thode de Moulage par Centrifugation\" id=\"ui--image-1\" srcset=\"https:\/\/www.korfezdokum.com\/wp-content\/uploads\/2020\/03\/centrifugal_casting.png 1920w, https:\/\/www.korfezdokum.com\/wp-content\/uploads\/2020\/03\/centrifugal_casting-300x169.png 300w, https:\/\/www.korfezdokum.com\/wp-content\/uploads\/2020\/03\/centrifugal_casting-1024x576.png 1024w, https:\/\/www.korfezdokum.com\/wp-content\/uploads\/2020\/03\/centrifugal_casting-768x432.png 768w, https:\/\/www.korfezdokum.com\/wp-content\/uploads\/2020\/03\/centrifugal_casting-1536x864.png 1536w\" sizes=\"(max-width: 1920px) 100vw, 1920px\" \/><div class=\"ui--shadow ui--shadow-type-1 ui--shadow-abs clearfix\"><img src=\"https:\/\/www.korfezdokum.com\/wp-content\/themes\/envision\/includes\/modules\/module.shadow\/shadows\/shadow-1.png\" alt=\"shadow\" \/><\/div><\/div><\/div><\/div> \n\n<\/div> \n<div  class=\"ui--space clearfix\" data-responsive=\"{&quot;css&quot;:{&quot;height&quot;:{&quot;phone&quot;:null,&quot;tablet&quot;:null,&quot;widescreen&quot;:null}}}\"><\/div><\/div><\/div><\/div><!-- \/.fullwidth-container --><div class=\"ui--custom-menu-bar ui--gradient ui--gradient-grey hover-effect fullwidth-container ui--height-thin text-center clearfix\" style=\"margin-bottom: -12px;\"><ul class=\"unstyled clearfix\"><li class=\"first-item ui--icon-position-left\" title=\"\"><a href=\"https:\/\/www.korfezdokum.com\/fr\/pieces-en-acier-bimetallique\/\"><i class=\"ui--icon fontawesome-chevron-sign-right icon-inline-block\" style=\"font-size: 18px;  width: 22px;  height: 22px;  color: #E50914 !important;\"><\/i> <strong><font color=\"#203063\">Pi\u00e8ces en acier bim\u00e9tallique<\/font><\/strong> <\/a><\/li><li class=\"last-item ui--icon-position-left\" title=\"\"><a href=\"https:\/\/www.korfezdokum.com\/fr\/pieces-moulees-composites\/\"><i class=\"ui--icon fontawesome-chevron-sign-right icon-inline-block\" style=\"font-size: 18px;  width: 22px;  height: 22px;  color: #E50914 !important;\"><\/i> <strong><font color=\"#203063\">Pi\u00e8ces moul\u00e9es composites<\/font><\/strong> <\/a><\/li><\/ul><\/div>","protected":false},"excerpt":{"rendered":"<p>M\u00e9thode de Moulage par Centrifugation Les tubes centrifug\u00e9s sont utilis\u00e9s dans de nombreux domaines industriels comme les chaudi\u00e8res, les fours de traitement thermique, les complexes p\u00e9tro-chimiques et encore bien d&rsquo;autres applications. Notre soci\u00e9t\u00e9 s\u0153ur, Korfez Tubes Centrifug\u00e9s s&rsquo;est sp\u00e9cialis\u00e9e dans le moulage centrifuge et propose des tubes centrifug\u00e9s d&rsquo;excellente qualit\u00e9. Cette technologie unique permet la [&hellip;]<\/p>\n","protected":false},"author":1,"featured_media":0,"parent":0,"menu_order":0,"comment_status":"closed","ping_status":"closed","template":"","meta":[],"yoast_head":"<!-- This site is optimized with the Yoast SEO plugin v21.4 - https:\/\/yoast.com\/wordpress\/plugins\/seo\/ -->\n<title>Tubes Centrifug\u00e9s &#187; Korfez Foundry<\/title>\n<meta name=\"robots\" content=\"index, follow, max-snippet:-1, max-image-preview:large, max-video-preview:-1\" \/>\n<link rel=\"canonical\" href=\"https:\/\/www.korfezdokum.com\/fr\/tubes-centrifuges\/\" \/>\n<meta property=\"og:locale\" content=\"fr_FR\" \/>\n<meta property=\"og:type\" content=\"article\" \/>\n<meta property=\"og:title\" content=\"Tubes Centrifug\u00e9s &#187; Korfez Foundry\" \/>\n<meta property=\"og:description\" content=\"M\u00e9thode de Moulage par Centrifugation Les tubes centrifug\u00e9s sont utilis\u00e9s dans de nombreux domaines industriels comme les chaudi\u00e8res, les fours de traitement thermique, les complexes p\u00e9tro-chimiques et encore bien d&rsquo;autres applications. Notre soci\u00e9t\u00e9 s\u0153ur, Korfez Tubes Centrifug\u00e9s s&rsquo;est sp\u00e9cialis\u00e9e dans le moulage centrifuge et propose des tubes centrifug\u00e9s d&rsquo;excellente qualit\u00e9. Cette technologie unique permet la [&hellip;]\" \/>\n<meta property=\"og:url\" content=\"https:\/\/www.korfezdokum.com\/fr\/tubes-centrifuges\/\" \/>\n<meta property=\"og:site_name\" content=\"Korfez Foundry\" \/>\n<meta property=\"article:modified_time\" content=\"2020-09-01T08:49:46+00:00\" \/>\n<meta name=\"twitter:card\" content=\"summary_large_image\" \/>\n<script type=\"application\/ld+json\" class=\"yoast-schema-graph\">{\"@context\":\"https:\/\/schema.org\",\"@graph\":[{\"@type\":\"WebPage\",\"@id\":\"https:\/\/www.korfezdokum.com\/fr\/tubes-centrifuges\/\",\"url\":\"https:\/\/www.korfezdokum.com\/fr\/tubes-centrifuges\/\",\"name\":\"Tubes Centrifug\u00e9s &#187; Korfez Foundry\",\"isPartOf\":{\"@id\":\"https:\/\/www.korfezdokum.com\/fr\/#website\"},\"datePublished\":\"2020-08-25T18:28:07+00:00\",\"dateModified\":\"2020-09-01T08:49:46+00:00\",\"breadcrumb\":{\"@id\":\"https:\/\/www.korfezdokum.com\/fr\/tubes-centrifuges\/#breadcrumb\"},\"inLanguage\":\"fr-FR\",\"potentialAction\":[{\"@type\":\"ReadAction\",\"target\":[\"https:\/\/www.korfezdokum.com\/fr\/tubes-centrifuges\/\"]}]},{\"@type\":\"BreadcrumbList\",\"@id\":\"https:\/\/www.korfezdokum.com\/fr\/tubes-centrifuges\/#breadcrumb\",\"itemListElement\":[{\"@type\":\"ListItem\",\"position\":1,\"name\":\"Home\",\"item\":\"https:\/\/www.korfezdokum.com\/fr\/\"},{\"@type\":\"ListItem\",\"position\":2,\"name\":\"Tubes Centrifug\u00e9s\"}]},{\"@type\":\"WebSite\",\"@id\":\"https:\/\/www.korfezdokum.com\/fr\/#website\",\"url\":\"https:\/\/www.korfezdokum.com\/fr\/\",\"name\":\"Korfez Foundry\",\"description\":\"Your solution partner.\",\"publisher\":{\"@id\":\"https:\/\/www.korfezdokum.com\/fr\/#organization\"},\"potentialAction\":[{\"@type\":\"SearchAction\",\"target\":{\"@type\":\"EntryPoint\",\"urlTemplate\":\"https:\/\/www.korfezdokum.com\/fr\/?s={search_term_string}\"},\"query-input\":\"required name=search_term_string\"}],\"inLanguage\":\"fr-FR\"},{\"@type\":\"Organization\",\"@id\":\"https:\/\/www.korfezdokum.com\/fr\/#organization\",\"name\":\"K\u00f6rfez D\u00f6k\u00fcm San. ve Tic. A.\u015e.\",\"url\":\"https:\/\/www.korfezdokum.com\/fr\/\",\"logo\":{\"@type\":\"ImageObject\",\"inLanguage\":\"fr-FR\",\"@id\":\"https:\/\/www.korfezdokum.com\/fr\/#\/schema\/logo\/image\/\",\"url\":\"https:\/\/www.korfezdokum.com\/wp-content\/uploads\/2019\/12\/korfez_logo_web_header.png\",\"contentUrl\":\"https:\/\/www.korfezdokum.com\/wp-content\/uploads\/2019\/12\/korfez_logo_web_header.png\",\"width\":94,\"height\":105,\"caption\":\"K\u00f6rfez D\u00f6k\u00fcm San. ve Tic. A.\u015e.\"},\"image\":{\"@id\":\"https:\/\/www.korfezdokum.com\/fr\/#\/schema\/logo\/image\/\"},\"sameAs\":[\"https:\/\/www.linkedin.com\/company\/korfezdokum\"]}]}<\/script>\n<!-- \/ Yoast SEO plugin. -->","yoast_head_json":{"title":"Tubes Centrifug\u00e9s &#187; Korfez Foundry","robots":{"index":"index","follow":"follow","max-snippet":"max-snippet:-1","max-image-preview":"max-image-preview:large","max-video-preview":"max-video-preview:-1"},"canonical":"https:\/\/www.korfezdokum.com\/fr\/tubes-centrifuges\/","og_locale":"fr_FR","og_type":"article","og_title":"Tubes Centrifug\u00e9s &#187; Korfez Foundry","og_description":"M\u00e9thode de Moulage par Centrifugation Les tubes centrifug\u00e9s sont utilis\u00e9s dans de nombreux domaines industriels comme les chaudi\u00e8res, les fours de traitement thermique, les complexes p\u00e9tro-chimiques et encore bien d&rsquo;autres applications. Notre soci\u00e9t\u00e9 s\u0153ur, Korfez Tubes Centrifug\u00e9s s&rsquo;est sp\u00e9cialis\u00e9e dans le moulage centrifuge et propose des tubes centrifug\u00e9s d&rsquo;excellente qualit\u00e9. Cette technologie unique permet la [&hellip;]","og_url":"https:\/\/www.korfezdokum.com\/fr\/tubes-centrifuges\/","og_site_name":"Korfez Foundry","article_modified_time":"2020-09-01T08:49:46+00:00","twitter_card":"summary_large_image","schema":{"@context":"https:\/\/schema.org","@graph":[{"@type":"WebPage","@id":"https:\/\/www.korfezdokum.com\/fr\/tubes-centrifuges\/","url":"https:\/\/www.korfezdokum.com\/fr\/tubes-centrifuges\/","name":"Tubes Centrifug\u00e9s &#187; Korfez Foundry","isPartOf":{"@id":"https:\/\/www.korfezdokum.com\/fr\/#website"},"datePublished":"2020-08-25T18:28:07+00:00","dateModified":"2020-09-01T08:49:46+00:00","breadcrumb":{"@id":"https:\/\/www.korfezdokum.com\/fr\/tubes-centrifuges\/#breadcrumb"},"inLanguage":"fr-FR","potentialAction":[{"@type":"ReadAction","target":["https:\/\/www.korfezdokum.com\/fr\/tubes-centrifuges\/"]}]},{"@type":"BreadcrumbList","@id":"https:\/\/www.korfezdokum.com\/fr\/tubes-centrifuges\/#breadcrumb","itemListElement":[{"@type":"ListItem","position":1,"name":"Home","item":"https:\/\/www.korfezdokum.com\/fr\/"},{"@type":"ListItem","position":2,"name":"Tubes Centrifug\u00e9s"}]},{"@type":"WebSite","@id":"https:\/\/www.korfezdokum.com\/fr\/#website","url":"https:\/\/www.korfezdokum.com\/fr\/","name":"Korfez Foundry","description":"Your solution partner.","publisher":{"@id":"https:\/\/www.korfezdokum.com\/fr\/#organization"},"potentialAction":[{"@type":"SearchAction","target":{"@type":"EntryPoint","urlTemplate":"https:\/\/www.korfezdokum.com\/fr\/?s={search_term_string}"},"query-input":"required name=search_term_string"}],"inLanguage":"fr-FR"},{"@type":"Organization","@id":"https:\/\/www.korfezdokum.com\/fr\/#organization","name":"K\u00f6rfez D\u00f6k\u00fcm San. ve Tic. A.\u015e.","url":"https:\/\/www.korfezdokum.com\/fr\/","logo":{"@type":"ImageObject","inLanguage":"fr-FR","@id":"https:\/\/www.korfezdokum.com\/fr\/#\/schema\/logo\/image\/","url":"https:\/\/www.korfezdokum.com\/wp-content\/uploads\/2019\/12\/korfez_logo_web_header.png","contentUrl":"https:\/\/www.korfezdokum.com\/wp-content\/uploads\/2019\/12\/korfez_logo_web_header.png","width":94,"height":105,"caption":"K\u00f6rfez D\u00f6k\u00fcm San. ve Tic. A.\u015e."},"image":{"@id":"https:\/\/www.korfezdokum.com\/fr\/#\/schema\/logo\/image\/"},"sameAs":["https:\/\/www.linkedin.com\/company\/korfezdokum"]}]}},"_links":{"self":[{"href":"https:\/\/www.korfezdokum.com\/fr\/wp-json\/wp\/v2\/pages\/3241"}],"collection":[{"href":"https:\/\/www.korfezdokum.com\/fr\/wp-json\/wp\/v2\/pages"}],"about":[{"href":"https:\/\/www.korfezdokum.com\/fr\/wp-json\/wp\/v2\/types\/page"}],"author":[{"embeddable":true,"href":"https:\/\/www.korfezdokum.com\/fr\/wp-json\/wp\/v2\/users\/1"}],"replies":[{"embeddable":true,"href":"https:\/\/www.korfezdokum.com\/fr\/wp-json\/wp\/v2\/comments?post=3241"}],"version-history":[{"count":1,"href":"https:\/\/www.korfezdokum.com\/fr\/wp-json\/wp\/v2\/pages\/3241\/revisions"}],"predecessor-version":[{"id":3337,"href":"https:\/\/www.korfezdokum.com\/fr\/wp-json\/wp\/v2\/pages\/3241\/revisions\/3337"}],"wp:attachment":[{"href":"https:\/\/www.korfezdokum.com\/fr\/wp-json\/wp\/v2\/media?parent=3241"}],"curies":[{"name":"wp","href":"https:\/\/api.w.org\/{rel}","templated":true}]}}