{"id":3253,"date":"2020-08-26T12:45:50","date_gmt":"2020-08-26T09:45:50","guid":{"rendered":"https:\/\/korfezdokum.com\/formulaire-de-contact\/"},"modified":"2020-08-26T12:45:50","modified_gmt":"2020-08-26T09:45:50","slug":"formulaire-de-contact","status":"publish","type":"page","link":"https:\/\/www.korfezdokum.com\/fr\/formulaire-de-contact\/","title":{"rendered":"Formulaire de contact"},"content":{"rendered":"<div class=\"ui--title ui--animation ui--title-bordered-bottom text-center\" style=\"margin-top: 24px;\"><div class=\"ui--title-holder\"><h4 class=\"ui--title-text\">Nous contacter<span style=\"border-color: #E50914 !important;  border-width: 2px;\" class=\"ui--title-borders ui--title-border-bottom\"><\/span><\/h4><\/div><\/div><div class=\"auto-format ui--animation\"><p><div id=\"quform-9cd055\" class=\"quform quform-21 quform-support-page-caching quform-is-first-page\"><form id=\"quform-form-9cd055\" class=\"quform-form quform-form-21\" action=\"\/fr\/wp-json\/wp\/v2\/pages\/3253#quform-9cd055\" method=\"post\" enctype=\"multipart\/form-data\" novalidate=\"novalidate\" data-options=\"{&quot;id&quot;:21,&quot;uniqueId&quot;:&quot;9cd055&quot;,&quot;theme&quot;:&quot;&quot;,&quot;ajax&quot;:true,&quot;logic&quot;:{&quot;logic&quot;:[],&quot;dependents&quot;:[],&quot;elementIds&quot;:[],&quot;dependentElementIds&quot;:[],&quot;animate&quot;:true},&quot;currentPageId&quot;:1,&quot;errorsIcon&quot;:&quot;&quot;,&quot;updateFancybox&quot;:true,&quot;hasPages&quot;:true,&quot;pages&quot;:[1,33],&quot;pageProgressType&quot;:&quot;&quot;,&quot;tooltipsEnabled&quot;:true,&quot;tooltipClasses&quot;:&quot;qtip-quform-dark qtip-shadow&quot;,&quot;tooltipMy&quot;:&quot;left center&quot;,&quot;tooltipAt&quot;:&quot;right center&quot;,&quot;isRtl&quot;:false,&quot;scrollOffset&quot;:-50,&quot;scrollSpeed&quot;:800}\"><button class=\"quform-default-submit\" name=\"quform_submit\" type=\"submit\" value=\"submit\" aria-hidden=\"true\" tabindex=\"-1\"><\/button><div class=\"quform-form-inner quform-form-inner-21\"><input type=\"hidden\" name=\"quform_form_id\" value=\"21\" \/><input type=\"hidden\" name=\"quform_form_uid\" value=\"9cd055\" \/><input type=\"hidden\" name=\"quform_count\" value=\"1\" \/><input type=\"hidden\" name=\"form_url\" value=\"https:\/\/www.korfezdokum.com\/fr\/wp-json\/wp\/v2\/pages\/3253\" \/><input type=\"hidden\" name=\"referring_url\" value=\"\" \/><input type=\"hidden\" name=\"post_id\" value=\"\" \/><input type=\"hidden\" name=\"post_title\" value=\"\" \/><input type=\"hidden\" name=\"quform_current_page_id\" value=\"1\" \/><input type=\"hidden\" name=\"quform_csrf_token\" value=\"K5uwQWehNUT3NstHmiZyuB8bmnQftXeAM9N0sPOm\" \/><div class=\"quform-elements quform-elements-21 quform-cf quform-responsive-elements-phone-landscape\"><div class=\"quform-element quform-element-page quform-page-1 quform-page-21_1 quform-cf quform-group-style-plain quform-first-page quform-current-page\"><div class=\"quform-child-elements\"><div class=\"quform-element quform-element-name quform-element-21_46 quform-cf quform-element-required\"><div class=\"quform-spacer\"><div class=\"quform-label quform-label-21_46\"><span class=\"quform-label-icon\"><i class=\"fa fa-user\"><\/i><\/span><label class=\"quform-label-text\" id=\"quform_21_46_9cd055_label\">Nom<span class=\"quform-required\">*<\/span><\/label><\/div><div class=\"quform-inner quform-inner-name quform-inner-21_46 quform-field-size-medium\"><div class=\"quform-input quform-input-name quform-input-21_46 quform-cf\"><div class=\"quform-element-row quform-2-columns quform-element-row-size-fixed quform-responsive-columns-phone-landscape\"><div class=\"quform-element-column\"><div class=\"quform-element quform-element-text quform-element-21_46_2 quform-cf quform-element-required\"><div class=\"quform-spacer\"><div class=\"quform-inner quform-inner-text quform-inner-21_46_2 quform-field-size-medium\"><div class=\"quform-input quform-input-text quform-input-21_46_2 quform-cf\"><input type=\"text\" id=\"quform_21_46_2_9cd055\" name=\"quform_21_46[2]\" class=\"quform-field quform-field-text quform-field-21_46_2\" aria-labelledby=\"quform_21_46_9cd055_label quform_21_46_2_9cd055_sub_label_below\" \/><\/div><label id=\"quform_21_46_2_9cd055_sub_label_below\" class=\"quform-sub-label quform-sub-label-below\">Pr\u00e9nom<\/label><\/div><\/div><\/div><\/div><div class=\"quform-element-column\"><div class=\"quform-element quform-element-text quform-element-21_46_4 quform-cf quform-element-required\"><div class=\"quform-spacer\"><div class=\"quform-inner quform-inner-text quform-inner-21_46_4 quform-field-size-medium\"><div class=\"quform-input quform-input-text quform-input-21_46_4 quform-cf\"><input type=\"text\" id=\"quform_21_46_4_9cd055\" name=\"quform_21_46[4]\" class=\"quform-field quform-field-text quform-field-21_46_4\" aria-labelledby=\"quform_21_46_9cd055_label quform_21_46_4_9cd055_sub_label_below\" \/><\/div><label id=\"quform_21_46_4_9cd055_sub_label_below\" class=\"quform-sub-label quform-sub-label-below\">Nom de famille<\/label><\/div><\/div><\/div><\/div><\/div><\/div><\/div><\/div><\/div><div class=\"quform-element quform-element-email quform-element-21_7 quform-cf quform-element-required\"><div class=\"quform-spacer\"><div class=\"quform-label quform-label-21_7\"><span class=\"quform-label-icon\"><i class=\"fa fa-envelope-o\"><\/i><\/span><label class=\"quform-label-text\" for=\"quform_21_7_9cd055\">Adresse email<span class=\"quform-required\">*<\/span><\/label><\/div><div class=\"quform-inner quform-inner-email quform-inner-21_7 quform-field-size-medium\"><div class=\"quform-input quform-input-email quform-input-21_7 quform-cf\"><input type=\"email\" id=\"quform_21_7_9cd055\" name=\"quform_21_7\" class=\"quform-field quform-field-email quform-field-21_7\" \/><\/div><\/div><\/div><\/div><div class=\"quform-element quform-element-text quform-element-21_60 quform-cf quform-element-optional\"><div class=\"quform-spacer\"><div class=\"quform-label quform-label-21_60\"><label class=\"quform-label-text\" for=\"quform_21_60_9cd055\">Entreprise<\/label><\/div><div class=\"quform-inner quform-inner-text quform-inner-21_60 quform-field-size-medium\"><div class=\"quform-input quform-input-text quform-input-21_60 quform-cf\"><input type=\"text\" id=\"quform_21_60_9cd055\" name=\"quform_21_60\" class=\"quform-field quform-field-text quform-field-21_60\" \/><\/div><\/div><\/div><\/div><div class=\"quform-element quform-element-text quform-element-21_51 quform-cf quform-element-optional\"><div class=\"quform-spacer\"><div class=\"quform-label quform-label-21_51\"><span class=\"quform-label-icon\"><i class=\"fa fa-phone\"><\/i><\/span><label class=\"quform-label-text\" for=\"quform_21_51_9cd055\">T\u00e9l\u00e9phone<\/label><\/div><div class=\"quform-inner quform-inner-text quform-inner-21_51 quform-field-size-medium\"><div class=\"quform-input quform-input-text quform-input-21_51 quform-cf\"><input type=\"text\" id=\"quform_21_51_9cd055\" name=\"quform_21_51\" class=\"quform-field quform-field-text quform-field-21_51\" \/><\/div><\/div><\/div><\/div><div class=\"quform-element quform-element-radio quform-element-21_59 quform-cf quform-element-required\"><div class=\"quform-spacer\"><div class=\"quform-label quform-label-21_59\"><label class=\"quform-label-text\" id=\"quform_21_59_9cd055_label\">Motif de la demande<span class=\"quform-required\">*<\/span><\/label><\/div><div class=\"quform-inner quform-inner-radio quform-inner-21_59 quform-field-size-medium\"><div class=\"quform-input quform-input-radio quform-input-21_59 quform-cf\"><div class=\"quform-options quform-cf quform-options-block quform-options-style-input-hidden\" role=\"radiogroup\" aria-labelledby=\"quform_21_59_9cd055_label\"><div class=\"quform-option\"><input type=\"radio\" name=\"quform_21_59\" id=\"quform_21_59_9cd055_1\" class=\"quform-field quform-field-radio quform-field-21_59 quform-field-21_59_1\" value=\"G\u00e9n\u00e9ral\" \/><label for=\"quform_21_59_9cd055_1\" class=\"quform-option-label quform-option-label-21_59_1\"><span class=\"quform-option-icon\"><i class=\"fa fa-square-o\"><\/i><\/span><span class=\"quform-option-icon-selected\"><i class=\"fa fa-check\"><\/i><\/span><span class=\"quform-option-text\">G\u00e9n\u00e9ral<\/span><\/label><\/div><div class=\"quform-option\"><input type=\"radio\" name=\"quform_21_59\" id=\"quform_21_59_9cd055_5\" class=\"quform-field quform-field-radio quform-field-21_59 quform-field-21_59_5\" value=\"Vente\" \/><label for=\"quform_21_59_9cd055_5\" class=\"quform-option-label quform-option-label-21_59_5\"><span class=\"quform-option-icon\"><i class=\"fa fa-square-o\"><\/i><\/span><span class=\"quform-option-icon-selected\"><i class=\"fa fa-check\"><\/i><\/span><span class=\"quform-option-text\">Vente<\/span><\/label><\/div><div class=\"quform-option\"><input type=\"radio\" name=\"quform_21_59\" id=\"quform_21_59_9cd055_4\" class=\"quform-field quform-field-radio quform-field-21_59 quform-field-21_59_4\" value=\"Administration\" \/><label for=\"quform_21_59_9cd055_4\" class=\"quform-option-label quform-option-label-21_59_4\"><span class=\"quform-option-icon\"><i class=\"fa fa-square-o\"><\/i><\/span><span class=\"quform-option-icon-selected\"><i class=\"fa fa-check\"><\/i><\/span><span class=\"quform-option-text\">Administration<\/span><\/label><\/div><\/div><\/div><\/div><\/div><\/div><div class=\"quform-element quform-element-textarea quform-element-21_58 quform-cf quform-element-required\"><div class=\"quform-spacer\"><div class=\"quform-inner quform-inner-textarea quform-inner-21_58 quform-field-size-medium\"><div class=\"quform-input quform-input-textarea quform-input-21_58 quform-cf\"><textarea id=\"quform_21_58_9cd055\" name=\"quform_21_58\" class=\"quform-field quform-field-textarea quform-field-21_58\" placeholder=\"Veuillez commenter bri\u00e8vement\"><\/textarea><\/div><\/div><\/div><\/div><div class=\"quform-element quform-element-submit quform-element-21_45 quform-cf quform-button-style-classic quform-button-size-medium quform-button-width-small\"><div class=\"quform-button-next quform-button-next-default quform-button-next-21_45 quform-button-icon-right\"><button name=\"quform_submit\" type=\"submit\" class=\"quform-next\" value=\"submit\"><span class=\"quform-button-text quform-button-next-text\">Envoyer<\/span><span class=\"quform-button-icon quform-button-next-icon\"><i class=\"fa fa-chevron-right\"><\/i><\/span><\/button><\/div><\/div><\/div><\/div><div class=\"quform-element quform-element-page quform-page-33 quform-page-21_33 quform-cf quform-group-style-plain quform-last-page\"><div class=\"quform-child-elements\"><div class=\"quform-element quform-element-radio quform-element-21_32 quform-cf quform-element-required\"><div class=\"quform-spacer\"><div class=\"quform-label quform-label-21_32\"><label class=\"quform-label-text\" id=\"quform_21_32_9cd055_label\">Merci de Confirmer<span class=\"quform-required\">*<\/span><\/label><\/div><div class=\"quform-inner quform-inner-radio quform-inner-21_32 quform-field-size-medium\"><p class=\"quform-description quform-description-above\">J'accepte le partage et le stockage de mes informations comme d\u00e9crit dans la <a href=\"https:\/\/korfezdokum.com\/fr\/charte-de-confidentialite\/\" target=\"_blank\">charte de confidentialit\u00e9<\/a><\/p><div class=\"quform-input quform-input-radio quform-input-21_32 quform-cf\"><div class=\"quform-options quform-cf quform-options-block quform-options-style-input-hidden\" role=\"radiogroup\" aria-labelledby=\"quform_21_32_9cd055_label\"><div class=\"quform-option\"><input type=\"radio\" name=\"quform_21_32\" id=\"quform_21_32_9cd055_1\" class=\"quform-field quform-field-radio quform-field-21_32 quform-field-21_32_1\" value=\"Oui, j&#039;accepte\" \/><label for=\"quform_21_32_9cd055_1\" class=\"quform-option-label quform-option-label-21_32_1\"><span class=\"quform-option-icon\"><i class=\"fa fa-square-o\"><\/i><\/span><span class=\"quform-option-icon-selected\"><i class=\"fa fa-check-square-o\"><\/i><\/span><span class=\"quform-option-text\">Oui, j'accepte<\/span><\/label><\/div><\/div><\/div><\/div><\/div><\/div><div class=\"quform-element quform-element-recaptcha quform-element-21_61 quform-cf quform-element-required\"><div class=\"quform-spacer\"><div class=\"quform-inner quform-inner-recaptcha quform-inner-21_61 quform-field-size-medium\"><div class=\"quform-input quform-input-recaptcha quform-input-21_61 quform-cf\"><div class=\"quform-recaptcha\" data-config=\"{&quot;sitekey&quot;:&quot;6LeZtukUAAAAADURwU31M6PULRaLw04vQ24a_QG1&quot;,&quot;_version&quot;:&quot;v2&quot;,&quot;size&quot;:&quot;normal&quot;,&quot;type&quot;:&quot;image&quot;,&quot;theme&quot;:&quot;light&quot;,&quot;badge&quot;:&quot;bottomright&quot;}\"><\/div><noscript><div><div style=\"width: 302px; height: 422px; position: relative;\"><div style=\"width: 302px; height: 422px; position: absolute;\"><iframe src=\"https:\/\/www.google.com\/recaptcha\/api\/fallback?k=6LeZtukUAAAAADURwU31M6PULRaLw04vQ24a_QG1\" frameborder=\"0\" scrolling=\"no\" style=\"width: 302px; height:422px; border-style: none;\"><\/iframe><\/div><\/div><div style=\"width: 300px; height: 60px; border-style: none; bottom: 12px; left: 25px; margin: 0px; padding: 0px; right: 25px; background: #f9f9f9; border: 1px solid #c1c1c1; border-radius: 3px;\"><textarea name=\"g-recaptcha-response\" class=\"g-recaptcha-response\" style=\"width: 250px; height: 40px; border: 1px solid #c1c1c1; margin: 10px 25px; padding: 0px; resize: none;\"><\/textarea><\/div><\/div><\/noscript><\/div><\/div><\/div><\/div><div class=\"quform-element quform-element-submit quform-element-21_12 quform-cf quform-button-style-classic quform-button-size-medium\"><div class=\"quform-button-back quform-button-back-default quform-button-back-21_12\"><button name=\"quform_submit\" type=\"submit\" class=\"quform-back\" value=\"back\"><span class=\"quform-button-text quform-button-back-text\">Retour<\/span><\/button><\/div><div class=\"quform-button-submit quform-button-submit-default quform-button-submit-21_12 quform-button-icon-right\"><button name=\"quform_submit\" type=\"submit\" class=\"quform-submit\" value=\"submit\"><span class=\"quform-button-text quform-button-submit-text\">Envoyer<\/span><span class=\"quform-button-icon quform-button-submit-icon\"><i class=\"fa fa-send\"><\/i><\/span><\/button><\/div><\/div><div class=\"quform-element-tree\"><label for=\"quform_21_0_9cd055\">Ce champ devrait \u00eatre laiss\u00e9 vide<\/label><input type=\"text\" id=\"quform_21_0_9cd055\" name=\"quform_21_0\" class=\"quform-field quform-field-tree quform-field-21_0\" tabindex=\"-1\" autocomplete=\"off\" \/><\/div><\/div><\/div><\/div><\/div><\/form><\/div><\/p>\n<\/div>","protected":false},"excerpt":{"rendered":"<p>Nous contacterNom*Pr\u00e9nomNom de familleAdresse email*EntrepriseT\u00e9l\u00e9phoneMotif de la demande*G\u00e9n\u00e9ralVenteAdministrationEnvoyerMerci de Confirmer*J&rsquo;accepte le partage et le stockage de mes informations comme d\u00e9crit dans la charte de confidentialit\u00e9Oui, j&rsquo;accepteRetourEnvoyerCe champ devrait \u00eatre laiss\u00e9 vide<\/p>\n","protected":false},"author":1,"featured_media":0,"parent":0,"menu_order":0,"comment_status":"closed","ping_status":"closed","template":"","meta":[],"yoast_head":"<!-- This site is optimized with the Yoast SEO plugin v21.4 - https:\/\/yoast.com\/wordpress\/plugins\/seo\/ -->\n<title>Formulaire de contact &#187; Korfez Foundry<\/title>\n<meta name=\"robots\" content=\"index, follow, max-snippet:-1, max-image-preview:large, max-video-preview:-1\" \/>\n<link rel=\"canonical\" href=\"https:\/\/www.korfezdokum.com\/fr\/formulaire-de-contact\/\" \/>\n<meta property=\"og:locale\" content=\"fr_FR\" \/>\n<meta property=\"og:type\" content=\"article\" \/>\n<meta property=\"og:title\" content=\"Formulaire de contact &#187; Korfez Foundry\" \/>\n<meta property=\"og:description\" content=\"Nous contacterNom*Pr\u00e9nomNom de familleAdresse email*EntrepriseT\u00e9l\u00e9phoneMotif de la demande*G\u00e9n\u00e9ralVenteAdministrationEnvoyerMerci de Confirmer*J&#039;accepte le partage et le stockage de mes informations comme d\u00e9crit dans la charte de confidentialit\u00e9Oui, j&#039;accepteRetourEnvoyerCe champ devrait \u00eatre laiss\u00e9 vide\" \/>\n<meta property=\"og:url\" content=\"https:\/\/www.korfezdokum.com\/fr\/formulaire-de-contact\/\" \/>\n<meta property=\"og:site_name\" content=\"Korfez Foundry\" \/>\n<meta name=\"twitter:card\" content=\"summary_large_image\" \/>\n<script type=\"application\/ld+json\" class=\"yoast-schema-graph\">{\"@context\":\"https:\/\/schema.org\",\"@graph\":[{\"@type\":\"WebPage\",\"@id\":\"https:\/\/www.korfezdokum.com\/fr\/formulaire-de-contact\/\",\"url\":\"https:\/\/www.korfezdokum.com\/fr\/formulaire-de-contact\/\",\"name\":\"Formulaire de contact &#187; Korfez Foundry\",\"isPartOf\":{\"@id\":\"https:\/\/www.korfezdokum.com\/fr\/#website\"},\"datePublished\":\"2020-08-26T09:45:50+00:00\",\"dateModified\":\"2020-08-26T09:45:50+00:00\",\"breadcrumb\":{\"@id\":\"https:\/\/www.korfezdokum.com\/fr\/formulaire-de-contact\/#breadcrumb\"},\"inLanguage\":\"fr-FR\",\"potentialAction\":[{\"@type\":\"ReadAction\",\"target\":[\"https:\/\/www.korfezdokum.com\/fr\/formulaire-de-contact\/\"]}]},{\"@type\":\"BreadcrumbList\",\"@id\":\"https:\/\/www.korfezdokum.com\/fr\/formulaire-de-contact\/#breadcrumb\",\"itemListElement\":[{\"@type\":\"ListItem\",\"position\":1,\"name\":\"Home\",\"item\":\"https:\/\/www.korfezdokum.com\/fr\/\"},{\"@type\":\"ListItem\",\"position\":2,\"name\":\"Formulaire de contact\"}]},{\"@type\":\"WebSite\",\"@id\":\"https:\/\/www.korfezdokum.com\/fr\/#website\",\"url\":\"https:\/\/www.korfezdokum.com\/fr\/\",\"name\":\"Korfez Foundry\",\"description\":\"Your solution partner.\",\"publisher\":{\"@id\":\"https:\/\/www.korfezdokum.com\/fr\/#organization\"},\"potentialAction\":[{\"@type\":\"SearchAction\",\"target\":{\"@type\":\"EntryPoint\",\"urlTemplate\":\"https:\/\/www.korfezdokum.com\/fr\/?s={search_term_string}\"},\"query-input\":\"required name=search_term_string\"}],\"inLanguage\":\"fr-FR\"},{\"@type\":\"Organization\",\"@id\":\"https:\/\/www.korfezdokum.com\/fr\/#organization\",\"name\":\"K\u00f6rfez D\u00f6k\u00fcm San. ve Tic. A.\u015e.\",\"url\":\"https:\/\/www.korfezdokum.com\/fr\/\",\"logo\":{\"@type\":\"ImageObject\",\"inLanguage\":\"fr-FR\",\"@id\":\"https:\/\/www.korfezdokum.com\/fr\/#\/schema\/logo\/image\/\",\"url\":\"https:\/\/www.korfezdokum.com\/wp-content\/uploads\/2019\/12\/korfez_logo_web_header.png\",\"contentUrl\":\"https:\/\/www.korfezdokum.com\/wp-content\/uploads\/2019\/12\/korfez_logo_web_header.png\",\"width\":94,\"height\":105,\"caption\":\"K\u00f6rfez D\u00f6k\u00fcm San. ve Tic. A.\u015e.\"},\"image\":{\"@id\":\"https:\/\/www.korfezdokum.com\/fr\/#\/schema\/logo\/image\/\"},\"sameAs\":[\"https:\/\/www.linkedin.com\/company\/korfezdokum\"]}]}<\/script>\n<!-- \/ Yoast SEO plugin. -->","yoast_head_json":{"title":"Formulaire de contact &#187; Korfez Foundry","robots":{"index":"index","follow":"follow","max-snippet":"max-snippet:-1","max-image-preview":"max-image-preview:large","max-video-preview":"max-video-preview:-1"},"canonical":"https:\/\/www.korfezdokum.com\/fr\/formulaire-de-contact\/","og_locale":"fr_FR","og_type":"article","og_title":"Formulaire de contact &#187; Korfez Foundry","og_description":"Nous contacterNom*Pr\u00e9nomNom de familleAdresse email*EntrepriseT\u00e9l\u00e9phoneMotif de la demande*G\u00e9n\u00e9ralVenteAdministrationEnvoyerMerci de Confirmer*J'accepte le partage et le stockage de mes informations comme d\u00e9crit dans la charte de confidentialit\u00e9Oui, j'accepteRetourEnvoyerCe champ devrait \u00eatre laiss\u00e9 vide","og_url":"https:\/\/www.korfezdokum.com\/fr\/formulaire-de-contact\/","og_site_name":"Korfez Foundry","twitter_card":"summary_large_image","schema":{"@context":"https:\/\/schema.org","@graph":[{"@type":"WebPage","@id":"https:\/\/www.korfezdokum.com\/fr\/formulaire-de-contact\/","url":"https:\/\/www.korfezdokum.com\/fr\/formulaire-de-contact\/","name":"Formulaire de contact &#187; Korfez Foundry","isPartOf":{"@id":"https:\/\/www.korfezdokum.com\/fr\/#website"},"datePublished":"2020-08-26T09:45:50+00:00","dateModified":"2020-08-26T09:45:50+00:00","breadcrumb":{"@id":"https:\/\/www.korfezdokum.com\/fr\/formulaire-de-contact\/#breadcrumb"},"inLanguage":"fr-FR","potentialAction":[{"@type":"ReadAction","target":["https:\/\/www.korfezdokum.com\/fr\/formulaire-de-contact\/"]}]},{"@type":"BreadcrumbList","@id":"https:\/\/www.korfezdokum.com\/fr\/formulaire-de-contact\/#breadcrumb","itemListElement":[{"@type":"ListItem","position":1,"name":"Home","item":"https:\/\/www.korfezdokum.com\/fr\/"},{"@type":"ListItem","position":2,"name":"Formulaire de contact"}]},{"@type":"WebSite","@id":"https:\/\/www.korfezdokum.com\/fr\/#website","url":"https:\/\/www.korfezdokum.com\/fr\/","name":"Korfez Foundry","description":"Your solution partner.","publisher":{"@id":"https:\/\/www.korfezdokum.com\/fr\/#organization"},"potentialAction":[{"@type":"SearchAction","target":{"@type":"EntryPoint","urlTemplate":"https:\/\/www.korfezdokum.com\/fr\/?s={search_term_string}"},"query-input":"required name=search_term_string"}],"inLanguage":"fr-FR"},{"@type":"Organization","@id":"https:\/\/www.korfezdokum.com\/fr\/#organization","name":"K\u00f6rfez D\u00f6k\u00fcm San. ve Tic. A.\u015e.","url":"https:\/\/www.korfezdokum.com\/fr\/","logo":{"@type":"ImageObject","inLanguage":"fr-FR","@id":"https:\/\/www.korfezdokum.com\/fr\/#\/schema\/logo\/image\/","url":"https:\/\/www.korfezdokum.com\/wp-content\/uploads\/2019\/12\/korfez_logo_web_header.png","contentUrl":"https:\/\/www.korfezdokum.com\/wp-content\/uploads\/2019\/12\/korfez_logo_web_header.png","width":94,"height":105,"caption":"K\u00f6rfez D\u00f6k\u00fcm San. ve Tic. A.\u015e."},"image":{"@id":"https:\/\/www.korfezdokum.com\/fr\/#\/schema\/logo\/image\/"},"sameAs":["https:\/\/www.linkedin.com\/company\/korfezdokum"]}]}},"_links":{"self":[{"href":"https:\/\/www.korfezdokum.com\/fr\/wp-json\/wp\/v2\/pages\/3253"}],"collection":[{"href":"https:\/\/www.korfezdokum.com\/fr\/wp-json\/wp\/v2\/pages"}],"about":[{"href":"https:\/\/www.korfezdokum.com\/fr\/wp-json\/wp\/v2\/types\/page"}],"author":[{"embeddable":true,"href":"https:\/\/www.korfezdokum.com\/fr\/wp-json\/wp\/v2\/users\/1"}],"replies":[{"embeddable":true,"href":"https:\/\/www.korfezdokum.com\/fr\/wp-json\/wp\/v2\/comments?post=3253"}],"version-history":[{"count":0,"href":"https:\/\/www.korfezdokum.com\/fr\/wp-json\/wp\/v2\/pages\/3253\/revisions"}],"wp:attachment":[{"href":"https:\/\/www.korfezdokum.com\/fr\/wp-json\/wp\/v2\/media?parent=3253"}],"curies":[{"name":"wp","href":"https:\/\/api.w.org\/{rel}","templated":true}]}}