{"id":4299,"date":"2022-09-05T14:26:05","date_gmt":"2022-09-05T11:26:05","guid":{"rendered":"https:\/\/korfezdokum.com\/?page_id=4299"},"modified":"2023-03-28T21:25:52","modified_gmt":"2023-03-28T18:25:52","slug":"developpement-durable-et-responsabilite-sociale","status":"publish","type":"page","link":"https:\/\/www.korfezdokum.com\/fr\/developpement-durable-et-responsabilite-sociale\/","title":{"rendered":"D\u00e9veloppement durable et responsabilit\u00e9 sociale"},"content":{"rendered":"<div  id=\"video-background-1\" class=\"ui--video-background-wrapper fullwidth-content clearfix color--dark\" style=\"margin-top: -30px;  margin-bottom: 0px;\"><div class=\"ui--video-background-holder\"><div  class=\"ui--video-background-video hidden-phone \"><\/div><div class=\"ui--video-background-poster\"><\/div><div  class=\"ui--video-background\"><div class=\"ui--gradient\"><\/div><\/div><\/div><div  class=\"ui--section-content container clearfix\" style=\"padding-top: 180px;  padding-bottom: 30px;\"><div  class=\"ui--space clearfix\" data-responsive=\"{&quot;css&quot;:{&quot;height&quot;:{&quot;phone&quot;:null,&quot;tablet&quot;:null,&quot;widescreen&quot;:null}}}\"><\/div><div  class=\"ui--space clearfix\" data-responsive=\"{&quot;css&quot;:{&quot;height&quot;:{&quot;phone&quot;:null,&quot;tablet&quot;:null,&quot;widescreen&quot;:null}}}\"><\/div><h3 id=\"custom-title-h3-1\" class=\"ui--animation \" style=\"text-align: center; margin-bottom: 0px; \"><strong>Nous souhaitons l\u00e9guer aux futures g\u00e9n\u00e9rations un monde sain. <\/strong><\/h3><div  class=\"ui--space clearfix\" data-responsive=\"{&quot;css&quot;:{&quot;height&quot;:{&quot;phone&quot;:null,&quot;tablet&quot;:null,&quot;widescreen&quot;:null}}}\"><\/div><div  class=\"ui--space clearfix\" data-responsive=\"{&quot;css&quot;:{&quot;height&quot;:{&quot;phone&quot;:null,&quot;tablet&quot;:null,&quot;widescreen&quot;:null}}}\"><\/div><div  class=\"ui--space clearfix\" data-responsive=\"{&quot;css&quot;:{&quot;height&quot;:{&quot;phone&quot;:null,&quot;tablet&quot;:null,&quot;widescreen&quot;:null}}}\"><\/div><div  class=\"ui--space clearfix\" data-responsive=\"{&quot;css&quot;:{&quot;height&quot;:{&quot;phone&quot;:null,&quot;tablet&quot;:null,&quot;widescreen&quot;:null}}}\"><\/div><div  class=\"ui--space clearfix\" data-responsive=\"{&quot;css&quot;:{&quot;height&quot;:{&quot;phone&quot;:null,&quot;tablet&quot;:null,&quot;widescreen&quot;:null}}}\"><\/div><\/div><\/div><div  id=\"section-nlv36\" class=\"fullwidth-content ui--section clearfix inner-shadow-1 section-nlv36\"><div  class=\"ui--section-content inner-shadow-1\"><div class=\"container\"><div class=\"auto-format ui--animation\"><h6 style=\"color:#333333;\">La Fonderie Korfez a pour ambition de produire efficacement et avec un haut niveau de qualit\u00e9, pour satisfaire ses clients, r\u00e9duire son impact environnemental et  prot\u00e9ger la nature, en s\u2019assurant que cela s\u2019applique \u00e0 travers toute l\u2019entreprise et par tous ses collaborateurs. Nous pensons qu\u2019en veillant constamment aux \u00e9volutions techniques dans un cadre respectueux de l\u2019environnement, nous pouvons p\u00e9renniser une croissance \u00e0 long terme. <\/br><br \/>\nDans le cadre du d\u00e9veloppement durable, nous menons des \u00e9tudes conjointes  en termes de co\u00fbt, de transport et de qualit\u00e9 et nous remplissons toutes les conditions applicables d\u00e9finies dans notre syst\u00e8me de management de la qualit\u00e9, afin de comprendre les besoins et les attentes de notre client\u00e8le, de fournir des solutions adapt\u00e9es  et de s\u2019assurer de la satisfaction de nos clients.<br \/>\nToutes nos \u00e9quipes sont impliqu\u00e9es dans le d\u00e9veloppement durable et cr\u00e9ent  des solutions \u00e0 forte valeur ajout\u00e9e pour nos clients dans le respect de l\u2019environnement, tout en adoptant les principes du \u00ab lean manufacturing \u00bb pour y parvenir.<\/br><br \/>\nNos recherches sont conduites conform\u00e9ment aux principes de gestion environnementale et d\u2019utilisation efficace des ressources.<\/p>\n<\/h6>\n<\/div><\/div><\/div><\/div><!-- \/.fullwidth-container --><div  id=\"section-og4ty\" class=\"fullwidth-content ui--section clearfix outer-shadow-2 section-og4ty\"><div  class=\"ui--section-content outer-shadow-2\"><div class=\"container\"><div  class=\"ui--space clearfix\" data-responsive=\"{&quot;css&quot;:{&quot;height&quot;:{&quot;phone&quot;:null,&quot;tablet&quot;:null,&quot;widescreen&quot;:null}}}\"><\/div><div  class=\"ui--space clearfix\" data-responsive=\"{&quot;css&quot;:{&quot;height&quot;:{&quot;phone&quot;:null,&quot;tablet&quot;:null,&quot;widescreen&quot;:null}}}\"><\/div><div class=\"ui-row row\">\n <div   class=\"ui-column span6\"><div class=\"ui--image-wrap clearfix\"><img width=\"800\" height=\"526\" src=\"https:\/\/www.korfezdokum.com\/wp-content\/uploads\/2022\/08\/surdurulebilirlik2.webp\" class=\"ui--image ui--animation\" alt=\"\" decoding=\"async\" loading=\"lazy\" title=\"surdurulebilirlik2\" id=\"ui--image-1\" srcset=\"https:\/\/www.korfezdokum.com\/wp-content\/uploads\/2022\/08\/surdurulebilirlik2.webp 800w, https:\/\/www.korfezdokum.com\/wp-content\/uploads\/2022\/08\/surdurulebilirlik2-300x197.webp 300w, https:\/\/www.korfezdokum.com\/wp-content\/uploads\/2022\/08\/surdurulebilirlik2-768x505.webp 768w\" sizes=\"(max-width: 800px) 100vw, 800px\" \/><\/div><\/div> \n\n <div   class=\"ui-column span6\"><div  class=\"ui--space clearfix\" data-responsive=\"{&quot;css&quot;:{&quot;height&quot;:{&quot;phone&quot;:null,&quot;tablet&quot;:null,&quot;widescreen&quot;:null}}}\"><\/div><div class=\"ui--title ui--animation ui--title-bordered-bottom text-center\" style=\"margin-bottom: 24px;\"><div class=\"ui--title-holder\"><h4 class=\"ui--title-text\" style=\"color: #203063 !important;\">Nous sommes soucieux de la sant\u00e9 et de la s\u00e9curit\u00e9 au travail<span style=\"border-color: #E50914 !important;  border-width: 2px;\" class=\"ui--title-borders ui--title-border-bottom\"><\/span><\/h4><\/div><\/div><div class=\"auto-format ui--animation\"><h6 style=\"color:#333333;\">La fonderie Korfez s\u2019assure du respect de la sant\u00e9 et de la s\u00e9curit\u00e9 de ses employ\u00e9s et de ses visiteurs. Nous consid\u00e9rons, que la mise en place d\u2019un syst\u00e8me de s\u00e9curit\u00e9 et de sant\u00e9 au travail permet d\u2019\u00e9viter des accidents potentiels et de r\u00e9duire les risques pour la sant\u00e9.<\/br><br \/>\nLa mise en place de contr\u00f4les, d\u2019audits de suivi, de formations, de revue des proc\u00e9dures de travail et la fourniture d\u2019EPI contribuent \u00e0 rendre l\u2019entreprise plus s\u00fbre et plus saine.<br \/>\n<\/h6>\n<\/div><\/div> \n\n<\/div> \n<div  class=\"ui--space clearfix\" data-responsive=\"{&quot;css&quot;:{&quot;height&quot;:{&quot;phone&quot;:null,&quot;tablet&quot;:null,&quot;widescreen&quot;:null}}}\"><\/div><div  class=\"ui--space clearfix\" data-responsive=\"{&quot;css&quot;:{&quot;height&quot;:{&quot;phone&quot;:null,&quot;tablet&quot;:null,&quot;widescreen&quot;:null}}}\"><\/div><\/div><\/div><\/div><!-- \/.fullwidth-container --><div  id=\"section-og4ty\" class=\"fullwidth-content ui--section clearfix outer-shadow-2 section-og4ty\"><div  class=\"ui--section-content outer-shadow-2\"><div class=\"container\"><div class=\"ui--title ui--animation ui--title-bordered-bottom text-center\" style=\"margin-bottom: 24px;\"><div class=\"ui--title-holder\"><h4 class=\"ui--title-text\" style=\"color: #203063 !important;\">Nous respectons l\u2019environnement<span style=\"border-color: #E50914 !important;  border-width: 2px;\" class=\"ui--title-borders ui--title-border-bottom\"><\/span><\/h4><\/div><\/div><div class=\"auto-format ui--animation\"><h6 style=\"color:#333333;\">La fonderie Korfez prend toutes les mesures n\u00e9cessaires, dans toutes ses activit\u00e9s, pour prot\u00e9ger les sols, l\u2019air, l\u2019eau, la faune et la flore. En utilisant les meilleures technologies, nous souhaitons \u00e9conomiser les ressources naturelles et \u00e9viter le gaspillage. Nous veillons \u00e9galement \u00e0 \u00e9liminer tous les risques, qui pourraient provoquer une pollution de l\u2019environnement. Enfin, nous nous effor\u00e7ons de r\u00e9duire au maximum nos d\u00e9chets et nous nous engageons pour le recyclage.<br \/>\n<\/h6>\n<\/div><\/div><\/div><\/div><!-- \/.fullwidth-container --><div  id=\"section-og4ty\" class=\"fullwidth-content ui--section clearfix outer-shadow-2 section-og4ty\"><div  class=\"ui--section-content outer-shadow-2\"><div class=\"container\"><div class=\"ui--title ui--animation ui--title-bordered-bottom text-center\" style=\"margin-bottom: 24px;\"><div class=\"ui--title-holder\"><h4 class=\"ui--title-text\" style=\"color: #203063 !important;\">Nous agissons selon le principe de \"l'\u00eatre humain d'abord\"<span style=\"border-color: #E50914 !important;  border-width: 2px;\" class=\"ui--title-borders ui--title-border-bottom\"><\/span><\/h4><\/div><\/div><div class=\"auto-format ui--animation\"><h6 style=\"color:#333333;\">\nLa Fonderie Korfez ne pratique aucune discrimination fond\u00e9e sur l&rsquo;\u00e2ge, la race, les croyances, la couleur de peau, le sexe, la langue, la nationalit\u00e9, l&rsquo;\u00e9tat civil, l&rsquo;orientation sexuelle, l&rsquo;anciennet\u00e9, l&rsquo;opinion politique, le statut militaire, le handicap, l&rsquo;invalidit\u00e9 r\u00e9elle ou per\u00e7ue, la religion ou tout autre caract\u00e9ristique prot\u00e9g\u00e9e par la loi. La Fonderie Korfez fonctionne selon le principe de  \u00ab\u00a0l&rsquo;\u00eatre humain d&rsquo;abord\u00a0\u00bb \u00e0 chaque \u00e9tape de la production et du management.  Les employ\u00e9s de l&rsquo;entreprise appr\u00e9cient et respectent les droits individuels et la diversit\u00e9 culturelle de chacun. Il est strictement interdit de se livrer \u00e0 des actes de harc\u00e8lement ou de discrimination \u00e0 l&rsquo;encontre d&rsquo;autrui.<\/br><br \/>\nLes actions susmentionn\u00e9es comprennent :<\/br><br \/>\n\u2022\tLes d\u00e9clarations ou les menaces qui impliquent, associent ou vraisemblablement impliquent un lien entre le statut professionnel de l&#8217;employ\u00e9, ses perspectives de promotion, son niveau de r\u00e9mun\u00e9ration et son consentement au harc\u00e8lement sexuel ;<br \/>\n\u2022\tLes remarques sur l&rsquo;apparence, le corps ou le mode de vie d&rsquo;une personne,qui sont faites en r\u00e9f\u00e9rence \u00e0 la race, au sexe, \u00e0 la nationalit\u00e9, \u00e0 l&rsquo;orientation sexuelle, \u00e0 la religion, au handicap ou \u00e0 toute autre caract\u00e9ristique d&rsquo;une personne ;<br \/>\n\u2022\tdes histoires, des blagues ou des remarques vulgaires ou provocantes concernant la race, le sexe, la nationalit\u00e9, l&rsquo;orientation sexuelle, la religion ou toute autre caract\u00e9ristique d&rsquo;une personne ;<br \/>\n\u2022\tla violence verbale,<br \/>\n\u2022\tLe mobbing (terreur psychique) est le terme utilis\u00e9 pour d\u00e9crire les accusations injustifi\u00e9es, les humiliations, le harc\u00e8lement ou la violence psychologique dirig\u00e9s contre une personne sp\u00e9cifique par un groupe plut\u00f4t que par un individu.<\/p>\n<\/h6>\n<\/div><\/div><\/div><\/div><!-- \/.fullwidth-container --><div class=\"ui--custom-menu-bar ui--gradient ui--gradient-grey hover-effect fullwidth-container ui--height-thin text-center clearfix\" style=\"margin-bottom: -12px;\"><ul class=\"unstyled clearfix\"><li class=\"first-item ui--icon-position-left\" title=\"\"><a href=\"https:\/\/www.korfezdokum.com\/tr\/hakkimizda\/korfez\/\"><i class=\"ui--icon fontawesome-chevron-sign-right icon-inline-block\" style=\"font-size: 18px;  width: 22px;  height: 22px;  color: #E50914 !important;\"><\/i> <strong><font color=\"#203063\">K\u00d6RFEZ<\/font><\/strong> <\/a><\/li><li class=\"ui--icon-position-left\" title=\"\"><a href=\"https:\/\/www.korfezdokum.com\/tr\/hakkimizda\/korfez\/korfez-boru\/\"><i class=\"ui--icon fontawesome-chevron-sign-right icon-inline-block\" style=\"font-size: 18px;  width: 22px;  height: 22px;  color: #E50914 !important;\"><\/i> <strong><font color=\"#203063\">K\u00d6RFEZ Boru<\/font><\/strong> <\/a><\/li><li class=\"ui--icon-position-left\" title=\"\"><a href=\"https:\/\/www.korfezdokum.com\/tr\/hakkimizda\/korfez\/korfez-engineering\/\"><i class=\"ui--icon fontawesome-chevron-sign-right icon-inline-block\" style=\"font-size: 18px;  width: 22px;  height: 22px;  color: #E50914 !important;\"><\/i> <strong><font color=\"#203063\">K\u00d6RFEZ Engineering<\/font><\/strong> <\/a><\/li><li class=\"ui--icon-position-left\" title=\"\"><a href=\"https:\/\/www.korfezdokum.com\/tr\/hakkimizda\/tarihce\/\"><i class=\"ui--icon fontawesome-chevron-sign-right icon-inline-block\" style=\"font-size: 18px;  width: 22px;  height: 22px;  color: #E50914 !important;\"><\/i> <strong><font color=\"#203063\">Tarih\u00e7e<\/font><\/strong> <\/a><\/li><li class=\"last-item ui--icon-position-left\" title=\"\"><a href=\"https:\/\/www.korfezdokum.com\/tr\/hakkimizda\/tesisimiz\/\"><i class=\"ui--icon fontawesome-chevron-sign-right icon-inline-block\" style=\"font-size: 18px;  width: 22px;  height: 22px;  color: #E50914 !important;\"><\/i> <strong><font color=\"#203063\">Tesisimiz<\/font><\/strong> <\/a><\/li><\/ul><\/div>","protected":false},"excerpt":{"rendered":"<p>Nous souhaitons l\u00e9guer aux futures g\u00e9n\u00e9rations un monde sain. La Fonderie Korfez a pour ambition de produire efficacement et avec un haut niveau de qualit\u00e9, pour satisfaire ses clients, r\u00e9duire son impact environnemental et prot\u00e9ger la nature, en s\u2019assurant que cela s\u2019applique \u00e0 travers toute l\u2019entreprise et par tous ses collaborateurs. Nous pensons qu\u2019en veillant [&hellip;]<\/p>\n","protected":false},"author":1,"featured_media":0,"parent":0,"menu_order":0,"comment_status":"closed","ping_status":"closed","template":"","meta":[],"yoast_head":"<!-- This site is optimized with the Yoast SEO plugin v21.4 - https:\/\/yoast.com\/wordpress\/plugins\/seo\/ -->\n<title>D\u00e9veloppement durable et responsabilit\u00e9 sociale &#187; Korfez Foundry<\/title>\n<meta name=\"robots\" content=\"index, follow, max-snippet:-1, max-image-preview:large, max-video-preview:-1\" \/>\n<link rel=\"canonical\" href=\"https:\/\/www.korfezdokum.com\/fr\/developpement-durable-et-responsabilite-sociale\/\" \/>\n<meta property=\"og:locale\" content=\"fr_FR\" \/>\n<meta property=\"og:type\" content=\"article\" \/>\n<meta property=\"og:title\" content=\"D\u00e9veloppement durable et responsabilit\u00e9 sociale &#187; Korfez Foundry\" \/>\n<meta property=\"og:description\" content=\"Nous souhaitons l\u00e9guer aux futures g\u00e9n\u00e9rations un monde sain. La Fonderie Korfez a pour ambition de produire efficacement et avec un haut niveau de qualit\u00e9, pour satisfaire ses clients, r\u00e9duire son impact environnemental et prot\u00e9ger la nature, en s\u2019assurant que cela s\u2019applique \u00e0 travers toute l\u2019entreprise et par tous ses collaborateurs. Nous pensons qu\u2019en veillant [&hellip;]\" \/>\n<meta property=\"og:url\" content=\"https:\/\/www.korfezdokum.com\/fr\/developpement-durable-et-responsabilite-sociale\/\" \/>\n<meta property=\"og:site_name\" content=\"Korfez Foundry\" \/>\n<meta property=\"article:modified_time\" content=\"2023-03-28T18:25:52+00:00\" \/>\n<meta name=\"twitter:card\" content=\"summary_large_image\" \/>\n<script type=\"application\/ld+json\" class=\"yoast-schema-graph\">{\"@context\":\"https:\/\/schema.org\",\"@graph\":[{\"@type\":\"WebPage\",\"@id\":\"https:\/\/www.korfezdokum.com\/fr\/developpement-durable-et-responsabilite-sociale\/\",\"url\":\"https:\/\/www.korfezdokum.com\/fr\/developpement-durable-et-responsabilite-sociale\/\",\"name\":\"D\u00e9veloppement durable et responsabilit\u00e9 sociale &#187; Korfez Foundry\",\"isPartOf\":{\"@id\":\"https:\/\/www.korfezdokum.com\/fr\/#website\"},\"datePublished\":\"2022-09-05T11:26:05+00:00\",\"dateModified\":\"2023-03-28T18:25:52+00:00\",\"breadcrumb\":{\"@id\":\"https:\/\/www.korfezdokum.com\/fr\/developpement-durable-et-responsabilite-sociale\/#breadcrumb\"},\"inLanguage\":\"fr-FR\",\"potentialAction\":[{\"@type\":\"ReadAction\",\"target\":[\"https:\/\/www.korfezdokum.com\/fr\/developpement-durable-et-responsabilite-sociale\/\"]}]},{\"@type\":\"BreadcrumbList\",\"@id\":\"https:\/\/www.korfezdokum.com\/fr\/developpement-durable-et-responsabilite-sociale\/#breadcrumb\",\"itemListElement\":[{\"@type\":\"ListItem\",\"position\":1,\"name\":\"Home\",\"item\":\"https:\/\/www.korfezdokum.com\/fr\/\"},{\"@type\":\"ListItem\",\"position\":2,\"name\":\"D\u00e9veloppement durable et responsabilit\u00e9 sociale\"}]},{\"@type\":\"WebSite\",\"@id\":\"https:\/\/www.korfezdokum.com\/fr\/#website\",\"url\":\"https:\/\/www.korfezdokum.com\/fr\/\",\"name\":\"Korfez Foundry\",\"description\":\"Your solution partner.\",\"publisher\":{\"@id\":\"https:\/\/www.korfezdokum.com\/fr\/#organization\"},\"potentialAction\":[{\"@type\":\"SearchAction\",\"target\":{\"@type\":\"EntryPoint\",\"urlTemplate\":\"https:\/\/www.korfezdokum.com\/fr\/?s={search_term_string}\"},\"query-input\":\"required name=search_term_string\"}],\"inLanguage\":\"fr-FR\"},{\"@type\":\"Organization\",\"@id\":\"https:\/\/www.korfezdokum.com\/fr\/#organization\",\"name\":\"K\u00f6rfez D\u00f6k\u00fcm San. ve Tic. A.\u015e.\",\"url\":\"https:\/\/www.korfezdokum.com\/fr\/\",\"logo\":{\"@type\":\"ImageObject\",\"inLanguage\":\"fr-FR\",\"@id\":\"https:\/\/www.korfezdokum.com\/fr\/#\/schema\/logo\/image\/\",\"url\":\"https:\/\/www.korfezdokum.com\/wp-content\/uploads\/2019\/12\/korfez_logo_web_header.png\",\"contentUrl\":\"https:\/\/www.korfezdokum.com\/wp-content\/uploads\/2019\/12\/korfez_logo_web_header.png\",\"width\":94,\"height\":105,\"caption\":\"K\u00f6rfez D\u00f6k\u00fcm San. ve Tic. A.\u015e.\"},\"image\":{\"@id\":\"https:\/\/www.korfezdokum.com\/fr\/#\/schema\/logo\/image\/\"},\"sameAs\":[\"https:\/\/www.linkedin.com\/company\/korfezdokum\"]}]}<\/script>\n<!-- \/ Yoast SEO plugin. -->","yoast_head_json":{"title":"D\u00e9veloppement durable et responsabilit\u00e9 sociale &#187; Korfez Foundry","robots":{"index":"index","follow":"follow","max-snippet":"max-snippet:-1","max-image-preview":"max-image-preview:large","max-video-preview":"max-video-preview:-1"},"canonical":"https:\/\/www.korfezdokum.com\/fr\/developpement-durable-et-responsabilite-sociale\/","og_locale":"fr_FR","og_type":"article","og_title":"D\u00e9veloppement durable et responsabilit\u00e9 sociale &#187; Korfez Foundry","og_description":"Nous souhaitons l\u00e9guer aux futures g\u00e9n\u00e9rations un monde sain. La Fonderie Korfez a pour ambition de produire efficacement et avec un haut niveau de qualit\u00e9, pour satisfaire ses clients, r\u00e9duire son impact environnemental et prot\u00e9ger la nature, en s\u2019assurant que cela s\u2019applique \u00e0 travers toute l\u2019entreprise et par tous ses collaborateurs. Nous pensons qu\u2019en veillant [&hellip;]","og_url":"https:\/\/www.korfezdokum.com\/fr\/developpement-durable-et-responsabilite-sociale\/","og_site_name":"Korfez Foundry","article_modified_time":"2023-03-28T18:25:52+00:00","twitter_card":"summary_large_image","schema":{"@context":"https:\/\/schema.org","@graph":[{"@type":"WebPage","@id":"https:\/\/www.korfezdokum.com\/fr\/developpement-durable-et-responsabilite-sociale\/","url":"https:\/\/www.korfezdokum.com\/fr\/developpement-durable-et-responsabilite-sociale\/","name":"D\u00e9veloppement durable et responsabilit\u00e9 sociale &#187; Korfez Foundry","isPartOf":{"@id":"https:\/\/www.korfezdokum.com\/fr\/#website"},"datePublished":"2022-09-05T11:26:05+00:00","dateModified":"2023-03-28T18:25:52+00:00","breadcrumb":{"@id":"https:\/\/www.korfezdokum.com\/fr\/developpement-durable-et-responsabilite-sociale\/#breadcrumb"},"inLanguage":"fr-FR","potentialAction":[{"@type":"ReadAction","target":["https:\/\/www.korfezdokum.com\/fr\/developpement-durable-et-responsabilite-sociale\/"]}]},{"@type":"BreadcrumbList","@id":"https:\/\/www.korfezdokum.com\/fr\/developpement-durable-et-responsabilite-sociale\/#breadcrumb","itemListElement":[{"@type":"ListItem","position":1,"name":"Home","item":"https:\/\/www.korfezdokum.com\/fr\/"},{"@type":"ListItem","position":2,"name":"D\u00e9veloppement durable et responsabilit\u00e9 sociale"}]},{"@type":"WebSite","@id":"https:\/\/www.korfezdokum.com\/fr\/#website","url":"https:\/\/www.korfezdokum.com\/fr\/","name":"Korfez Foundry","description":"Your solution partner.","publisher":{"@id":"https:\/\/www.korfezdokum.com\/fr\/#organization"},"potentialAction":[{"@type":"SearchAction","target":{"@type":"EntryPoint","urlTemplate":"https:\/\/www.korfezdokum.com\/fr\/?s={search_term_string}"},"query-input":"required name=search_term_string"}],"inLanguage":"fr-FR"},{"@type":"Organization","@id":"https:\/\/www.korfezdokum.com\/fr\/#organization","name":"K\u00f6rfez D\u00f6k\u00fcm San. ve Tic. A.\u015e.","url":"https:\/\/www.korfezdokum.com\/fr\/","logo":{"@type":"ImageObject","inLanguage":"fr-FR","@id":"https:\/\/www.korfezdokum.com\/fr\/#\/schema\/logo\/image\/","url":"https:\/\/www.korfezdokum.com\/wp-content\/uploads\/2019\/12\/korfez_logo_web_header.png","contentUrl":"https:\/\/www.korfezdokum.com\/wp-content\/uploads\/2019\/12\/korfez_logo_web_header.png","width":94,"height":105,"caption":"K\u00f6rfez D\u00f6k\u00fcm San. ve Tic. A.\u015e."},"image":{"@id":"https:\/\/www.korfezdokum.com\/fr\/#\/schema\/logo\/image\/"},"sameAs":["https:\/\/www.linkedin.com\/company\/korfezdokum"]}]}},"_links":{"self":[{"href":"https:\/\/www.korfezdokum.com\/fr\/wp-json\/wp\/v2\/pages\/4299"}],"collection":[{"href":"https:\/\/www.korfezdokum.com\/fr\/wp-json\/wp\/v2\/pages"}],"about":[{"href":"https:\/\/www.korfezdokum.com\/fr\/wp-json\/wp\/v2\/types\/page"}],"author":[{"embeddable":true,"href":"https:\/\/www.korfezdokum.com\/fr\/wp-json\/wp\/v2\/users\/1"}],"replies":[{"embeddable":true,"href":"https:\/\/www.korfezdokum.com\/fr\/wp-json\/wp\/v2\/comments?post=4299"}],"version-history":[{"count":3,"href":"https:\/\/www.korfezdokum.com\/fr\/wp-json\/wp\/v2\/pages\/4299\/revisions"}],"predecessor-version":[{"id":4506,"href":"https:\/\/www.korfezdokum.com\/fr\/wp-json\/wp\/v2\/pages\/4299\/revisions\/4506"}],"wp:attachment":[{"href":"https:\/\/www.korfezdokum.com\/fr\/wp-json\/wp\/v2\/media?parent=4299"}],"curies":[{"name":"wp","href":"https:\/\/api.w.org\/{rel}","templated":true}]}}