{"id":2829,"date":"2020-06-02T11:06:13","date_gmt":"2020-06-02T08:06:13","guid":{"rendered":"http:\/\/korfezdokum.com\/%d0%b1%d0%b8%d0%bc%d0%b5%d1%82%d0%b0%d0%bb%d0%bb%d0%b8%d1%87%d0%b5%d1%81%d0%ba%d0%be%d0%b5-%d0%bb%d0%b8%d1%82%d1%8c%d0%b5-%d0%b4%d0%b5%d1%82%d0%b0%d0%bb%d0%b5%d0%b9\/"},"modified":"2020-06-02T11:06:13","modified_gmt":"2020-06-02T08:06:13","slug":"%d0%b1%d0%b8%d0%bc%d0%b5%d1%82%d0%b0%d0%bb%d0%bb%d0%b8%d1%87%d0%b5%d1%81%d0%ba%d0%be%d0%b5-%d0%bb%d0%b8%d1%82%d1%8c%d0%b5-%d0%b4%d0%b5%d1%82%d0%b0%d0%bb%d0%b5%d0%b9","status":"publish","type":"page","link":"https:\/\/www.korfezdokum.com\/ru\/%d0%b1%d0%b8%d0%bc%d0%b5%d1%82%d0%b0%d0%bb%d0%bb%d0%b8%d1%87%d0%b5%d1%81%d0%ba%d0%be%d0%b5-%d0%bb%d0%b8%d1%82%d1%8c%d0%b5-%d0%b4%d0%b5%d1%82%d0%b0%d0%bb%d0%b5%d0%b9\/","title":{"rendered":"\u0411\u0438\u043c\u0435\u0442\u0430\u043b\u043b\u0438\u0447\u0435\u0441\u043a\u043e\u0435 \u043b\u0438\u0442\u044c\u0435 \u0434\u0435\u0442\u0430\u043b\u0435\u0439"},"content":{"rendered":"<div  id=\"section-f0fn1\" class=\"fullwidth-content ui--section clearfix inner-shadow-1 section-f0fn1\" style=\"margin-top: -30px;\"><div  class=\"ui--section-content inner-shadow-1\"><div class=\"container\"><div class=\"ui--title ui--animation ui--title-bordered-bottom text-center\"><div class=\"ui--title-holder\"><h4 class=\"ui--title-text\" style=\"color: #203063 !important;\">\u041c\u0435\u0442\u043e\u0434 \u043b\u0438\u0442\u044c\u044f \u0431\u0438\u043c\u0435\u0442\u0430\u043b\u043b\u0438\u0447\u0435\u0441\u043a\u0438\u0445 \u0438\u0437\u0434\u0435\u043b\u0438\u0439<span style=\"border-color: #E50914 !important;  border-width: 2px;\" class=\"ui--title-borders ui--title-border-bottom\"><\/span><\/h4><\/div><\/div><div class=\"ui-row row\">\n <div   class=\"ui-column span6\"><div class=\"auto-format ui--animation\"><h6 style=\"color:#333333;\">\u041b\u0438\u0442\u0435\u0439\u043d\u044b\u0439 \u0437\u0430\u0432\u043e\u0434 Korfez \u043f\u0440\u043e\u0438\u0437\u0432\u043e\u0434\u0438\u0442 \u0431\u0438\u043c\u0435\u0442\u0430\u043b\u043b\u0438\u0447\u0435\u0441\u043a\u0438\u0435 \u043c\u043e\u043b\u043e\u0442\u043a\u0438, \u043f\u0440\u0435\u0434\u043d\u0430\u0437\u043d\u0430\u0447\u0435\u043d\u043d\u044b\u0435 \u0434\u043b\u044f \u0440\u0430\u0437\u043b\u0438\u0447\u043d\u044b\u0445 \u0442\u0438\u043f\u043e\u0432 \u0434\u0440\u043e\u0431\u0438\u043b\u043e\u043a. \u0411\u0438\u043c\u0435\u0442\u0430\u043b\u043b\u0438\u0447\u0435\u0441\u043a\u0438\u0435 \u043c\u043e\u043b\u043e\u0442\u043a\u0438 \u0441\u043e\u0441\u0442\u043e\u044f\u0442 \u0438\u0437 \u0434\u0432\u0443\u0445 \u0440\u0430\u0437\u043b\u0438\u0447\u043d\u044b\u0445 \u043c\u0430\u0442\u0435\u0440\u0438\u0430\u043b\u043e\u0432: \u043f\u0440\u043e\u0447\u043d\u043e\u0433\u043e \u043c\u0430\u0442\u0435\u0440\u0438\u0430\u043b\u0430 \u0432 \u0432\u0430\u043b\u0443 \u0438 \u0442\u0432\u0435\u0440\u0434\u043e\u0433\u043e \u0438 \u0438\u0437\u043d\u043e\u0441\u043e\u0441\u0442\u043e\u0439\u043a\u043e\u0433\u043e \u043c\u0430\u0442\u0435\u0440\u0438\u0430\u043b\u0430 \u0432 \u0440\u0430\u0431\u043e\u0447\u0435\u0439 \u0437\u043e\u043d\u0435. \u0418\u0437\u0434\u0435\u043b\u0438\u044f \u0438\u0437\u0433\u043e\u0442\u0430\u0432\u043b\u0438\u0432\u0430\u0435\u0442\u0441\u044f \u0443\u043d\u0438\u043a\u0430\u043b\u044c\u043d\u044b\u043c \u0441\u043f\u043e\u0441\u043e\u0431\u043e\u043c, \u0442\u0430\u043a \u0447\u0442\u043e \u0434\u0432\u0430 \u043c\u0430\u0442\u0435\u0440\u0438\u0430\u043b\u0430 \u0441\u043e\u0435\u0434\u0438\u043d\u044f\u044e\u0442\u0441\u044f \u0432\u043c\u0435\u0441\u0442\u0435 \u043a\u0430\u043a \u043e\u0434\u043d\u0430 \u0434\u0435\u0442\u0430\u043b\u044c. \u0411\u0438\u043c\u0435\u0442\u0430\u043b\u043b\u0438\u0447\u0435\u0441\u043a\u0438\u0439 \u043c\u043e\u043b\u043e\u0442\u043e\u043a \u0443\u0441\u0442\u043e\u0439\u0447\u0438\u0432 \u043a \u043f\u043e\u043b\u043e\u043c\u043a\u0430\u043c \u0432 \u043e\u0431\u043b\u0430\u0441\u0442\u0438 \u0432\u0430\u043b\u0430 \u0438 \u0443\u0441\u0442\u043e\u0439\u0447\u0438\u0432 \u043a \u0438\u0437\u043d\u043e\u0441\u0443 \u0432 \u0440\u0430\u0431\u043e\u0447\u0435\u0439 \u0437\u043e\u043d\u0435. <\/p>\n<p>\u0418\u0441\u043f\u043e\u043b\u044c\u0437\u043e\u0432\u0430\u043d\u0438\u0435 \u0431\u0438\u043c\u0435\u0442\u0430\u043b\u043b\u0438\u0447\u0435\u0441\u043a\u0438\u0445 \u044d\u043b\u0435\u043c\u0435\u043d\u0442\u043e\u0432 \u043c\u043e\u0436\u0435\u0442 \u043f\u043e\u0432\u044b\u0441\u0438\u0442\u044c \u0438\u0437\u043d\u043e\u0441\u043e\u0441\u0442\u043e\u0439\u043a\u043e\u0441\u0442\u044c \u0438 \u0441\u0440\u043e\u043a \u0441\u043b\u0443\u0436\u0431\u044b, \u0430 \u0442\u0430\u043a\u0436\u0435 \u0437\u043d\u0430\u0447\u0438\u0442\u0435\u043b\u044c\u043d\u043e \u0441\u043e\u043a\u0440\u0430\u0442\u0438\u0442\u044c \u0432\u0440\u0435\u043c\u044f \u043f\u0440\u043e\u0441\u0442\u043e\u044f \u0438 \u0437\u0430\u0442\u0440\u0430\u0442\u044b \u043d\u0430 \u0442\u0435\u0445\u043d\u0438\u0447\u0435\u0441\u043a\u043e\u0435 \u043e\u0431\u0441\u043b\u0443\u0436\u0438\u0432\u0430\u043d\u0438\u0435, \u0447\u0442\u043e \u043e\u0441\u043e\u0431\u0435\u043d\u043d\u043e \u043f\u043e\u043b\u0435\u0437\u043d\u043e \u0432 \u0442\u0435\u0445 \u0441\u043b\u0443\u0447\u0430\u044f\u0445, \u043a\u043e\u0433\u0434\u0430 \u0442\u0440\u0435\u0431\u0443\u044e\u0442\u0441\u044f \u0440\u0430\u0437\u043d\u044b\u0435 \u043c\u0435\u0445\u0430\u043d\u0438\u0447\u0435\u0441\u043a\u0438\u0435 \u0441\u0432\u043e\u0439\u0441\u0442\u0432\u0430 \u0432 \u0440\u0430\u0437\u043d\u044b\u0445 \u043e\u0431\u043b\u0430\u0441\u0442\u044f\u0445 \u0438\u0437\u0434\u0435\u043b\u0438\u0439.<\/h6>\n<\/div><\/div> \n\n <div   class=\"ui-column span6\"><div class=\"ui--image-wrap clearfix text-center ui--block\"><img width=\"1920\" height=\"1080\" src=\"https:\/\/www.korfezdokum.com\/wp-content\/uploads\/2020\/03\/bimetallic_casting.png\" class=\"ui--image ui--animation radius-6px\" alt=\"Korfez Foundry\" decoding=\"async\" loading=\"lazy\" title=\"\u041c\u0435\u0442\u043e\u0434 \u043b\u0438\u0442\u044c\u044f \u0431\u0438\u043c\u0435\u0442\u0430\u043b\u043b\u0438\u0447\u0435\u0441\u043a\u0438\u0445 \u0438\u0437\u0434\u0435\u043b\u0438\u0439\" id=\"ui--image-1\" srcset=\"https:\/\/www.korfezdokum.com\/wp-content\/uploads\/2020\/03\/bimetallic_casting.png 1920w, https:\/\/www.korfezdokum.com\/wp-content\/uploads\/2020\/03\/bimetallic_casting-300x169.png 300w, https:\/\/www.korfezdokum.com\/wp-content\/uploads\/2020\/03\/bimetallic_casting-1024x576.png 1024w, https:\/\/www.korfezdokum.com\/wp-content\/uploads\/2020\/03\/bimetallic_casting-768x432.png 768w, https:\/\/www.korfezdokum.com\/wp-content\/uploads\/2020\/03\/bimetallic_casting-1536x864.png 1536w\" sizes=\"(max-width: 1920px) 100vw, 1920px\" \/><\/div><\/div> \n\n<\/div> \n<div  class=\"ui--space clearfix\" data-responsive=\"{&quot;css&quot;:{&quot;height&quot;:{&quot;phone&quot;:null,&quot;tablet&quot;:null,&quot;widescreen&quot;:null}}}\"><\/div><\/div><\/div><\/div><!-- \/.fullwidth-container --><div class=\"ui--custom-menu-bar ui--gradient ui--gradient-grey hover-effect fullwidth-container ui--height-thin text-center clearfix\" style=\"margin-bottom: -12px;\"><ul class=\"unstyled clearfix\"><li class=\"first-item ui--icon-position-left\" title=\"\"><a href=\"https:\/\/www.korfezdokum.com\/ru\/%d0%ba%d0%be%d0%bc%d0%bf%d0%be%d0%b7%d0%b8%d1%82%d0%bd%d0%be%d0%b5-%d0%bb%d0%b8%d1%82%d1%8c%d0%b5\/\"><i class=\"ui--icon fontawesome-chevron-sign-right icon-inline-block\" style=\"font-size: 18px;  width: 22px;  height: 22px;  color: #E50914 !important;\"><\/i> <strong><font color=\"#203063\">\u041a\u043e\u043c\u043f\u043e\u0437\u0438\u0442\u043d\u043e\u0435 \u043b\u0438\u0442\u044c\u0435<\/font><\/strong> <\/a><\/li><li class=\"last-item ui--icon-position-left\" title=\"\"><a href=\"https:\/\/www.korfezdokum.com\/ru\/%d1%86%d0%b5%d0%bd%d1%82%d1%80%d0%be%d0%b1%d0%b5%d0%b6%d0%bd%d0%be%d0%b5-%d0%bb%d0%b8%d1%82%d1%8c%d0%b5\/\"><i class=\"ui--icon fontawesome-chevron-sign-right icon-inline-block\" style=\"font-size: 18px;  width: 22px;  height: 22px;  color: #E50914 !important;\"><\/i> <strong><font color=\"#203063\">\u0426\u0435\u043d\u0442\u0440\u043e\u0431\u0435\u0436\u043d\u043e\u0435 \u043b\u0438\u0442\u044c\u0435<\/font><\/strong> <\/a><\/li><\/ul><\/div>","protected":false},"excerpt":{"rendered":"<p>\u041c\u0435\u0442\u043e\u0434 \u043b\u0438\u0442\u044c\u044f \u0431\u0438\u043c\u0435\u0442\u0430\u043b\u043b\u0438\u0447\u0435\u0441\u043a\u0438\u0445 \u0438\u0437\u0434\u0435\u043b\u0438\u0439 \u041b\u0438\u0442\u0435\u0439\u043d\u044b\u0439 \u0437\u0430\u0432\u043e\u0434 Korfez \u043f\u0440\u043e\u0438\u0437\u0432\u043e\u0434\u0438\u0442 \u0431\u0438\u043c\u0435\u0442\u0430\u043b\u043b\u0438\u0447\u0435\u0441\u043a\u0438\u0435 \u043c\u043e\u043b\u043e\u0442\u043a\u0438, \u043f\u0440\u0435\u0434\u043d\u0430\u0437\u043d\u0430\u0447\u0435\u043d\u043d\u044b\u0435 \u0434\u043b\u044f \u0440\u0430\u0437\u043b\u0438\u0447\u043d\u044b\u0445 \u0442\u0438\u043f\u043e\u0432 \u0434\u0440\u043e\u0431\u0438\u043b\u043e\u043a. \u0411\u0438\u043c\u0435\u0442\u0430\u043b\u043b\u0438\u0447\u0435\u0441\u043a\u0438\u0435 \u043c\u043e\u043b\u043e\u0442\u043a\u0438 \u0441\u043e\u0441\u0442\u043e\u044f\u0442 \u0438\u0437 \u0434\u0432\u0443\u0445 \u0440\u0430\u0437\u043b\u0438\u0447\u043d\u044b\u0445 \u043c\u0430\u0442\u0435\u0440\u0438\u0430\u043b\u043e\u0432: \u043f\u0440\u043e\u0447\u043d\u043e\u0433\u043e \u043c\u0430\u0442\u0435\u0440\u0438\u0430\u043b\u0430 \u0432 \u0432\u0430\u043b\u0443 \u0438 \u0442\u0432\u0435\u0440\u0434\u043e\u0433\u043e \u0438 \u0438\u0437\u043d\u043e\u0441\u043e\u0441\u0442\u043e\u0439\u043a\u043e\u0433\u043e \u043c\u0430\u0442\u0435\u0440\u0438\u0430\u043b\u0430 \u0432 \u0440\u0430\u0431\u043e\u0447\u0435\u0439 \u0437\u043e\u043d\u0435. \u0418\u0437\u0434\u0435\u043b\u0438\u044f \u0438\u0437\u0433\u043e\u0442\u0430\u0432\u043b\u0438\u0432\u0430\u0435\u0442\u0441\u044f \u0443\u043d\u0438\u043a\u0430\u043b\u044c\u043d\u044b\u043c \u0441\u043f\u043e\u0441\u043e\u0431\u043e\u043c, \u0442\u0430\u043a \u0447\u0442\u043e \u0434\u0432\u0430 \u043c\u0430\u0442\u0435\u0440\u0438\u0430\u043b\u0430 \u0441\u043e\u0435\u0434\u0438\u043d\u044f\u044e\u0442\u0441\u044f \u0432\u043c\u0435\u0441\u0442\u0435 \u043a\u0430\u043a \u043e\u0434\u043d\u0430 \u0434\u0435\u0442\u0430\u043b\u044c. \u0411\u0438\u043c\u0435\u0442\u0430\u043b\u043b\u0438\u0447\u0435\u0441\u043a\u0438\u0439 \u043c\u043e\u043b\u043e\u0442\u043e\u043a \u0443\u0441\u0442\u043e\u0439\u0447\u0438\u0432 \u043a \u043f\u043e\u043b\u043e\u043c\u043a\u0430\u043c \u0432 \u043e\u0431\u043b\u0430\u0441\u0442\u0438 \u0432\u0430\u043b\u0430 [&hellip;]<\/p>\n","protected":false},"author":1,"featured_media":0,"parent":0,"menu_order":0,"comment_status":"closed","ping_status":"closed","template":"","meta":[],"yoast_head":"<!-- This site is optimized with the Yoast SEO plugin v21.4 - https:\/\/yoast.com\/wordpress\/plugins\/seo\/ -->\n<title>\u0411\u0438\u043c\u0435\u0442\u0430\u043b\u043b\u0438\u0447\u0435\u0441\u043a\u043e\u0435 \u043b\u0438\u0442\u044c\u0435 \u0434\u0435\u0442\u0430\u043b\u0435\u0439 &#187; \u041b\u0438\u0442\u0435\u0439\u043d\u044b\u0439 \u0437\u0430\u0432\u043e\u0434 Korfez<\/title>\n<meta name=\"robots\" content=\"index, follow, max-snippet:-1, max-image-preview:large, max-video-preview:-1\" \/>\n<link rel=\"canonical\" href=\"https:\/\/www.korfezdokum.com\/ru\/%d0%b1%d0%b8%d0%bc%d0%b5%d1%82%d0%b0%d0%bb%d0%bb%d0%b8%d1%87%d0%b5%d1%81%d0%ba%d0%be%d0%b5-%d0%bb%d0%b8%d1%82%d1%8c%d0%b5-%d0%b4%d0%b5%d1%82%d0%b0%d0%bb%d0%b5%d0%b9\/\" \/>\n<meta property=\"og:locale\" content=\"ru_RU\" \/>\n<meta property=\"og:type\" content=\"article\" \/>\n<meta property=\"og:title\" content=\"\u0411\u0438\u043c\u0435\u0442\u0430\u043b\u043b\u0438\u0447\u0435\u0441\u043a\u043e\u0435 \u043b\u0438\u0442\u044c\u0435 \u0434\u0435\u0442\u0430\u043b\u0435\u0439 &#187; \u041b\u0438\u0442\u0435\u0439\u043d\u044b\u0439 \u0437\u0430\u0432\u043e\u0434 Korfez\" \/>\n<meta property=\"og:description\" content=\"\u041c\u0435\u0442\u043e\u0434 \u043b\u0438\u0442\u044c\u044f \u0431\u0438\u043c\u0435\u0442\u0430\u043b\u043b\u0438\u0447\u0435\u0441\u043a\u0438\u0445 \u0438\u0437\u0434\u0435\u043b\u0438\u0439 \u041b\u0438\u0442\u0435\u0439\u043d\u044b\u0439 \u0437\u0430\u0432\u043e\u0434 Korfez \u043f\u0440\u043e\u0438\u0437\u0432\u043e\u0434\u0438\u0442 \u0431\u0438\u043c\u0435\u0442\u0430\u043b\u043b\u0438\u0447\u0435\u0441\u043a\u0438\u0435 \u043c\u043e\u043b\u043e\u0442\u043a\u0438, \u043f\u0440\u0435\u0434\u043d\u0430\u0437\u043d\u0430\u0447\u0435\u043d\u043d\u044b\u0435 \u0434\u043b\u044f \u0440\u0430\u0437\u043b\u0438\u0447\u043d\u044b\u0445 \u0442\u0438\u043f\u043e\u0432 \u0434\u0440\u043e\u0431\u0438\u043b\u043e\u043a. \u0411\u0438\u043c\u0435\u0442\u0430\u043b\u043b\u0438\u0447\u0435\u0441\u043a\u0438\u0435 \u043c\u043e\u043b\u043e\u0442\u043a\u0438 \u0441\u043e\u0441\u0442\u043e\u044f\u0442 \u0438\u0437 \u0434\u0432\u0443\u0445 \u0440\u0430\u0437\u043b\u0438\u0447\u043d\u044b\u0445 \u043c\u0430\u0442\u0435\u0440\u0438\u0430\u043b\u043e\u0432: \u043f\u0440\u043e\u0447\u043d\u043e\u0433\u043e \u043c\u0430\u0442\u0435\u0440\u0438\u0430\u043b\u0430 \u0432 \u0432\u0430\u043b\u0443 \u0438 \u0442\u0432\u0435\u0440\u0434\u043e\u0433\u043e \u0438 \u0438\u0437\u043d\u043e\u0441\u043e\u0441\u0442\u043e\u0439\u043a\u043e\u0433\u043e \u043c\u0430\u0442\u0435\u0440\u0438\u0430\u043b\u0430 \u0432 \u0440\u0430\u0431\u043e\u0447\u0435\u0439 \u0437\u043e\u043d\u0435. \u0418\u0437\u0434\u0435\u043b\u0438\u044f \u0438\u0437\u0433\u043e\u0442\u0430\u0432\u043b\u0438\u0432\u0430\u0435\u0442\u0441\u044f \u0443\u043d\u0438\u043a\u0430\u043b\u044c\u043d\u044b\u043c \u0441\u043f\u043e\u0441\u043e\u0431\u043e\u043c, \u0442\u0430\u043a \u0447\u0442\u043e \u0434\u0432\u0430 \u043c\u0430\u0442\u0435\u0440\u0438\u0430\u043b\u0430 \u0441\u043e\u0435\u0434\u0438\u043d\u044f\u044e\u0442\u0441\u044f \u0432\u043c\u0435\u0441\u0442\u0435 \u043a\u0430\u043a \u043e\u0434\u043d\u0430 \u0434\u0435\u0442\u0430\u043b\u044c. \u0411\u0438\u043c\u0435\u0442\u0430\u043b\u043b\u0438\u0447\u0435\u0441\u043a\u0438\u0439 \u043c\u043e\u043b\u043e\u0442\u043e\u043a \u0443\u0441\u0442\u043e\u0439\u0447\u0438\u0432 \u043a \u043f\u043e\u043b\u043e\u043c\u043a\u0430\u043c \u0432 \u043e\u0431\u043b\u0430\u0441\u0442\u0438 \u0432\u0430\u043b\u0430 [&hellip;]\" \/>\n<meta property=\"og:url\" content=\"https:\/\/www.korfezdokum.com\/ru\/%d0%b1%d0%b8%d0%bc%d0%b5%d1%82%d0%b0%d0%bb%d0%bb%d0%b8%d1%87%d0%b5%d1%81%d0%ba%d0%be%d0%b5-%d0%bb%d0%b8%d1%82%d1%8c%d0%b5-%d0%b4%d0%b5%d1%82%d0%b0%d0%bb%d0%b5%d0%b9\/\" \/>\n<meta property=\"og:site_name\" content=\"\u041b\u0438\u0442\u0435\u0439\u043d\u044b\u0439 \u0437\u0430\u0432\u043e\u0434 Korfez\" \/>\n<meta name=\"twitter:card\" content=\"summary_large_image\" \/>\n<script type=\"application\/ld+json\" class=\"yoast-schema-graph\">{\"@context\":\"https:\/\/schema.org\",\"@graph\":[{\"@type\":\"WebPage\",\"@id\":\"https:\/\/www.korfezdokum.com\/ru\/%d0%b1%d0%b8%d0%bc%d0%b5%d1%82%d0%b0%d0%bb%d0%bb%d0%b8%d1%87%d0%b5%d1%81%d0%ba%d0%be%d0%b5-%d0%bb%d0%b8%d1%82%d1%8c%d0%b5-%d0%b4%d0%b5%d1%82%d0%b0%d0%bb%d0%b5%d0%b9\/\",\"url\":\"https:\/\/www.korfezdokum.com\/ru\/%d0%b1%d0%b8%d0%bc%d0%b5%d1%82%d0%b0%d0%bb%d0%bb%d0%b8%d1%87%d0%b5%d1%81%d0%ba%d0%be%d0%b5-%d0%bb%d0%b8%d1%82%d1%8c%d0%b5-%d0%b4%d0%b5%d1%82%d0%b0%d0%bb%d0%b5%d0%b9\/\",\"name\":\"\u0411\u0438\u043c\u0435\u0442\u0430\u043b\u043b\u0438\u0447\u0435\u0441\u043a\u043e\u0435 \u043b\u0438\u0442\u044c\u0435 \u0434\u0435\u0442\u0430\u043b\u0435\u0439 &#187; \u041b\u0438\u0442\u0435\u0439\u043d\u044b\u0439 \u0437\u0430\u0432\u043e\u0434 Korfez\",\"isPartOf\":{\"@id\":\"https:\/\/www.korfezdokum.com\/ru\/#website\"},\"datePublished\":\"2020-06-02T08:06:13+00:00\",\"dateModified\":\"2020-06-02T08:06:13+00:00\",\"breadcrumb\":{\"@id\":\"https:\/\/www.korfezdokum.com\/ru\/%d0%b1%d0%b8%d0%bc%d0%b5%d1%82%d0%b0%d0%bb%d0%bb%d0%b8%d1%87%d0%b5%d1%81%d0%ba%d0%be%d0%b5-%d0%bb%d0%b8%d1%82%d1%8c%d0%b5-%d0%b4%d0%b5%d1%82%d0%b0%d0%bb%d0%b5%d0%b9\/#breadcrumb\"},\"inLanguage\":\"ru-RU\",\"potentialAction\":[{\"@type\":\"ReadAction\",\"target\":[\"https:\/\/www.korfezdokum.com\/ru\/%d0%b1%d0%b8%d0%bc%d0%b5%d1%82%d0%b0%d0%bb%d0%bb%d0%b8%d1%87%d0%b5%d1%81%d0%ba%d0%be%d0%b5-%d0%bb%d0%b8%d1%82%d1%8c%d0%b5-%d0%b4%d0%b5%d1%82%d0%b0%d0%bb%d0%b5%d0%b9\/\"]}]},{\"@type\":\"BreadcrumbList\",\"@id\":\"https:\/\/www.korfezdokum.com\/ru\/%d0%b1%d0%b8%d0%bc%d0%b5%d1%82%d0%b0%d0%bb%d0%bb%d0%b8%d1%87%d0%b5%d1%81%d0%ba%d0%be%d0%b5-%d0%bb%d0%b8%d1%82%d1%8c%d0%b5-%d0%b4%d0%b5%d1%82%d0%b0%d0%bb%d0%b5%d0%b9\/#breadcrumb\",\"itemListElement\":[{\"@type\":\"ListItem\",\"position\":1,\"name\":\"Home\",\"item\":\"https:\/\/www.korfezdokum.com\/ru\/\"},{\"@type\":\"ListItem\",\"position\":2,\"name\":\"\u0411\u0438\u043c\u0435\u0442\u0430\u043b\u043b\u0438\u0447\u0435\u0441\u043a\u043e\u0435 \u043b\u0438\u0442\u044c\u0435 \u0434\u0435\u0442\u0430\u043b\u0435\u0439\"}]},{\"@type\":\"WebSite\",\"@id\":\"https:\/\/www.korfezdokum.com\/ru\/#website\",\"url\":\"https:\/\/www.korfezdokum.com\/ru\/\",\"name\":\"\u041b\u0438\u0442\u0435\u0439\u043d\u044b\u0439 \u0437\u0430\u0432\u043e\u0434 Korfez\",\"description\":\"\u0412\u0430\u0448 \u043f\u0430\u0440\u0442\u043d\u0435\u0440 \u043f\u043e \u0440\u0435\u0448\u0435\u043d\u0438\u044f\u043c.\",\"publisher\":{\"@id\":\"https:\/\/www.korfezdokum.com\/ru\/#organization\"},\"potentialAction\":[{\"@type\":\"SearchAction\",\"target\":{\"@type\":\"EntryPoint\",\"urlTemplate\":\"https:\/\/www.korfezdokum.com\/ru\/?s={search_term_string}\"},\"query-input\":\"required name=search_term_string\"}],\"inLanguage\":\"ru-RU\"},{\"@type\":\"Organization\",\"@id\":\"https:\/\/www.korfezdokum.com\/ru\/#organization\",\"name\":\"K\u00f6rfez D\u00f6k\u00fcm San. ve Tic. A.\u015e.\",\"url\":\"https:\/\/www.korfezdokum.com\/ru\/\",\"logo\":{\"@type\":\"ImageObject\",\"inLanguage\":\"ru-RU\",\"@id\":\"https:\/\/www.korfezdokum.com\/ru\/#\/schema\/logo\/image\/\",\"url\":\"https:\/\/www.korfezdokum.com\/wp-content\/uploads\/2019\/12\/korfez_logo_web_header.png\",\"contentUrl\":\"https:\/\/www.korfezdokum.com\/wp-content\/uploads\/2019\/12\/korfez_logo_web_header.png\",\"width\":94,\"height\":105,\"caption\":\"K\u00f6rfez D\u00f6k\u00fcm San. ve Tic. A.\u015e.\"},\"image\":{\"@id\":\"https:\/\/www.korfezdokum.com\/ru\/#\/schema\/logo\/image\/\"},\"sameAs\":[\"https:\/\/www.linkedin.com\/company\/korfezdokum\"]}]}<\/script>\n<!-- \/ Yoast SEO plugin. -->","yoast_head_json":{"title":"\u0411\u0438\u043c\u0435\u0442\u0430\u043b\u043b\u0438\u0447\u0435\u0441\u043a\u043e\u0435 \u043b\u0438\u0442\u044c\u0435 \u0434\u0435\u0442\u0430\u043b\u0435\u0439 &#187; \u041b\u0438\u0442\u0435\u0439\u043d\u044b\u0439 \u0437\u0430\u0432\u043e\u0434 Korfez","robots":{"index":"index","follow":"follow","max-snippet":"max-snippet:-1","max-image-preview":"max-image-preview:large","max-video-preview":"max-video-preview:-1"},"canonical":"https:\/\/www.korfezdokum.com\/ru\/%d0%b1%d0%b8%d0%bc%d0%b5%d1%82%d0%b0%d0%bb%d0%bb%d0%b8%d1%87%d0%b5%d1%81%d0%ba%d0%be%d0%b5-%d0%bb%d0%b8%d1%82%d1%8c%d0%b5-%d0%b4%d0%b5%d1%82%d0%b0%d0%bb%d0%b5%d0%b9\/","og_locale":"ru_RU","og_type":"article","og_title":"\u0411\u0438\u043c\u0435\u0442\u0430\u043b\u043b\u0438\u0447\u0435\u0441\u043a\u043e\u0435 \u043b\u0438\u0442\u044c\u0435 \u0434\u0435\u0442\u0430\u043b\u0435\u0439 &#187; \u041b\u0438\u0442\u0435\u0439\u043d\u044b\u0439 \u0437\u0430\u0432\u043e\u0434 Korfez","og_description":"\u041c\u0435\u0442\u043e\u0434 \u043b\u0438\u0442\u044c\u044f \u0431\u0438\u043c\u0435\u0442\u0430\u043b\u043b\u0438\u0447\u0435\u0441\u043a\u0438\u0445 \u0438\u0437\u0434\u0435\u043b\u0438\u0439 \u041b\u0438\u0442\u0435\u0439\u043d\u044b\u0439 \u0437\u0430\u0432\u043e\u0434 Korfez \u043f\u0440\u043e\u0438\u0437\u0432\u043e\u0434\u0438\u0442 \u0431\u0438\u043c\u0435\u0442\u0430\u043b\u043b\u0438\u0447\u0435\u0441\u043a\u0438\u0435 \u043c\u043e\u043b\u043e\u0442\u043a\u0438, \u043f\u0440\u0435\u0434\u043d\u0430\u0437\u043d\u0430\u0447\u0435\u043d\u043d\u044b\u0435 \u0434\u043b\u044f \u0440\u0430\u0437\u043b\u0438\u0447\u043d\u044b\u0445 \u0442\u0438\u043f\u043e\u0432 \u0434\u0440\u043e\u0431\u0438\u043b\u043e\u043a. \u0411\u0438\u043c\u0435\u0442\u0430\u043b\u043b\u0438\u0447\u0435\u0441\u043a\u0438\u0435 \u043c\u043e\u043b\u043e\u0442\u043a\u0438 \u0441\u043e\u0441\u0442\u043e\u044f\u0442 \u0438\u0437 \u0434\u0432\u0443\u0445 \u0440\u0430\u0437\u043b\u0438\u0447\u043d\u044b\u0445 \u043c\u0430\u0442\u0435\u0440\u0438\u0430\u043b\u043e\u0432: \u043f\u0440\u043e\u0447\u043d\u043e\u0433\u043e \u043c\u0430\u0442\u0435\u0440\u0438\u0430\u043b\u0430 \u0432 \u0432\u0430\u043b\u0443 \u0438 \u0442\u0432\u0435\u0440\u0434\u043e\u0433\u043e \u0438 \u0438\u0437\u043d\u043e\u0441\u043e\u0441\u0442\u043e\u0439\u043a\u043e\u0433\u043e \u043c\u0430\u0442\u0435\u0440\u0438\u0430\u043b\u0430 \u0432 \u0440\u0430\u0431\u043e\u0447\u0435\u0439 \u0437\u043e\u043d\u0435. \u0418\u0437\u0434\u0435\u043b\u0438\u044f \u0438\u0437\u0433\u043e\u0442\u0430\u0432\u043b\u0438\u0432\u0430\u0435\u0442\u0441\u044f \u0443\u043d\u0438\u043a\u0430\u043b\u044c\u043d\u044b\u043c \u0441\u043f\u043e\u0441\u043e\u0431\u043e\u043c, \u0442\u0430\u043a \u0447\u0442\u043e \u0434\u0432\u0430 \u043c\u0430\u0442\u0435\u0440\u0438\u0430\u043b\u0430 \u0441\u043e\u0435\u0434\u0438\u043d\u044f\u044e\u0442\u0441\u044f \u0432\u043c\u0435\u0441\u0442\u0435 \u043a\u0430\u043a \u043e\u0434\u043d\u0430 \u0434\u0435\u0442\u0430\u043b\u044c. \u0411\u0438\u043c\u0435\u0442\u0430\u043b\u043b\u0438\u0447\u0435\u0441\u043a\u0438\u0439 \u043c\u043e\u043b\u043e\u0442\u043e\u043a \u0443\u0441\u0442\u043e\u0439\u0447\u0438\u0432 \u043a \u043f\u043e\u043b\u043e\u043c\u043a\u0430\u043c \u0432 \u043e\u0431\u043b\u0430\u0441\u0442\u0438 \u0432\u0430\u043b\u0430 [&hellip;]","og_url":"https:\/\/www.korfezdokum.com\/ru\/%d0%b1%d0%b8%d0%bc%d0%b5%d1%82%d0%b0%d0%bb%d0%bb%d0%b8%d1%87%d0%b5%d1%81%d0%ba%d0%be%d0%b5-%d0%bb%d0%b8%d1%82%d1%8c%d0%b5-%d0%b4%d0%b5%d1%82%d0%b0%d0%bb%d0%b5%d0%b9\/","og_site_name":"\u041b\u0438\u0442\u0435\u0439\u043d\u044b\u0439 \u0437\u0430\u0432\u043e\u0434 Korfez","twitter_card":"summary_large_image","schema":{"@context":"https:\/\/schema.org","@graph":[{"@type":"WebPage","@id":"https:\/\/www.korfezdokum.com\/ru\/%d0%b1%d0%b8%d0%bc%d0%b5%d1%82%d0%b0%d0%bb%d0%bb%d0%b8%d1%87%d0%b5%d1%81%d0%ba%d0%be%d0%b5-%d0%bb%d0%b8%d1%82%d1%8c%d0%b5-%d0%b4%d0%b5%d1%82%d0%b0%d0%bb%d0%b5%d0%b9\/","url":"https:\/\/www.korfezdokum.com\/ru\/%d0%b1%d0%b8%d0%bc%d0%b5%d1%82%d0%b0%d0%bb%d0%bb%d0%b8%d1%87%d0%b5%d1%81%d0%ba%d0%be%d0%b5-%d0%bb%d0%b8%d1%82%d1%8c%d0%b5-%d0%b4%d0%b5%d1%82%d0%b0%d0%bb%d0%b5%d0%b9\/","name":"\u0411\u0438\u043c\u0435\u0442\u0430\u043b\u043b\u0438\u0447\u0435\u0441\u043a\u043e\u0435 \u043b\u0438\u0442\u044c\u0435 \u0434\u0435\u0442\u0430\u043b\u0435\u0439 &#187; \u041b\u0438\u0442\u0435\u0439\u043d\u044b\u0439 \u0437\u0430\u0432\u043e\u0434 Korfez","isPartOf":{"@id":"https:\/\/www.korfezdokum.com\/ru\/#website"},"datePublished":"2020-06-02T08:06:13+00:00","dateModified":"2020-06-02T08:06:13+00:00","breadcrumb":{"@id":"https:\/\/www.korfezdokum.com\/ru\/%d0%b1%d0%b8%d0%bc%d0%b5%d1%82%d0%b0%d0%bb%d0%bb%d0%b8%d1%87%d0%b5%d1%81%d0%ba%d0%be%d0%b5-%d0%bb%d0%b8%d1%82%d1%8c%d0%b5-%d0%b4%d0%b5%d1%82%d0%b0%d0%bb%d0%b5%d0%b9\/#breadcrumb"},"inLanguage":"ru-RU","potentialAction":[{"@type":"ReadAction","target":["https:\/\/www.korfezdokum.com\/ru\/%d0%b1%d0%b8%d0%bc%d0%b5%d1%82%d0%b0%d0%bb%d0%bb%d0%b8%d1%87%d0%b5%d1%81%d0%ba%d0%be%d0%b5-%d0%bb%d0%b8%d1%82%d1%8c%d0%b5-%d0%b4%d0%b5%d1%82%d0%b0%d0%bb%d0%b5%d0%b9\/"]}]},{"@type":"BreadcrumbList","@id":"https:\/\/www.korfezdokum.com\/ru\/%d0%b1%d0%b8%d0%bc%d0%b5%d1%82%d0%b0%d0%bb%d0%bb%d0%b8%d1%87%d0%b5%d1%81%d0%ba%d0%be%d0%b5-%d0%bb%d0%b8%d1%82%d1%8c%d0%b5-%d0%b4%d0%b5%d1%82%d0%b0%d0%bb%d0%b5%d0%b9\/#breadcrumb","itemListElement":[{"@type":"ListItem","position":1,"name":"Home","item":"https:\/\/www.korfezdokum.com\/ru\/"},{"@type":"ListItem","position":2,"name":"\u0411\u0438\u043c\u0435\u0442\u0430\u043b\u043b\u0438\u0447\u0435\u0441\u043a\u043e\u0435 \u043b\u0438\u0442\u044c\u0435 \u0434\u0435\u0442\u0430\u043b\u0435\u0439"}]},{"@type":"WebSite","@id":"https:\/\/www.korfezdokum.com\/ru\/#website","url":"https:\/\/www.korfezdokum.com\/ru\/","name":"\u041b\u0438\u0442\u0435\u0439\u043d\u044b\u0439 \u0437\u0430\u0432\u043e\u0434 Korfez","description":"\u0412\u0430\u0448 \u043f\u0430\u0440\u0442\u043d\u0435\u0440 \u043f\u043e \u0440\u0435\u0448\u0435\u043d\u0438\u044f\u043c.","publisher":{"@id":"https:\/\/www.korfezdokum.com\/ru\/#organization"},"potentialAction":[{"@type":"SearchAction","target":{"@type":"EntryPoint","urlTemplate":"https:\/\/www.korfezdokum.com\/ru\/?s={search_term_string}"},"query-input":"required name=search_term_string"}],"inLanguage":"ru-RU"},{"@type":"Organization","@id":"https:\/\/www.korfezdokum.com\/ru\/#organization","name":"K\u00f6rfez D\u00f6k\u00fcm San. ve Tic. A.\u015e.","url":"https:\/\/www.korfezdokum.com\/ru\/","logo":{"@type":"ImageObject","inLanguage":"ru-RU","@id":"https:\/\/www.korfezdokum.com\/ru\/#\/schema\/logo\/image\/","url":"https:\/\/www.korfezdokum.com\/wp-content\/uploads\/2019\/12\/korfez_logo_web_header.png","contentUrl":"https:\/\/www.korfezdokum.com\/wp-content\/uploads\/2019\/12\/korfez_logo_web_header.png","width":94,"height":105,"caption":"K\u00f6rfez D\u00f6k\u00fcm San. ve Tic. A.\u015e."},"image":{"@id":"https:\/\/www.korfezdokum.com\/ru\/#\/schema\/logo\/image\/"},"sameAs":["https:\/\/www.linkedin.com\/company\/korfezdokum"]}]}},"_links":{"self":[{"href":"https:\/\/www.korfezdokum.com\/ru\/wp-json\/wp\/v2\/pages\/2829"}],"collection":[{"href":"https:\/\/www.korfezdokum.com\/ru\/wp-json\/wp\/v2\/pages"}],"about":[{"href":"https:\/\/www.korfezdokum.com\/ru\/wp-json\/wp\/v2\/types\/page"}],"author":[{"embeddable":true,"href":"https:\/\/www.korfezdokum.com\/ru\/wp-json\/wp\/v2\/users\/1"}],"replies":[{"embeddable":true,"href":"https:\/\/www.korfezdokum.com\/ru\/wp-json\/wp\/v2\/comments?post=2829"}],"version-history":[{"count":0,"href":"https:\/\/www.korfezdokum.com\/ru\/wp-json\/wp\/v2\/pages\/2829\/revisions"}],"wp:attachment":[{"href":"https:\/\/www.korfezdokum.com\/ru\/wp-json\/wp\/v2\/media?parent=2829"}],"curies":[{"name":"wp","href":"https:\/\/api.w.org\/{rel}","templated":true}]}}