{"id":2129,"date":"2020-04-06T22:21:41","date_gmt":"2020-04-06T19:21:41","guid":{"rendered":"http:\/\/korfezdokum.com\/hakkimizda\/"},"modified":"2022-01-17T16:21:54","modified_gmt":"2022-01-17T13:21:54","slug":"hakkimizda","status":"publish","type":"page","link":"https:\/\/www.korfezdokum.com\/tr\/hakkimizda\/","title":{"rendered":"Hakk\u0131m\u0131zda"},"content":{"rendered":"","protected":false},"excerpt":{"rendered":"","protected":false},"author":1,"featured_media":0,"parent":0,"menu_order":0,"comment_status":"closed","ping_status":"closed","template":"","meta":[],"yoast_head":"<!-- This site is optimized with the Yoast SEO plugin v21.4 - https:\/\/yoast.com\/wordpress\/plugins\/seo\/ -->\n<title>Kocaeli K\u00f6rfez D\u00f6k\u00fcm &#187; T\u00fcrkiye Kocaeli D\u00f6k\u00fcmhane&#187; Hakk\u0131m\u0131zda<\/title>\n<meta name=\"description\" content=\"T\u00fcrkiye Kocaeli K\u00f6rfez D\u00f6k\u00fcm, \u00e7imento ve madencilik sekt\u00f6rleri i\u00e7in T\u00fcrk d\u00f6k\u00fcm sanayinde etkin \u00e7\u00f6z\u00fcmler \u00fcretir.\" \/>\n<meta name=\"robots\" content=\"index, follow, max-snippet:-1, max-image-preview:large, max-video-preview:-1\" \/>\n<link rel=\"canonical\" href=\"https:\/\/www.korfezdokum.com\/tr\/hakkimizda\/\" \/>\n<meta property=\"og:locale\" content=\"tr_TR\" \/>\n<meta property=\"og:type\" content=\"article\" \/>\n<meta property=\"og:title\" content=\"Kocaeli K\u00f6rfez D\u00f6k\u00fcm &#187; T\u00fcrkiye Kocaeli D\u00f6k\u00fcmhane&#187; Hakk\u0131m\u0131zda\" \/>\n<meta property=\"og:description\" content=\"T\u00fcrkiye Kocaeli K\u00f6rfez D\u00f6k\u00fcm, \u00e7imento ve madencilik sekt\u00f6rleri i\u00e7in T\u00fcrk d\u00f6k\u00fcm sanayinde etkin \u00e7\u00f6z\u00fcmler \u00fcretir.\" \/>\n<meta property=\"og:url\" content=\"https:\/\/www.korfezdokum.com\/tr\/hakkimizda\/\" \/>\n<meta property=\"og:site_name\" content=\"K\u00f6rfez D\u00f6k\u00fcm\" \/>\n<meta property=\"article:modified_time\" content=\"2022-01-17T13:21:54+00:00\" \/>\n<meta name=\"twitter:card\" content=\"summary_large_image\" \/>\n<script type=\"application\/ld+json\" class=\"yoast-schema-graph\">{\"@context\":\"https:\/\/schema.org\",\"@graph\":[{\"@type\":\"WebPage\",\"@id\":\"https:\/\/www.korfezdokum.com\/tr\/hakkimizda\/\",\"url\":\"https:\/\/www.korfezdokum.com\/tr\/hakkimizda\/\",\"name\":\"Kocaeli K\u00f6rfez D\u00f6k\u00fcm &#187; T\u00fcrkiye Kocaeli D\u00f6k\u00fcmhane&#187; Hakk\u0131m\u0131zda\",\"isPartOf\":{\"@id\":\"https:\/\/www.korfezdokum.com\/tr\/#website\"},\"datePublished\":\"2020-04-06T19:21:41+00:00\",\"dateModified\":\"2022-01-17T13:21:54+00:00\",\"description\":\"T\u00fcrkiye Kocaeli K\u00f6rfez D\u00f6k\u00fcm, \u00e7imento ve madencilik sekt\u00f6rleri i\u00e7in T\u00fcrk d\u00f6k\u00fcm sanayinde etkin \u00e7\u00f6z\u00fcmler \u00fcretir.\",\"breadcrumb\":{\"@id\":\"https:\/\/www.korfezdokum.com\/tr\/hakkimizda\/#breadcrumb\"},\"inLanguage\":\"tr\",\"potentialAction\":[{\"@type\":\"ReadAction\",\"target\":[\"https:\/\/www.korfezdokum.com\/tr\/hakkimizda\/\"]}]},{\"@type\":\"BreadcrumbList\",\"@id\":\"https:\/\/www.korfezdokum.com\/tr\/hakkimizda\/#breadcrumb\",\"itemListElement\":[{\"@type\":\"ListItem\",\"position\":1,\"name\":\"Home\",\"item\":\"https:\/\/www.korfezdokum.com\/tr\/\"},{\"@type\":\"ListItem\",\"position\":2,\"name\":\"Hakk\u0131m\u0131zda\"}]},{\"@type\":\"WebSite\",\"@id\":\"https:\/\/www.korfezdokum.com\/tr\/#website\",\"url\":\"https:\/\/www.korfezdokum.com\/tr\/\",\"name\":\"K\u00f6rfez D\u00f6k\u00fcm\",\"description\":\"\u00c7\u00f6z\u00fcm Orta\u011f\u0131n\u0131z.\",\"publisher\":{\"@id\":\"https:\/\/www.korfezdokum.com\/tr\/#organization\"},\"potentialAction\":[{\"@type\":\"SearchAction\",\"target\":{\"@type\":\"EntryPoint\",\"urlTemplate\":\"https:\/\/www.korfezdokum.com\/tr\/?s={search_term_string}\"},\"query-input\":\"required name=search_term_string\"}],\"inLanguage\":\"tr\"},{\"@type\":\"Organization\",\"@id\":\"https:\/\/www.korfezdokum.com\/tr\/#organization\",\"name\":\"K\u00f6rfez D\u00f6k\u00fcm San. ve Tic. A.\u015e.\",\"url\":\"https:\/\/www.korfezdokum.com\/tr\/\",\"logo\":{\"@type\":\"ImageObject\",\"inLanguage\":\"tr\",\"@id\":\"https:\/\/www.korfezdokum.com\/tr\/#\/schema\/logo\/image\/\",\"url\":\"https:\/\/www.korfezdokum.com\/wp-content\/uploads\/2019\/12\/korfez_logo_web_header.png\",\"contentUrl\":\"https:\/\/www.korfezdokum.com\/wp-content\/uploads\/2019\/12\/korfez_logo_web_header.png\",\"width\":94,\"height\":105,\"caption\":\"K\u00f6rfez D\u00f6k\u00fcm San. ve Tic. A.\u015e.\"},\"image\":{\"@id\":\"https:\/\/www.korfezdokum.com\/tr\/#\/schema\/logo\/image\/\"},\"sameAs\":[\"https:\/\/www.linkedin.com\/company\/korfezdokum\"]}]}<\/script>\n<!-- \/ Yoast SEO plugin. -->","yoast_head_json":{"title":"Kocaeli K\u00f6rfez D\u00f6k\u00fcm &#187; T\u00fcrkiye Kocaeli D\u00f6k\u00fcmhane&#187; Hakk\u0131m\u0131zda","description":"T\u00fcrkiye Kocaeli K\u00f6rfez D\u00f6k\u00fcm, \u00e7imento ve madencilik sekt\u00f6rleri i\u00e7in T\u00fcrk d\u00f6k\u00fcm sanayinde etkin \u00e7\u00f6z\u00fcmler \u00fcretir.","robots":{"index":"index","follow":"follow","max-snippet":"max-snippet:-1","max-image-preview":"max-image-preview:large","max-video-preview":"max-video-preview:-1"},"canonical":"https:\/\/www.korfezdokum.com\/tr\/hakkimizda\/","og_locale":"tr_TR","og_type":"article","og_title":"Kocaeli K\u00f6rfez D\u00f6k\u00fcm &#187; T\u00fcrkiye Kocaeli D\u00f6k\u00fcmhane&#187; Hakk\u0131m\u0131zda","og_description":"T\u00fcrkiye Kocaeli K\u00f6rfez D\u00f6k\u00fcm, \u00e7imento ve madencilik sekt\u00f6rleri i\u00e7in T\u00fcrk d\u00f6k\u00fcm sanayinde etkin \u00e7\u00f6z\u00fcmler \u00fcretir.","og_url":"https:\/\/www.korfezdokum.com\/tr\/hakkimizda\/","og_site_name":"K\u00f6rfez D\u00f6k\u00fcm","article_modified_time":"2022-01-17T13:21:54+00:00","twitter_card":"summary_large_image","schema":{"@context":"https:\/\/schema.org","@graph":[{"@type":"WebPage","@id":"https:\/\/www.korfezdokum.com\/tr\/hakkimizda\/","url":"https:\/\/www.korfezdokum.com\/tr\/hakkimizda\/","name":"Kocaeli K\u00f6rfez D\u00f6k\u00fcm &#187; T\u00fcrkiye Kocaeli D\u00f6k\u00fcmhane&#187; Hakk\u0131m\u0131zda","isPartOf":{"@id":"https:\/\/www.korfezdokum.com\/tr\/#website"},"datePublished":"2020-04-06T19:21:41+00:00","dateModified":"2022-01-17T13:21:54+00:00","description":"T\u00fcrkiye Kocaeli K\u00f6rfez D\u00f6k\u00fcm, \u00e7imento ve madencilik sekt\u00f6rleri i\u00e7in T\u00fcrk d\u00f6k\u00fcm sanayinde etkin \u00e7\u00f6z\u00fcmler \u00fcretir.","breadcrumb":{"@id":"https:\/\/www.korfezdokum.com\/tr\/hakkimizda\/#breadcrumb"},"inLanguage":"tr","potentialAction":[{"@type":"ReadAction","target":["https:\/\/www.korfezdokum.com\/tr\/hakkimizda\/"]}]},{"@type":"BreadcrumbList","@id":"https:\/\/www.korfezdokum.com\/tr\/hakkimizda\/#breadcrumb","itemListElement":[{"@type":"ListItem","position":1,"name":"Home","item":"https:\/\/www.korfezdokum.com\/tr\/"},{"@type":"ListItem","position":2,"name":"Hakk\u0131m\u0131zda"}]},{"@type":"WebSite","@id":"https:\/\/www.korfezdokum.com\/tr\/#website","url":"https:\/\/www.korfezdokum.com\/tr\/","name":"K\u00f6rfez D\u00f6k\u00fcm","description":"\u00c7\u00f6z\u00fcm Orta\u011f\u0131n\u0131z.","publisher":{"@id":"https:\/\/www.korfezdokum.com\/tr\/#organization"},"potentialAction":[{"@type":"SearchAction","target":{"@type":"EntryPoint","urlTemplate":"https:\/\/www.korfezdokum.com\/tr\/?s={search_term_string}"},"query-input":"required name=search_term_string"}],"inLanguage":"tr"},{"@type":"Organization","@id":"https:\/\/www.korfezdokum.com\/tr\/#organization","name":"K\u00f6rfez D\u00f6k\u00fcm San. ve Tic. A.\u015e.","url":"https:\/\/www.korfezdokum.com\/tr\/","logo":{"@type":"ImageObject","inLanguage":"tr","@id":"https:\/\/www.korfezdokum.com\/tr\/#\/schema\/logo\/image\/","url":"https:\/\/www.korfezdokum.com\/wp-content\/uploads\/2019\/12\/korfez_logo_web_header.png","contentUrl":"https:\/\/www.korfezdokum.com\/wp-content\/uploads\/2019\/12\/korfez_logo_web_header.png","width":94,"height":105,"caption":"K\u00f6rfez D\u00f6k\u00fcm San. ve Tic. A.\u015e."},"image":{"@id":"https:\/\/www.korfezdokum.com\/tr\/#\/schema\/logo\/image\/"},"sameAs":["https:\/\/www.linkedin.com\/company\/korfezdokum"]}]}},"_links":{"self":[{"href":"https:\/\/www.korfezdokum.com\/tr\/wp-json\/wp\/v2\/pages\/2129"}],"collection":[{"href":"https:\/\/www.korfezdokum.com\/tr\/wp-json\/wp\/v2\/pages"}],"about":[{"href":"https:\/\/www.korfezdokum.com\/tr\/wp-json\/wp\/v2\/types\/page"}],"author":[{"embeddable":true,"href":"https:\/\/www.korfezdokum.com\/tr\/wp-json\/wp\/v2\/users\/1"}],"replies":[{"embeddable":true,"href":"https:\/\/www.korfezdokum.com\/tr\/wp-json\/wp\/v2\/comments?post=2129"}],"version-history":[{"count":1,"href":"https:\/\/www.korfezdokum.com\/tr\/wp-json\/wp\/v2\/pages\/2129\/revisions"}],"predecessor-version":[{"id":2130,"href":"https:\/\/www.korfezdokum.com\/tr\/wp-json\/wp\/v2\/pages\/2129\/revisions\/2130"}],"wp:attachment":[{"href":"https:\/\/www.korfezdokum.com\/tr\/wp-json\/wp\/v2\/media?parent=2129"}],"curies":[{"name":"wp","href":"https:\/\/api.w.org\/{rel}","templated":true}]}}