{"id":2321,"date":"2020-04-17T21:13:48","date_gmt":"2020-04-17T18:13:48","guid":{"rendered":"http:\/\/korfezdokum.com\/hakkimizda\/korfez\/"},"modified":"2022-10-04T17:21:36","modified_gmt":"2022-10-04T14:21:36","slug":"korfez","status":"publish","type":"page","link":"https:\/\/www.korfezdokum.com\/tr\/hakkimizda\/korfez\/","title":{"rendered":"K\u00d6RFEZ"},"content":{"rendered":"<div  id=\"video-background-1\" class=\"ui--video-background-wrapper fullwidth-content clearfix color--dark\" style=\"margin-top: -30px;  margin-bottom: 0px;\"><div class=\"ui--video-background-holder\"><div  class=\"ui--video-background-video hidden-phone \"><\/div><div class=\"ui--video-background-poster\"><\/div><div  class=\"ui--video-background\"><div class=\"ui--gradient\"><\/div><\/div><\/div><div  class=\"ui--section-content container clearfix\" style=\"padding-top: 180px;  padding-bottom: 30px;\"><div  class=\"ui--space clearfix\" data-responsive=\"{&quot;css&quot;:{&quot;height&quot;:{&quot;phone&quot;:null,&quot;tablet&quot;:null,&quot;widescreen&quot;:null}}}\"><\/div><div  class=\"ui--space clearfix\" data-responsive=\"{&quot;css&quot;:{&quot;height&quot;:{&quot;phone&quot;:null,&quot;tablet&quot;:null,&quot;widescreen&quot;:null}}}\"><\/div><h3 id=\"custom-title-h3-1\" class=\"ui--animation \" style=\"text-align: center; \"><strong>K\u00d6RFEZ <br><br>\u00c7imento ve madencilik sekt\u00f6rleri i\u00e7in \u00fcretim yapan, alan\u0131nda lider bir tedarik\u00e7i<\/strong><\/h3><div  class=\"ui--space clearfix\" data-responsive=\"{&quot;css&quot;:{&quot;height&quot;:{&quot;phone&quot;:null,&quot;tablet&quot;:null,&quot;widescreen&quot;:null}}}\"><\/div><div  class=\"ui--space clearfix\" data-responsive=\"{&quot;css&quot;:{&quot;height&quot;:{&quot;phone&quot;:null,&quot;tablet&quot;:null,&quot;widescreen&quot;:null}}}\"><\/div><div  class=\"ui--space clearfix\" data-responsive=\"{&quot;css&quot;:{&quot;height&quot;:{&quot;phone&quot;:null,&quot;tablet&quot;:null,&quot;widescreen&quot;:null}}}\"><\/div><div  class=\"ui--space clearfix\" data-responsive=\"{&quot;css&quot;:{&quot;height&quot;:{&quot;phone&quot;:null,&quot;tablet&quot;:null,&quot;widescreen&quot;:null}}}\"><\/div><div  class=\"ui--space clearfix\" data-responsive=\"{&quot;css&quot;:{&quot;height&quot;:{&quot;phone&quot;:null,&quot;tablet&quot;:null,&quot;widescreen&quot;:null}}}\"><\/div><\/div><\/div><div  id=\"section-nlv36\" class=\"fullwidth-content ui--section clearfix inner-shadow-1 section-nlv36\"><div  class=\"ui--section-content inner-shadow-1\"><div class=\"container\"><div class=\"ui--title ui--animation ui--title-bordered-bottom text-center\" style=\"margin-bottom: 24px;\"><div class=\"ui--title-holder\"><h4 class=\"ui--title-text\" style=\"color: #203063 !important;\">\u00c7\u00f6z\u00fcm Orta\u011f\u0131n\u0131z<span style=\"border-color: #E50914 !important;  border-width: 2px;\" class=\"ui--title-borders ui--title-border-bottom\"><\/span><\/h4><\/div><\/div><div class=\"ui-row row\">\n <div   class=\"ui-column span6\"><div class=\"auto-format ui--animation\"><h6 style=\"color:#333333;\">K\u00f6rfez D\u00f6k\u00fcm, \u00e7imento ve madencilik sekt\u00f6rleri i\u00e7in etkin \u00e7\u00f6z\u00fcmler \u00fcretir. K\u00f6rfez\u2019in ana faaliyet alan\u0131; ba\u015fta \u0131s\u0131ya, a\u015f\u0131nmaya ve darbeye dayan\u0131kl\u0131 \u00e7elikler olmak \u00fczere ala\u015f\u0131ml\u0131 d\u00f6k\u00fcm \u00e7eliklerdir. <\/p>\n<p>\u00dcr\u00fcnlerimiz, m\u00fc\u015fteri \u00e7izim ve \u015fartnamelerine g\u00f6re; i\u015fleme, y\u00fczey i\u015fleme ve montaj gibi ek i\u015flemlerle \u00fcretilir ve m\u00fc\u015fterilerimize sevk edilir. \u00dcretimimizin %90&#8217;den fazlas\u0131n\u0131 6 k\u0131tada 80 \u00fclkeye ihra\u00e7 etmekteyiz.Ar\u015fivimizde 40.000&#8217;den fazla model bulunmaktad\u0131r. 0,5 ile 8000 kg aras\u0131nda d\u00f6k\u00fcm par\u00e7a \u00fcretebilmekte olup ayl\u0131k kapasitemiz 800 tona a\u015fmaktad\u0131r.<\/p>\n<p>Dilovas\u0131ndaki entegre tesisimizde 18.000 m<sup>2<\/sup> kapal\u0131 alanda, toplamda ise 40.000 m<sup>2<\/sup> alanda hizmet vermekteyiz.<\/h6>\n<\/div><\/div> \n\n <div   class=\"ui-column span6\"><div class=\"text-center\"><div  class=\"ui--space clearfix\" data-responsive=\"{&quot;css&quot;:{&quot;height&quot;:{&quot;phone&quot;:&quot;0px&quot;,&quot;tablet&quot;:&quot;0px&quot;,&quot;widescreen&quot;:null}}}\"><\/div><div class=\"ui--image-wrap clearfix ui--animation text-center ui--block\"><div class=\"ui--image-inline-block\"><img width=\"1920\" height=\"1080\" src=\"https:\/\/www.korfezdokum.com\/wp-content\/uploads\/2020\/02\/about_company_title_1-1.png\" class=\"ui--image radius-6px\" alt=\"\" decoding=\"async\" loading=\"lazy\" title=\"\u00c7imento ve madencilik sekt\u00f6rleri i\u00e7in \u00fcretim yapan, alan\u0131nda lider bir tedarik\u00e7i\" id=\"ui--image-1\" srcset=\"https:\/\/www.korfezdokum.com\/wp-content\/uploads\/2020\/02\/about_company_title_1-1.png 1920w, https:\/\/www.korfezdokum.com\/wp-content\/uploads\/2020\/02\/about_company_title_1-1-300x169.png 300w, https:\/\/www.korfezdokum.com\/wp-content\/uploads\/2020\/02\/about_company_title_1-1-1024x576.png 1024w, https:\/\/www.korfezdokum.com\/wp-content\/uploads\/2020\/02\/about_company_title_1-1-768x432.png 768w, https:\/\/www.korfezdokum.com\/wp-content\/uploads\/2020\/02\/about_company_title_1-1-1536x864.png 1536w, https:\/\/www.korfezdokum.com\/wp-content\/uploads\/2020\/02\/about_company_title_1-1-500x281.png 500w\" sizes=\"(max-width: 1920px) 100vw, 1920px\" \/><div class=\"ui--shadow ui--shadow-type-1 ui--shadow-abs clearfix\"><img src=\"https:\/\/www.korfezdokum.com\/wp-content\/themes\/envision\/includes\/modules\/module.shadow\/shadows\/shadow-1.png\" alt=\"shadow\" \/><\/div><\/div><\/div><\/div><\/div> \n\n<\/div> \n<\/div><\/div><\/div><!-- \/.fullwidth-container --><div  id=\"section-og4ty\" class=\"fullwidth-content ui--section clearfix outer-shadow-2 section-og4ty\"><div  class=\"ui--section-content outer-shadow-2\"><div class=\"container\"><div class=\"ui--title ui--animation ui--title-bordered-bottom text-center\" style=\"margin-bottom: 24px;\"><div class=\"ui--title-holder\"><h4 class=\"ui--title-text\" style=\"color: #203063 !important;\">K\u00d6RFEZ, d\u00fcnyan\u0131n her yerinde<span style=\"border-color: #E50914 !important;  border-width: 2px;\" class=\"ui--title-borders ui--title-border-bottom\"><\/span><\/h4><\/div><\/div><div class=\"ui-row row\">\n <div   class=\"ui-column span6\"><div class=\"ui--image-wrap clearfix text-center ui--block\"><img width=\"1920\" height=\"1080\" src=\"https:\/\/www.korfezdokum.com\/wp-content\/uploads\/2020\/02\/about_company_title2.png\" class=\"ui--image ui--animation radius-6px\" alt=\"K\u00f6rfez Foundry\" decoding=\"async\" loading=\"lazy\" title=\"K\u00d6RFEZ, d\u00fcnyan\u0131n her yerinde\" id=\"ui--image-2\" srcset=\"https:\/\/www.korfezdokum.com\/wp-content\/uploads\/2020\/02\/about_company_title2.png 1920w, https:\/\/www.korfezdokum.com\/wp-content\/uploads\/2020\/02\/about_company_title2-300x169.png 300w, https:\/\/www.korfezdokum.com\/wp-content\/uploads\/2020\/02\/about_company_title2-1024x576.png 1024w, https:\/\/www.korfezdokum.com\/wp-content\/uploads\/2020\/02\/about_company_title2-768x432.png 768w, https:\/\/www.korfezdokum.com\/wp-content\/uploads\/2020\/02\/about_company_title2-1536x864.png 1536w\" sizes=\"(max-width: 1920px) 100vw, 1920px\" \/><\/div><\/div> \n\n <div   class=\"ui-column span6\"><div class=\"auto-format ui--animation\"><h6 style=\"color:#333333;\">6 k\u0131tada 80\u2019den fazla \u00fclkeye, \u00fcretimimizin %90\u2019\u0131n\u0131 ihra\u00e7 etmekteyiz.  A\u011f\u0131rl\u0131kl\u0131 olarak a\u015fa\u011f\u0131daki ala\u015f\u0131mlarla \u00e7al\u0131\u015fmaktay\u0131z:<\/h6>\n<\/div><ul class=\"ui--list list-font-icon parent-1\"><li class=\"child-1 total-7 ui--animation\"><i class=\"list-icon 14px fontawesome-check-sign\" style=\"color: #E50914 !important;\"><\/i>Karbon \u00e7elikleri,<\/li><li class=\"child-2 total-7 ui--animation\"><i class=\"list-icon 14px fontawesome-check-sign\" style=\"color: #E50914 !important;\"><\/i>D\u00fc\u015f\u00fck, orta ve y\u00fcksek ala\u015f\u0131ml\u0131 \u00e7elikler,<\/li><li class=\"child-3 total-7 ui--animation\"><i class=\"list-icon 14px fontawesome-check-sign\" style=\"color: #E50914 !important;\"><\/i>Is\u0131ya dayan\u0131kl\u0131 y\u00fcksek kromlu \/ y\u00fcksek nikelli \u00e7elikler,<\/li><li class=\"child-4 total-7 ui--animation\"><i class=\"list-icon 14px fontawesome-check-sign\" style=\"color: #E50914 !important;\"><\/i>Y\u00fcksek kromlu ve Ni-Hard tipi a\u015f\u0131nmaya dayan\u0131kl\u0131 \u00e7elikler,<\/li><li class=\"child-5 total-7 ui--animation\"><i class=\"list-icon 14px fontawesome-check-sign\" style=\"color: #E50914 !important;\"><\/i>Darbeye dayan\u0131kl\u0131 manganl\u0131 \u00e7elikler,<\/li><li class=\"child-6 total-7 ui--animation\"><i class=\"list-icon 14px fontawesome-check-sign\" style=\"color: #E50914 !important;\"><\/i>Ala\u015f\u0131ml\u0131 d\u00f6kme demir \u00e7e\u015fitleri,<\/li><li class=\"child-7 total-7 ui--animation\"><i class=\"list-icon 14px fontawesome-check-sign\" style=\"color: #E50914 !important;\"><\/i>Bimetal D\u00f6k\u00fcmler.<\/li>  <\/ul><\/div> \n\n<\/div> \n<\/div><\/div><\/div><!-- \/.fullwidth-container --><div  id=\"section-nlv36\" class=\"fullwidth-content ui--section clearfix inner-shadow-1 section-nlv36\"><div  class=\"ui--section-content inner-shadow-1\" style=\"padding-bottom: 24px;\"><div class=\"container\"><div class=\"ui--title ui--animation ui--title-bordered-bottom text-center\" style=\"margin-bottom: 24px;\"><div class=\"ui--title-holder\"><h4 class=\"ui--title-text\" style=\"color: #203063 !important;\">M\u00fc\u015fteri Odakl\u0131 En \u0130yi \u00c7\u00f6z\u00fcmler<span style=\"border-color: #E50914 !important;  border-width: 2px;\" class=\"ui--title-borders ui--title-border-bottom\"><\/span><\/h4><\/div><\/div><div class=\"ui-row row\">\n <div   class=\"ui-column span6\"><div class=\"auto-format ui--animation\"><h6 style=\"color:#333333;\">Sekt\u00f6rler i\u00e7in, m\u00fc\u015fteriye \u00f6zel y\u00fcksek kaliteli \u00e7\u00f6z\u00fcmlerimiz:<\/h6>\n<\/div><div class=\"ui-row row\">\n <div   class=\"ui-column span6\"><ul class=\"ui--list list-font-icon parent-2\"><li class=\"child-1 total-7 ui--animation\"><i class=\"list-icon 14px fontawesome-check-sign\" style=\"color: #E50914 !important;\"><\/i>\u00c7eki\u00e7li K\u0131r\u0131c\u0131lar<\/li><li class=\"child-2 total-7 ui--animation\"><i class=\"list-icon 14px fontawesome-check-sign\" style=\"color: #E50914 !important;\"><\/i>Valsli K\u0131r\u0131c\u0131lar<\/li><li class=\"child-3 total-7 ui--animation\"><i class=\"list-icon 14px fontawesome-check-sign\" style=\"color: #E50914 !important;\"><\/i>Darbeli K\u0131r\u0131c\u0131lar<\/li><li class=\"child-4 total-7 ui--animation\"><i class=\"list-icon 14px fontawesome-check-sign\" style=\"color: #E50914 !important;\"><\/i>\u00c7eneli K\u0131r\u0131c\u0131lar<\/li><li class=\"child-5 total-7 ui--animation\"><i class=\"list-icon 14px fontawesome-check-sign\" style=\"color: #E50914 !important;\"><\/i>Konik K\u0131r\u0131c\u0131lar<\/li><li class=\"child-6 total-7 ui--animation\"><i class=\"list-icon 14px fontawesome-check-sign\" style=\"color: #E50914 !important;\"><\/i>Tamburlu De\u011firmenler<\/li><li class=\"child-7 total-7 ui--animation\"><i class=\"list-icon 14px fontawesome-check-sign\" style=\"color: #E50914 !important;\"><\/i>Dik De\u011firmenler<\/li>  <\/ul><\/div> \n\n <div   class=\"ui-column span6\"><ul class=\"ui--list list-font-icon parent-3\"><li class=\"child-1 total-7 ui--animation\"><i class=\"list-icon 14px fontawesome-check-sign\" style=\"color: #E50914 !important;\"><\/i>\u00c7eki\u00e7li De\u011firmenler<\/li><li class=\"child-2 total-7 ui--animation\"><i class=\"list-icon 14px fontawesome-check-sign\" style=\"color: #E50914 !important;\"><\/i>Valsli De\u011firmenler<\/li><li class=\"child-3 total-7 ui--animation\"><i class=\"list-icon 14px fontawesome-check-sign\" style=\"color: #E50914 !important;\"><\/i>D\u00f6ner F\u0131r\u0131n<\/li><li class=\"child-4 total-7 ui--animation\"><i class=\"list-icon 14px fontawesome-check-sign\" style=\"color: #E50914 !important;\"><\/i>So\u011futucu Sistemleri<\/li><li class=\"child-5 total-7 ui--animation\"><i class=\"list-icon 14px fontawesome-check-sign\" style=\"color: #E50914 !important;\"><\/i>\u00d6n Is\u0131t\u0131c\u0131lar<\/li><li class=\"child-6 total-7 ui--animation\"><i class=\"list-icon 14px fontawesome-check-sign\" style=\"color: #E50914 !important;\"><\/i>Yakma Sistemleri<\/li><li class=\"child-7 total-7 ui--animation\"><i class=\"list-icon 14px fontawesome-check-sign\" style=\"color: #E50914 !important;\"><\/i>Kazanlar<\/li>  <\/ul><\/div> \n\n<\/div><\/div> \n\n <div   class=\"ui-column span6\"><div class=\"ui--image-wrap clearfix\"><img width=\"1920\" height=\"1080\" src=\"https:\/\/www.korfezdokum.com\/wp-content\/uploads\/2020\/03\/company_title_3.png\" class=\"ui--image ui--animation\" alt=\"Best custom-based solutions\" decoding=\"async\" loading=\"lazy\" title=\"M\u00fc\u015fteri Odakl\u0131 En \u0130yi \u00c7\u00f6z\u00fcmler\" id=\"ui--image-3\" srcset=\"https:\/\/www.korfezdokum.com\/wp-content\/uploads\/2020\/03\/company_title_3.png 1920w, https:\/\/www.korfezdokum.com\/wp-content\/uploads\/2020\/03\/company_title_3-300x169.png 300w, https:\/\/www.korfezdokum.com\/wp-content\/uploads\/2020\/03\/company_title_3-1024x576.png 1024w, https:\/\/www.korfezdokum.com\/wp-content\/uploads\/2020\/03\/company_title_3-768x432.png 768w, https:\/\/www.korfezdokum.com\/wp-content\/uploads\/2020\/03\/company_title_3-1536x864.png 1536w\" sizes=\"(max-width: 1920px) 100vw, 1920px\" \/><\/div><\/div> \n\n<\/div> \n<\/div><\/div><\/div><!-- \/.fullwidth-container --><div  id=\"section-og4ty\" class=\"fullwidth-content ui--section clearfix outer-shadow-2 section-og4ty\"><div  class=\"ui--section-content outer-shadow-2\"><div class=\"container\"><div class=\"ui--title ui--animation ui--title-bordered-bottom text-center\"><div class=\"ui--title-holder\"><h3 class=\"ui--title-text\" style=\"color: #203063 !important;\">\u0130\u015f Orta\u011f\u0131n\u0131z<span style=\"border-color: #E50914 !important;  border-width: 2px;\" class=\"ui--title-borders ui--title-border-bottom\"><\/span><\/h3><\/div><\/div><div  class=\"ui--space clearfix\" data-responsive=\"{&quot;css&quot;:{&quot;height&quot;:{&quot;phone&quot;:null,&quot;tablet&quot;:null,&quot;widescreen&quot;:null}}}\"><\/div><div class=\"ui-row row\">\n <div   class=\"ui-column span2\"><div class=\"auto-format ui--animation\"><\/div><\/div> \n\n <div   class=\"ui-column span8\"><div class=\"ui--video-wrapper clearfix\"><div class=\"ui--video ui--video-16-9\" style=\"padding-bottom: 56.25%;\"><iframe title=\"Korfez Foundry Corporate Video \/ K\u00f6rfez D\u00f6k\u00fcm Kurumsal Video\" width=\"960\" height=\"540\" src=\"https:\/\/www.youtube.com\/embed\/E0Gsx2Dm9PY?wmode=transparent&amp;vq=hd1080&amp;rel=0&amp;showinfo=0&amp;iframe=1&amp;fs=1&amp;modestbranding=0&amp;autoplay=0&amp;theme=dark&feature=oembed\" frameborder=\"0\" allow=\"accelerometer; autoplay; clipboard-write; encrypted-media; gyroscope; picture-in-picture; web-share\" referrerpolicy=\"strict-origin-when-cross-origin\" allowfullscreen><\/iframe><\/div><div class=\"ui--shadow ui--shadow-type-1  clearfix\"><img src=\"https:\/\/www.korfezdokum.com\/wp-content\/themes\/envision\/includes\/modules\/module.shadow\/shadows\/shadow-1.png\" alt=\"shadow\" \/><\/div><\/div><\/div> \n\n <div   class=\"ui-column span2\"><div class=\"auto-format ui--animation\"><\/div><\/div> \n\n<\/div> \n<div  class=\"ui--space clearfix\" data-responsive=\"{&quot;css&quot;:{&quot;height&quot;:{&quot;phone&quot;:null,&quot;tablet&quot;:null,&quot;widescreen&quot;:null}}}\"><\/div><\/div><\/div><\/div><!-- \/.fullwidth-container --><div class=\"ui--custom-menu-bar ui--gradient ui--gradient-grey hover-effect fullwidth-container ui--height-thin text-center clearfix\" style=\"margin-bottom: -12px;\"><ul class=\"unstyled clearfix\"><li class=\"first-item ui--icon-position-left\" title=\"\"><a href=\"https:\/\/www.korfezdokum.com\/korfez-centrifuge\/\"><i class=\"ui--icon fontawesome-chevron-sign-right icon-inline-block\" style=\"font-size: 18px;  width: 22px;  height: 22px;  color: #E50914 !important;\"><\/i> <strong><font color=\"#203063\">K\u00d6RFEZ Boru<\/font><\/strong> <\/a><\/li><li class=\"ui--icon-position-left\" title=\"\"><a href=\"https:\/\/www.korfezdokum.com\/korfez-engineering\/\"><i class=\"ui--icon fontawesome-chevron-sign-right icon-inline-block\" style=\"font-size: 18px;  width: 22px;  height: 22px;  color: #E50914 !important;\"><\/i> <strong><font color=\"#203063\">K\u00d6RFEZ Engineering<\/font><\/strong> <\/a><\/li><li class=\"ui--icon-position-left\" title=\"\"><a href=\"https:\/\/www.korfezdokum.com\/history\/\"><i class=\"ui--icon fontawesome-chevron-sign-right icon-inline-block\" style=\"font-size: 18px;  width: 22px;  height: 22px;  color: #E50914 !important;\"><\/i> <strong><font color=\"#203063\">Tarih\u00e7e<\/font><\/strong> <\/a><\/li><li class=\"ui--icon-position-left\" title=\"\"><a href=\"https:\/\/www.korfezdokum.com\/facility\/\"><i class=\"ui--icon fontawesome-chevron-sign-right icon-inline-block\" style=\"font-size: 18px;  width: 22px;  height: 22px;  color: #E50914 !important;\"><\/i> <strong><font color=\"#203063\">Tesisimiz<\/font><\/strong> <\/a><\/li><li class=\"last-item ui--icon-position-left\" title=\"\"><a href=\"https:\/\/www.korfezdokum.com\/quality-policy\/\"><i class=\"ui--icon fontawesome-chevron-sign-right icon-inline-block\" style=\"font-size: 18px;  width: 22px;  height: 22px;  color: #E50914 !important;\"><\/i> <strong><font color=\"#203063\">Kalite<\/font><\/strong> <\/a><\/li><\/ul><\/div>","protected":false},"excerpt":{"rendered":"<p>K\u00d6RFEZ \u00c7imento ve madencilik sekt\u00f6rleri i\u00e7in \u00fcretim yapan, alan\u0131nda lider bir tedarik\u00e7i\u00c7\u00f6z\u00fcm Orta\u011f\u0131n\u0131z K\u00f6rfez D\u00f6k\u00fcm, \u00e7imento ve madencilik sekt\u00f6rleri i\u00e7in etkin \u00e7\u00f6z\u00fcmler \u00fcretir. K\u00f6rfez\u2019in ana faaliyet alan\u0131; ba\u015fta \u0131s\u0131ya, a\u015f\u0131nmaya ve darbeye dayan\u0131kl\u0131 \u00e7elikler olmak \u00fczere ala\u015f\u0131ml\u0131 d\u00f6k\u00fcm \u00e7eliklerdir. \u00dcr\u00fcnlerimiz, m\u00fc\u015fteri \u00e7izim ve \u015fartnamelerine g\u00f6re; i\u015fleme, y\u00fczey i\u015fleme ve montaj gibi ek i\u015flemlerle \u00fcretilir ve [&hellip;]<\/p>\n","protected":false},"author":1,"featured_media":0,"parent":2129,"menu_order":0,"comment_status":"closed","ping_status":"closed","template":"","meta":[],"yoast_head":"<!-- This site is optimized with the Yoast SEO plugin v21.4 - https:\/\/yoast.com\/wordpress\/plugins\/seo\/ -->\n<title>Kocaeli K\u00f6rfez D\u00f6k\u00fcm &#187; T\u00fcrkiye Kocaeli D\u00f6k\u00fcmhane&#187; K\u00f6rfez D\u00f6k\u00fcm<\/title>\n<meta name=\"description\" content=\"T\u00fcrkiye Kocaeli K\u00f6rfez D\u00f6k\u00fcm, T\u00fcrk d\u00f6k\u00fcm sanayiinde \u00e7imento ve madencilik sekt\u00f6rleri i\u00e7in etkin \u00e7\u00f6z\u00fcmler \u00fcretir.\" \/>\n<meta name=\"robots\" content=\"index, follow, max-snippet:-1, max-image-preview:large, max-video-preview:-1\" \/>\n<link rel=\"canonical\" href=\"https:\/\/www.korfezdokum.com\/tr\/hakkimizda\/korfez\/\" \/>\n<meta property=\"og:locale\" content=\"tr_TR\" \/>\n<meta property=\"og:type\" content=\"article\" \/>\n<meta property=\"og:title\" content=\"Kocaeli K\u00f6rfez D\u00f6k\u00fcm &#187; T\u00fcrkiye Kocaeli D\u00f6k\u00fcmhane&#187; K\u00f6rfez D\u00f6k\u00fcm\" \/>\n<meta property=\"og:description\" content=\"T\u00fcrkiye Kocaeli K\u00f6rfez D\u00f6k\u00fcm, T\u00fcrk d\u00f6k\u00fcm sanayiinde \u00e7imento ve madencilik sekt\u00f6rleri i\u00e7in etkin \u00e7\u00f6z\u00fcmler \u00fcretir.\" \/>\n<meta property=\"og:url\" content=\"https:\/\/www.korfezdokum.com\/tr\/hakkimizda\/korfez\/\" \/>\n<meta property=\"og:site_name\" content=\"K\u00f6rfez D\u00f6k\u00fcm\" \/>\n<meta property=\"article:modified_time\" content=\"2022-10-04T14:21:36+00:00\" \/>\n<meta name=\"twitter:card\" content=\"summary_large_image\" \/>\n<script type=\"application\/ld+json\" class=\"yoast-schema-graph\">{\"@context\":\"https:\/\/schema.org\",\"@graph\":[{\"@type\":\"WebPage\",\"@id\":\"https:\/\/www.korfezdokum.com\/tr\/hakkimizda\/korfez\/\",\"url\":\"https:\/\/www.korfezdokum.com\/tr\/hakkimizda\/korfez\/\",\"name\":\"Kocaeli K\u00f6rfez D\u00f6k\u00fcm &#187; T\u00fcrkiye Kocaeli D\u00f6k\u00fcmhane&#187; K\u00f6rfez D\u00f6k\u00fcm\",\"isPartOf\":{\"@id\":\"https:\/\/www.korfezdokum.com\/tr\/#website\"},\"datePublished\":\"2020-04-17T18:13:48+00:00\",\"dateModified\":\"2022-10-04T14:21:36+00:00\",\"description\":\"T\u00fcrkiye Kocaeli K\u00f6rfez D\u00f6k\u00fcm, T\u00fcrk d\u00f6k\u00fcm sanayiinde \u00e7imento ve madencilik sekt\u00f6rleri i\u00e7in etkin \u00e7\u00f6z\u00fcmler \u00fcretir.\",\"breadcrumb\":{\"@id\":\"https:\/\/www.korfezdokum.com\/tr\/hakkimizda\/korfez\/#breadcrumb\"},\"inLanguage\":\"tr\",\"potentialAction\":[{\"@type\":\"ReadAction\",\"target\":[\"https:\/\/www.korfezdokum.com\/tr\/hakkimizda\/korfez\/\"]}]},{\"@type\":\"BreadcrumbList\",\"@id\":\"https:\/\/www.korfezdokum.com\/tr\/hakkimizda\/korfez\/#breadcrumb\",\"itemListElement\":[{\"@type\":\"ListItem\",\"position\":1,\"name\":\"Home\",\"item\":\"https:\/\/www.korfezdokum.com\/tr\/\"},{\"@type\":\"ListItem\",\"position\":2,\"name\":\"Hakk\u0131m\u0131zda\",\"item\":\"https:\/\/www.korfezdokum.com\/tr\/hakkimizda\/\"},{\"@type\":\"ListItem\",\"position\":3,\"name\":\"K\u00d6RFEZ\"}]},{\"@type\":\"WebSite\",\"@id\":\"https:\/\/www.korfezdokum.com\/tr\/#website\",\"url\":\"https:\/\/www.korfezdokum.com\/tr\/\",\"name\":\"K\u00f6rfez D\u00f6k\u00fcm\",\"description\":\"\u00c7\u00f6z\u00fcm Orta\u011f\u0131n\u0131z.\",\"publisher\":{\"@id\":\"https:\/\/www.korfezdokum.com\/tr\/#organization\"},\"potentialAction\":[{\"@type\":\"SearchAction\",\"target\":{\"@type\":\"EntryPoint\",\"urlTemplate\":\"https:\/\/www.korfezdokum.com\/tr\/?s={search_term_string}\"},\"query-input\":\"required name=search_term_string\"}],\"inLanguage\":\"tr\"},{\"@type\":\"Organization\",\"@id\":\"https:\/\/www.korfezdokum.com\/tr\/#organization\",\"name\":\"K\u00f6rfez D\u00f6k\u00fcm San. ve Tic. A.\u015e.\",\"url\":\"https:\/\/www.korfezdokum.com\/tr\/\",\"logo\":{\"@type\":\"ImageObject\",\"inLanguage\":\"tr\",\"@id\":\"https:\/\/www.korfezdokum.com\/tr\/#\/schema\/logo\/image\/\",\"url\":\"https:\/\/www.korfezdokum.com\/wp-content\/uploads\/2019\/12\/korfez_logo_web_header.png\",\"contentUrl\":\"https:\/\/www.korfezdokum.com\/wp-content\/uploads\/2019\/12\/korfez_logo_web_header.png\",\"width\":94,\"height\":105,\"caption\":\"K\u00f6rfez D\u00f6k\u00fcm San. ve Tic. A.\u015e.\"},\"image\":{\"@id\":\"https:\/\/www.korfezdokum.com\/tr\/#\/schema\/logo\/image\/\"},\"sameAs\":[\"https:\/\/www.linkedin.com\/company\/korfezdokum\"]}]}<\/script>\n<!-- \/ Yoast SEO plugin. -->","yoast_head_json":{"title":"Kocaeli K\u00f6rfez D\u00f6k\u00fcm &#187; T\u00fcrkiye Kocaeli D\u00f6k\u00fcmhane&#187; K\u00f6rfez D\u00f6k\u00fcm","description":"T\u00fcrkiye Kocaeli K\u00f6rfez D\u00f6k\u00fcm, T\u00fcrk d\u00f6k\u00fcm sanayiinde \u00e7imento ve madencilik sekt\u00f6rleri i\u00e7in etkin \u00e7\u00f6z\u00fcmler \u00fcretir.","robots":{"index":"index","follow":"follow","max-snippet":"max-snippet:-1","max-image-preview":"max-image-preview:large","max-video-preview":"max-video-preview:-1"},"canonical":"https:\/\/www.korfezdokum.com\/tr\/hakkimizda\/korfez\/","og_locale":"tr_TR","og_type":"article","og_title":"Kocaeli K\u00f6rfez D\u00f6k\u00fcm &#187; T\u00fcrkiye Kocaeli D\u00f6k\u00fcmhane&#187; K\u00f6rfez D\u00f6k\u00fcm","og_description":"T\u00fcrkiye Kocaeli K\u00f6rfez D\u00f6k\u00fcm, T\u00fcrk d\u00f6k\u00fcm sanayiinde \u00e7imento ve madencilik sekt\u00f6rleri i\u00e7in etkin \u00e7\u00f6z\u00fcmler \u00fcretir.","og_url":"https:\/\/www.korfezdokum.com\/tr\/hakkimizda\/korfez\/","og_site_name":"K\u00f6rfez D\u00f6k\u00fcm","article_modified_time":"2022-10-04T14:21:36+00:00","twitter_card":"summary_large_image","schema":{"@context":"https:\/\/schema.org","@graph":[{"@type":"WebPage","@id":"https:\/\/www.korfezdokum.com\/tr\/hakkimizda\/korfez\/","url":"https:\/\/www.korfezdokum.com\/tr\/hakkimizda\/korfez\/","name":"Kocaeli K\u00f6rfez D\u00f6k\u00fcm &#187; T\u00fcrkiye Kocaeli D\u00f6k\u00fcmhane&#187; K\u00f6rfez D\u00f6k\u00fcm","isPartOf":{"@id":"https:\/\/www.korfezdokum.com\/tr\/#website"},"datePublished":"2020-04-17T18:13:48+00:00","dateModified":"2022-10-04T14:21:36+00:00","description":"T\u00fcrkiye Kocaeli K\u00f6rfez D\u00f6k\u00fcm, T\u00fcrk d\u00f6k\u00fcm sanayiinde \u00e7imento ve madencilik sekt\u00f6rleri i\u00e7in etkin \u00e7\u00f6z\u00fcmler \u00fcretir.","breadcrumb":{"@id":"https:\/\/www.korfezdokum.com\/tr\/hakkimizda\/korfez\/#breadcrumb"},"inLanguage":"tr","potentialAction":[{"@type":"ReadAction","target":["https:\/\/www.korfezdokum.com\/tr\/hakkimizda\/korfez\/"]}]},{"@type":"BreadcrumbList","@id":"https:\/\/www.korfezdokum.com\/tr\/hakkimizda\/korfez\/#breadcrumb","itemListElement":[{"@type":"ListItem","position":1,"name":"Home","item":"https:\/\/www.korfezdokum.com\/tr\/"},{"@type":"ListItem","position":2,"name":"Hakk\u0131m\u0131zda","item":"https:\/\/www.korfezdokum.com\/tr\/hakkimizda\/"},{"@type":"ListItem","position":3,"name":"K\u00d6RFEZ"}]},{"@type":"WebSite","@id":"https:\/\/www.korfezdokum.com\/tr\/#website","url":"https:\/\/www.korfezdokum.com\/tr\/","name":"K\u00f6rfez D\u00f6k\u00fcm","description":"\u00c7\u00f6z\u00fcm Orta\u011f\u0131n\u0131z.","publisher":{"@id":"https:\/\/www.korfezdokum.com\/tr\/#organization"},"potentialAction":[{"@type":"SearchAction","target":{"@type":"EntryPoint","urlTemplate":"https:\/\/www.korfezdokum.com\/tr\/?s={search_term_string}"},"query-input":"required name=search_term_string"}],"inLanguage":"tr"},{"@type":"Organization","@id":"https:\/\/www.korfezdokum.com\/tr\/#organization","name":"K\u00f6rfez D\u00f6k\u00fcm San. ve Tic. A.\u015e.","url":"https:\/\/www.korfezdokum.com\/tr\/","logo":{"@type":"ImageObject","inLanguage":"tr","@id":"https:\/\/www.korfezdokum.com\/tr\/#\/schema\/logo\/image\/","url":"https:\/\/www.korfezdokum.com\/wp-content\/uploads\/2019\/12\/korfez_logo_web_header.png","contentUrl":"https:\/\/www.korfezdokum.com\/wp-content\/uploads\/2019\/12\/korfez_logo_web_header.png","width":94,"height":105,"caption":"K\u00f6rfez D\u00f6k\u00fcm San. ve Tic. A.\u015e."},"image":{"@id":"https:\/\/www.korfezdokum.com\/tr\/#\/schema\/logo\/image\/"},"sameAs":["https:\/\/www.linkedin.com\/company\/korfezdokum"]}]}},"_links":{"self":[{"href":"https:\/\/www.korfezdokum.com\/tr\/wp-json\/wp\/v2\/pages\/2321"}],"collection":[{"href":"https:\/\/www.korfezdokum.com\/tr\/wp-json\/wp\/v2\/pages"}],"about":[{"href":"https:\/\/www.korfezdokum.com\/tr\/wp-json\/wp\/v2\/types\/page"}],"author":[{"embeddable":true,"href":"https:\/\/www.korfezdokum.com\/tr\/wp-json\/wp\/v2\/users\/1"}],"replies":[{"embeddable":true,"href":"https:\/\/www.korfezdokum.com\/tr\/wp-json\/wp\/v2\/comments?post=2321"}],"version-history":[{"count":3,"href":"https:\/\/www.korfezdokum.com\/tr\/wp-json\/wp\/v2\/pages\/2321\/revisions"}],"predecessor-version":[{"id":4316,"href":"https:\/\/www.korfezdokum.com\/tr\/wp-json\/wp\/v2\/pages\/2321\/revisions\/4316"}],"up":[{"embeddable":true,"href":"https:\/\/www.korfezdokum.com\/tr\/wp-json\/wp\/v2\/pages\/2129"}],"wp:attachment":[{"href":"https:\/\/www.korfezdokum.com\/tr\/wp-json\/wp\/v2\/media?parent=2321"}],"curies":[{"name":"wp","href":"https:\/\/api.w.org\/{rel}","templated":true}]}}