{"id":2329,"date":"2020-04-18T11:10:28","date_gmt":"2020-04-18T08:10:28","guid":{"rendered":"http:\/\/korfezdokum.com\/hakkimizda\/tarihce\/"},"modified":"2020-04-18T11:10:28","modified_gmt":"2020-04-18T08:10:28","slug":"tarihce","status":"publish","type":"page","link":"https:\/\/www.korfezdokum.com\/tr\/hakkimizda\/tarihce\/","title":{"rendered":"Tarih\u00e7e"},"content":{"rendered":"<div  id=\"video-background-1\" class=\"ui--video-background-wrapper fullwidth-content clearfix color--dark\" style=\"margin-top: -30px;  margin-bottom: 0px;\"><div class=\"ui--video-background-holder\"><div  class=\"ui--video-background-video hidden-phone \"><\/div><div class=\"ui--video-background-poster\"><\/div><div  class=\"ui--video-background\"><div class=\"ui--gradient\"><\/div><\/div><\/div><div  class=\"ui--section-content container clearfix\" style=\"padding-top: 180px;  padding-bottom: 30px;\"><div  class=\"ui--space clearfix\" data-responsive=\"{&quot;css&quot;:{&quot;height&quot;:{&quot;phone&quot;:null,&quot;tablet&quot;:null,&quot;widescreen&quot;:null}}}\"><\/div><div  class=\"ui--space clearfix\" data-responsive=\"{&quot;css&quot;:{&quot;height&quot;:{&quot;phone&quot;:null,&quot;tablet&quot;:null,&quot;widescreen&quot;:null}}}\"><\/div><h3 id=\"custom-title-h3-1\" class=\"ui--animation \" style=\"text-align: center; margin-bottom: 0px; \"><strong>D\u00f6k\u00fcmde 30 Y\u0131l\u0131 A\u015fk\u0131n Tecr\u00fcbe<\/strong><\/h3><div  class=\"ui--space clearfix\" data-responsive=\"{&quot;css&quot;:{&quot;height&quot;:{&quot;phone&quot;:null,&quot;tablet&quot;:null,&quot;widescreen&quot;:null}}}\"><\/div><div  class=\"ui--space clearfix\" data-responsive=\"{&quot;css&quot;:{&quot;height&quot;:{&quot;phone&quot;:null,&quot;tablet&quot;:null,&quot;widescreen&quot;:null}}}\"><\/div><div  class=\"ui--space clearfix\" data-responsive=\"{&quot;css&quot;:{&quot;height&quot;:{&quot;phone&quot;:null,&quot;tablet&quot;:null,&quot;widescreen&quot;:null}}}\"><\/div><div  class=\"ui--space clearfix\" data-responsive=\"{&quot;css&quot;:{&quot;height&quot;:{&quot;phone&quot;:null,&quot;tablet&quot;:null,&quot;widescreen&quot;:null}}}\"><\/div><div  class=\"ui--space clearfix\" data-responsive=\"{&quot;css&quot;:{&quot;height&quot;:{&quot;phone&quot;:null,&quot;tablet&quot;:null,&quot;widescreen&quot;:null}}}\"><\/div><\/div><\/div><div  id=\"section-og4ty\" class=\"fullwidth-content ui--section clearfix outer-shadow-2 section-og4ty\"><div  class=\"ui--section-content outer-shadow-2\"><div class=\"container\"><div class=\"ui--title ui--animation ui--title-bordered-bottom text-center\" style=\"margin-bottom: 24px;\"><div class=\"ui--title-holder\"><h4 class=\"ui--title-text\" style=\"color: #203063 !important;\">Y\u0131llar\u0131n tecr\u00fcbesi ile b\u00fcy\u00fcm\u00fc\u015f bir aile \u015firketi<span style=\"border-color: #E50914 !important;  border-width: 2px;\" class=\"ui--title-borders ui--title-border-bottom\"><\/span><\/h4><\/div><\/div><div class=\"ui-row row\">\n <div   class=\"ui-column span6\"><div class=\"auto-format ui--animation\"><h6 style=\"color:#333333;\">K\u00f6rfez D\u00f6k\u00fcm, 1988 y\u0131l\u0131nda  kurulan bir T\u00fcrk d\u00f6k\u00fcm firmas\u0131d\u0131r. K\u00f6rfez D\u00f6k\u00fcm kuruldu\u011fu g\u00fcnden bu yana; sekt\u00f6rdeki yenilikleri izlemekte, onlar\u0131 kendi i\u015f s\u00fcre\u00e7lerine entegre etmekte ve b\u00f6ylece sekt\u00f6rdeki varl\u0131\u011f\u0131n\u0131 bilgi ve becerilerini art\u0131rarak korumakta ve ilerletmektetir. Bu yakla\u015f\u0131mla K\u00f6rfez D\u00f6k\u00fcm, 1996 y\u0131l\u0131nda ayn\u0131 b\u00f6lgedeki Dilovas\u0131 tesisine ta\u015f\u0131nm\u0131\u015ft\u0131r. <\/p>\n<p>Dilovas\u0131 fabrikam\u0131zda, s\u00fcre\u00e7lerimizi daima bilgi ve becerimizi ilerletecek ad\u0131mlarla s\u00fcrd\u00fcrmekteyiz. Muhtelif sekt\u00f6rler i\u00e7in i\u015f \u00e7\u00f6z\u00fcmleri \u00fcretmeye; toplam alan\u0131 36.000m<sup>2<\/sup>, kapal\u0131 alan\u0131 15.000m<sup>2<\/sup> olan Dilovas\u0131 fabrikam\u0131zda devam etmekteyiz.<\/h6>\n<\/div><\/div> \n\n <div   class=\"ui-column span6\"><div  class=\"ui--space clearfix\" data-responsive=\"{&quot;css&quot;:{&quot;height&quot;:{&quot;phone&quot;:null,&quot;tablet&quot;:null,&quot;widescreen&quot;:null}}}\"><\/div><div class=\"ui--image-wrap clearfix ui--animation text-center ui--block\"><div class=\"ui--image-inline-block\"><img width=\"5673\" height=\"3191\" src=\"https:\/\/www.korfezdokum.com\/wp-content\/uploads\/2020\/03\/history_texttitle1.png\" class=\"ui--image radius-6px\" alt=\"Korfez Foundry\" decoding=\"async\" loading=\"lazy\" title=\"Y\u0131llar\u0131n tecr\u00fcbesi ile b\u00fcy\u00fcm\u00fc\u015f bir aile \u015firketi\" id=\"ui--image-1\" srcset=\"https:\/\/www.korfezdokum.com\/wp-content\/uploads\/2020\/03\/history_texttitle1.png 5673w, https:\/\/www.korfezdokum.com\/wp-content\/uploads\/2020\/03\/history_texttitle1-300x169.png 300w, https:\/\/www.korfezdokum.com\/wp-content\/uploads\/2020\/03\/history_texttitle1-1024x576.png 1024w, https:\/\/www.korfezdokum.com\/wp-content\/uploads\/2020\/03\/history_texttitle1-768x432.png 768w, https:\/\/www.korfezdokum.com\/wp-content\/uploads\/2020\/03\/history_texttitle1-1536x864.png 1536w, https:\/\/www.korfezdokum.com\/wp-content\/uploads\/2020\/03\/history_texttitle1-2048x1152.png 2048w\" sizes=\"(max-width: 5673px) 100vw, 5673px\" \/><div class=\"ui--shadow ui--shadow-type-1 ui--shadow-abs clearfix\"><img src=\"https:\/\/www.korfezdokum.com\/wp-content\/themes\/envision\/includes\/modules\/module.shadow\/shadows\/shadow-1.png\" alt=\"shadow\" \/><\/div><\/div><\/div><\/div> \n\n<\/div> \n<div  class=\"ui--space clearfix\" data-responsive=\"{&quot;css&quot;:{&quot;height&quot;:{&quot;phone&quot;:null,&quot;tablet&quot;:null,&quot;widescreen&quot;:null}}}\"><\/div><div id=\"ui--gallery-1\" class=\"ui--gallery ui--pass\" data-columns=\"3\"><div class=\"unstyled-all clearfix ui--gallery-wrapper columns-3 \"><div class=\"ui--carousel clearfix\" data-options=\"{&quot;effect&quot;:&quot;fade&quot;,&quot;auto_rotate&quot;:&quot;1&quot;,&quot;animation_loop&quot;:true,&quot;arrows&quot;:true,&quot;rotate_time&quot;:0,&quot;animate&quot;:true}\"><div class=\"slides\"><div class=\"ui-row row\">\n <div   class=\"ui-column span4\"><div class=\"ui--gallery-item ui--animation\"><div class=\"inner\"><a href=\"https:\/\/www.korfezdokum.com\/wp-content\/uploads\/2020\/04\/B-0002-scaled.jpg\" target=\"_blank\" data-rel=\"prettyPhoto[ui--gallery-1]\"><img width=\"500\" height=\"500\" src=\"https:\/\/www.korfezdokum.com\/wp-content\/uploads\/2020\/04\/B-0002-scaled-500x500.jpg\" class=\"attachment-custom_500x500x1 size-custom_500x500x1\" alt=\"\" decoding=\"async\" loading=\"lazy\" srcset=\"https:\/\/www.korfezdokum.com\/wp-content\/uploads\/2020\/04\/B-0002-scaled-500x500.jpg 500w, https:\/\/www.korfezdokum.com\/wp-content\/uploads\/2020\/04\/B-0002-150x150.jpg 150w\" sizes=\"(max-width: 500px) 100vw, 500px\" \/><div class=\"ui--gallery-overlay\"><div class=\"center\"><span class=\"btn btn-normal btn-icon-left btn-ligro22d4h btn-custom-color ui--animation\" href=\"#\" style=\"\"><i class=\"ui--icon fontawesome-resize-full icon-inline-block\" style=\"font-size: 16px;  width: 20px;  height: 20px;\"><\/i><\/span> <\/div><\/div><\/a><\/div><\/div><\/div> \n\n <div   class=\"ui-column span4\"><div class=\"ui--gallery-item ui--animation\"><div class=\"inner\"><a href=\"https:\/\/www.korfezdokum.com\/wp-content\/uploads\/2020\/04\/100_1946-scaled.jpg\" target=\"_blank\" data-rel=\"prettyPhoto[ui--gallery-1]\"><img width=\"500\" height=\"500\" src=\"https:\/\/www.korfezdokum.com\/wp-content\/uploads\/2020\/04\/100_1946-scaled-500x500.jpg\" class=\"attachment-custom_500x500x1 size-custom_500x500x1\" alt=\"\" decoding=\"async\" loading=\"lazy\" srcset=\"https:\/\/www.korfezdokum.com\/wp-content\/uploads\/2020\/04\/100_1946-scaled-500x500.jpg 500w, https:\/\/www.korfezdokum.com\/wp-content\/uploads\/2020\/04\/100_1946-150x150.jpg 150w\" sizes=\"(max-width: 500px) 100vw, 500px\" \/><div class=\"ui--gallery-overlay\"><div class=\"center\"><span class=\"btn btn-normal btn-icon-left btn-ligro22d4h btn-custom-color ui--animation\" href=\"#\" style=\"\"><i class=\"ui--icon fontawesome-resize-full icon-inline-block\" style=\"font-size: 16px;  width: 20px;  height: 20px;\"><\/i><\/span> <\/div><\/div><\/a><\/div><\/div><\/div> \n\n <div   class=\"ui-column span4\"><div class=\"ui--gallery-item ui--animation\"><div class=\"inner\"><a href=\"https:\/\/www.korfezdokum.com\/wp-content\/uploads\/2020\/04\/100_1949-scaled.jpg\" target=\"_blank\" data-rel=\"prettyPhoto[ui--gallery-1]\"><img width=\"500\" height=\"500\" src=\"https:\/\/www.korfezdokum.com\/wp-content\/uploads\/2020\/04\/100_1949-scaled-500x500.jpg\" class=\"attachment-custom_500x500x1 size-custom_500x500x1\" alt=\"\" decoding=\"async\" loading=\"lazy\" srcset=\"https:\/\/www.korfezdokum.com\/wp-content\/uploads\/2020\/04\/100_1949-scaled-500x500.jpg 500w, https:\/\/www.korfezdokum.com\/wp-content\/uploads\/2020\/04\/100_1949-150x150.jpg 150w\" sizes=\"(max-width: 500px) 100vw, 500px\" \/><div class=\"ui--gallery-overlay\"><div class=\"center\"><span class=\"btn btn-normal btn-icon-left btn-ligro22d4h btn-custom-color ui--animation\" href=\"#\" style=\"\"><i class=\"ui--icon fontawesome-resize-full icon-inline-block\" style=\"font-size: 16px;  width: 20px;  height: 20px;\"><\/i><\/span> <\/div><\/div><\/a><\/div><\/div><\/div> \n\n<\/div> \n<div class=\"ui-row row\">\n <div   class=\"ui-column span4\"><div class=\"ui--gallery-item ui--animation\"><div class=\"inner\"><a href=\"https:\/\/www.korfezdokum.com\/wp-content\/uploads\/2020\/04\/100_1951-scaled.jpg\" target=\"_blank\" data-rel=\"prettyPhoto[ui--gallery-1]\"><img width=\"500\" height=\"500\" src=\"https:\/\/www.korfezdokum.com\/wp-content\/uploads\/2020\/04\/100_1951-scaled-500x500.jpg\" class=\"attachment-custom_500x500x1 size-custom_500x500x1\" alt=\"\" decoding=\"async\" loading=\"lazy\" srcset=\"https:\/\/www.korfezdokum.com\/wp-content\/uploads\/2020\/04\/100_1951-scaled-500x500.jpg 500w, https:\/\/www.korfezdokum.com\/wp-content\/uploads\/2020\/04\/100_1951-150x150.jpg 150w\" sizes=\"(max-width: 500px) 100vw, 500px\" \/><div class=\"ui--gallery-overlay\"><div class=\"center\"><span class=\"btn btn-normal btn-icon-left btn-ligro22d4h btn-custom-color ui--animation\" href=\"#\" style=\"\"><i class=\"ui--icon fontawesome-resize-full icon-inline-block\" style=\"font-size: 16px;  width: 20px;  height: 20px;\"><\/i><\/span> <\/div><\/div><\/a><\/div><\/div><\/div> \n\n <div   class=\"ui-column span4\"><div class=\"ui--gallery-item ui--animation\"><div class=\"inner\"><a href=\"https:\/\/www.korfezdokum.com\/wp-content\/uploads\/2020\/04\/100_1962-scaled.jpg\" target=\"_blank\" data-rel=\"prettyPhoto[ui--gallery-1]\"><img width=\"500\" height=\"500\" src=\"https:\/\/www.korfezdokum.com\/wp-content\/uploads\/2020\/04\/100_1962-scaled-500x500.jpg\" class=\"attachment-custom_500x500x1 size-custom_500x500x1\" alt=\"\" decoding=\"async\" loading=\"lazy\" srcset=\"https:\/\/www.korfezdokum.com\/wp-content\/uploads\/2020\/04\/100_1962-scaled-500x500.jpg 500w, https:\/\/www.korfezdokum.com\/wp-content\/uploads\/2020\/04\/100_1962-150x150.jpg 150w\" sizes=\"(max-width: 500px) 100vw, 500px\" \/><div class=\"ui--gallery-overlay\"><div class=\"center\"><span class=\"btn btn-normal btn-icon-left btn-ligro22d4h btn-custom-color ui--animation\" href=\"#\" style=\"\"><i class=\"ui--icon fontawesome-resize-full icon-inline-block\" style=\"font-size: 16px;  width: 20px;  height: 20px;\"><\/i><\/span> <\/div><\/div><\/a><\/div><\/div><\/div> \n\n <div   class=\"ui-column span4\"><div class=\"ui--gallery-item ui--animation\"><div class=\"inner\"><a href=\"https:\/\/www.korfezdokum.com\/wp-content\/uploads\/2020\/04\/IMG_0273-scaled.jpg\" target=\"_blank\" data-rel=\"prettyPhoto[ui--gallery-1]\"><img width=\"500\" height=\"500\" src=\"https:\/\/www.korfezdokum.com\/wp-content\/uploads\/2020\/04\/IMG_0273-scaled-500x500.jpg\" class=\"attachment-custom_500x500x1 size-custom_500x500x1\" alt=\"\" decoding=\"async\" loading=\"lazy\" srcset=\"https:\/\/www.korfezdokum.com\/wp-content\/uploads\/2020\/04\/IMG_0273-scaled-500x500.jpg 500w, https:\/\/www.korfezdokum.com\/wp-content\/uploads\/2020\/04\/IMG_0273-150x150.jpg 150w\" sizes=\"(max-width: 500px) 100vw, 500px\" \/><div class=\"ui--gallery-overlay\"><div class=\"center\"><span class=\"btn btn-normal btn-icon-left btn-ligro22d4h btn-custom-color ui--animation\" href=\"#\" style=\"\"><i class=\"ui--icon fontawesome-resize-full icon-inline-block\" style=\"font-size: 16px;  width: 20px;  height: 20px;\"><\/i><\/span> <\/div><\/div><\/a><\/div><\/div><\/div> \n\n<\/div> \n<\/div><\/div><\/div><div class=\"clearfix\"><\/div><\/div><div  class=\"ui--space clearfix\" data-responsive=\"{&quot;css&quot;:{&quot;height&quot;:{&quot;phone&quot;:null,&quot;tablet&quot;:null,&quot;widescreen&quot;:null}}}\"><\/div><\/div><\/div><\/div><!-- \/.fullwidth-container --><div class=\"ui--custom-menu-bar ui--gradient ui--gradient-grey hover-effect fullwidth-container ui--height-thin text-center clearfix\" style=\"margin-bottom: -12px;\"><ul class=\"unstyled clearfix\"><li class=\"first-item ui--icon-position-left\" title=\"\"><a href=\"https:\/\/www.korfezdokum.com\/tr\/hakkimizda\/korfez\/\"><i class=\"ui--icon fontawesome-chevron-sign-right icon-inline-block\" style=\"font-size: 18px;  width: 22px;  height: 22px;  color: #E50914 !important;\"><\/i> <strong><font color=\"#203063\">K\u00d6RFEZ<\/font><\/strong> <\/a><\/li><li class=\"ui--icon-position-left\" title=\"\"><a href=\"https:\/\/www.korfezdokum.com\/tr\/hakkimizda\/korfez\/korfez-boru\/\"><i class=\"ui--icon fontawesome-chevron-sign-right icon-inline-block\" style=\"font-size: 18px;  width: 22px;  height: 22px;  color: #E50914 !important;\"><\/i> <strong><font color=\"#203063\">K\u00d6RFEZ Boru<\/font><\/strong> <\/a><\/li><li class=\"ui--icon-position-left\" title=\"\"><a href=\"https:\/\/www.korfezdokum.com\/tr\/hakkimizda\/korfez\/korfez-engineering\/\"><i class=\"ui--icon fontawesome-chevron-sign-right icon-inline-block\" style=\"font-size: 18px;  width: 22px;  height: 22px;  color: #E50914 !important;\"><\/i> <strong><font color=\"#203063\">K\u00d6RFEZ Engineering<\/font><\/strong> <\/a><\/li><li class=\"ui--icon-position-left\" title=\"\"><a href=\"https:\/\/www.korfezdokum.com\/tr\/hakkimizda\/tesisimiz\/\"><i class=\"ui--icon fontawesome-chevron-sign-right icon-inline-block\" style=\"font-size: 18px;  width: 22px;  height: 22px;  color: #E50914 !important;\"><\/i> <strong><font color=\"#203063\">Tesisimiz<\/font><\/strong> <\/a><\/li><li class=\"last-item ui--icon-position-left\" title=\"\"><a href=\"https:\/\/www.korfezdokum.com\/tr\/hakkimizda\/kalite\/\"><i class=\"ui--icon fontawesome-chevron-sign-right icon-inline-block\" style=\"font-size: 18px;  width: 22px;  height: 22px;  color: #E50914 !important;\"><\/i> <strong><font color=\"#203063\">Kalite<\/font><\/strong> <\/a><\/li><\/ul><\/div>","protected":false},"excerpt":{"rendered":"<p>D\u00f6k\u00fcmde 30 Y\u0131l\u0131 A\u015fk\u0131n Tecr\u00fcbeY\u0131llar\u0131n tecr\u00fcbesi ile b\u00fcy\u00fcm\u00fc\u015f bir aile \u015firketi K\u00f6rfez D\u00f6k\u00fcm, 1988 y\u0131l\u0131nda kurulan bir T\u00fcrk d\u00f6k\u00fcm firmas\u0131d\u0131r. K\u00f6rfez D\u00f6k\u00fcm kuruldu\u011fu g\u00fcnden bu yana; sekt\u00f6rdeki yenilikleri izlemekte, onlar\u0131 kendi i\u015f s\u00fcre\u00e7lerine entegre etmekte ve b\u00f6ylece sekt\u00f6rdeki varl\u0131\u011f\u0131n\u0131 bilgi ve becerilerini art\u0131rarak korumakta ve ilerletmektetir. Bu yakla\u015f\u0131mla K\u00f6rfez D\u00f6k\u00fcm, 1996 y\u0131l\u0131nda ayn\u0131 b\u00f6lgedeki Dilovas\u0131 [&hellip;]<\/p>\n","protected":false},"author":1,"featured_media":0,"parent":2129,"menu_order":0,"comment_status":"closed","ping_status":"closed","template":"","meta":[],"yoast_head":"<!-- This site is optimized with the Yoast SEO plugin v21.4 - https:\/\/yoast.com\/wordpress\/plugins\/seo\/ -->\n<title>Tarih\u00e7e &#187; K\u00f6rfez D\u00f6k\u00fcm<\/title>\n<meta name=\"robots\" content=\"index, follow, max-snippet:-1, max-image-preview:large, max-video-preview:-1\" \/>\n<link rel=\"canonical\" href=\"https:\/\/www.korfezdokum.com\/tr\/hakkimizda\/tarihce\/\" \/>\n<meta property=\"og:locale\" content=\"tr_TR\" \/>\n<meta property=\"og:type\" content=\"article\" \/>\n<meta property=\"og:title\" content=\"Tarih\u00e7e &#187; K\u00f6rfez D\u00f6k\u00fcm\" \/>\n<meta property=\"og:description\" content=\"D\u00f6k\u00fcmde 30 Y\u0131l\u0131 A\u015fk\u0131n Tecr\u00fcbeY\u0131llar\u0131n tecr\u00fcbesi ile b\u00fcy\u00fcm\u00fc\u015f bir aile \u015firketi K\u00f6rfez D\u00f6k\u00fcm, 1988 y\u0131l\u0131nda kurulan bir T\u00fcrk d\u00f6k\u00fcm firmas\u0131d\u0131r. K\u00f6rfez D\u00f6k\u00fcm kuruldu\u011fu g\u00fcnden bu yana; sekt\u00f6rdeki yenilikleri izlemekte, onlar\u0131 kendi i\u015f s\u00fcre\u00e7lerine entegre etmekte ve b\u00f6ylece sekt\u00f6rdeki varl\u0131\u011f\u0131n\u0131 bilgi ve becerilerini art\u0131rarak korumakta ve ilerletmektetir. Bu yakla\u015f\u0131mla K\u00f6rfez D\u00f6k\u00fcm, 1996 y\u0131l\u0131nda ayn\u0131 b\u00f6lgedeki Dilovas\u0131 [&hellip;]\" \/>\n<meta property=\"og:url\" content=\"https:\/\/www.korfezdokum.com\/tr\/hakkimizda\/tarihce\/\" \/>\n<meta property=\"og:site_name\" content=\"K\u00f6rfez D\u00f6k\u00fcm\" \/>\n<meta name=\"twitter:card\" content=\"summary_large_image\" \/>\n<script type=\"application\/ld+json\" class=\"yoast-schema-graph\">{\"@context\":\"https:\/\/schema.org\",\"@graph\":[{\"@type\":\"WebPage\",\"@id\":\"https:\/\/www.korfezdokum.com\/tr\/hakkimizda\/tarihce\/\",\"url\":\"https:\/\/www.korfezdokum.com\/tr\/hakkimizda\/tarihce\/\",\"name\":\"Tarih\u00e7e &#187; K\u00f6rfez D\u00f6k\u00fcm\",\"isPartOf\":{\"@id\":\"https:\/\/www.korfezdokum.com\/tr\/#website\"},\"datePublished\":\"2020-04-18T08:10:28+00:00\",\"dateModified\":\"2020-04-18T08:10:28+00:00\",\"breadcrumb\":{\"@id\":\"https:\/\/www.korfezdokum.com\/tr\/hakkimizda\/tarihce\/#breadcrumb\"},\"inLanguage\":\"tr\",\"potentialAction\":[{\"@type\":\"ReadAction\",\"target\":[\"https:\/\/www.korfezdokum.com\/tr\/hakkimizda\/tarihce\/\"]}]},{\"@type\":\"BreadcrumbList\",\"@id\":\"https:\/\/www.korfezdokum.com\/tr\/hakkimizda\/tarihce\/#breadcrumb\",\"itemListElement\":[{\"@type\":\"ListItem\",\"position\":1,\"name\":\"Home\",\"item\":\"https:\/\/www.korfezdokum.com\/tr\/\"},{\"@type\":\"ListItem\",\"position\":2,\"name\":\"Hakk\u0131m\u0131zda\",\"item\":\"https:\/\/www.korfezdokum.com\/tr\/hakkimizda\/\"},{\"@type\":\"ListItem\",\"position\":3,\"name\":\"Tarih\u00e7e\"}]},{\"@type\":\"WebSite\",\"@id\":\"https:\/\/www.korfezdokum.com\/tr\/#website\",\"url\":\"https:\/\/www.korfezdokum.com\/tr\/\",\"name\":\"K\u00f6rfez D\u00f6k\u00fcm\",\"description\":\"\u00c7\u00f6z\u00fcm Orta\u011f\u0131n\u0131z.\",\"publisher\":{\"@id\":\"https:\/\/www.korfezdokum.com\/tr\/#organization\"},\"potentialAction\":[{\"@type\":\"SearchAction\",\"target\":{\"@type\":\"EntryPoint\",\"urlTemplate\":\"https:\/\/www.korfezdokum.com\/tr\/?s={search_term_string}\"},\"query-input\":\"required name=search_term_string\"}],\"inLanguage\":\"tr\"},{\"@type\":\"Organization\",\"@id\":\"https:\/\/www.korfezdokum.com\/tr\/#organization\",\"name\":\"K\u00f6rfez D\u00f6k\u00fcm San. ve Tic. A.\u015e.\",\"url\":\"https:\/\/www.korfezdokum.com\/tr\/\",\"logo\":{\"@type\":\"ImageObject\",\"inLanguage\":\"tr\",\"@id\":\"https:\/\/www.korfezdokum.com\/tr\/#\/schema\/logo\/image\/\",\"url\":\"https:\/\/www.korfezdokum.com\/wp-content\/uploads\/2019\/12\/korfez_logo_web_header.png\",\"contentUrl\":\"https:\/\/www.korfezdokum.com\/wp-content\/uploads\/2019\/12\/korfez_logo_web_header.png\",\"width\":94,\"height\":105,\"caption\":\"K\u00f6rfez D\u00f6k\u00fcm San. ve Tic. A.\u015e.\"},\"image\":{\"@id\":\"https:\/\/www.korfezdokum.com\/tr\/#\/schema\/logo\/image\/\"},\"sameAs\":[\"https:\/\/www.linkedin.com\/company\/korfezdokum\"]}]}<\/script>\n<!-- \/ Yoast SEO plugin. -->","yoast_head_json":{"title":"Tarih\u00e7e &#187; K\u00f6rfez D\u00f6k\u00fcm","robots":{"index":"index","follow":"follow","max-snippet":"max-snippet:-1","max-image-preview":"max-image-preview:large","max-video-preview":"max-video-preview:-1"},"canonical":"https:\/\/www.korfezdokum.com\/tr\/hakkimizda\/tarihce\/","og_locale":"tr_TR","og_type":"article","og_title":"Tarih\u00e7e &#187; K\u00f6rfez D\u00f6k\u00fcm","og_description":"D\u00f6k\u00fcmde 30 Y\u0131l\u0131 A\u015fk\u0131n Tecr\u00fcbeY\u0131llar\u0131n tecr\u00fcbesi ile b\u00fcy\u00fcm\u00fc\u015f bir aile \u015firketi K\u00f6rfez D\u00f6k\u00fcm, 1988 y\u0131l\u0131nda kurulan bir T\u00fcrk d\u00f6k\u00fcm firmas\u0131d\u0131r. K\u00f6rfez D\u00f6k\u00fcm kuruldu\u011fu g\u00fcnden bu yana; sekt\u00f6rdeki yenilikleri izlemekte, onlar\u0131 kendi i\u015f s\u00fcre\u00e7lerine entegre etmekte ve b\u00f6ylece sekt\u00f6rdeki varl\u0131\u011f\u0131n\u0131 bilgi ve becerilerini art\u0131rarak korumakta ve ilerletmektetir. Bu yakla\u015f\u0131mla K\u00f6rfez D\u00f6k\u00fcm, 1996 y\u0131l\u0131nda ayn\u0131 b\u00f6lgedeki Dilovas\u0131 [&hellip;]","og_url":"https:\/\/www.korfezdokum.com\/tr\/hakkimizda\/tarihce\/","og_site_name":"K\u00f6rfez D\u00f6k\u00fcm","twitter_card":"summary_large_image","schema":{"@context":"https:\/\/schema.org","@graph":[{"@type":"WebPage","@id":"https:\/\/www.korfezdokum.com\/tr\/hakkimizda\/tarihce\/","url":"https:\/\/www.korfezdokum.com\/tr\/hakkimizda\/tarihce\/","name":"Tarih\u00e7e &#187; K\u00f6rfez D\u00f6k\u00fcm","isPartOf":{"@id":"https:\/\/www.korfezdokum.com\/tr\/#website"},"datePublished":"2020-04-18T08:10:28+00:00","dateModified":"2020-04-18T08:10:28+00:00","breadcrumb":{"@id":"https:\/\/www.korfezdokum.com\/tr\/hakkimizda\/tarihce\/#breadcrumb"},"inLanguage":"tr","potentialAction":[{"@type":"ReadAction","target":["https:\/\/www.korfezdokum.com\/tr\/hakkimizda\/tarihce\/"]}]},{"@type":"BreadcrumbList","@id":"https:\/\/www.korfezdokum.com\/tr\/hakkimizda\/tarihce\/#breadcrumb","itemListElement":[{"@type":"ListItem","position":1,"name":"Home","item":"https:\/\/www.korfezdokum.com\/tr\/"},{"@type":"ListItem","position":2,"name":"Hakk\u0131m\u0131zda","item":"https:\/\/www.korfezdokum.com\/tr\/hakkimizda\/"},{"@type":"ListItem","position":3,"name":"Tarih\u00e7e"}]},{"@type":"WebSite","@id":"https:\/\/www.korfezdokum.com\/tr\/#website","url":"https:\/\/www.korfezdokum.com\/tr\/","name":"K\u00f6rfez D\u00f6k\u00fcm","description":"\u00c7\u00f6z\u00fcm Orta\u011f\u0131n\u0131z.","publisher":{"@id":"https:\/\/www.korfezdokum.com\/tr\/#organization"},"potentialAction":[{"@type":"SearchAction","target":{"@type":"EntryPoint","urlTemplate":"https:\/\/www.korfezdokum.com\/tr\/?s={search_term_string}"},"query-input":"required name=search_term_string"}],"inLanguage":"tr"},{"@type":"Organization","@id":"https:\/\/www.korfezdokum.com\/tr\/#organization","name":"K\u00f6rfez D\u00f6k\u00fcm San. ve Tic. A.\u015e.","url":"https:\/\/www.korfezdokum.com\/tr\/","logo":{"@type":"ImageObject","inLanguage":"tr","@id":"https:\/\/www.korfezdokum.com\/tr\/#\/schema\/logo\/image\/","url":"https:\/\/www.korfezdokum.com\/wp-content\/uploads\/2019\/12\/korfez_logo_web_header.png","contentUrl":"https:\/\/www.korfezdokum.com\/wp-content\/uploads\/2019\/12\/korfez_logo_web_header.png","width":94,"height":105,"caption":"K\u00f6rfez D\u00f6k\u00fcm San. ve Tic. A.\u015e."},"image":{"@id":"https:\/\/www.korfezdokum.com\/tr\/#\/schema\/logo\/image\/"},"sameAs":["https:\/\/www.linkedin.com\/company\/korfezdokum"]}]}},"_links":{"self":[{"href":"https:\/\/www.korfezdokum.com\/tr\/wp-json\/wp\/v2\/pages\/2329"}],"collection":[{"href":"https:\/\/www.korfezdokum.com\/tr\/wp-json\/wp\/v2\/pages"}],"about":[{"href":"https:\/\/www.korfezdokum.com\/tr\/wp-json\/wp\/v2\/types\/page"}],"author":[{"embeddable":true,"href":"https:\/\/www.korfezdokum.com\/tr\/wp-json\/wp\/v2\/users\/1"}],"replies":[{"embeddable":true,"href":"https:\/\/www.korfezdokum.com\/tr\/wp-json\/wp\/v2\/comments?post=2329"}],"version-history":[{"count":0,"href":"https:\/\/www.korfezdokum.com\/tr\/wp-json\/wp\/v2\/pages\/2329\/revisions"}],"up":[{"embeddable":true,"href":"https:\/\/www.korfezdokum.com\/tr\/wp-json\/wp\/v2\/pages\/2129"}],"wp:attachment":[{"href":"https:\/\/www.korfezdokum.com\/tr\/wp-json\/wp\/v2\/media?parent=2329"}],"curies":[{"name":"wp","href":"https:\/\/api.w.org\/{rel}","templated":true}]}}