{"id":2352,"date":"2020-04-18T14:22:31","date_gmt":"2020-04-18T11:22:31","guid":{"rendered":"http:\/\/korfezdokum.com\/gelismis-teknolojiler\/"},"modified":"2022-01-18T10:30:18","modified_gmt":"2022-01-18T07:30:18","slug":"gelismis-teknolojiler","status":"publish","type":"page","link":"https:\/\/www.korfezdokum.com\/tr\/gelismis-teknolojiler\/","title":{"rendered":"Geli\u015fmi\u015f Teknolojiler"},"content":{"rendered":"","protected":false},"excerpt":{"rendered":"","protected":false},"author":1,"featured_media":0,"parent":0,"menu_order":0,"comment_status":"closed","ping_status":"closed","template":"","meta":[],"yoast_head":"<!-- This site is optimized with the Yoast SEO plugin v21.4 - https:\/\/yoast.com\/wordpress\/plugins\/seo\/ -->\n<title>Kocaeli K\u00f6rfez D\u00f6k\u00fcm&#187; Kocaeli T\u00fcrkiye D\u00f6k\u00fcmhane&#187; Geli\u015fmi\u015f Teknolojiler<\/title>\n<meta name=\"description\" content=\"Bimetal par\u00e7a d\u00f6k\u00fcm, kompozit d\u00f6k\u00fcm, savurma d\u00f6k\u00fcm, T\u00fcrk d\u00f6k\u00fcm sanayi T\u00fcrkiye d\u00f6k\u00fcmhane, T\u00fcrk d\u00f6k\u00fcmhane, Kocaeli d\u00f6k\u00fcmhane\" \/>\n<meta name=\"robots\" content=\"index, follow, max-snippet:-1, max-image-preview:large, max-video-preview:-1\" \/>\n<link rel=\"canonical\" href=\"https:\/\/www.korfezdokum.com\/tr\/gelismis-teknolojiler\/\" \/>\n<meta property=\"og:locale\" content=\"tr_TR\" \/>\n<meta property=\"og:type\" content=\"article\" \/>\n<meta property=\"og:title\" content=\"Kocaeli K\u00f6rfez D\u00f6k\u00fcm&#187; Kocaeli T\u00fcrkiye D\u00f6k\u00fcmhane&#187; Geli\u015fmi\u015f Teknolojiler\" \/>\n<meta property=\"og:description\" content=\"Bimetal par\u00e7a d\u00f6k\u00fcm, kompozit d\u00f6k\u00fcm, savurma d\u00f6k\u00fcm, T\u00fcrk d\u00f6k\u00fcm sanayi T\u00fcrkiye d\u00f6k\u00fcmhane, T\u00fcrk d\u00f6k\u00fcmhane, Kocaeli d\u00f6k\u00fcmhane\" \/>\n<meta property=\"og:url\" content=\"https:\/\/www.korfezdokum.com\/tr\/gelismis-teknolojiler\/\" \/>\n<meta property=\"og:site_name\" content=\"K\u00f6rfez D\u00f6k\u00fcm\" \/>\n<meta property=\"article:modified_time\" content=\"2022-01-18T07:30:18+00:00\" \/>\n<meta name=\"twitter:card\" content=\"summary_large_image\" \/>\n<script type=\"application\/ld+json\" class=\"yoast-schema-graph\">{\"@context\":\"https:\/\/schema.org\",\"@graph\":[{\"@type\":\"WebPage\",\"@id\":\"https:\/\/www.korfezdokum.com\/tr\/gelismis-teknolojiler\/\",\"url\":\"https:\/\/www.korfezdokum.com\/tr\/gelismis-teknolojiler\/\",\"name\":\"Kocaeli K\u00f6rfez D\u00f6k\u00fcm&#187; Kocaeli T\u00fcrkiye D\u00f6k\u00fcmhane&#187; Geli\u015fmi\u015f Teknolojiler\",\"isPartOf\":{\"@id\":\"https:\/\/www.korfezdokum.com\/tr\/#website\"},\"datePublished\":\"2020-04-18T11:22:31+00:00\",\"dateModified\":\"2022-01-18T07:30:18+00:00\",\"description\":\"Bimetal par\u00e7a d\u00f6k\u00fcm, kompozit d\u00f6k\u00fcm, savurma d\u00f6k\u00fcm, T\u00fcrk d\u00f6k\u00fcm sanayi T\u00fcrkiye d\u00f6k\u00fcmhane, T\u00fcrk d\u00f6k\u00fcmhane, Kocaeli d\u00f6k\u00fcmhane\",\"breadcrumb\":{\"@id\":\"https:\/\/www.korfezdokum.com\/tr\/gelismis-teknolojiler\/#breadcrumb\"},\"inLanguage\":\"tr\",\"potentialAction\":[{\"@type\":\"ReadAction\",\"target\":[\"https:\/\/www.korfezdokum.com\/tr\/gelismis-teknolojiler\/\"]}]},{\"@type\":\"BreadcrumbList\",\"@id\":\"https:\/\/www.korfezdokum.com\/tr\/gelismis-teknolojiler\/#breadcrumb\",\"itemListElement\":[{\"@type\":\"ListItem\",\"position\":1,\"name\":\"Home\",\"item\":\"https:\/\/www.korfezdokum.com\/tr\/\"},{\"@type\":\"ListItem\",\"position\":2,\"name\":\"Geli\u015fmi\u015f Teknolojiler\"}]},{\"@type\":\"WebSite\",\"@id\":\"https:\/\/www.korfezdokum.com\/tr\/#website\",\"url\":\"https:\/\/www.korfezdokum.com\/tr\/\",\"name\":\"K\u00f6rfez D\u00f6k\u00fcm\",\"description\":\"\u00c7\u00f6z\u00fcm Orta\u011f\u0131n\u0131z.\",\"publisher\":{\"@id\":\"https:\/\/www.korfezdokum.com\/tr\/#organization\"},\"potentialAction\":[{\"@type\":\"SearchAction\",\"target\":{\"@type\":\"EntryPoint\",\"urlTemplate\":\"https:\/\/www.korfezdokum.com\/tr\/?s={search_term_string}\"},\"query-input\":\"required name=search_term_string\"}],\"inLanguage\":\"tr\"},{\"@type\":\"Organization\",\"@id\":\"https:\/\/www.korfezdokum.com\/tr\/#organization\",\"name\":\"K\u00f6rfez D\u00f6k\u00fcm San. ve Tic. A.\u015e.\",\"url\":\"https:\/\/www.korfezdokum.com\/tr\/\",\"logo\":{\"@type\":\"ImageObject\",\"inLanguage\":\"tr\",\"@id\":\"https:\/\/www.korfezdokum.com\/tr\/#\/schema\/logo\/image\/\",\"url\":\"https:\/\/www.korfezdokum.com\/wp-content\/uploads\/2019\/12\/korfez_logo_web_header.png\",\"contentUrl\":\"https:\/\/www.korfezdokum.com\/wp-content\/uploads\/2019\/12\/korfez_logo_web_header.png\",\"width\":94,\"height\":105,\"caption\":\"K\u00f6rfez D\u00f6k\u00fcm San. ve Tic. A.\u015e.\"},\"image\":{\"@id\":\"https:\/\/www.korfezdokum.com\/tr\/#\/schema\/logo\/image\/\"},\"sameAs\":[\"https:\/\/www.linkedin.com\/company\/korfezdokum\"]}]}<\/script>\n<!-- \/ Yoast SEO plugin. -->","yoast_head_json":{"title":"Kocaeli K\u00f6rfez D\u00f6k\u00fcm&#187; Kocaeli T\u00fcrkiye D\u00f6k\u00fcmhane&#187; Geli\u015fmi\u015f Teknolojiler","description":"Bimetal par\u00e7a d\u00f6k\u00fcm, kompozit d\u00f6k\u00fcm, savurma d\u00f6k\u00fcm, T\u00fcrk d\u00f6k\u00fcm sanayi T\u00fcrkiye d\u00f6k\u00fcmhane, T\u00fcrk d\u00f6k\u00fcmhane, Kocaeli d\u00f6k\u00fcmhane","robots":{"index":"index","follow":"follow","max-snippet":"max-snippet:-1","max-image-preview":"max-image-preview:large","max-video-preview":"max-video-preview:-1"},"canonical":"https:\/\/www.korfezdokum.com\/tr\/gelismis-teknolojiler\/","og_locale":"tr_TR","og_type":"article","og_title":"Kocaeli K\u00f6rfez D\u00f6k\u00fcm&#187; Kocaeli T\u00fcrkiye D\u00f6k\u00fcmhane&#187; Geli\u015fmi\u015f Teknolojiler","og_description":"Bimetal par\u00e7a d\u00f6k\u00fcm, kompozit d\u00f6k\u00fcm, savurma d\u00f6k\u00fcm, T\u00fcrk d\u00f6k\u00fcm sanayi T\u00fcrkiye d\u00f6k\u00fcmhane, T\u00fcrk d\u00f6k\u00fcmhane, Kocaeli d\u00f6k\u00fcmhane","og_url":"https:\/\/www.korfezdokum.com\/tr\/gelismis-teknolojiler\/","og_site_name":"K\u00f6rfez D\u00f6k\u00fcm","article_modified_time":"2022-01-18T07:30:18+00:00","twitter_card":"summary_large_image","schema":{"@context":"https:\/\/schema.org","@graph":[{"@type":"WebPage","@id":"https:\/\/www.korfezdokum.com\/tr\/gelismis-teknolojiler\/","url":"https:\/\/www.korfezdokum.com\/tr\/gelismis-teknolojiler\/","name":"Kocaeli K\u00f6rfez D\u00f6k\u00fcm&#187; Kocaeli T\u00fcrkiye D\u00f6k\u00fcmhane&#187; Geli\u015fmi\u015f Teknolojiler","isPartOf":{"@id":"https:\/\/www.korfezdokum.com\/tr\/#website"},"datePublished":"2020-04-18T11:22:31+00:00","dateModified":"2022-01-18T07:30:18+00:00","description":"Bimetal par\u00e7a d\u00f6k\u00fcm, kompozit d\u00f6k\u00fcm, savurma d\u00f6k\u00fcm, T\u00fcrk d\u00f6k\u00fcm sanayi T\u00fcrkiye d\u00f6k\u00fcmhane, T\u00fcrk d\u00f6k\u00fcmhane, Kocaeli d\u00f6k\u00fcmhane","breadcrumb":{"@id":"https:\/\/www.korfezdokum.com\/tr\/gelismis-teknolojiler\/#breadcrumb"},"inLanguage":"tr","potentialAction":[{"@type":"ReadAction","target":["https:\/\/www.korfezdokum.com\/tr\/gelismis-teknolojiler\/"]}]},{"@type":"BreadcrumbList","@id":"https:\/\/www.korfezdokum.com\/tr\/gelismis-teknolojiler\/#breadcrumb","itemListElement":[{"@type":"ListItem","position":1,"name":"Home","item":"https:\/\/www.korfezdokum.com\/tr\/"},{"@type":"ListItem","position":2,"name":"Geli\u015fmi\u015f Teknolojiler"}]},{"@type":"WebSite","@id":"https:\/\/www.korfezdokum.com\/tr\/#website","url":"https:\/\/www.korfezdokum.com\/tr\/","name":"K\u00f6rfez D\u00f6k\u00fcm","description":"\u00c7\u00f6z\u00fcm Orta\u011f\u0131n\u0131z.","publisher":{"@id":"https:\/\/www.korfezdokum.com\/tr\/#organization"},"potentialAction":[{"@type":"SearchAction","target":{"@type":"EntryPoint","urlTemplate":"https:\/\/www.korfezdokum.com\/tr\/?s={search_term_string}"},"query-input":"required name=search_term_string"}],"inLanguage":"tr"},{"@type":"Organization","@id":"https:\/\/www.korfezdokum.com\/tr\/#organization","name":"K\u00f6rfez D\u00f6k\u00fcm San. ve Tic. A.\u015e.","url":"https:\/\/www.korfezdokum.com\/tr\/","logo":{"@type":"ImageObject","inLanguage":"tr","@id":"https:\/\/www.korfezdokum.com\/tr\/#\/schema\/logo\/image\/","url":"https:\/\/www.korfezdokum.com\/wp-content\/uploads\/2019\/12\/korfez_logo_web_header.png","contentUrl":"https:\/\/www.korfezdokum.com\/wp-content\/uploads\/2019\/12\/korfez_logo_web_header.png","width":94,"height":105,"caption":"K\u00f6rfez D\u00f6k\u00fcm San. ve Tic. A.\u015e."},"image":{"@id":"https:\/\/www.korfezdokum.com\/tr\/#\/schema\/logo\/image\/"},"sameAs":["https:\/\/www.linkedin.com\/company\/korfezdokum"]}]}},"_links":{"self":[{"href":"https:\/\/www.korfezdokum.com\/tr\/wp-json\/wp\/v2\/pages\/2352"}],"collection":[{"href":"https:\/\/www.korfezdokum.com\/tr\/wp-json\/wp\/v2\/pages"}],"about":[{"href":"https:\/\/www.korfezdokum.com\/tr\/wp-json\/wp\/v2\/types\/page"}],"author":[{"embeddable":true,"href":"https:\/\/www.korfezdokum.com\/tr\/wp-json\/wp\/v2\/users\/1"}],"replies":[{"embeddable":true,"href":"https:\/\/www.korfezdokum.com\/tr\/wp-json\/wp\/v2\/comments?post=2352"}],"version-history":[{"count":1,"href":"https:\/\/www.korfezdokum.com\/tr\/wp-json\/wp\/v2\/pages\/2352\/revisions"}],"predecessor-version":[{"id":4076,"href":"https:\/\/www.korfezdokum.com\/tr\/wp-json\/wp\/v2\/pages\/2352\/revisions\/4076"}],"wp:attachment":[{"href":"https:\/\/www.korfezdokum.com\/tr\/wp-json\/wp\/v2\/media?parent=2352"}],"curies":[{"name":"wp","href":"https:\/\/api.w.org\/{rel}","templated":true}]}}