{"id":2354,"date":"2020-04-18T15:00:49","date_gmt":"2020-04-18T12:00:49","guid":{"rendered":"http:\/\/korfezdokum.com\/gelismis-teknolojiler\/santrifuj-savurma-dokum\/"},"modified":"2020-04-19T22:35:30","modified_gmt":"2020-04-19T19:35:30","slug":"santrifuj-savurma-dokum","status":"publish","type":"page","link":"https:\/\/www.korfezdokum.com\/tr\/gelismis-teknolojiler\/santrifuj-savurma-dokum\/","title":{"rendered":"Santrif\u00fcj (Savurma) D\u00f6k\u00fcm"},"content":{"rendered":"<div  id=\"section-f0fn1\" class=\"fullwidth-content ui--section clearfix inner-shadow-1 section-f0fn1\" style=\"margin-top: -30px;\"><div  class=\"ui--section-content inner-shadow-1\"><div class=\"container\"><div class=\"ui--title ui--animation ui--title-bordered-bottom text-center\"><div class=\"ui--title-holder\"><h4 class=\"ui--title-text\" style=\"color: #203063 !important;\">Santrif\u00fcj (Savurma) D\u00f6k\u00fcm Y\u00f6ntemi<span style=\"border-color: #E50914 !important;  border-width: 2px;\" class=\"ui--title-borders ui--title-border-bottom\"><\/span><\/h4><\/div><\/div><div class=\"ui-row row\">\n <div   class=\"ui-column span6\"><div class=\"auto-format ui--animation\"><h6 style=\"color:#333333;\">Santrif\u00fcj d\u00f6k\u00fcm borular; kazanlarda, end\u00fcstriyel f\u0131r\u0131nlarda, kimya\/petrokimya tesislerinde ve ba\u015fka bir\u00e7ok alanlarda kullan\u0131lmaktad\u0131r.<\/p>\n<p>Karde\u015f firmam\u0131z K\u00f6rfez Boru, savurma d\u00f6k\u00fcm konusunda uzmanla\u015fm\u0131\u015ft\u0131r ve en \u00fcst\u00fcn kalitede santrif\u00fcj borular \u00fcretmektedir. Bu e\u015fsiz teknoloji, istenen boyutlarda ve kimyasal analizde diki\u015fsiz boru \u00fcretimini m\u00fcmk\u00fcn k\u0131lmaktad\u0131r.<\/h6>\n<\/div><\/div> \n\n <div   class=\"ui-column span6\"><div class=\"ui--image-wrap clearfix ui--animation text-center ui--block\"><div class=\"ui--image-inline-block\"><img width=\"1920\" height=\"1080\" src=\"https:\/\/www.korfezdokum.com\/wp-content\/uploads\/2020\/03\/centrifugal_casting.png\" class=\"ui--image radius-6px\" alt=\"Korfez Foundry\" decoding=\"async\" loading=\"lazy\" title=\"Santrif\u00fcj (Savurma) D\u00f6k\u00fcm\" id=\"ui--image-1\" srcset=\"https:\/\/www.korfezdokum.com\/wp-content\/uploads\/2020\/03\/centrifugal_casting.png 1920w, https:\/\/www.korfezdokum.com\/wp-content\/uploads\/2020\/03\/centrifugal_casting-300x169.png 300w, https:\/\/www.korfezdokum.com\/wp-content\/uploads\/2020\/03\/centrifugal_casting-1024x576.png 1024w, https:\/\/www.korfezdokum.com\/wp-content\/uploads\/2020\/03\/centrifugal_casting-768x432.png 768w, https:\/\/www.korfezdokum.com\/wp-content\/uploads\/2020\/03\/centrifugal_casting-1536x864.png 1536w\" sizes=\"(max-width: 1920px) 100vw, 1920px\" \/><div class=\"ui--shadow ui--shadow-type-1 ui--shadow-abs clearfix\"><img src=\"https:\/\/www.korfezdokum.com\/wp-content\/themes\/envision\/includes\/modules\/module.shadow\/shadows\/shadow-1.png\" alt=\"shadow\" \/><\/div><\/div><\/div><\/div> \n\n<\/div> \n<div  class=\"ui--space clearfix\" data-responsive=\"{&quot;css&quot;:{&quot;height&quot;:{&quot;phone&quot;:null,&quot;tablet&quot;:null,&quot;widescreen&quot;:null}}}\"><\/div><\/div><\/div><\/div><!-- \/.fullwidth-container --><div class=\"ui--custom-menu-bar ui--gradient ui--gradient-grey hover-effect fullwidth-container ui--height-thin text-center clearfix\" style=\"margin-bottom: -12px;\"><ul class=\"unstyled clearfix\"><li class=\"first-item ui--icon-position-left\" title=\"\"><a href=\"https:\/\/www.korfezdokum.com\/tr\/gelismis-teknolojiler\/bimetal-parca-dokum\/\"><i class=\"ui--icon fontawesome-chevron-sign-right icon-inline-block\" style=\"font-size: 18px;  width: 22px;  height: 22px;  color: #E50914 !important;\"><\/i> <strong><font color=\"#203063\">Bimetal Par\u00e7a D\u00f6k\u00fcm<\/font><\/strong> <\/a><\/li><li class=\"last-item ui--icon-position-left\" title=\"\"><a href=\"https:\/\/www.korfezdokum.com\/tr\/gelismis-teknolojiler\/kompozit-dokum\/\"><i class=\"ui--icon fontawesome-chevron-sign-right icon-inline-block\" style=\"font-size: 18px;  width: 22px;  height: 22px;  color: #E50914 !important;\"><\/i> <strong><font color=\"#203063\">Kompozit D\u00f6k\u00fcm<\/font><\/strong> <\/a><\/li><\/ul><\/div>","protected":false},"excerpt":{"rendered":"<p>Santrif\u00fcj (Savurma) D\u00f6k\u00fcm Y\u00f6ntemi Santrif\u00fcj d\u00f6k\u00fcm borular; kazanlarda, end\u00fcstriyel f\u0131r\u0131nlarda, kimya\/petrokimya tesislerinde ve ba\u015fka bir\u00e7ok alanlarda kullan\u0131lmaktad\u0131r. Karde\u015f firmam\u0131z K\u00f6rfez Boru, savurma d\u00f6k\u00fcm konusunda uzmanla\u015fm\u0131\u015ft\u0131r ve en \u00fcst\u00fcn kalitede santrif\u00fcj borular \u00fcretmektedir. Bu e\u015fsiz teknoloji, istenen boyutlarda ve kimyasal analizde diki\u015fsiz boru \u00fcretimini m\u00fcmk\u00fcn k\u0131lmaktad\u0131r. Bimetal Par\u00e7a D\u00f6k\u00fcm Kompozit D\u00f6k\u00fcm<\/p>\n","protected":false},"author":1,"featured_media":0,"parent":2352,"menu_order":0,"comment_status":"closed","ping_status":"closed","template":"","meta":[],"yoast_head":"<!-- This site is optimized with the Yoast SEO plugin v21.4 - https:\/\/yoast.com\/wordpress\/plugins\/seo\/ -->\n<title>Santrif\u00fcj (Savurma) D\u00f6k\u00fcm &#187; K\u00f6rfez D\u00f6k\u00fcm<\/title>\n<meta name=\"robots\" content=\"index, follow, max-snippet:-1, max-image-preview:large, max-video-preview:-1\" \/>\n<link rel=\"canonical\" href=\"https:\/\/www.korfezdokum.com\/tr\/gelismis-teknolojiler\/santrifuj-savurma-dokum\/\" \/>\n<meta property=\"og:locale\" content=\"tr_TR\" \/>\n<meta property=\"og:type\" content=\"article\" \/>\n<meta property=\"og:title\" content=\"Santrif\u00fcj (Savurma) D\u00f6k\u00fcm &#187; K\u00f6rfez D\u00f6k\u00fcm\" \/>\n<meta property=\"og:description\" content=\"Santrif\u00fcj (Savurma) D\u00f6k\u00fcm Y\u00f6ntemi Santrif\u00fcj d\u00f6k\u00fcm borular; kazanlarda, end\u00fcstriyel f\u0131r\u0131nlarda, kimya\/petrokimya tesislerinde ve ba\u015fka bir\u00e7ok alanlarda kullan\u0131lmaktad\u0131r. Karde\u015f firmam\u0131z K\u00f6rfez Boru, savurma d\u00f6k\u00fcm konusunda uzmanla\u015fm\u0131\u015ft\u0131r ve en \u00fcst\u00fcn kalitede santrif\u00fcj borular \u00fcretmektedir. Bu e\u015fsiz teknoloji, istenen boyutlarda ve kimyasal analizde diki\u015fsiz boru \u00fcretimini m\u00fcmk\u00fcn k\u0131lmaktad\u0131r. Bimetal Par\u00e7a D\u00f6k\u00fcm Kompozit D\u00f6k\u00fcm\" \/>\n<meta property=\"og:url\" content=\"https:\/\/www.korfezdokum.com\/tr\/gelismis-teknolojiler\/santrifuj-savurma-dokum\/\" \/>\n<meta property=\"og:site_name\" content=\"K\u00f6rfez D\u00f6k\u00fcm\" \/>\n<meta property=\"article:modified_time\" content=\"2020-04-19T19:35:30+00:00\" \/>\n<meta name=\"twitter:card\" content=\"summary_large_image\" \/>\n<script type=\"application\/ld+json\" class=\"yoast-schema-graph\">{\"@context\":\"https:\/\/schema.org\",\"@graph\":[{\"@type\":\"WebPage\",\"@id\":\"https:\/\/www.korfezdokum.com\/tr\/gelismis-teknolojiler\/santrifuj-savurma-dokum\/\",\"url\":\"https:\/\/www.korfezdokum.com\/tr\/gelismis-teknolojiler\/santrifuj-savurma-dokum\/\",\"name\":\"Santrif\u00fcj (Savurma) D\u00f6k\u00fcm &#187; K\u00f6rfez D\u00f6k\u00fcm\",\"isPartOf\":{\"@id\":\"https:\/\/www.korfezdokum.com\/tr\/#website\"},\"datePublished\":\"2020-04-18T12:00:49+00:00\",\"dateModified\":\"2020-04-19T19:35:30+00:00\",\"breadcrumb\":{\"@id\":\"https:\/\/www.korfezdokum.com\/tr\/gelismis-teknolojiler\/santrifuj-savurma-dokum\/#breadcrumb\"},\"inLanguage\":\"tr\",\"potentialAction\":[{\"@type\":\"ReadAction\",\"target\":[\"https:\/\/www.korfezdokum.com\/tr\/gelismis-teknolojiler\/santrifuj-savurma-dokum\/\"]}]},{\"@type\":\"BreadcrumbList\",\"@id\":\"https:\/\/www.korfezdokum.com\/tr\/gelismis-teknolojiler\/santrifuj-savurma-dokum\/#breadcrumb\",\"itemListElement\":[{\"@type\":\"ListItem\",\"position\":1,\"name\":\"Home\",\"item\":\"https:\/\/www.korfezdokum.com\/tr\/\"},{\"@type\":\"ListItem\",\"position\":2,\"name\":\"Geli\u015fmi\u015f Teknolojiler\",\"item\":\"https:\/\/www.korfezdokum.com\/tr\/gelismis-teknolojiler\/\"},{\"@type\":\"ListItem\",\"position\":3,\"name\":\"Santrif\u00fcj (Savurma) D\u00f6k\u00fcm\"}]},{\"@type\":\"WebSite\",\"@id\":\"https:\/\/www.korfezdokum.com\/tr\/#website\",\"url\":\"https:\/\/www.korfezdokum.com\/tr\/\",\"name\":\"K\u00f6rfez D\u00f6k\u00fcm\",\"description\":\"\u00c7\u00f6z\u00fcm Orta\u011f\u0131n\u0131z.\",\"publisher\":{\"@id\":\"https:\/\/www.korfezdokum.com\/tr\/#organization\"},\"potentialAction\":[{\"@type\":\"SearchAction\",\"target\":{\"@type\":\"EntryPoint\",\"urlTemplate\":\"https:\/\/www.korfezdokum.com\/tr\/?s={search_term_string}\"},\"query-input\":\"required name=search_term_string\"}],\"inLanguage\":\"tr\"},{\"@type\":\"Organization\",\"@id\":\"https:\/\/www.korfezdokum.com\/tr\/#organization\",\"name\":\"K\u00f6rfez D\u00f6k\u00fcm San. ve Tic. A.\u015e.\",\"url\":\"https:\/\/www.korfezdokum.com\/tr\/\",\"logo\":{\"@type\":\"ImageObject\",\"inLanguage\":\"tr\",\"@id\":\"https:\/\/www.korfezdokum.com\/tr\/#\/schema\/logo\/image\/\",\"url\":\"https:\/\/www.korfezdokum.com\/wp-content\/uploads\/2019\/12\/korfez_logo_web_header.png\",\"contentUrl\":\"https:\/\/www.korfezdokum.com\/wp-content\/uploads\/2019\/12\/korfez_logo_web_header.png\",\"width\":94,\"height\":105,\"caption\":\"K\u00f6rfez D\u00f6k\u00fcm San. ve Tic. A.\u015e.\"},\"image\":{\"@id\":\"https:\/\/www.korfezdokum.com\/tr\/#\/schema\/logo\/image\/\"},\"sameAs\":[\"https:\/\/www.linkedin.com\/company\/korfezdokum\"]}]}<\/script>\n<!-- \/ Yoast SEO plugin. -->","yoast_head_json":{"title":"Santrif\u00fcj (Savurma) D\u00f6k\u00fcm &#187; K\u00f6rfez D\u00f6k\u00fcm","robots":{"index":"index","follow":"follow","max-snippet":"max-snippet:-1","max-image-preview":"max-image-preview:large","max-video-preview":"max-video-preview:-1"},"canonical":"https:\/\/www.korfezdokum.com\/tr\/gelismis-teknolojiler\/santrifuj-savurma-dokum\/","og_locale":"tr_TR","og_type":"article","og_title":"Santrif\u00fcj (Savurma) D\u00f6k\u00fcm &#187; K\u00f6rfez D\u00f6k\u00fcm","og_description":"Santrif\u00fcj (Savurma) D\u00f6k\u00fcm Y\u00f6ntemi Santrif\u00fcj d\u00f6k\u00fcm borular; kazanlarda, end\u00fcstriyel f\u0131r\u0131nlarda, kimya\/petrokimya tesislerinde ve ba\u015fka bir\u00e7ok alanlarda kullan\u0131lmaktad\u0131r. Karde\u015f firmam\u0131z K\u00f6rfez Boru, savurma d\u00f6k\u00fcm konusunda uzmanla\u015fm\u0131\u015ft\u0131r ve en \u00fcst\u00fcn kalitede santrif\u00fcj borular \u00fcretmektedir. Bu e\u015fsiz teknoloji, istenen boyutlarda ve kimyasal analizde diki\u015fsiz boru \u00fcretimini m\u00fcmk\u00fcn k\u0131lmaktad\u0131r. Bimetal Par\u00e7a D\u00f6k\u00fcm Kompozit D\u00f6k\u00fcm","og_url":"https:\/\/www.korfezdokum.com\/tr\/gelismis-teknolojiler\/santrifuj-savurma-dokum\/","og_site_name":"K\u00f6rfez D\u00f6k\u00fcm","article_modified_time":"2020-04-19T19:35:30+00:00","twitter_card":"summary_large_image","schema":{"@context":"https:\/\/schema.org","@graph":[{"@type":"WebPage","@id":"https:\/\/www.korfezdokum.com\/tr\/gelismis-teknolojiler\/santrifuj-savurma-dokum\/","url":"https:\/\/www.korfezdokum.com\/tr\/gelismis-teknolojiler\/santrifuj-savurma-dokum\/","name":"Santrif\u00fcj (Savurma) D\u00f6k\u00fcm &#187; K\u00f6rfez D\u00f6k\u00fcm","isPartOf":{"@id":"https:\/\/www.korfezdokum.com\/tr\/#website"},"datePublished":"2020-04-18T12:00:49+00:00","dateModified":"2020-04-19T19:35:30+00:00","breadcrumb":{"@id":"https:\/\/www.korfezdokum.com\/tr\/gelismis-teknolojiler\/santrifuj-savurma-dokum\/#breadcrumb"},"inLanguage":"tr","potentialAction":[{"@type":"ReadAction","target":["https:\/\/www.korfezdokum.com\/tr\/gelismis-teknolojiler\/santrifuj-savurma-dokum\/"]}]},{"@type":"BreadcrumbList","@id":"https:\/\/www.korfezdokum.com\/tr\/gelismis-teknolojiler\/santrifuj-savurma-dokum\/#breadcrumb","itemListElement":[{"@type":"ListItem","position":1,"name":"Home","item":"https:\/\/www.korfezdokum.com\/tr\/"},{"@type":"ListItem","position":2,"name":"Geli\u015fmi\u015f Teknolojiler","item":"https:\/\/www.korfezdokum.com\/tr\/gelismis-teknolojiler\/"},{"@type":"ListItem","position":3,"name":"Santrif\u00fcj (Savurma) D\u00f6k\u00fcm"}]},{"@type":"WebSite","@id":"https:\/\/www.korfezdokum.com\/tr\/#website","url":"https:\/\/www.korfezdokum.com\/tr\/","name":"K\u00f6rfez D\u00f6k\u00fcm","description":"\u00c7\u00f6z\u00fcm Orta\u011f\u0131n\u0131z.","publisher":{"@id":"https:\/\/www.korfezdokum.com\/tr\/#organization"},"potentialAction":[{"@type":"SearchAction","target":{"@type":"EntryPoint","urlTemplate":"https:\/\/www.korfezdokum.com\/tr\/?s={search_term_string}"},"query-input":"required name=search_term_string"}],"inLanguage":"tr"},{"@type":"Organization","@id":"https:\/\/www.korfezdokum.com\/tr\/#organization","name":"K\u00f6rfez D\u00f6k\u00fcm San. ve Tic. A.\u015e.","url":"https:\/\/www.korfezdokum.com\/tr\/","logo":{"@type":"ImageObject","inLanguage":"tr","@id":"https:\/\/www.korfezdokum.com\/tr\/#\/schema\/logo\/image\/","url":"https:\/\/www.korfezdokum.com\/wp-content\/uploads\/2019\/12\/korfez_logo_web_header.png","contentUrl":"https:\/\/www.korfezdokum.com\/wp-content\/uploads\/2019\/12\/korfez_logo_web_header.png","width":94,"height":105,"caption":"K\u00f6rfez D\u00f6k\u00fcm San. ve Tic. A.\u015e."},"image":{"@id":"https:\/\/www.korfezdokum.com\/tr\/#\/schema\/logo\/image\/"},"sameAs":["https:\/\/www.linkedin.com\/company\/korfezdokum"]}]}},"_links":{"self":[{"href":"https:\/\/www.korfezdokum.com\/tr\/wp-json\/wp\/v2\/pages\/2354"}],"collection":[{"href":"https:\/\/www.korfezdokum.com\/tr\/wp-json\/wp\/v2\/pages"}],"about":[{"href":"https:\/\/www.korfezdokum.com\/tr\/wp-json\/wp\/v2\/types\/page"}],"author":[{"embeddable":true,"href":"https:\/\/www.korfezdokum.com\/tr\/wp-json\/wp\/v2\/users\/1"}],"replies":[{"embeddable":true,"href":"https:\/\/www.korfezdokum.com\/tr\/wp-json\/wp\/v2\/comments?post=2354"}],"version-history":[{"count":1,"href":"https:\/\/www.korfezdokum.com\/tr\/wp-json\/wp\/v2\/pages\/2354\/revisions"}],"predecessor-version":[{"id":2440,"href":"https:\/\/www.korfezdokum.com\/tr\/wp-json\/wp\/v2\/pages\/2354\/revisions\/2440"}],"up":[{"embeddable":true,"href":"https:\/\/www.korfezdokum.com\/tr\/wp-json\/wp\/v2\/pages\/2352"}],"wp:attachment":[{"href":"https:\/\/www.korfezdokum.com\/tr\/wp-json\/wp\/v2\/media?parent=2354"}],"curies":[{"name":"wp","href":"https:\/\/api.w.org\/{rel}","templated":true}]}}