{"id":2356,"date":"2020-04-18T16:08:32","date_gmt":"2020-04-18T13:08:32","guid":{"rendered":"http:\/\/korfezdokum.com\/gelismis-teknolojiler\/kompozit-dokum\/"},"modified":"2022-02-21T13:55:04","modified_gmt":"2022-02-21T10:55:04","slug":"kompozit-dokum","status":"publish","type":"page","link":"https:\/\/www.korfezdokum.com\/tr\/gelismis-teknolojiler\/kompozit-dokum\/","title":{"rendered":"Kompozit D\u00f6k\u00fcm"},"content":{"rendered":"<div  id=\"section-f0fn1\" class=\"fullwidth-content ui--section clearfix inner-shadow-1 section-f0fn1\" style=\"margin-top: -30px;\"><div  class=\"ui--section-content inner-shadow-1\"><div class=\"container\"><div class=\"ui--title ui--animation ui--title-bordered-bottom text-center\"><div class=\"ui--title-holder\"><h4 class=\"ui--title-text\" style=\"color: #203063 !important;\">Kompozit D\u00f6k\u00fcm Y\u00f6ntemi<span style=\"border-color: #E50914 !important;  border-width: 2px;\" class=\"ui--title-borders ui--title-border-bottom\"><\/span><\/h4><\/div><\/div><div class=\"ui-row row\">\n <div   class=\"ui-column span6\"><div class=\"auto-format ui--animation\"><h6 style=\"color:#333333;\">K\u00f6rfez D\u00f6k\u00fcm, y\u0131llard\u0131r kompozit \u00e7eki\u00e7 ve dik de\u011firmen par\u00e7alar\u0131n\u0131 ba\u015far\u0131 ile \u00fcretmektedir. Kompozit par\u00e7alar, a\u015f\u0131nma b\u00f6lgesinde \u00e7ok sert seramik \u00e7ubuklarla takviye edilmi\u015ftir ancak baz malzeme esnek oldu\u011fu i\u00e7in par\u00e7an\u0131n di\u011fer b\u00f6lgeleri esnektir. <\/p>\n<p>B\u00f6ylece, baz malzemenin esnekli\u011fi ile seramik par\u00e7alar\u0131n a\u015f\u0131nma dayan\u0131m\u0131 birle\u015ftirilmi\u015f olur. Kompozit par\u00e7alar\u0131m\u0131z, al\u0131\u015f\u0131lagelmi\u015f tek malzemeli par\u00e7alar\u0131n \u00f6mr\u00fcn\u00fc birka\u00e7 kat\u0131na \u00e7\u0131karmay\u0131 ba\u015farm\u0131\u015ft\u0131r. <\/h6>\n<\/div><\/div> \n\n <div   class=\"ui-column span6\"><div class=\"ui--image-wrap clearfix ui--animation text-center ui--block\"><div class=\"ui--image-inline-block\"><img width=\"1920\" height=\"1080\" src=\"https:\/\/www.korfezdokum.com\/wp-content\/uploads\/2020\/03\/ceramic_composite_parts.png\" class=\"ui--image radius-6px\" alt=\"Korfez Foundry\" decoding=\"async\" loading=\"lazy\" title=\"Kompozit D\u00f6k\u00fcm Y\u00f6ntemi\" id=\"ui--image-1\" srcset=\"https:\/\/www.korfezdokum.com\/wp-content\/uploads\/2020\/03\/ceramic_composite_parts.png 1920w, https:\/\/www.korfezdokum.com\/wp-content\/uploads\/2020\/03\/ceramic_composite_parts-300x169.png 300w, https:\/\/www.korfezdokum.com\/wp-content\/uploads\/2020\/03\/ceramic_composite_parts-1024x576.png 1024w, https:\/\/www.korfezdokum.com\/wp-content\/uploads\/2020\/03\/ceramic_composite_parts-768x432.png 768w, https:\/\/www.korfezdokum.com\/wp-content\/uploads\/2020\/03\/ceramic_composite_parts-1536x864.png 1536w\" sizes=\"(max-width: 1920px) 100vw, 1920px\" \/><div class=\"ui--shadow ui--shadow-type-1 ui--shadow-abs clearfix\"><img src=\"https:\/\/www.korfezdokum.com\/wp-content\/themes\/envision\/includes\/modules\/module.shadow\/shadows\/shadow-1.png\" alt=\"shadow\" \/><\/div><\/div><\/div><\/div> \n\n<\/div> \n<div  class=\"ui--space clearfix\" data-responsive=\"{&quot;css&quot;:{&quot;height&quot;:{&quot;phone&quot;:null,&quot;tablet&quot;:null,&quot;widescreen&quot;:null}}}\"><\/div><\/div><\/div><\/div><!-- \/.fullwidth-container --><div class=\"ui--custom-menu-bar ui--gradient ui--gradient-grey hover-effect fullwidth-container ui--height-thin text-center clearfix\" style=\"margin-bottom: -12px;\"><ul class=\"unstyled clearfix\"><li class=\"first-item ui--icon-position-left\" title=\"\"><a href=\"https:\/\/www.korfezdokum.com\/tr\/gelismis-teknolojiler\/bimetal-parca-dokum\/\"><i class=\"ui--icon fontawesome-chevron-sign-right icon-inline-block\" style=\"font-size: 18px;  width: 22px;  height: 22px;  color: #E50914 !important;\"><\/i> <strong><font color=\"#203063\">Bimetal Par\u00e7a D\u00f6k\u00fcm\u00fc<\/font><\/strong> <\/a><\/li><li class=\"last-item ui--icon-position-left\" title=\"\"><a href=\"https:\/\/www.korfezdokum.com\/tr\/gelismis-teknolojiler\/santrifuj-savurma-dokum\/\"><i class=\"ui--icon fontawesome-chevron-sign-right icon-inline-block\" style=\"font-size: 18px;  width: 22px;  height: 22px;  color: #E50914 !important;\"><\/i> <strong><font color=\"#203063\">Santrif\u00fcj (Savurma) D\u00f6k\u00fcm<\/font><\/strong> <\/a><\/li><\/ul><\/div>","protected":false},"excerpt":{"rendered":"<p>Kompozit D\u00f6k\u00fcm Y\u00f6ntemi K\u00f6rfez D\u00f6k\u00fcm, y\u0131llard\u0131r kompozit \u00e7eki\u00e7 ve dik de\u011firmen par\u00e7alar\u0131n\u0131 ba\u015far\u0131 ile \u00fcretmektedir. Kompozit par\u00e7alar, a\u015f\u0131nma b\u00f6lgesinde \u00e7ok sert seramik \u00e7ubuklarla takviye edilmi\u015ftir ancak baz malzeme esnek oldu\u011fu i\u00e7in par\u00e7an\u0131n di\u011fer b\u00f6lgeleri esnektir. B\u00f6ylece, baz malzemenin esnekli\u011fi ile seramik par\u00e7alar\u0131n a\u015f\u0131nma dayan\u0131m\u0131 birle\u015ftirilmi\u015f olur. Kompozit par\u00e7alar\u0131m\u0131z, al\u0131\u015f\u0131lagelmi\u015f tek malzemeli par\u00e7alar\u0131n \u00f6mr\u00fcn\u00fc birka\u00e7 kat\u0131na [&hellip;]<\/p>\n","protected":false},"author":1,"featured_media":0,"parent":2352,"menu_order":0,"comment_status":"closed","ping_status":"closed","template":"","meta":[],"yoast_head":"<!-- This site is optimized with the Yoast SEO plugin v21.4 - https:\/\/yoast.com\/wordpress\/plugins\/seo\/ -->\n<title>Kompozit D\u00f6k\u00fcm &#187; K\u00f6rfez D\u00f6k\u00fcm<\/title>\n<meta name=\"description\" content=\"Kompozit \u00e7eki\u00e7 ve dik de\u011firmen par\u00e7alar\u0131, al\u0131\u015f\u0131lagelmi\u015f tek malzemeli par\u00e7alar\u0131n \u00f6mr\u00fcn\u00fc birka\u00e7 kat\u0131na \u00e7\u0131karmay\u0131 ba\u015farm\u0131\u015ft\u0131r.\" \/>\n<meta name=\"robots\" content=\"index, follow, max-snippet:-1, max-image-preview:large, max-video-preview:-1\" \/>\n<link rel=\"canonical\" href=\"https:\/\/www.korfezdokum.com\/tr\/gelismis-teknolojiler\/kompozit-dokum\/\" \/>\n<meta property=\"og:locale\" content=\"tr_TR\" \/>\n<meta property=\"og:type\" content=\"article\" \/>\n<meta property=\"og:title\" content=\"Kompozit D\u00f6k\u00fcm &#187; K\u00f6rfez D\u00f6k\u00fcm\" \/>\n<meta property=\"og:description\" content=\"Kompozit \u00e7eki\u00e7 ve dik de\u011firmen par\u00e7alar\u0131, al\u0131\u015f\u0131lagelmi\u015f tek malzemeli par\u00e7alar\u0131n \u00f6mr\u00fcn\u00fc birka\u00e7 kat\u0131na \u00e7\u0131karmay\u0131 ba\u015farm\u0131\u015ft\u0131r.\" \/>\n<meta property=\"og:url\" content=\"https:\/\/www.korfezdokum.com\/tr\/gelismis-teknolojiler\/kompozit-dokum\/\" \/>\n<meta property=\"og:site_name\" content=\"K\u00f6rfez D\u00f6k\u00fcm\" \/>\n<meta property=\"article:modified_time\" content=\"2022-02-21T10:55:04+00:00\" \/>\n<meta name=\"twitter:card\" content=\"summary_large_image\" \/>\n<script type=\"application\/ld+json\" class=\"yoast-schema-graph\">{\"@context\":\"https:\/\/schema.org\",\"@graph\":[{\"@type\":\"WebPage\",\"@id\":\"https:\/\/www.korfezdokum.com\/tr\/gelismis-teknolojiler\/kompozit-dokum\/\",\"url\":\"https:\/\/www.korfezdokum.com\/tr\/gelismis-teknolojiler\/kompozit-dokum\/\",\"name\":\"Kompozit D\u00f6k\u00fcm &#187; K\u00f6rfez D\u00f6k\u00fcm\",\"isPartOf\":{\"@id\":\"https:\/\/www.korfezdokum.com\/tr\/#website\"},\"datePublished\":\"2020-04-18T13:08:32+00:00\",\"dateModified\":\"2022-02-21T10:55:04+00:00\",\"description\":\"Kompozit \u00e7eki\u00e7 ve dik de\u011firmen par\u00e7alar\u0131, al\u0131\u015f\u0131lagelmi\u015f tek malzemeli par\u00e7alar\u0131n \u00f6mr\u00fcn\u00fc birka\u00e7 kat\u0131na \u00e7\u0131karmay\u0131 ba\u015farm\u0131\u015ft\u0131r.\",\"breadcrumb\":{\"@id\":\"https:\/\/www.korfezdokum.com\/tr\/gelismis-teknolojiler\/kompozit-dokum\/#breadcrumb\"},\"inLanguage\":\"tr\",\"potentialAction\":[{\"@type\":\"ReadAction\",\"target\":[\"https:\/\/www.korfezdokum.com\/tr\/gelismis-teknolojiler\/kompozit-dokum\/\"]}]},{\"@type\":\"BreadcrumbList\",\"@id\":\"https:\/\/www.korfezdokum.com\/tr\/gelismis-teknolojiler\/kompozit-dokum\/#breadcrumb\",\"itemListElement\":[{\"@type\":\"ListItem\",\"position\":1,\"name\":\"Home\",\"item\":\"https:\/\/www.korfezdokum.com\/tr\/\"},{\"@type\":\"ListItem\",\"position\":2,\"name\":\"Geli\u015fmi\u015f Teknolojiler\",\"item\":\"https:\/\/www.korfezdokum.com\/tr\/gelismis-teknolojiler\/\"},{\"@type\":\"ListItem\",\"position\":3,\"name\":\"Kompozit D\u00f6k\u00fcm\"}]},{\"@type\":\"WebSite\",\"@id\":\"https:\/\/www.korfezdokum.com\/tr\/#website\",\"url\":\"https:\/\/www.korfezdokum.com\/tr\/\",\"name\":\"K\u00f6rfez D\u00f6k\u00fcm\",\"description\":\"\u00c7\u00f6z\u00fcm Orta\u011f\u0131n\u0131z.\",\"publisher\":{\"@id\":\"https:\/\/www.korfezdokum.com\/tr\/#organization\"},\"potentialAction\":[{\"@type\":\"SearchAction\",\"target\":{\"@type\":\"EntryPoint\",\"urlTemplate\":\"https:\/\/www.korfezdokum.com\/tr\/?s={search_term_string}\"},\"query-input\":\"required name=search_term_string\"}],\"inLanguage\":\"tr\"},{\"@type\":\"Organization\",\"@id\":\"https:\/\/www.korfezdokum.com\/tr\/#organization\",\"name\":\"K\u00f6rfez D\u00f6k\u00fcm San. ve Tic. A.\u015e.\",\"url\":\"https:\/\/www.korfezdokum.com\/tr\/\",\"logo\":{\"@type\":\"ImageObject\",\"inLanguage\":\"tr\",\"@id\":\"https:\/\/www.korfezdokum.com\/tr\/#\/schema\/logo\/image\/\",\"url\":\"https:\/\/www.korfezdokum.com\/wp-content\/uploads\/2019\/12\/korfez_logo_web_header.png\",\"contentUrl\":\"https:\/\/www.korfezdokum.com\/wp-content\/uploads\/2019\/12\/korfez_logo_web_header.png\",\"width\":94,\"height\":105,\"caption\":\"K\u00f6rfez D\u00f6k\u00fcm San. ve Tic. A.\u015e.\"},\"image\":{\"@id\":\"https:\/\/www.korfezdokum.com\/tr\/#\/schema\/logo\/image\/\"},\"sameAs\":[\"https:\/\/www.linkedin.com\/company\/korfezdokum\"]}]}<\/script>\n<!-- \/ Yoast SEO plugin. -->","yoast_head_json":{"title":"Kompozit D\u00f6k\u00fcm &#187; K\u00f6rfez D\u00f6k\u00fcm","description":"Kompozit \u00e7eki\u00e7 ve dik de\u011firmen par\u00e7alar\u0131, al\u0131\u015f\u0131lagelmi\u015f tek malzemeli par\u00e7alar\u0131n \u00f6mr\u00fcn\u00fc birka\u00e7 kat\u0131na \u00e7\u0131karmay\u0131 ba\u015farm\u0131\u015ft\u0131r.","robots":{"index":"index","follow":"follow","max-snippet":"max-snippet:-1","max-image-preview":"max-image-preview:large","max-video-preview":"max-video-preview:-1"},"canonical":"https:\/\/www.korfezdokum.com\/tr\/gelismis-teknolojiler\/kompozit-dokum\/","og_locale":"tr_TR","og_type":"article","og_title":"Kompozit D\u00f6k\u00fcm &#187; K\u00f6rfez D\u00f6k\u00fcm","og_description":"Kompozit \u00e7eki\u00e7 ve dik de\u011firmen par\u00e7alar\u0131, al\u0131\u015f\u0131lagelmi\u015f tek malzemeli par\u00e7alar\u0131n \u00f6mr\u00fcn\u00fc birka\u00e7 kat\u0131na \u00e7\u0131karmay\u0131 ba\u015farm\u0131\u015ft\u0131r.","og_url":"https:\/\/www.korfezdokum.com\/tr\/gelismis-teknolojiler\/kompozit-dokum\/","og_site_name":"K\u00f6rfez D\u00f6k\u00fcm","article_modified_time":"2022-02-21T10:55:04+00:00","twitter_card":"summary_large_image","schema":{"@context":"https:\/\/schema.org","@graph":[{"@type":"WebPage","@id":"https:\/\/www.korfezdokum.com\/tr\/gelismis-teknolojiler\/kompozit-dokum\/","url":"https:\/\/www.korfezdokum.com\/tr\/gelismis-teknolojiler\/kompozit-dokum\/","name":"Kompozit D\u00f6k\u00fcm &#187; K\u00f6rfez D\u00f6k\u00fcm","isPartOf":{"@id":"https:\/\/www.korfezdokum.com\/tr\/#website"},"datePublished":"2020-04-18T13:08:32+00:00","dateModified":"2022-02-21T10:55:04+00:00","description":"Kompozit \u00e7eki\u00e7 ve dik de\u011firmen par\u00e7alar\u0131, al\u0131\u015f\u0131lagelmi\u015f tek malzemeli par\u00e7alar\u0131n \u00f6mr\u00fcn\u00fc birka\u00e7 kat\u0131na \u00e7\u0131karmay\u0131 ba\u015farm\u0131\u015ft\u0131r.","breadcrumb":{"@id":"https:\/\/www.korfezdokum.com\/tr\/gelismis-teknolojiler\/kompozit-dokum\/#breadcrumb"},"inLanguage":"tr","potentialAction":[{"@type":"ReadAction","target":["https:\/\/www.korfezdokum.com\/tr\/gelismis-teknolojiler\/kompozit-dokum\/"]}]},{"@type":"BreadcrumbList","@id":"https:\/\/www.korfezdokum.com\/tr\/gelismis-teknolojiler\/kompozit-dokum\/#breadcrumb","itemListElement":[{"@type":"ListItem","position":1,"name":"Home","item":"https:\/\/www.korfezdokum.com\/tr\/"},{"@type":"ListItem","position":2,"name":"Geli\u015fmi\u015f Teknolojiler","item":"https:\/\/www.korfezdokum.com\/tr\/gelismis-teknolojiler\/"},{"@type":"ListItem","position":3,"name":"Kompozit D\u00f6k\u00fcm"}]},{"@type":"WebSite","@id":"https:\/\/www.korfezdokum.com\/tr\/#website","url":"https:\/\/www.korfezdokum.com\/tr\/","name":"K\u00f6rfez D\u00f6k\u00fcm","description":"\u00c7\u00f6z\u00fcm Orta\u011f\u0131n\u0131z.","publisher":{"@id":"https:\/\/www.korfezdokum.com\/tr\/#organization"},"potentialAction":[{"@type":"SearchAction","target":{"@type":"EntryPoint","urlTemplate":"https:\/\/www.korfezdokum.com\/tr\/?s={search_term_string}"},"query-input":"required name=search_term_string"}],"inLanguage":"tr"},{"@type":"Organization","@id":"https:\/\/www.korfezdokum.com\/tr\/#organization","name":"K\u00f6rfez D\u00f6k\u00fcm San. ve Tic. A.\u015e.","url":"https:\/\/www.korfezdokum.com\/tr\/","logo":{"@type":"ImageObject","inLanguage":"tr","@id":"https:\/\/www.korfezdokum.com\/tr\/#\/schema\/logo\/image\/","url":"https:\/\/www.korfezdokum.com\/wp-content\/uploads\/2019\/12\/korfez_logo_web_header.png","contentUrl":"https:\/\/www.korfezdokum.com\/wp-content\/uploads\/2019\/12\/korfez_logo_web_header.png","width":94,"height":105,"caption":"K\u00f6rfez D\u00f6k\u00fcm San. ve Tic. A.\u015e."},"image":{"@id":"https:\/\/www.korfezdokum.com\/tr\/#\/schema\/logo\/image\/"},"sameAs":["https:\/\/www.linkedin.com\/company\/korfezdokum"]}]}},"_links":{"self":[{"href":"https:\/\/www.korfezdokum.com\/tr\/wp-json\/wp\/v2\/pages\/2356"}],"collection":[{"href":"https:\/\/www.korfezdokum.com\/tr\/wp-json\/wp\/v2\/pages"}],"about":[{"href":"https:\/\/www.korfezdokum.com\/tr\/wp-json\/wp\/v2\/types\/page"}],"author":[{"embeddable":true,"href":"https:\/\/www.korfezdokum.com\/tr\/wp-json\/wp\/v2\/users\/1"}],"replies":[{"embeddable":true,"href":"https:\/\/www.korfezdokum.com\/tr\/wp-json\/wp\/v2\/comments?post=2356"}],"version-history":[{"count":1,"href":"https:\/\/www.korfezdokum.com\/tr\/wp-json\/wp\/v2\/pages\/2356\/revisions"}],"predecessor-version":[{"id":4133,"href":"https:\/\/www.korfezdokum.com\/tr\/wp-json\/wp\/v2\/pages\/2356\/revisions\/4133"}],"up":[{"embeddable":true,"href":"https:\/\/www.korfezdokum.com\/tr\/wp-json\/wp\/v2\/pages\/2352"}],"wp:attachment":[{"href":"https:\/\/www.korfezdokum.com\/tr\/wp-json\/wp\/v2\/media?parent=2356"}],"curies":[{"name":"wp","href":"https:\/\/api.w.org\/{rel}","templated":true}]}}