{"id":4267,"date":"2022-08-09T12:15:28","date_gmt":"2022-08-09T09:15:28","guid":{"rendered":"https:\/\/korfezdokum.com\/?page_id=4267"},"modified":"2023-03-28T14:03:46","modified_gmt":"2023-03-28T11:03:46","slug":"surdurulebilirlik-sosyal-sorumluluk","status":"publish","type":"page","link":"https:\/\/www.korfezdokum.com\/tr\/hakkimizda\/surdurulebilirlik-sosyal-sorumluluk\/","title":{"rendered":"S\u00fcrd\u00fcr\u00fclebilirlik ve Sosyal Sorumluluk"},"content":{"rendered":"<div  id=\"video-background-1\" class=\"ui--video-background-wrapper fullwidth-content clearfix color--dark\" style=\"margin-top: -30px;  margin-bottom: 0px;\"><div class=\"ui--video-background-holder\"><div  class=\"ui--video-background-video hidden-phone \"><\/div><div class=\"ui--video-background-poster\"><\/div><div  class=\"ui--video-background\"><div class=\"ui--gradient\"><\/div><\/div><\/div><div  class=\"ui--section-content container clearfix\" style=\"padding-top: 180px;  padding-bottom: 30px;\"><div  class=\"ui--space clearfix\" data-responsive=\"{&quot;css&quot;:{&quot;height&quot;:{&quot;phone&quot;:null,&quot;tablet&quot;:null,&quot;widescreen&quot;:null}}}\"><\/div><div  class=\"ui--space clearfix\" data-responsive=\"{&quot;css&quot;:{&quot;height&quot;:{&quot;phone&quot;:null,&quot;tablet&quot;:null,&quot;widescreen&quot;:null}}}\"><\/div><h3 id=\"custom-title-h3-1\" class=\"ui--animation \" style=\"text-align: center; margin-bottom: 0px; \"><strong>D\u00fcnyam\u0131z\u0131 gelecek nesillere ya\u015fanabilir olarak b\u0131rakmak, bizler i\u00e7in bir sorumluluktur. <\/strong><\/h3><div  class=\"ui--space clearfix\" data-responsive=\"{&quot;css&quot;:{&quot;height&quot;:{&quot;phone&quot;:null,&quot;tablet&quot;:null,&quot;widescreen&quot;:null}}}\"><\/div><div  class=\"ui--space clearfix\" data-responsive=\"{&quot;css&quot;:{&quot;height&quot;:{&quot;phone&quot;:null,&quot;tablet&quot;:null,&quot;widescreen&quot;:null}}}\"><\/div><div  class=\"ui--space clearfix\" data-responsive=\"{&quot;css&quot;:{&quot;height&quot;:{&quot;phone&quot;:null,&quot;tablet&quot;:null,&quot;widescreen&quot;:null}}}\"><\/div><div  class=\"ui--space clearfix\" data-responsive=\"{&quot;css&quot;:{&quot;height&quot;:{&quot;phone&quot;:null,&quot;tablet&quot;:null,&quot;widescreen&quot;:null}}}\"><\/div><div  class=\"ui--space clearfix\" data-responsive=\"{&quot;css&quot;:{&quot;height&quot;:{&quot;phone&quot;:null,&quot;tablet&quot;:null,&quot;widescreen&quot;:null}}}\"><\/div><\/div><\/div><div  id=\"section-nlv36\" class=\"fullwidth-content ui--section clearfix inner-shadow-1 section-nlv36\"><div  class=\"ui--section-content inner-shadow-1\"><div class=\"container\"><div class=\"auto-format ui--animation\"><h6 style=\"color:#333333;\">K\u00f6rfez D\u00f6k\u00fcm; kaliteli ve verimli \u00fcretimi, m\u00fc\u015fteri memnuniyetini, \u00e7evreye etkiyi en aza indirmeyi, do\u011fay\u0131 korumay\u0131 ve t\u00fcm bunlar\u0131 i\u015fletme i\u00e7erisindeki her birim ve seviyede yerle\u015fik hale getirmeyi hedeflemektedir. S\u00fcrd\u00fcr\u00fclebilir b\u00fcy\u00fcmenin, \u00e7evreye duyarl\u0131 bir atmosferde teknolojik geli\u015fmeleri yak\u0131ndan takip ederek ula\u015fabilece\u011fine inanmaktad\u0131r.<\/br><br \/>\nM\u00fc\u015fterilerimizin beklenti ve ihtiya\u00e7lar\u0131n\u0131 do\u011fru analiz etmek, m\u00fc\u015fteri memnuniyetini sa\u011flamak i\u00e7in uygun \u00e7\u00f6z\u00fcmler \u00fcretmek ve b\u00f6ylelikle \u00e7al\u0131\u015fanlar\u0131m\u0131z\u0131 ve tedarik\u00e7ilerimizi kapsayan g\u00fc\u00e7l\u00fc bir ekiple  nihai m\u00fc\u015fteri memnuniyetini art\u0131rmak \u00fczere; maliyet, sevkiyat ve kalite konular\u0131nda s\u00fcrd\u00fcr\u00fclebilirlik ekseninde ortak \u00e7al\u0131\u015fmalar y\u00fcr\u00fctmekte, Kalite Y\u00f6netim Sisteminin uygulanabilir \u015fartlar\u0131n\u0131 yerine getirmekte, \u201cYal\u0131n \u00dcretim\u201d oda\u011f\u0131 ile \u00e7al\u0131\u015fanlar\u0131n kat\u0131l\u0131m\u0131n\u0131 sa\u011fl\u0131yor, \u00e7evreye duyarl\u0131 bir atmosferde etki d\u00fczeyi y\u00fcksek m\u00fc\u015fteri \u00e7\u00f6z\u00fcmleri \u00fcretmektedir. Bunu yaparken, t\u00fcm \u00e7al\u0131\u015fmalar kaynaklar\u0131n verimli kullan\u0131m\u0131 ve \u00e7evreye sayg\u0131l\u0131 olma ilkeleri kapsam\u0131nda hareket edilerek yap\u0131lmaktad\u0131r.<br \/>\n<\/h6>\n<\/div><\/div><\/div><\/div><!-- \/.fullwidth-container --><div  id=\"section-og4ty\" class=\"fullwidth-content ui--section clearfix outer-shadow-2 section-og4ty\"><div  class=\"ui--section-content outer-shadow-2\"><div class=\"container\"><div  class=\"ui--space clearfix\" data-responsive=\"{&quot;css&quot;:{&quot;height&quot;:{&quot;phone&quot;:null,&quot;tablet&quot;:null,&quot;widescreen&quot;:null}}}\"><\/div><div  class=\"ui--space clearfix\" data-responsive=\"{&quot;css&quot;:{&quot;height&quot;:{&quot;phone&quot;:null,&quot;tablet&quot;:null,&quot;widescreen&quot;:null}}}\"><\/div><div class=\"ui-row row\">\n <div   class=\"ui-column span6\"><div class=\"ui--image-wrap clearfix\"><img width=\"800\" height=\"526\" src=\"https:\/\/www.korfezdokum.com\/wp-content\/uploads\/2022\/08\/surdurulebilirlik2.webp\" class=\"ui--image ui--animation\" alt=\"\" decoding=\"async\" loading=\"lazy\" title=\"surdurulebilirlik2\" id=\"ui--image-1\" srcset=\"https:\/\/www.korfezdokum.com\/wp-content\/uploads\/2022\/08\/surdurulebilirlik2.webp 800w, https:\/\/www.korfezdokum.com\/wp-content\/uploads\/2022\/08\/surdurulebilirlik2-300x197.webp 300w, https:\/\/www.korfezdokum.com\/wp-content\/uploads\/2022\/08\/surdurulebilirlik2-768x505.webp 768w\" sizes=\"(max-width: 800px) 100vw, 800px\" \/><\/div><\/div> \n\n <div   class=\"ui-column span6\"><div  class=\"ui--space clearfix\" data-responsive=\"{&quot;css&quot;:{&quot;height&quot;:{&quot;phone&quot;:null,&quot;tablet&quot;:null,&quot;widescreen&quot;:null}}}\"><\/div><div class=\"ui--title ui--animation ui--title-bordered-bottom text-center\" style=\"margin-bottom: 24px;\"><div class=\"ui--title-holder\"><h4 class=\"ui--title-text\" style=\"color: #203063 !important;\">\u0130\u015f Sa\u011fl\u0131\u011f\u0131 ve G\u00fcvenli\u011fini \u00d6nemsiyoruz<span style=\"border-color: #E50914 !important;  border-width: 2px;\" class=\"ui--title-borders ui--title-border-bottom\"><\/span><\/h4><\/div><\/div><div class=\"auto-format ui--animation\"><h6 style=\"color:#333333;\">K\u00f6rfez D\u00f6k\u00fcm, \u00e7al\u0131\u015fanlar\u0131n\u0131n ve ziyaret\u00e7ilerinin ki\u015fisel sa\u011fl\u0131k ve g\u00fcvenli\u011fini azami derecede \u00f6nemsemektedir. Olas\u0131 kaza ve risklerden korunmaya y\u00f6nelik olarak, etkili bir \u0130\u015f Sa\u011fl\u0131\u011f\u0131 ve G\u00fcvenli\u011fi sistemini benimseyerek kazalar\u0131n \u00f6nlenebilece\u011fine ve kaza riskinin en aza indirilebilece\u011fine inan\u0131lmaktad\u0131r.<\/br><br \/>\nK\u00f6rfez D\u00f6k\u00fcm b\u00fcnyesinde, \u00e7al\u0131\u015fanlar\u0131n \u0130\u015f Sa\u011fl\u0131\u011f\u0131 ve G\u00fcvenli\u011fi i\u00e7in; kontroller, uygunluk denetimleri, e\u011fitimler, \u00e7al\u0131\u015fma prosed\u00fcrleri incelemeleri ve ki\u015fisel koruyucu ekipmanlar sa\u011fl\u0131kl\u0131 ve g\u00fcvenli bir \u00e7al\u0131\u015fma ortam\u0131 haz\u0131rlamaktad\u0131r.<br \/>\n<\/h6>\n<\/div><\/div> \n\n<\/div> \n<div  class=\"ui--space clearfix\" data-responsive=\"{&quot;css&quot;:{&quot;height&quot;:{&quot;phone&quot;:null,&quot;tablet&quot;:null,&quot;widescreen&quot;:null}}}\"><\/div><div  class=\"ui--space clearfix\" data-responsive=\"{&quot;css&quot;:{&quot;height&quot;:{&quot;phone&quot;:null,&quot;tablet&quot;:null,&quot;widescreen&quot;:null}}}\"><\/div><\/div><\/div><\/div><!-- \/.fullwidth-container --><div  id=\"section-og4ty\" class=\"fullwidth-content ui--section clearfix outer-shadow-2 section-og4ty\"><div  class=\"ui--section-content outer-shadow-2\"><div class=\"container\"><div class=\"ui--title ui--animation ui--title-bordered-bottom text-center\" style=\"margin-bottom: 24px;\"><div class=\"ui--title-holder\"><h4 class=\"ui--title-text\" style=\"color: #203063 !important;\">\u00c7evreye Duyarl\u0131y\u0131z<span style=\"border-color: #E50914 !important;  border-width: 2px;\" class=\"ui--title-borders ui--title-border-bottom\"><\/span><\/h4><\/div><\/div><div class=\"auto-format ui--animation\"><h6 style=\"color:#333333;\">K\u00f6rfez D\u00f6k\u00fcm, t\u00fcm faaliyetlerde hava-su-toprak-flora-fauna ve insandan olu\u015fan ekosistemin korunmas\u0131 i\u00e7in gerekli tedbirleri almay\u0131, uygun teknolojiler kullanarak do\u011fal kaynaklar\u0131n korunmas\u0131n\u0131 sa\u011flamay\u0131, \u00e7evre kirlili\u011fine neden olabilecek etkenleri kayna\u011f\u0131nda yok etmeyi, kaynaklar\u0131 ak\u0131lc\u0131 ve tasarruflu kullanmay\u0131, at\u0131klar\u0131n azalt\u0131lmas\u0131, tekrar kullan\u0131lmas\u0131 ve geri kazan\u0131m\u0131 i\u00e7in \u00e7al\u0131\u015fmalar yapmay\u0131 ama\u00e7lamaktad\u0131r.<\/p>\n<\/h6>\n<\/div><\/div><\/div><\/div><!-- \/.fullwidth-container --><div  id=\"section-og4ty\" class=\"fullwidth-content ui--section clearfix outer-shadow-2 section-og4ty\"><div  class=\"ui--section-content outer-shadow-2\"><div class=\"container\"><div class=\"ui--title ui--animation ui--title-bordered-bottom text-center\" style=\"margin-bottom: 24px;\"><div class=\"ui--title-holder\"><h4 class=\"ui--title-text\" style=\"color: #203063 !important;\">\u201c\u00d6nce \u0130nsan\u201d Prensibiyle Hareket Ediyoruz<span style=\"border-color: #E50914 !important;  border-width: 2px;\" class=\"ui--title-borders ui--title-border-bottom\"><\/span><\/h4><\/div><\/div><div class=\"auto-format ui--animation\"><h6 style=\"color:#333333;\">\u00dcretimin ve y\u00f6netimin her a\u015famas\u0131nda \u201c\u00d6nce \u0130nsan\u201d prensibi ile hareket eden \u015firketimiz herkese e\u015fit f\u0131rsatlar sunan bir kurulu\u015f olup; ya\u015f, \u0131rk, inan\u00e7, ten rengi, cinsiyet, dil, uyruk, medeni durum, cinsel e\u011filim, k\u0131demlilik, siyasi g\u00f6r\u00fc\u015f, askerlik durumu, ger\u00e7ek veya alg\u0131lanan engellilik veya \u00f6z\u00fcrl\u00fcl\u00fck, din veya yasal olarak korunan di\u011fer \u00f6zellikler baz\u0131nda herhangi bir ayr\u0131m yapmaz, yap\u0131lmas\u0131na izin vermez. Firma \u00e7al\u0131\u015fanlar\u0131 birbirlerinin bireysel haklar\u0131na ve k\u00fclt\u00fcrel farkl\u0131l\u0131klar\u0131na sayg\u0131 g\u00f6sterir. Ki\u015filere do\u011frudan veya dolayl\u0131 \u015fekilde ayr\u0131mc\u0131l\u0131k veya taciz olu\u015fturan her t\u00fcrl\u00fc davran\u0131\u015f kesinlikle yasakt\u0131r. <\/br><br \/>\nS\u00f6z konusu davran\u0131\u015flar; <\/br><br \/>\n\u2022 Kar\u015f\u0131 taraf\u00e7a onaylanmayan s\u00f6zel, fiziksel ve cinsel herhangi bir yakla\u015f\u0131m, mazur g\u00f6r\u00fclmeyecek fiziksel temas, teklif veya dokunma,<br \/>\n\u2022 Bir ki\u015finin \u0131rk\u0131, cinsiyeti, uyru\u011fu, cinsel y\u00f6nelimi, dini, engelli olma hali ya da herhangi bir ba\u015fka \u00f6zelli\u011fine ili\u015fkin ki\u015filer g\u00f6r\u00fcnt\u00fcs\u00fc, v\u00fccudu veya ya\u015fam tarz\u0131 hakk\u0131ndaki yorumlar,<br \/>\n\u2022 Irk, cinsiyet, uyruk, cinsel y\u00f6nelim, din, engelli olma hali veya herhangi bir ki\u015fisel \u00f6zellikle ilgili a\u00e7\u0131k sa\u00e7\u0131k hik\u00e2yeler, \u015fakalar, imal\u0131 s\u00f6zler veya yorumlar,<br \/>\n\u2022 S\u00f6zl\u00fc sald\u0131r\u0131lar,<br \/>\n\u2022 Mobbing (bezdirme): Bir bireyden ziyade, bir grup\u00e7a ger\u00e7ekle\u015ftirilen ve belli bir ki\u015fiye toplu halde yap\u0131lan yersiz su\u00e7lamalar, a\u015fa\u011f\u0131lamalar, genel taciz veya duygusal suiistimaller. <\/br><\/p>\n<\/h6>\n<\/div><\/div><\/div><\/div><!-- \/.fullwidth-container --><div class=\"ui--custom-menu-bar ui--gradient ui--gradient-grey hover-effect fullwidth-container ui--height-thin text-center clearfix\" style=\"margin-bottom: -12px;\"><ul class=\"unstyled clearfix\"><li class=\"first-item ui--icon-position-left\" title=\"\"><a href=\"https:\/\/www.korfezdokum.com\/tr\/hakkimizda\/korfez\/\"><i class=\"ui--icon fontawesome-chevron-sign-right icon-inline-block\" style=\"font-size: 18px;  width: 22px;  height: 22px;  color: #E50914 !important;\"><\/i> <strong><font color=\"#203063\">K\u00d6RFEZ<\/font><\/strong> <\/a><\/li><li class=\"ui--icon-position-left\" title=\"\"><a href=\"https:\/\/www.korfezdokum.com\/tr\/hakkimizda\/korfez\/korfez-boru\/\"><i class=\"ui--icon fontawesome-chevron-sign-right icon-inline-block\" style=\"font-size: 18px;  width: 22px;  height: 22px;  color: #E50914 !important;\"><\/i> <strong><font color=\"#203063\">K\u00d6RFEZ Boru<\/font><\/strong> <\/a><\/li><li class=\"ui--icon-position-left\" title=\"\"><a href=\"https:\/\/www.korfezdokum.com\/tr\/hakkimizda\/korfez\/korfez-engineering\/\"><i class=\"ui--icon fontawesome-chevron-sign-right icon-inline-block\" style=\"font-size: 18px;  width: 22px;  height: 22px;  color: #E50914 !important;\"><\/i> <strong><font color=\"#203063\">K\u00d6RFEZ Engineering<\/font><\/strong> <\/a><\/li><li class=\"ui--icon-position-left\" title=\"\"><a href=\"https:\/\/www.korfezdokum.com\/tr\/hakkimizda\/tarihce\/\"><i class=\"ui--icon fontawesome-chevron-sign-right icon-inline-block\" style=\"font-size: 18px;  width: 22px;  height: 22px;  color: #E50914 !important;\"><\/i> <strong><font color=\"#203063\">Tarih\u00e7e<\/font><\/strong> <\/a><\/li><li class=\"last-item ui--icon-position-left\" title=\"\"><a href=\"https:\/\/www.korfezdokum.com\/tr\/hakkimizda\/tesisimiz\/\"><i class=\"ui--icon fontawesome-chevron-sign-right icon-inline-block\" style=\"font-size: 18px;  width: 22px;  height: 22px;  color: #E50914 !important;\"><\/i> <strong><font color=\"#203063\">Tesisimiz<\/font><\/strong> <\/a><\/li><\/ul><\/div>","protected":false},"excerpt":{"rendered":"<p>D\u00fcnyam\u0131z\u0131 gelecek nesillere ya\u015fanabilir olarak b\u0131rakmak, bizler i\u00e7in bir sorumluluktur. K\u00f6rfez D\u00f6k\u00fcm; kaliteli ve verimli \u00fcretimi, m\u00fc\u015fteri memnuniyetini, \u00e7evreye etkiyi en aza indirmeyi, do\u011fay\u0131 korumay\u0131 ve t\u00fcm bunlar\u0131 i\u015fletme i\u00e7erisindeki her birim ve seviyede yerle\u015fik hale getirmeyi hedeflemektedir. S\u00fcrd\u00fcr\u00fclebilir b\u00fcy\u00fcmenin, \u00e7evreye duyarl\u0131 bir atmosferde teknolojik geli\u015fmeleri yak\u0131ndan takip ederek ula\u015fabilece\u011fine inanmaktad\u0131r. M\u00fc\u015fterilerimizin beklenti ve ihtiya\u00e7lar\u0131n\u0131 [&hellip;]<\/p>\n","protected":false},"author":1,"featured_media":0,"parent":2129,"menu_order":0,"comment_status":"closed","ping_status":"closed","template":"","meta":[],"yoast_head":"<!-- This site is optimized with the Yoast SEO plugin v21.4 - https:\/\/yoast.com\/wordpress\/plugins\/seo\/ -->\n<title>Kocaeli K\u00f6rfez D\u00f6k\u00fcm &#187; T\u00fcrkiye D\u00f6k\u00fcmhane Kocaeli &#187; Kalite<\/title>\n<meta name=\"description\" content=\"T\u00fcrk d\u00f6k\u00fcm sanayi nde kalite s\u00fcrecimiz hammadde girdisi ile ba\u015flar, \u00fcretim boyunca ve sevk sonras\u0131nda da devam eder.\" \/>\n<meta name=\"robots\" content=\"index, follow, max-snippet:-1, max-image-preview:large, max-video-preview:-1\" \/>\n<link rel=\"canonical\" href=\"https:\/\/www.korfezdokum.com\/tr\/hakkimizda\/surdurulebilirlik-sosyal-sorumluluk\/\" \/>\n<meta property=\"og:locale\" content=\"tr_TR\" \/>\n<meta property=\"og:type\" content=\"article\" \/>\n<meta property=\"og:title\" content=\"Kocaeli K\u00f6rfez D\u00f6k\u00fcm &#187; T\u00fcrkiye D\u00f6k\u00fcmhane Kocaeli &#187; Kalite\" \/>\n<meta property=\"og:description\" content=\"T\u00fcrk d\u00f6k\u00fcm sanayi nde kalite s\u00fcrecimiz hammadde girdisi ile ba\u015flar, \u00fcretim boyunca ve sevk sonras\u0131nda da devam eder.\" \/>\n<meta property=\"og:url\" content=\"https:\/\/www.korfezdokum.com\/tr\/hakkimizda\/surdurulebilirlik-sosyal-sorumluluk\/\" \/>\n<meta property=\"og:site_name\" content=\"K\u00f6rfez D\u00f6k\u00fcm\" \/>\n<meta property=\"article:modified_time\" content=\"2023-03-28T11:03:46+00:00\" \/>\n<meta name=\"twitter:card\" content=\"summary_large_image\" \/>\n<script type=\"application\/ld+json\" class=\"yoast-schema-graph\">{\"@context\":\"https:\/\/schema.org\",\"@graph\":[{\"@type\":\"WebPage\",\"@id\":\"https:\/\/www.korfezdokum.com\/tr\/hakkimizda\/surdurulebilirlik-sosyal-sorumluluk\/\",\"url\":\"https:\/\/www.korfezdokum.com\/tr\/hakkimizda\/surdurulebilirlik-sosyal-sorumluluk\/\",\"name\":\"Kocaeli K\u00f6rfez D\u00f6k\u00fcm &#187; T\u00fcrkiye D\u00f6k\u00fcmhane Kocaeli &#187; Kalite\",\"isPartOf\":{\"@id\":\"https:\/\/www.korfezdokum.com\/tr\/#website\"},\"datePublished\":\"2022-08-09T09:15:28+00:00\",\"dateModified\":\"2023-03-28T11:03:46+00:00\",\"description\":\"T\u00fcrk d\u00f6k\u00fcm sanayi nde kalite s\u00fcrecimiz hammadde girdisi ile ba\u015flar, \u00fcretim boyunca ve sevk sonras\u0131nda da devam eder.\",\"breadcrumb\":{\"@id\":\"https:\/\/www.korfezdokum.com\/tr\/hakkimizda\/surdurulebilirlik-sosyal-sorumluluk\/#breadcrumb\"},\"inLanguage\":\"tr\",\"potentialAction\":[{\"@type\":\"ReadAction\",\"target\":[\"https:\/\/www.korfezdokum.com\/tr\/hakkimizda\/surdurulebilirlik-sosyal-sorumluluk\/\"]}]},{\"@type\":\"BreadcrumbList\",\"@id\":\"https:\/\/www.korfezdokum.com\/tr\/hakkimizda\/surdurulebilirlik-sosyal-sorumluluk\/#breadcrumb\",\"itemListElement\":[{\"@type\":\"ListItem\",\"position\":1,\"name\":\"Home\",\"item\":\"https:\/\/www.korfezdokum.com\/tr\/\"},{\"@type\":\"ListItem\",\"position\":2,\"name\":\"Hakk\u0131m\u0131zda\",\"item\":\"https:\/\/www.korfezdokum.com\/tr\/hakkimizda\/\"},{\"@type\":\"ListItem\",\"position\":3,\"name\":\"S\u00fcrd\u00fcr\u00fclebilirlik ve Sosyal Sorumluluk\"}]},{\"@type\":\"WebSite\",\"@id\":\"https:\/\/www.korfezdokum.com\/tr\/#website\",\"url\":\"https:\/\/www.korfezdokum.com\/tr\/\",\"name\":\"K\u00f6rfez D\u00f6k\u00fcm\",\"description\":\"\u00c7\u00f6z\u00fcm Orta\u011f\u0131n\u0131z.\",\"publisher\":{\"@id\":\"https:\/\/www.korfezdokum.com\/tr\/#organization\"},\"potentialAction\":[{\"@type\":\"SearchAction\",\"target\":{\"@type\":\"EntryPoint\",\"urlTemplate\":\"https:\/\/www.korfezdokum.com\/tr\/?s={search_term_string}\"},\"query-input\":\"required name=search_term_string\"}],\"inLanguage\":\"tr\"},{\"@type\":\"Organization\",\"@id\":\"https:\/\/www.korfezdokum.com\/tr\/#organization\",\"name\":\"K\u00f6rfez D\u00f6k\u00fcm San. ve Tic. A.\u015e.\",\"url\":\"https:\/\/www.korfezdokum.com\/tr\/\",\"logo\":{\"@type\":\"ImageObject\",\"inLanguage\":\"tr\",\"@id\":\"https:\/\/www.korfezdokum.com\/tr\/#\/schema\/logo\/image\/\",\"url\":\"https:\/\/www.korfezdokum.com\/wp-content\/uploads\/2019\/12\/korfez_logo_web_header.png\",\"contentUrl\":\"https:\/\/www.korfezdokum.com\/wp-content\/uploads\/2019\/12\/korfez_logo_web_header.png\",\"width\":94,\"height\":105,\"caption\":\"K\u00f6rfez D\u00f6k\u00fcm San. ve Tic. A.\u015e.\"},\"image\":{\"@id\":\"https:\/\/www.korfezdokum.com\/tr\/#\/schema\/logo\/image\/\"},\"sameAs\":[\"https:\/\/www.linkedin.com\/company\/korfezdokum\"]}]}<\/script>\n<!-- \/ Yoast SEO plugin. -->","yoast_head_json":{"title":"Kocaeli K\u00f6rfez D\u00f6k\u00fcm &#187; T\u00fcrkiye D\u00f6k\u00fcmhane Kocaeli &#187; Kalite","description":"T\u00fcrk d\u00f6k\u00fcm sanayi nde kalite s\u00fcrecimiz hammadde girdisi ile ba\u015flar, \u00fcretim boyunca ve sevk sonras\u0131nda da devam eder.","robots":{"index":"index","follow":"follow","max-snippet":"max-snippet:-1","max-image-preview":"max-image-preview:large","max-video-preview":"max-video-preview:-1"},"canonical":"https:\/\/www.korfezdokum.com\/tr\/hakkimizda\/surdurulebilirlik-sosyal-sorumluluk\/","og_locale":"tr_TR","og_type":"article","og_title":"Kocaeli K\u00f6rfez D\u00f6k\u00fcm &#187; T\u00fcrkiye D\u00f6k\u00fcmhane Kocaeli &#187; Kalite","og_description":"T\u00fcrk d\u00f6k\u00fcm sanayi nde kalite s\u00fcrecimiz hammadde girdisi ile ba\u015flar, \u00fcretim boyunca ve sevk sonras\u0131nda da devam eder.","og_url":"https:\/\/www.korfezdokum.com\/tr\/hakkimizda\/surdurulebilirlik-sosyal-sorumluluk\/","og_site_name":"K\u00f6rfez D\u00f6k\u00fcm","article_modified_time":"2023-03-28T11:03:46+00:00","twitter_card":"summary_large_image","schema":{"@context":"https:\/\/schema.org","@graph":[{"@type":"WebPage","@id":"https:\/\/www.korfezdokum.com\/tr\/hakkimizda\/surdurulebilirlik-sosyal-sorumluluk\/","url":"https:\/\/www.korfezdokum.com\/tr\/hakkimizda\/surdurulebilirlik-sosyal-sorumluluk\/","name":"Kocaeli K\u00f6rfez D\u00f6k\u00fcm &#187; T\u00fcrkiye D\u00f6k\u00fcmhane Kocaeli &#187; Kalite","isPartOf":{"@id":"https:\/\/www.korfezdokum.com\/tr\/#website"},"datePublished":"2022-08-09T09:15:28+00:00","dateModified":"2023-03-28T11:03:46+00:00","description":"T\u00fcrk d\u00f6k\u00fcm sanayi nde kalite s\u00fcrecimiz hammadde girdisi ile ba\u015flar, \u00fcretim boyunca ve sevk sonras\u0131nda da devam eder.","breadcrumb":{"@id":"https:\/\/www.korfezdokum.com\/tr\/hakkimizda\/surdurulebilirlik-sosyal-sorumluluk\/#breadcrumb"},"inLanguage":"tr","potentialAction":[{"@type":"ReadAction","target":["https:\/\/www.korfezdokum.com\/tr\/hakkimizda\/surdurulebilirlik-sosyal-sorumluluk\/"]}]},{"@type":"BreadcrumbList","@id":"https:\/\/www.korfezdokum.com\/tr\/hakkimizda\/surdurulebilirlik-sosyal-sorumluluk\/#breadcrumb","itemListElement":[{"@type":"ListItem","position":1,"name":"Home","item":"https:\/\/www.korfezdokum.com\/tr\/"},{"@type":"ListItem","position":2,"name":"Hakk\u0131m\u0131zda","item":"https:\/\/www.korfezdokum.com\/tr\/hakkimizda\/"},{"@type":"ListItem","position":3,"name":"S\u00fcrd\u00fcr\u00fclebilirlik ve Sosyal Sorumluluk"}]},{"@type":"WebSite","@id":"https:\/\/www.korfezdokum.com\/tr\/#website","url":"https:\/\/www.korfezdokum.com\/tr\/","name":"K\u00f6rfez D\u00f6k\u00fcm","description":"\u00c7\u00f6z\u00fcm Orta\u011f\u0131n\u0131z.","publisher":{"@id":"https:\/\/www.korfezdokum.com\/tr\/#organization"},"potentialAction":[{"@type":"SearchAction","target":{"@type":"EntryPoint","urlTemplate":"https:\/\/www.korfezdokum.com\/tr\/?s={search_term_string}"},"query-input":"required name=search_term_string"}],"inLanguage":"tr"},{"@type":"Organization","@id":"https:\/\/www.korfezdokum.com\/tr\/#organization","name":"K\u00f6rfez D\u00f6k\u00fcm San. ve Tic. A.\u015e.","url":"https:\/\/www.korfezdokum.com\/tr\/","logo":{"@type":"ImageObject","inLanguage":"tr","@id":"https:\/\/www.korfezdokum.com\/tr\/#\/schema\/logo\/image\/","url":"https:\/\/www.korfezdokum.com\/wp-content\/uploads\/2019\/12\/korfez_logo_web_header.png","contentUrl":"https:\/\/www.korfezdokum.com\/wp-content\/uploads\/2019\/12\/korfez_logo_web_header.png","width":94,"height":105,"caption":"K\u00f6rfez D\u00f6k\u00fcm San. ve Tic. A.\u015e."},"image":{"@id":"https:\/\/www.korfezdokum.com\/tr\/#\/schema\/logo\/image\/"},"sameAs":["https:\/\/www.linkedin.com\/company\/korfezdokum"]}]}},"_links":{"self":[{"href":"https:\/\/www.korfezdokum.com\/tr\/wp-json\/wp\/v2\/pages\/4267"}],"collection":[{"href":"https:\/\/www.korfezdokum.com\/tr\/wp-json\/wp\/v2\/pages"}],"about":[{"href":"https:\/\/www.korfezdokum.com\/tr\/wp-json\/wp\/v2\/types\/page"}],"author":[{"embeddable":true,"href":"https:\/\/www.korfezdokum.com\/tr\/wp-json\/wp\/v2\/users\/1"}],"replies":[{"embeddable":true,"href":"https:\/\/www.korfezdokum.com\/tr\/wp-json\/wp\/v2\/comments?post=4267"}],"version-history":[{"count":10,"href":"https:\/\/www.korfezdokum.com\/tr\/wp-json\/wp\/v2\/pages\/4267\/revisions"}],"predecessor-version":[{"id":4505,"href":"https:\/\/www.korfezdokum.com\/tr\/wp-json\/wp\/v2\/pages\/4267\/revisions\/4505"}],"up":[{"embeddable":true,"href":"https:\/\/www.korfezdokum.com\/tr\/wp-json\/wp\/v2\/pages\/2129"}],"wp:attachment":[{"href":"https:\/\/www.korfezdokum.com\/tr\/wp-json\/wp\/v2\/media?parent=4267"}],"curies":[{"name":"wp","href":"https:\/\/api.w.org\/{rel}","templated":true}]}}